{"id":1404,"date":"2021-03-23T16:22:56","date_gmt":"2021-03-23T15:22:56","guid":{"rendered":"https:\/\/vaellocampos.com\/?page_id=1404"},"modified":"2025-06-20T06:23:00","modified_gmt":"2025-06-20T04:23:00","slug":"paella-pfannen","status":"publish","type":"page","link":"https:\/\/vaellocampos.com\/de\/paella-pfannen\/","title":{"rendered":"Paella Pfannen"},"content":{"rendered":"\n\n\t\t\t\t<img loading=\"lazy\" decoding=\"async\" src=\"https:\/\/vaellocampos.com\/de\/wp-content\/uploads\/sites\/4\/banner-valencian-paelleras.jpg\" alt=\"banner-valencian-paelleras\" itemprop=\"image\" height=\"560\" width=\"1920\" title=\"banner-valencian-paelleras\" onerror=\"this.style.display='none'\"  \/>\n\t\t\t\t<img decoding=\"async\" src=\"https:\/\/vaellocampos.com\/de\/wp-content\/uploads\/sites\/4\/01.jpg\" alt=\"01\"\/>\n\t\t\t<h3>VALENCIANISCHE PAELLA-PFANNE<\/h3>\n\t\t\t\t<p>REF. 01<\/p>\n\t\t<a href=\"https:\/\/vaellocampos.com\/de\/Kataloge\/ref-01-valencianische-paella-pfanne\/\" target=\"_self\" aria-label=\"Go to https:\/\/vaellocampos.com\/de\/Kataloge\/ref-01-valencianische-paella-pfanne\/\" rel=\"noopener\"><\/a>\n\t\t\t\t<img decoding=\"async\" src=\"https:\/\/vaellocampos.com\/de\/wp-content\/uploads\/sites\/4\/53.jpg\" alt=\"53\"\/>\n\t\t\t<h3>POLIERTE PAELLA-PFANNE F\u00dcR INDUKTION<\/h3>\n\t\t\t\t<p>REF. 53<\/p>\n\t\t<a href=\"https:\/\/vaellocampos.com\/de\/Kataloge\/ref-53-polierte-paella-pfanne-fuer-induktion\/\" target=\"_self\" aria-label=\"Go to https:\/\/vaellocampos.com\/de\/Kataloge\/ref-53-polierte-paella-pfanne-fuer-induktion\/\" rel=\"noopener\"><\/a>\n\t\t\t\t<img decoding=\"async\" src=\"https:\/\/vaellocampos.com\/de\/wp-content\/uploads\/sites\/4\/46.jpg\" alt=\"46\"\/>\n\t\t\t<h3>VALENCIANISCHE PAELLA-PFANNE<\/h3>\n\t\t\t\t<p>REF. 46<\/p>\n\t\t<a href=\"https:\/\/vaellocampos.com\/de\/Kataloge\/ref-46-valencianische-paella-pfanne\/\" target=\"_self\" aria-label=\"Go to https:\/\/vaellocampos.com\/de\/Kataloge\/ref-46-valencianische-paella-pfanne\/\" rel=\"noopener\"><\/a>\n\t\t\t\t<img decoding=\"async\" src=\"https:\/\/vaellocampos.com\/de\/wp-content\/uploads\/sites\/4\/54.jpg\" alt=\"54\"\/>\n\t\t\t<h3>EMAILLIERTE PAELLA-PFANNE<\/h3>\n\t\t\t\t<p>REF. 54<\/p>\n\t\t<a href=\"https:\/\/vaellocampos.com\/de\/Kataloge\/ref-54-emaillierte-paella-pfanne\/\" target=\"_self\" aria-label=\"Go to https:\/\/vaellocampos.com\/de\/Kataloge\/ref-54-emaillierte-paella-pfanne\/\" rel=\"noopener\"><\/a>\n\t\t\t\t<img decoding=\"async\" src=\"https:\/\/vaellocampos.com\/de\/wp-content\/uploads\/sites\/4\/02.jpg\" alt=\"02\"\/>\n\t\t\t<h3>VALENCIANISCHE PAELLA-PFANNE<\/h3>\n\t\t\t\t<p>REF. 02<\/p>\n\t\t<a href=\"https:\/\/vaellocampos.com\/de\/Kataloge\/ref-02-valencianische-paella-pfanne\/\" target=\"_self\" aria-label=\"Go to https:\/\/vaellocampos.com\/de\/Kataloge\/ref-02-valencianische-paella-pfanne\/\" rel=\"noopener\"><\/a>\n\t\t\t\t<img decoding=\"async\" src=\"https:\/\/vaellocampos.com\/de\/wp-content\/uploads\/sites\/4\/03.jpg\" alt=\"03\"\/>\n\t\t\t<h3>VALENCIANISCHE PAELLA-PFANNE<\/h3>\n\t\t\t\t<p>REF. 03<\/p>\n\t\t<a href=\"https:\/\/vaellocampos.com\/de\/Kataloge\/ref-03-valencianische-paella-pfanne\/\" target=\"_self\" aria-label=\"Go to https:\/\/vaellocampos.com\/de\/Kataloge\/ref-03-valencianische-paella-pfanne\/\" rel=\"noopener\"><\/a>\n\t<ul>\n\t\t\t<li>\n\t\t\t<h4>\n\t\t\t\t<a href=\"https:\/\/vaellocampos.com\/de\/produkte\/\" target=\"_self\" data-hover=\"Zur\u00fcck zum Katalog\" rel=\"noopener\">Zur\u00fcck zum Katalog<\/a>\n\t\t\t<\/h4>\n\t\t<\/li>\n\t\t\t\t<\/ul>\n\n","protected":false},"excerpt":{"rendered":"<p>VALENCIANISCHE PAELLA-PFANNE REF. 01 POLIERTE PAELLA-PFANNE F\u00dcR INDUKTION REF. 53 VALENCIANISCHE PAELLA-PFANNE [&hellip;]<\/p>\n","protected":false},"author":1,"featured_media":0,"parent":0,"menu_order":0,"comment_status":"closed","ping_status":"closed","template":"","meta":{"_uag_custom_page_level_css":"","_trash_the_other_posts":false,"site-sidebar-layout":"no-sidebar","site-content-layout":"plain-container","ast-site-content-layout":"full-width-container","site-content-style":"unboxed","site-sidebar-style":"unboxed","ast-global-header-display":"","ast-banner-title-visibility":"","ast-main-header-display":"","ast-hfb-above-header-display":"","ast-hfb-below-header-display":"","ast-hfb-mobile-header-display":"","site-post-title":"disabled","ast-breadcrumbs-content":"disabled","ast-featured-img":"","footer-sml-layout":"","theme-transparent-header-meta":"default","adv-header-id-meta":"","stick-header-meta":"default","header-above-stick-meta":"","header-main-stick-meta":"","header-below-stick-meta":"","astra-migrate-meta-layouts":"set","ast-page-background-enabled":"default","ast-page-background-meta":{"desktop":{"background-color":"","background-image":"","background-repeat":"repeat","background-position":"center center","background-size":"auto","background-attachment":"scroll","background-type":"","background-media":"","overlay-type":"","overlay-color":"","overlay-opacity":"","overlay-gradient":""},"tablet":{"background-color":"","background-image":"","background-repeat":"repeat","background-position":"center center","background-size":"auto","background-attachment":"scroll","background-type":"","background-media":"","overlay-type":"","overlay-color":"","overlay-opacity":"","overlay-gradient":""},"mobile":{"background-color":"","background-image":"","background-repeat":"repeat","background-position":"center center","background-size":"auto","background-attachment":"scroll","background-type":"","background-media":"","overlay-type":"","overlay-color":"","overlay-opacity":"","overlay-gradient":""}},"ast-content-background-meta":{"desktop":{"background-color":"var(--ast-global-color-5)","background-image":"","background-repeat":"repeat","background-position":"center center","background-size":"auto","background-attachment":"scroll","background-type":"","background-media":"","overlay-type":"","overlay-color":"","overlay-opacity":"","overlay-gradient":""},"tablet":{"background-color":"var(--ast-global-color-5)","background-image":"","background-repeat":"repeat","background-position":"center center","background-size":"auto","background-attachment":"scroll","background-type":"","background-media":"","overlay-type":"","overlay-color":"","overlay-opacity":"","overlay-gradient":""},"mobile":{"background-color":"var(--ast-global-color-5)","background-image":"","background-repeat":"repeat","background-position":"center center","background-size":"auto","background-attachment":"scroll","background-type":"","background-media":"","overlay-type":"","overlay-color":"","overlay-opacity":"","overlay-gradient":""}},"editor_notices":[],"footnotes":""},"class_list":["post-1404","page","type-page","status-publish","hentry"],"yoast_head":"<!-- This site is optimized with the Yoast SEO plugin v25.3.1 - https:\/\/yoast.com\/wordpress\/plugins\/seo\/ -->\n<title>Paella Pfannen - PAELLAS LA VALENCIANA | Kunden K\u00fcchenger\u00e4te<\/title>\n<meta name=\"robots\" content=\"index, follow, max-snippet:-1, max-image-preview:large, max-video-preview:-1\" \/>\n<link rel=\"canonical\" href=\"https:\/\/vaellocampos.com\/de\/paella-pfannen\/\" \/>\n<meta property=\"og:locale\" content=\"de_DE\" \/>\n<meta property=\"og:type\" content=\"article\" \/>\n<meta property=\"og:title\" content=\"Paella Pfannen - PAELLAS LA VALENCIANA | Kunden K\u00fcchenger\u00e4te\" \/>\n<meta property=\"og:description\" content=\"VALENCIANISCHE PAELLA-PFANNE REF. 01 POLIERTE PAELLA-PFANNE F\u00dcR INDUKTION REF. 53 VALENCIANISCHE PAELLA-PFANNE [&hellip;]\" \/>\n<meta property=\"og:url\" content=\"https:\/\/vaellocampos.com\/de\/paella-pfannen\/\" \/>\n<meta property=\"og:site_name\" content=\"PAELLAS LA VALENCIANA | Kunden K\u00fcchenger\u00e4te\" \/>\n<meta property=\"article:modified_time\" content=\"2025-06-20T04:23:00+00:00\" \/>\n<meta property=\"og:image\" content=\"https:\/\/vaellocampos.com\/de\/wp-content\/uploads\/sites\/4\/banner-valencian-paelleras.jpg\" \/>\n<meta name=\"twitter:card\" content=\"summary_large_image\" \/>\n<meta name=\"twitter:label1\" content=\"Gesch\u00e4tzte Lesezeit\" \/>\n\t<meta name=\"twitter:data1\" content=\"2\u00a0Minuten\" \/>\n<script type=\"application\/ld+json\" class=\"yoast-schema-graph\">{\"@context\":\"https:\/\/schema.org\",\"@graph\":[{\"@type\":\"WebPage\",\"@id\":\"https:\/\/vaellocampos.com\/de\/paella-pfannen\/\",\"url\":\"https:\/\/vaellocampos.com\/de\/paella-pfannen\/\",\"name\":\"Paella Pfannen - PAELLAS LA VALENCIANA | Kunden K\u00fcchenger\u00e4te\",\"isPartOf\":{\"@id\":\"https:\/\/vaellocampos.com\/de\/#website\"},\"primaryImageOfPage\":{\"@id\":\"https:\/\/vaellocampos.com\/de\/paella-pfannen\/#primaryimage\"},\"image\":{\"@id\":\"https:\/\/vaellocampos.com\/de\/paella-pfannen\/#primaryimage\"},\"thumbnailUrl\":\"https:\/\/vaellocampos.com\/de\/wp-content\/uploads\/sites\/4\/banner-valencian-paelleras.jpg\",\"datePublished\":\"2021-03-23T15:22:56+00:00\",\"dateModified\":\"2025-06-20T04:23:00+00:00\",\"breadcrumb\":{\"@id\":\"https:\/\/vaellocampos.com\/de\/paella-pfannen\/#breadcrumb\"},\"inLanguage\":\"de\",\"potentialAction\":[{\"@type\":\"ReadAction\",\"target\":[\"https:\/\/vaellocampos.com\/de\/paella-pfannen\/\"]}]},{\"@type\":\"ImageObject\",\"inLanguage\":\"de\",\"@id\":\"https:\/\/vaellocampos.com\/de\/paella-pfannen\/#primaryimage\",\"url\":\"https:\/\/vaellocampos.com\/de\/wp-content\/uploads\/sites\/4\/banner-valencian-paelleras.jpg\",\"contentUrl\":\"https:\/\/vaellocampos.com\/de\/wp-content\/uploads\/sites\/4\/banner-valencian-paelleras.jpg\",\"width\":1920,\"height\":560},{\"@type\":\"BreadcrumbList\",\"@id\":\"https:\/\/vaellocampos.com\/de\/paella-pfannen\/#breadcrumb\",\"itemListElement\":[{\"@type\":\"ListItem\",\"position\":1,\"name\":\"Portada\",\"item\":\"https:\/\/vaellocampos.com\/de\/\"},{\"@type\":\"ListItem\",\"position\":2,\"name\":\"Paella Pfannen\"}]},{\"@type\":\"WebSite\",\"@id\":\"https:\/\/vaellocampos.com\/de\/#website\",\"url\":\"https:\/\/vaellocampos.com\/de\/\",\"name\":\"PAELLAS LA VALENCIANA | Kunden K\u00fcchenger\u00e4te\",\"description\":\"Paella-pfanne, Pfanne, Grillpfanne, Planchas... La Valenciana desde 1950 pone a disposici\u00f3n de sus clientes una extensa gama de productos\",\"publisher\":{\"@id\":\"https:\/\/vaellocampos.com\/de\/#organization\"},\"potentialAction\":[{\"@type\":\"SearchAction\",\"target\":{\"@type\":\"EntryPoint\",\"urlTemplate\":\"https:\/\/vaellocampos.com\/de\/?s={search_term_string}\"},\"query-input\":{\"@type\":\"PropertyValueSpecification\",\"valueRequired\":true,\"valueName\":\"search_term_string\"}}],\"inLanguage\":\"de\"},{\"@type\":\"Organization\",\"@id\":\"https:\/\/vaellocampos.com\/de\/#organization\",\"name\":\"PAELLAS LA VALENCIANA | Kunden K\u00fcchenger\u00e4te\",\"url\":\"https:\/\/vaellocampos.com\/de\/\",\"logo\":{\"@type\":\"ImageObject\",\"inLanguage\":\"de\",\"@id\":\"https:\/\/vaellocampos.com\/de\/#\/schema\/logo\/image\/\",\"url\":\"https:\/\/vaellocampos.com\/de\/wp-content\/uploads\/sites\/4\/cropped-logo-menuprincipal.png\",\"contentUrl\":\"https:\/\/vaellocampos.com\/de\/wp-content\/uploads\/sites\/4\/cropped-logo-menuprincipal.png\",\"width\":131,\"height\":67,\"caption\":\"PAELLAS LA VALENCIANA | Kunden K\u00fcchenger\u00e4te\"},\"image\":{\"@id\":\"https:\/\/vaellocampos.com\/de\/#\/schema\/logo\/image\/\"}}]}<\/script>\n<!-- \/ Yoast SEO plugin. -->","yoast_head_json":{"title":"Paella Pfannen - PAELLAS LA VALENCIANA | Kunden K\u00fcchenger\u00e4te","robots":{"index":"index","follow":"follow","max-snippet":"max-snippet:-1","max-image-preview":"max-image-preview:large","max-video-preview":"max-video-preview:-1"},"canonical":"https:\/\/vaellocampos.com\/de\/paella-pfannen\/","og_locale":"de_DE","og_type":"article","og_title":"Paella Pfannen - PAELLAS LA VALENCIANA | Kunden K\u00fcchenger\u00e4te","og_description":"VALENCIANISCHE PAELLA-PFANNE REF. 01 POLIERTE PAELLA-PFANNE F\u00dcR INDUKTION REF. 53 VALENCIANISCHE PAELLA-PFANNE [&hellip;]","og_url":"https:\/\/vaellocampos.com\/de\/paella-pfannen\/","og_site_name":"PAELLAS LA VALENCIANA | Kunden K\u00fcchenger\u00e4te","article_modified_time":"2025-06-20T04:23:00+00:00","og_image":[{"url":"https:\/\/vaellocampos.com\/de\/wp-content\/uploads\/sites\/4\/banner-valencian-paelleras.jpg","type":"","width":"","height":""}],"twitter_card":"summary_large_image","twitter_misc":{"Gesch\u00e4tzte Lesezeit":"2\u00a0Minuten"},"schema":{"@context":"https:\/\/schema.org","@graph":[{"@type":"WebPage","@id":"https:\/\/vaellocampos.com\/de\/paella-pfannen\/","url":"https:\/\/vaellocampos.com\/de\/paella-pfannen\/","name":"Paella Pfannen - PAELLAS LA VALENCIANA | Kunden K\u00fcchenger\u00e4te","isPartOf":{"@id":"https:\/\/vaellocampos.com\/de\/#website"},"primaryImageOfPage":{"@id":"https:\/\/vaellocampos.com\/de\/paella-pfannen\/#primaryimage"},"image":{"@id":"https:\/\/vaellocampos.com\/de\/paella-pfannen\/#primaryimage"},"thumbnailUrl":"https:\/\/vaellocampos.com\/de\/wp-content\/uploads\/sites\/4\/banner-valencian-paelleras.jpg","datePublished":"2021-03-23T15:22:56+00:00","dateModified":"2025-06-20T04:23:00+00:00","breadcrumb":{"@id":"https:\/\/vaellocampos.com\/de\/paella-pfannen\/#breadcrumb"},"inLanguage":"de","potentialAction":[{"@type":"ReadAction","target":["https:\/\/vaellocampos.com\/de\/paella-pfannen\/"]}]},{"@type":"ImageObject","inLanguage":"de","@id":"https:\/\/vaellocampos.com\/de\/paella-pfannen\/#primaryimage","url":"https:\/\/vaellocampos.com\/de\/wp-content\/uploads\/sites\/4\/banner-valencian-paelleras.jpg","contentUrl":"https:\/\/vaellocampos.com\/de\/wp-content\/uploads\/sites\/4\/banner-valencian-paelleras.jpg","width":1920,"height":560},{"@type":"BreadcrumbList","@id":"https:\/\/vaellocampos.com\/de\/paella-pfannen\/#breadcrumb","itemListElement":[{"@type":"ListItem","position":1,"name":"Portada","item":"https:\/\/vaellocampos.com\/de\/"},{"@type":"ListItem","position":2,"name":"Paella Pfannen"}]},{"@type":"WebSite","@id":"https:\/\/vaellocampos.com\/de\/#website","url":"https:\/\/vaellocampos.com\/de\/","name":"PAELLAS LA VALENCIANA | Kunden K\u00fcchenger\u00e4te","description":"Paella-pfanne, Pfanne, Grillpfanne, Planchas... La Valenciana desde 1950 pone a disposici\u00f3n de sus clientes una extensa gama de productos","publisher":{"@id":"https:\/\/vaellocampos.com\/de\/#organization"},"potentialAction":[{"@type":"SearchAction","target":{"@type":"EntryPoint","urlTemplate":"https:\/\/vaellocampos.com\/de\/?s={search_term_string}"},"query-input":{"@type":"PropertyValueSpecification","valueRequired":true,"valueName":"search_term_string"}}],"inLanguage":"de"},{"@type":"Organization","@id":"https:\/\/vaellocampos.com\/de\/#organization","name":"PAELLAS LA VALENCIANA | Kunden K\u00fcchenger\u00e4te","url":"https:\/\/vaellocampos.com\/de\/","logo":{"@type":"ImageObject","inLanguage":"de","@id":"https:\/\/vaellocampos.com\/de\/#\/schema\/logo\/image\/","url":"https:\/\/vaellocampos.com\/de\/wp-content\/uploads\/sites\/4\/cropped-logo-menuprincipal.png","contentUrl":"https:\/\/vaellocampos.com\/de\/wp-content\/uploads\/sites\/4\/cropped-logo-menuprincipal.png","width":131,"height":67,"caption":"PAELLAS LA VALENCIANA | Kunden K\u00fcchenger\u00e4te"},"image":{"@id":"https:\/\/vaellocampos.com\/de\/#\/schema\/logo\/image\/"}}]}},"uagb_featured_image_src":{"full":false,"thumbnail":false,"medium":false,"medium_large":false,"large":false,"1536x1536":false,"2048x2048":false},"uagb_author_info":{"display_name":"admin","author_link":"https:\/\/vaellocampos.com\/de\/author\/o2estudio_3k3rco7w\/"},"uagb_comment_info":0,"uagb_excerpt":"VALENCIANISCHE PAELLA-PFANNE REF. 01 POLIERTE PAELLA-PFANNE F\u00dcR INDUKTION REF. 53 VALENCIANISCHE PAELLA-PFANNE [&hellip;]","_links":{"self":[{"href":"https:\/\/vaellocampos.com\/de\/wp-json\/wp\/v2\/pages\/1404","targetHints":{"allow":["GET"]}}],"collection":[{"href":"https:\/\/vaellocampos.com\/de\/wp-json\/wp\/v2\/pages"}],"about":[{"href":"https:\/\/vaellocampos.com\/de\/wp-json\/wp\/v2\/types\/page"}],"author":[{"embeddable":true,"href":"https:\/\/vaellocampos.com\/de\/wp-json\/wp\/v2\/users\/1"}],"replies":[{"embeddable":true,"href":"https:\/\/vaellocampos.com\/de\/wp-json\/wp\/v2\/comments?post=1404"}],"version-history":[{"count":47,"href":"https:\/\/vaellocampos.com\/de\/wp-json\/wp\/v2\/pages\/1404\/revisions"}],"predecessor-version":[{"id":2689,"href":"https:\/\/vaellocampos.com\/de\/wp-json\/wp\/v2\/pages\/1404\/revisions\/2689"}],"wp:attachment":[{"href":"https:\/\/vaellocampos.com\/de\/wp-json\/wp\/v2\/media?parent=1404"}],"curies":[{"name":"wp","href":"https:\/\/api.w.org\/{rel}","templated":true}]}}