{"id":1435,"date":"2021-03-23T17:14:35","date_gmt":"2021-03-23T16:14:35","guid":{"rendered":"https:\/\/vaellocampos.com\/?page_id=1435"},"modified":"2024-01-25T10:33:47","modified_gmt":"2024-01-25T09:33:47","slug":"produkte","status":"publish","type":"page","link":"https:\/\/vaellocampos.com\/de\/produkte\/","title":{"rendered":"Produkte"},"content":{"rendered":"\n<h2>\n\t\tVaello-Produktkatalog\n\t<\/h2>\n\t\t<a href=\"https:\/\/vaellocampos.com\/de\/paella-pfannen\/\" target=\"_self\" rel=\"noopener\">\n\t\t\t\t\t\t\t\t\t\t\t<img decoding=\"async\" src=\"https:\/\/vaellocampos.com\/de\/wp-content\/uploads\/sites\/4\/paellerasporfolio.jpg\" alt=\"paellerasporfolio\"\/>\n\t\t\t\t\t<p>Valencian Paelleras.<\/p>\t\t\t\t\t\n\t\t\t\t\t\t<h3>\n\t\t\t\t\t\tPAELLA-PFANNE\t\t<\/h3>\n\t\t<\/a>\n\t\t<a href=\"https:\/\/vaellocampos.com\/de\/pfanne\/\" target=\"_self\" rel=\"noopener\">\n\t\t\t\t\t\t\t\t\t\t\t<img decoding=\"async\" src=\"https:\/\/vaellocampos.com\/de\/wp-content\/uploads\/sites\/4\/sartenesportfolio.jpg\" alt=\"sartenesportfolio\"\/>\n\t\t\t\t\t<p>PFANNE<\/p>\t\t\t\t\t\n\t\t\t\t\t\t<h3>\n\t\t\t\t\t\tPFANNE\t\t<\/h3>\n\t\t<\/a>\n\t\t<a href=\"https:\/\/vaellocampos.com\/de\/grillpfanne\/\" target=\"_self\" rel=\"noopener\">\n\t\t\t\t\t\t\t\t\t\t\t<img decoding=\"async\" src=\"https:\/\/vaellocampos.com\/de\/wp-content\/uploads\/sites\/4\/asadoras-porfolio.jpg\" alt=\"asadoras-porfolio\"\/>\n\t\t\t\t\t<p>GRILLPFANNE<\/p>\t\t\t\t\t\n\t\t\t\t\t\t<h3>\n\t\t\t\t\t\tGRILLPFANNE\t\t<\/h3>\n\t\t<\/a>\n\t\t<a href=\"https:\/\/vaellocampos.com\/de\/plancha-aus-gusseisen\/\" target=\"_self\" rel=\"noopener\">\n\t\t\t\t\t\t\t\t\t\t\t<img decoding=\"async\" src=\"https:\/\/vaellocampos.com\/de\/wp-content\/uploads\/sites\/4\/planchas-porfolio.jpg\" alt=\"planchas-porfolio\"\/>\n\t\t\t\t\t<p>PLANCHAS<\/p>\t\t\t\t\t\n\t\t\t\t\t\t<h3>\n\t\t\t\t\t\tPLANCHAS\t\t<\/h3>\n\t\t<\/a>\n\t\t<a href=\"https:\/\/vaellocampos.com\/de\/brenner\/\" target=\"_self\" rel=\"noopener\">\n\t\t\t\t\t\t\t\t\t\t\t<img decoding=\"async\" src=\"https:\/\/vaellocampos.com\/de\/wp-content\/uploads\/sites\/4\/quemadores-porfolio.jpg\" alt=\"quemadores-porfolio\"\/>\n\t\t\t\t\t<p>BRENNER<\/p>\t\t\t\t\t\n\t\t\t\t\t\t<h3>\n\t\t\t\t\t\tBRENNER\t\t<\/h3>\n\t\t<\/a>\n\t\t<a href=\"https:\/\/vaellocampos.com\/de\/grills-ecoset\/\" target=\"_self\" rel=\"noopener\">\n\t\t\t\t\t\t\t\t\t\t\t<img decoding=\"async\" src=\"https:\/\/vaellocampos.com\/de\/wp-content\/uploads\/sites\/4\/bbq-ecosets-porfolio.jpg\" alt=\"bbq-ecosets-porfolio\"\/>\n\t\t\t\t\t<p>GRILLS \/ ECOSET<\/p>\t\t\t\t\t\n\t\t\t\t\t\t<h3>\n\t\t\t\t\t\tGRILLS \/ ECOSET\t\t<\/h3>\n\t\t<\/a>\n\t\t<a href=\"https:\/\/vaellocampos.com\/de\/zubehoer\/\" target=\"_self\" rel=\"noopener\">\n\t\t\t\t\t\t\t\t\t\t\t<img decoding=\"async\" src=\"https:\/\/vaellocampos.com\/de\/wp-content\/uploads\/sites\/4\/accesorios-porfolio.jpg\" alt=\"accesorios-porfolio\"\/>\n\t\t\t\t\t<p>ZUBEH\u00d6R<\/p>\t\t\t\t\t\n\t\t\t\t\t\t<h3>\n\t\t\t\t\t\tZUBEH\u00d6R\t\t<\/h3>\n\t\t<\/a>\n\t\t\t\t<img decoding=\"async\" src=\"https:\/\/vaellocampos.com\/wp-content\/uploads\/cropped-icono-del-sitio.png\" alt=\"https:\/\/vaellocampos.com\/wp-content\/uploads\/sites\/4\/cropped-icono-del-sitio.png\" itemprop=\"image\" title=\"cropped-icono-del-sitio.png\" onerror=\"this.style.display='none'\"  \/>\n\n","protected":false},"excerpt":{"rendered":"<p>Vaello-Produktkatalog Valencian Paelleras. PAELLA-PFANNE PFANNE PFANNE GRILLPFANNE GRILLPFANNE PLANCHAS PLANCHAS BRENNER BRENNER [&hellip;]<\/p>\n","protected":false},"author":1,"featured_media":0,"parent":0,"menu_order":0,"comment_status":"closed","ping_status":"closed","template":"","meta":{"_uag_custom_page_level_css":"","_trash_the_other_posts":false,"site-sidebar-layout":"default","site-content-layout":"default","ast-site-content-layout":"default","site-content-style":"default","site-sidebar-style":"default","ast-global-header-display":"","ast-banner-title-visibility":"","ast-main-header-display":"","ast-hfb-above-header-display":"","ast-hfb-below-header-display":"","ast-hfb-mobile-header-display":"","site-post-title":"disabled","ast-breadcrumbs-content":"disabled","ast-featured-img":"","footer-sml-layout":"","theme-transparent-header-meta":"default","adv-header-id-meta":"","stick-header-meta":"default","header-above-stick-meta":"","header-main-stick-meta":"","header-below-stick-meta":"","astra-migrate-meta-layouts":"default","ast-page-background-enabled":"default","ast-page-background-meta":{"desktop":{"background-color":"","background-image":"","background-repeat":"repeat","background-position":"center center","background-size":"auto","background-attachment":"scroll","background-type":"","background-media":"","overlay-type":"","overlay-color":"","overlay-opacity":"","overlay-gradient":""},"tablet":{"background-color":"","background-image":"","background-repeat":"repeat","background-position":"center center","background-size":"auto","background-attachment":"scroll","background-type":"","background-media":"","overlay-type":"","overlay-color":"","overlay-opacity":"","overlay-gradient":""},"mobile":{"background-color":"","background-image":"","background-repeat":"repeat","background-position":"center center","background-size":"auto","background-attachment":"scroll","background-type":"","background-media":"","overlay-type":"","overlay-color":"","overlay-opacity":"","overlay-gradient":""}},"ast-content-background-meta":{"desktop":{"background-color":"var(--ast-global-color-5)","background-image":"","background-repeat":"repeat","background-position":"center center","background-size":"auto","background-attachment":"scroll","background-type":"","background-media":"","overlay-type":"","overlay-color":"","overlay-opacity":"","overlay-gradient":""},"tablet":{"background-color":"var(--ast-global-color-5)","background-image":"","background-repeat":"repeat","background-position":"center center","background-size":"auto","background-attachment":"scroll","background-type":"","background-media":"","overlay-type":"","overlay-color":"","overlay-opacity":"","overlay-gradient":""},"mobile":{"background-color":"var(--ast-global-color-5)","background-image":"","background-repeat":"repeat","background-position":"center center","background-size":"auto","background-attachment":"scroll","background-type":"","background-media":"","overlay-type":"","overlay-color":"","overlay-opacity":"","overlay-gradient":""}},"editor_notices":[],"footnotes":""},"class_list":["post-1435","page","type-page","status-publish","hentry"],"yoast_head":"<!-- This site is optimized with the Yoast SEO plugin v25.3.1 - https:\/\/yoast.com\/wordpress\/plugins\/seo\/ -->\n<title>Produkte - PAELLAS LA VALENCIANA | Kunden K\u00fcchenger\u00e4te<\/title>\n<meta name=\"robots\" content=\"index, follow, max-snippet:-1, max-image-preview:large, max-video-preview:-1\" \/>\n<link rel=\"canonical\" href=\"https:\/\/vaellocampos.com\/de\/produkte\/\" \/>\n<meta property=\"og:locale\" content=\"de_DE\" \/>\n<meta property=\"og:type\" content=\"article\" \/>\n<meta property=\"og:title\" content=\"Produkte - PAELLAS LA VALENCIANA | Kunden K\u00fcchenger\u00e4te\" \/>\n<meta property=\"og:description\" content=\"Vaello-Produktkatalog Valencian Paelleras. PAELLA-PFANNE PFANNE PFANNE GRILLPFANNE GRILLPFANNE PLANCHAS PLANCHAS BRENNER BRENNER [&hellip;]\" \/>\n<meta property=\"og:url\" content=\"https:\/\/vaellocampos.com\/de\/produkte\/\" \/>\n<meta property=\"og:site_name\" content=\"PAELLAS LA VALENCIANA | Kunden K\u00fcchenger\u00e4te\" \/>\n<meta property=\"article:modified_time\" content=\"2024-01-25T09:33:47+00:00\" \/>\n<meta property=\"og:image\" content=\"https:\/\/vaellocampos.com\/de\/wp-content\/uploads\/sites\/4\/paellerasporfolio.jpg\" \/>\n<meta name=\"twitter:card\" content=\"summary_large_image\" \/>\n<script type=\"application\/ld+json\" class=\"yoast-schema-graph\">{\"@context\":\"https:\/\/schema.org\",\"@graph\":[{\"@type\":\"WebPage\",\"@id\":\"https:\/\/vaellocampos.com\/de\/produkte\/\",\"url\":\"https:\/\/vaellocampos.com\/de\/produkte\/\",\"name\":\"Produkte - PAELLAS LA VALENCIANA | Kunden K\u00fcchenger\u00e4te\",\"isPartOf\":{\"@id\":\"https:\/\/vaellocampos.com\/de\/#website\"},\"primaryImageOfPage\":{\"@id\":\"https:\/\/vaellocampos.com\/de\/produkte\/#primaryimage\"},\"image\":{\"@id\":\"https:\/\/vaellocampos.com\/de\/produkte\/#primaryimage\"},\"thumbnailUrl\":\"https:\/\/vaellocampos.com\/de\/wp-content\/uploads\/sites\/4\/paellerasporfolio.jpg\",\"datePublished\":\"2021-03-23T16:14:35+00:00\",\"dateModified\":\"2024-01-25T09:33:47+00:00\",\"breadcrumb\":{\"@id\":\"https:\/\/vaellocampos.com\/de\/produkte\/#breadcrumb\"},\"inLanguage\":\"de\",\"potentialAction\":[{\"@type\":\"ReadAction\",\"target\":[\"https:\/\/vaellocampos.com\/de\/produkte\/\"]}]},{\"@type\":\"ImageObject\",\"inLanguage\":\"de\",\"@id\":\"https:\/\/vaellocampos.com\/de\/produkte\/#primaryimage\",\"url\":\"https:\/\/vaellocampos.com\/de\/wp-content\/uploads\/sites\/4\/paellerasporfolio.jpg\",\"contentUrl\":\"https:\/\/vaellocampos.com\/de\/wp-content\/uploads\/sites\/4\/paellerasporfolio.jpg\",\"width\":600,\"height\":606},{\"@type\":\"BreadcrumbList\",\"@id\":\"https:\/\/vaellocampos.com\/de\/produkte\/#breadcrumb\",\"itemListElement\":[{\"@type\":\"ListItem\",\"position\":1,\"name\":\"Portada\",\"item\":\"https:\/\/vaellocampos.com\/de\/\"},{\"@type\":\"ListItem\",\"position\":2,\"name\":\"Produkte\"}]},{\"@type\":\"WebSite\",\"@id\":\"https:\/\/vaellocampos.com\/de\/#website\",\"url\":\"https:\/\/vaellocampos.com\/de\/\",\"name\":\"PAELLAS LA VALENCIANA | Kunden K\u00fcchenger\u00e4te\",\"description\":\"Paella-pfanne, Pfanne, Grillpfanne, Planchas... La Valenciana desde 1950 pone a disposici\u00f3n de sus clientes una extensa gama de productos\",\"publisher\":{\"@id\":\"https:\/\/vaellocampos.com\/de\/#organization\"},\"potentialAction\":[{\"@type\":\"SearchAction\",\"target\":{\"@type\":\"EntryPoint\",\"urlTemplate\":\"https:\/\/vaellocampos.com\/de\/?s={search_term_string}\"},\"query-input\":{\"@type\":\"PropertyValueSpecification\",\"valueRequired\":true,\"valueName\":\"search_term_string\"}}],\"inLanguage\":\"de\"},{\"@type\":\"Organization\",\"@id\":\"https:\/\/vaellocampos.com\/de\/#organization\",\"name\":\"PAELLAS LA VALENCIANA | Kunden K\u00fcchenger\u00e4te\",\"url\":\"https:\/\/vaellocampos.com\/de\/\",\"logo\":{\"@type\":\"ImageObject\",\"inLanguage\":\"de\",\"@id\":\"https:\/\/vaellocampos.com\/de\/#\/schema\/logo\/image\/\",\"url\":\"https:\/\/vaellocampos.com\/de\/wp-content\/uploads\/sites\/4\/cropped-logo-menuprincipal.png\",\"contentUrl\":\"https:\/\/vaellocampos.com\/de\/wp-content\/uploads\/sites\/4\/cropped-logo-menuprincipal.png\",\"width\":131,\"height\":67,\"caption\":\"PAELLAS LA VALENCIANA | Kunden K\u00fcchenger\u00e4te\"},\"image\":{\"@id\":\"https:\/\/vaellocampos.com\/de\/#\/schema\/logo\/image\/\"}}]}<\/script>\n<!-- \/ Yoast SEO plugin. -->","yoast_head_json":{"title":"Produkte - PAELLAS LA VALENCIANA | Kunden K\u00fcchenger\u00e4te","robots":{"index":"index","follow":"follow","max-snippet":"max-snippet:-1","max-image-preview":"max-image-preview:large","max-video-preview":"max-video-preview:-1"},"canonical":"https:\/\/vaellocampos.com\/de\/produkte\/","og_locale":"de_DE","og_type":"article","og_title":"Produkte - PAELLAS LA VALENCIANA | Kunden K\u00fcchenger\u00e4te","og_description":"Vaello-Produktkatalog Valencian Paelleras. PAELLA-PFANNE PFANNE PFANNE GRILLPFANNE GRILLPFANNE PLANCHAS PLANCHAS BRENNER BRENNER [&hellip;]","og_url":"https:\/\/vaellocampos.com\/de\/produkte\/","og_site_name":"PAELLAS LA VALENCIANA | Kunden K\u00fcchenger\u00e4te","article_modified_time":"2024-01-25T09:33:47+00:00","og_image":[{"url":"https:\/\/vaellocampos.com\/de\/wp-content\/uploads\/sites\/4\/paellerasporfolio.jpg","type":"","width":"","height":""}],"twitter_card":"summary_large_image","schema":{"@context":"https:\/\/schema.org","@graph":[{"@type":"WebPage","@id":"https:\/\/vaellocampos.com\/de\/produkte\/","url":"https:\/\/vaellocampos.com\/de\/produkte\/","name":"Produkte - PAELLAS LA VALENCIANA | Kunden K\u00fcchenger\u00e4te","isPartOf":{"@id":"https:\/\/vaellocampos.com\/de\/#website"},"primaryImageOfPage":{"@id":"https:\/\/vaellocampos.com\/de\/produkte\/#primaryimage"},"image":{"@id":"https:\/\/vaellocampos.com\/de\/produkte\/#primaryimage"},"thumbnailUrl":"https:\/\/vaellocampos.com\/de\/wp-content\/uploads\/sites\/4\/paellerasporfolio.jpg","datePublished":"2021-03-23T16:14:35+00:00","dateModified":"2024-01-25T09:33:47+00:00","breadcrumb":{"@id":"https:\/\/vaellocampos.com\/de\/produkte\/#breadcrumb"},"inLanguage":"de","potentialAction":[{"@type":"ReadAction","target":["https:\/\/vaellocampos.com\/de\/produkte\/"]}]},{"@type":"ImageObject","inLanguage":"de","@id":"https:\/\/vaellocampos.com\/de\/produkte\/#primaryimage","url":"https:\/\/vaellocampos.com\/de\/wp-content\/uploads\/sites\/4\/paellerasporfolio.jpg","contentUrl":"https:\/\/vaellocampos.com\/de\/wp-content\/uploads\/sites\/4\/paellerasporfolio.jpg","width":600,"height":606},{"@type":"BreadcrumbList","@id":"https:\/\/vaellocampos.com\/de\/produkte\/#breadcrumb","itemListElement":[{"@type":"ListItem","position":1,"name":"Portada","item":"https:\/\/vaellocampos.com\/de\/"},{"@type":"ListItem","position":2,"name":"Produkte"}]},{"@type":"WebSite","@id":"https:\/\/vaellocampos.com\/de\/#website","url":"https:\/\/vaellocampos.com\/de\/","name":"PAELLAS LA VALENCIANA | Kunden K\u00fcchenger\u00e4te","description":"Paella-pfanne, Pfanne, Grillpfanne, Planchas... La Valenciana desde 1950 pone a disposici\u00f3n de sus clientes una extensa gama de productos","publisher":{"@id":"https:\/\/vaellocampos.com\/de\/#organization"},"potentialAction":[{"@type":"SearchAction","target":{"@type":"EntryPoint","urlTemplate":"https:\/\/vaellocampos.com\/de\/?s={search_term_string}"},"query-input":{"@type":"PropertyValueSpecification","valueRequired":true,"valueName":"search_term_string"}}],"inLanguage":"de"},{"@type":"Organization","@id":"https:\/\/vaellocampos.com\/de\/#organization","name":"PAELLAS LA VALENCIANA | Kunden K\u00fcchenger\u00e4te","url":"https:\/\/vaellocampos.com\/de\/","logo":{"@type":"ImageObject","inLanguage":"de","@id":"https:\/\/vaellocampos.com\/de\/#\/schema\/logo\/image\/","url":"https:\/\/vaellocampos.com\/de\/wp-content\/uploads\/sites\/4\/cropped-logo-menuprincipal.png","contentUrl":"https:\/\/vaellocampos.com\/de\/wp-content\/uploads\/sites\/4\/cropped-logo-menuprincipal.png","width":131,"height":67,"caption":"PAELLAS LA VALENCIANA | Kunden K\u00fcchenger\u00e4te"},"image":{"@id":"https:\/\/vaellocampos.com\/de\/#\/schema\/logo\/image\/"}}]}},"uagb_featured_image_src":{"full":false,"thumbnail":false,"medium":false,"medium_large":false,"large":false,"1536x1536":false,"2048x2048":false},"uagb_author_info":{"display_name":"admin","author_link":"https:\/\/vaellocampos.com\/de\/author\/o2estudio_3k3rco7w\/"},"uagb_comment_info":0,"uagb_excerpt":"Vaello-Produktkatalog Valencian Paelleras. PAELLA-PFANNE PFANNE PFANNE GRILLPFANNE GRILLPFANNE PLANCHAS PLANCHAS BRENNER BRENNER [&hellip;]","_links":{"self":[{"href":"https:\/\/vaellocampos.com\/de\/wp-json\/wp\/v2\/pages\/1435","targetHints":{"allow":["GET"]}}],"collection":[{"href":"https:\/\/vaellocampos.com\/de\/wp-json\/wp\/v2\/pages"}],"about":[{"href":"https:\/\/vaellocampos.com\/de\/wp-json\/wp\/v2\/types\/page"}],"author":[{"embeddable":true,"href":"https:\/\/vaellocampos.com\/de\/wp-json\/wp\/v2\/users\/1"}],"replies":[{"embeddable":true,"href":"https:\/\/vaellocampos.com\/de\/wp-json\/wp\/v2\/comments?post=1435"}],"version-history":[{"count":29,"href":"https:\/\/vaellocampos.com\/de\/wp-json\/wp\/v2\/pages\/1435\/revisions"}],"predecessor-version":[{"id":2583,"href":"https:\/\/vaellocampos.com\/de\/wp-json\/wp\/v2\/pages\/1435\/revisions\/2583"}],"wp:attachment":[{"href":"https:\/\/vaellocampos.com\/de\/wp-json\/wp\/v2\/media?parent=1435"}],"curies":[{"name":"wp","href":"https:\/\/api.w.org\/{rel}","templated":true}]}}