{"id":1458,"date":"2021-03-29T12:40:53","date_gmt":"2021-03-29T10:40:53","guid":{"rendered":"https:\/\/vaellocampos.com\/?page_id=1458"},"modified":"2024-12-02T12:04:05","modified_gmt":"2024-12-02T11:04:05","slug":"vaello-rezepte","status":"publish","type":"page","link":"https:\/\/vaellocampos.com\/de\/vaello-rezepte\/","title":{"rendered":"Vaello Rezepte"},"content":{"rendered":"\n\n\t\t\t\t<img decoding=\"async\" src=\"https:\/\/vaellocampos.com\/wp-content\/uploads\/banner-recetas-vaello.jpg\" alt=\"banner-recetas-vaello\" itemprop=\"image\" title=\"banner-recetas-vaello\" onerror=\"this.style.display='none'\"  \/>\n\t[ Wir sind leidenschaftlich \u00fcber die K\u00fcche ]<br \/>\nDies sind unsere Rezepte\n\t\t<a href=\"https:\/\/vaellocampos.com\/de\/Rezepte\/paella-valenciana\/\" title=\"View Box Content\" target=\"_self\" aria-label=\"Post Element\" rel=\"noopener\"><\/a>\t\t\n\t\t\t\t\t\t\t\t\t\t\t\t\t\t<a href=\"https:\/\/vaellocampos.com\/de\/Rezepte\/paella-valenciana\/\" target=\"_self\" title=\"[ paella valenciana ]\" rel=\"noopener\">\n\t\t\t\t<img decoding=\"async\" src=\"https:\/\/vaellocampos.com\/de\/wp-content\/uploads\/sites\/4\/Valencianisches-Paella-Rezept-Vaellocampos.jpg\" alt=\"\" \/>\n\t\t\t\t<\/a>\n\t\t\t\t\t\t<h3>\n\t\t\t\t<a href=https:\/\/vaellocampos.com\/de\/Rezepte\/paella-valenciana\/ title=\"[ paella valenciana ]\" tabindex=\"0\">[ paella valenciana ]<\/a>\t\t\t<\/h3>\n\t\t<a href=\"https:\/\/vaellocampos.com\/de\/Rezepte\/reisrezepte-im-ofen\/\" title=\"View Box Content\" target=\"_self\" aria-label=\"Post Element\" rel=\"noopener\"><\/a>\t\t\n\t\t\t\t\t\t\t\t\t\t\t\t\t\t<a href=\"https:\/\/vaellocampos.com\/de\/Rezepte\/reisrezepte-im-ofen\/\" target=\"_self\" title=\"[ Reisrezepte im Ofen ]\" rel=\"noopener\">\n\t\t\t\t<img decoding=\"async\" src=\"https:\/\/vaellocampos.com\/de\/wp-content\/uploads\/sites\/4\/receta-arroz-al-horno-lavalenciana-de.jpg\" alt=\"\" \/>\n\t\t\t\t<\/a>\n\t\t\t\t\t\t<h3>\n\t\t\t\t<a href=https:\/\/vaellocampos.com\/de\/Rezepte\/reisrezepte-im-ofen\/ title=\"[ Reisrezepte im Ofen ]\" tabindex=\"0\">[ Reisrezepte im Ofen ]<\/a>\t\t\t<\/h3>\n\t\t<a href=\"https:\/\/vaellocampos.com\/de\/Rezepte\/fideua-rezept\/\" title=\"View Box Content\" target=\"_self\" aria-label=\"Post Element\" rel=\"noopener\"><\/a>\t\t\n\t\t\t\t\t\t\t\t\t\t\t\t\t\t<a href=\"https:\/\/vaellocampos.com\/de\/Rezepte\/fideua-rezept\/\" target=\"_self\" title=\"[ Fideu\u00e0 Rezept ]\" rel=\"noopener\">\n\t\t\t\t<img decoding=\"async\" src=\"https:\/\/vaellocampos.com\/de\/wp-content\/uploads\/sites\/4\/receta-fideua-lavalenciana-de.jpg\" alt=\"\" \/>\n\t\t\t\t<\/a>\n\t\t\t\t\t\t<h3>\n\t\t\t\t<a href=https:\/\/vaellocampos.com\/de\/Rezepte\/fideua-rezept\/ title=\"[ Fideu\u00e0 Rezept ]\" tabindex=\"0\">[ Fideu\u00e0 Rezept ]<\/a>\t\t\t<\/h3>\n\n","protected":false},"excerpt":{"rendered":"<p>[ Wir sind leidenschaftlich \u00fcber die K\u00fcche ] Dies sind unsere Rezepte [&hellip;]<\/p>\n","protected":false},"author":1,"featured_media":0,"parent":0,"menu_order":0,"comment_status":"closed","ping_status":"closed","template":"","meta":{"_uag_custom_page_level_css":"","_trash_the_other_posts":false,"site-sidebar-layout":"no-sidebar","site-content-layout":"page-builder","ast-site-content-layout":"default","site-content-style":"default","site-sidebar-style":"default","ast-global-header-display":"","ast-banner-title-visibility":"","ast-main-header-display":"","ast-hfb-above-header-display":"","ast-hfb-below-header-display":"","ast-hfb-mobile-header-display":"","site-post-title":"disabled","ast-breadcrumbs-content":"disabled","ast-featured-img":"","footer-sml-layout":"","theme-transparent-header-meta":"default","adv-header-id-meta":"","stick-header-meta":"default","header-above-stick-meta":"","header-main-stick-meta":"","header-below-stick-meta":"","astra-migrate-meta-layouts":"default","ast-page-background-enabled":"default","ast-page-background-meta":{"desktop":{"background-color":"","background-image":"","background-repeat":"repeat","background-position":"center center","background-size":"auto","background-attachment":"scroll","background-type":"","background-media":"","overlay-type":"","overlay-color":"","overlay-opacity":"","overlay-gradient":""},"tablet":{"background-color":"","background-image":"","background-repeat":"repeat","background-position":"center center","background-size":"auto","background-attachment":"scroll","background-type":"","background-media":"","overlay-type":"","overlay-color":"","overlay-opacity":"","overlay-gradient":""},"mobile":{"background-color":"","background-image":"","background-repeat":"repeat","background-position":"center center","background-size":"auto","background-attachment":"scroll","background-type":"","background-media":"","overlay-type":"","overlay-color":"","overlay-opacity":"","overlay-gradient":""}},"ast-content-background-meta":{"desktop":{"background-color":"var(--ast-global-color-5)","background-image":"","background-repeat":"repeat","background-position":"center center","background-size":"auto","background-attachment":"scroll","background-type":"","background-media":"","overlay-type":"","overlay-color":"","overlay-opacity":"","overlay-gradient":""},"tablet":{"background-color":"var(--ast-global-color-5)","background-image":"","background-repeat":"repeat","background-position":"center center","background-size":"auto","background-attachment":"scroll","background-type":"","background-media":"","overlay-type":"","overlay-color":"","overlay-opacity":"","overlay-gradient":""},"mobile":{"background-color":"var(--ast-global-color-5)","background-image":"","background-repeat":"repeat","background-position":"center center","background-size":"auto","background-attachment":"scroll","background-type":"","background-media":"","overlay-type":"","overlay-color":"","overlay-opacity":"","overlay-gradient":""}},"editor_notices":[],"footnotes":""},"class_list":["post-1458","page","type-page","status-publish","hentry"],"yoast_head":"<!-- This site is optimized with the Yoast SEO plugin v25.3.1 - https:\/\/yoast.com\/wordpress\/plugins\/seo\/ -->\n<title>Vaello Rezepte - PAELLAS LA VALENCIANA | Kunden K\u00fcchenger\u00e4te<\/title>\n<meta name=\"robots\" content=\"index, follow, max-snippet:-1, max-image-preview:large, max-video-preview:-1\" \/>\n<link rel=\"canonical\" href=\"https:\/\/vaellocampos.com\/de\/vaello-rezepte\/\" \/>\n<meta property=\"og:locale\" content=\"de_DE\" \/>\n<meta property=\"og:type\" content=\"article\" \/>\n<meta property=\"og:title\" content=\"Vaello Rezepte - PAELLAS LA VALENCIANA | Kunden K\u00fcchenger\u00e4te\" \/>\n<meta property=\"og:description\" content=\"[ Wir sind leidenschaftlich \u00fcber die K\u00fcche ] Dies sind unsere Rezepte [&hellip;]\" \/>\n<meta property=\"og:url\" content=\"https:\/\/vaellocampos.com\/de\/vaello-rezepte\/\" \/>\n<meta property=\"og:site_name\" content=\"PAELLAS LA VALENCIANA | Kunden K\u00fcchenger\u00e4te\" \/>\n<meta property=\"article:modified_time\" content=\"2024-12-02T11:04:05+00:00\" \/>\n<meta property=\"og:image\" content=\"https:\/\/vaellocampos.com\/wp-content\/uploads\/banner-recetas-vaello.jpg\" \/>\n<meta name=\"twitter:card\" content=\"summary_large_image\" \/>\n<script type=\"application\/ld+json\" class=\"yoast-schema-graph\">{\"@context\":\"https:\/\/schema.org\",\"@graph\":[{\"@type\":\"WebPage\",\"@id\":\"https:\/\/vaellocampos.com\/de\/vaello-rezepte\/\",\"url\":\"https:\/\/vaellocampos.com\/de\/vaello-rezepte\/\",\"name\":\"Vaello Rezepte - PAELLAS LA VALENCIANA | Kunden K\u00fcchenger\u00e4te\",\"isPartOf\":{\"@id\":\"https:\/\/vaellocampos.com\/de\/#website\"},\"primaryImageOfPage\":{\"@id\":\"https:\/\/vaellocampos.com\/de\/vaello-rezepte\/#primaryimage\"},\"image\":{\"@id\":\"https:\/\/vaellocampos.com\/de\/vaello-rezepte\/#primaryimage\"},\"thumbnailUrl\":\"https:\/\/vaellocampos.com\/wp-content\/uploads\/banner-recetas-vaello.jpg\",\"datePublished\":\"2021-03-29T10:40:53+00:00\",\"dateModified\":\"2024-12-02T11:04:05+00:00\",\"breadcrumb\":{\"@id\":\"https:\/\/vaellocampos.com\/de\/vaello-rezepte\/#breadcrumb\"},\"inLanguage\":\"de\",\"potentialAction\":[{\"@type\":\"ReadAction\",\"target\":[\"https:\/\/vaellocampos.com\/de\/vaello-rezepte\/\"]}]},{\"@type\":\"ImageObject\",\"inLanguage\":\"de\",\"@id\":\"https:\/\/vaellocampos.com\/de\/vaello-rezepte\/#primaryimage\",\"url\":\"https:\/\/vaellocampos.com\/wp-content\/uploads\/banner-recetas-vaello.jpg\",\"contentUrl\":\"https:\/\/vaellocampos.com\/wp-content\/uploads\/banner-recetas-vaello.jpg\"},{\"@type\":\"BreadcrumbList\",\"@id\":\"https:\/\/vaellocampos.com\/de\/vaello-rezepte\/#breadcrumb\",\"itemListElement\":[{\"@type\":\"ListItem\",\"position\":1,\"name\":\"Portada\",\"item\":\"https:\/\/vaellocampos.com\/de\/\"},{\"@type\":\"ListItem\",\"position\":2,\"name\":\"Vaello Rezepte\"}]},{\"@type\":\"WebSite\",\"@id\":\"https:\/\/vaellocampos.com\/de\/#website\",\"url\":\"https:\/\/vaellocampos.com\/de\/\",\"name\":\"PAELLAS LA VALENCIANA | Kunden K\u00fcchenger\u00e4te\",\"description\":\"Paella-pfanne, Pfanne, Grillpfanne, Planchas... La Valenciana desde 1950 pone a disposici\u00f3n de sus clientes una extensa gama de productos\",\"publisher\":{\"@id\":\"https:\/\/vaellocampos.com\/de\/#organization\"},\"potentialAction\":[{\"@type\":\"SearchAction\",\"target\":{\"@type\":\"EntryPoint\",\"urlTemplate\":\"https:\/\/vaellocampos.com\/de\/?s={search_term_string}\"},\"query-input\":{\"@type\":\"PropertyValueSpecification\",\"valueRequired\":true,\"valueName\":\"search_term_string\"}}],\"inLanguage\":\"de\"},{\"@type\":\"Organization\",\"@id\":\"https:\/\/vaellocampos.com\/de\/#organization\",\"name\":\"PAELLAS LA VALENCIANA | Kunden K\u00fcchenger\u00e4te\",\"url\":\"https:\/\/vaellocampos.com\/de\/\",\"logo\":{\"@type\":\"ImageObject\",\"inLanguage\":\"de\",\"@id\":\"https:\/\/vaellocampos.com\/de\/#\/schema\/logo\/image\/\",\"url\":\"https:\/\/vaellocampos.com\/de\/wp-content\/uploads\/sites\/4\/cropped-logo-menuprincipal.png\",\"contentUrl\":\"https:\/\/vaellocampos.com\/de\/wp-content\/uploads\/sites\/4\/cropped-logo-menuprincipal.png\",\"width\":131,\"height\":67,\"caption\":\"PAELLAS LA VALENCIANA | Kunden K\u00fcchenger\u00e4te\"},\"image\":{\"@id\":\"https:\/\/vaellocampos.com\/de\/#\/schema\/logo\/image\/\"}}]}<\/script>\n<!-- \/ Yoast SEO plugin. -->","yoast_head_json":{"title":"Vaello Rezepte - PAELLAS LA VALENCIANA | Kunden K\u00fcchenger\u00e4te","robots":{"index":"index","follow":"follow","max-snippet":"max-snippet:-1","max-image-preview":"max-image-preview:large","max-video-preview":"max-video-preview:-1"},"canonical":"https:\/\/vaellocampos.com\/de\/vaello-rezepte\/","og_locale":"de_DE","og_type":"article","og_title":"Vaello Rezepte - PAELLAS LA VALENCIANA | Kunden K\u00fcchenger\u00e4te","og_description":"[ Wir sind leidenschaftlich \u00fcber die K\u00fcche ] Dies sind unsere Rezepte [&hellip;]","og_url":"https:\/\/vaellocampos.com\/de\/vaello-rezepte\/","og_site_name":"PAELLAS LA VALENCIANA | Kunden K\u00fcchenger\u00e4te","article_modified_time":"2024-12-02T11:04:05+00:00","og_image":[{"url":"https:\/\/vaellocampos.com\/wp-content\/uploads\/banner-recetas-vaello.jpg","type":"","width":"","height":""}],"twitter_card":"summary_large_image","schema":{"@context":"https:\/\/schema.org","@graph":[{"@type":"WebPage","@id":"https:\/\/vaellocampos.com\/de\/vaello-rezepte\/","url":"https:\/\/vaellocampos.com\/de\/vaello-rezepte\/","name":"Vaello Rezepte - PAELLAS LA VALENCIANA | Kunden K\u00fcchenger\u00e4te","isPartOf":{"@id":"https:\/\/vaellocampos.com\/de\/#website"},"primaryImageOfPage":{"@id":"https:\/\/vaellocampos.com\/de\/vaello-rezepte\/#primaryimage"},"image":{"@id":"https:\/\/vaellocampos.com\/de\/vaello-rezepte\/#primaryimage"},"thumbnailUrl":"https:\/\/vaellocampos.com\/wp-content\/uploads\/banner-recetas-vaello.jpg","datePublished":"2021-03-29T10:40:53+00:00","dateModified":"2024-12-02T11:04:05+00:00","breadcrumb":{"@id":"https:\/\/vaellocampos.com\/de\/vaello-rezepte\/#breadcrumb"},"inLanguage":"de","potentialAction":[{"@type":"ReadAction","target":["https:\/\/vaellocampos.com\/de\/vaello-rezepte\/"]}]},{"@type":"ImageObject","inLanguage":"de","@id":"https:\/\/vaellocampos.com\/de\/vaello-rezepte\/#primaryimage","url":"https:\/\/vaellocampos.com\/wp-content\/uploads\/banner-recetas-vaello.jpg","contentUrl":"https:\/\/vaellocampos.com\/wp-content\/uploads\/banner-recetas-vaello.jpg"},{"@type":"BreadcrumbList","@id":"https:\/\/vaellocampos.com\/de\/vaello-rezepte\/#breadcrumb","itemListElement":[{"@type":"ListItem","position":1,"name":"Portada","item":"https:\/\/vaellocampos.com\/de\/"},{"@type":"ListItem","position":2,"name":"Vaello Rezepte"}]},{"@type":"WebSite","@id":"https:\/\/vaellocampos.com\/de\/#website","url":"https:\/\/vaellocampos.com\/de\/","name":"PAELLAS LA VALENCIANA | Kunden K\u00fcchenger\u00e4te","description":"Paella-pfanne, Pfanne, Grillpfanne, Planchas... La Valenciana desde 1950 pone a disposici\u00f3n de sus clientes una extensa gama de productos","publisher":{"@id":"https:\/\/vaellocampos.com\/de\/#organization"},"potentialAction":[{"@type":"SearchAction","target":{"@type":"EntryPoint","urlTemplate":"https:\/\/vaellocampos.com\/de\/?s={search_term_string}"},"query-input":{"@type":"PropertyValueSpecification","valueRequired":true,"valueName":"search_term_string"}}],"inLanguage":"de"},{"@type":"Organization","@id":"https:\/\/vaellocampos.com\/de\/#organization","name":"PAELLAS LA VALENCIANA | Kunden K\u00fcchenger\u00e4te","url":"https:\/\/vaellocampos.com\/de\/","logo":{"@type":"ImageObject","inLanguage":"de","@id":"https:\/\/vaellocampos.com\/de\/#\/schema\/logo\/image\/","url":"https:\/\/vaellocampos.com\/de\/wp-content\/uploads\/sites\/4\/cropped-logo-menuprincipal.png","contentUrl":"https:\/\/vaellocampos.com\/de\/wp-content\/uploads\/sites\/4\/cropped-logo-menuprincipal.png","width":131,"height":67,"caption":"PAELLAS LA VALENCIANA | Kunden K\u00fcchenger\u00e4te"},"image":{"@id":"https:\/\/vaellocampos.com\/de\/#\/schema\/logo\/image\/"}}]}},"uagb_featured_image_src":{"full":false,"thumbnail":false,"medium":false,"medium_large":false,"large":false,"1536x1536":false,"2048x2048":false},"uagb_author_info":{"display_name":"admin","author_link":"https:\/\/vaellocampos.com\/de\/author\/o2estudio_3k3rco7w\/"},"uagb_comment_info":0,"uagb_excerpt":"[ Wir sind leidenschaftlich \u00fcber die K\u00fcche ] Dies sind unsere Rezepte [&hellip;]","_links":{"self":[{"href":"https:\/\/vaellocampos.com\/de\/wp-json\/wp\/v2\/pages\/1458","targetHints":{"allow":["GET"]}}],"collection":[{"href":"https:\/\/vaellocampos.com\/de\/wp-json\/wp\/v2\/pages"}],"about":[{"href":"https:\/\/vaellocampos.com\/de\/wp-json\/wp\/v2\/types\/page"}],"author":[{"embeddable":true,"href":"https:\/\/vaellocampos.com\/de\/wp-json\/wp\/v2\/users\/1"}],"replies":[{"embeddable":true,"href":"https:\/\/vaellocampos.com\/de\/wp-json\/wp\/v2\/comments?post=1458"}],"version-history":[{"count":23,"href":"https:\/\/vaellocampos.com\/de\/wp-json\/wp\/v2\/pages\/1458\/revisions"}],"predecessor-version":[{"id":2653,"href":"https:\/\/vaellocampos.com\/de\/wp-json\/wp\/v2\/pages\/1458\/revisions\/2653"}],"wp:attachment":[{"href":"https:\/\/vaellocampos.com\/de\/wp-json\/wp\/v2\/media?parent=1458"}],"curies":[{"name":"wp","href":"https:\/\/api.w.org\/{rel}","templated":true}]}}