{"id":1751,"date":"2021-04-01T13:54:09","date_gmt":"2021-04-01T11:54:09","guid":{"rendered":"https:\/\/vaellocampos.com\/?page_id=1751"},"modified":"2025-06-20T18:52:24","modified_gmt":"2025-06-20T16:52:24","slug":"plancha-aus-gusseisen","status":"publish","type":"page","link":"https:\/\/vaellocampos.com\/de\/plancha-aus-gusseisen\/","title":{"rendered":"Plancha aus gusseisen"},"content":{"rendered":"\n\n\t\t\t\t<img loading=\"lazy\" decoding=\"async\" src=\"https:\/\/vaellocampos.com\/de\/wp-content\/uploads\/sites\/4\/banner-plancha-aus-gusseisen.jpg\" alt=\"banner-plancha-aus-gusseisen\" itemprop=\"image\" height=\"560\" width=\"1920\" title=\"banner-plancha-aus-gusseisen\" onerror=\"this.style.display='none'\"  \/>\n\t\t<a href=\"https:\/\/vaellocampos.com\/de\/Kataloge\/ref-34-plancha-aus-gusseisen\/\" target=\"_self\" rel=\"noopener\">\n\t\t\t\t\t\t\t\t\t\t\t<img decoding=\"async\" src=\"https:\/\/vaellocampos.com\/de\/wp-content\/uploads\/sites\/4\/3427.jpg\" alt=\"3427\"\/>\n\t\t\t\t\t\t<h5>\n\t\t\t\t\t\tRECHTECKIGE PLANCHA\t\t<\/h5>\n\t\t<\/a>\n\t\t<a href=\"https:\/\/vaellocampos.com\/de\/katalog-vaello\/plancha-aus-gusseisen-holzgriff-34\/\" target=\"_self\" rel=\"noopener\">\n\t\t\t\t\t\t\t\t\t\t\t<img decoding=\"async\" src=\"https:\/\/vaellocampos.com\/de\/wp-content\/uploads\/sites\/4\/3424.jpg\" alt=\"3424\"\/>\n\t\t\t\t\t\t<h5>\n\t\t\t\t\t\tPLANCHA AUS GUSSEISEN AUS GUSSEISEN\t\t<\/h5>\n\t\t<\/a>\n\t\t<a href=\"https:\/\/vaellocampos.com\/de\/catalogo-vaello\/emaillierte-plancha-aus-gusseisen-38\/\" target=\"_self\" rel=\"noopener\">\n\t\t\t\t\t\t\t\t\t\t\t<img decoding=\"async\" src=\"https:\/\/vaellocampos.com\/de\/wp-content\/uploads\/sites\/4\/3827.jpg\" alt=\"3827\"\/>\n\t\t\t\t\t\t<h5>\n\t\t\t\t\t\tEMAILLIERTE PLANCHA AUS GUSSEISEN\t\t<\/h5>\n\t\t<\/a>\n\t\t<a href=\"https:\/\/vaellocampos.com\/de\/Kataloge\/ref-34-runde-gusseisenplatte\/\" target=\"_self\" rel=\"noopener\">\n\t\t\t\t\t\t\t\t\t\t\t<img decoding=\"async\" src=\"https:\/\/vaellocampos.com\/de\/wp-content\/uploads\/sites\/4\/3442.jpg\" alt=\"3442\"\/>\n\t\t\t\t\t\t<h5>\n\t\t\t\t\t\tRUNDE PLANCHA AUS GUSSEISEN\t\t<\/h5>\n\t\t<\/a>\n\t\t<a href=\"https:\/\/vaellocampos.com\/de\/katalog-vaello\/holzgriff-runde-plancha-aus-gusseisen\/\" target=\"_self\" rel=\"noopener\">\n\t\t\t\t\t\t\t\t\t\t\t<img decoding=\"async\" src=\"https:\/\/vaellocampos.com\/de\/wp-content\/uploads\/sites\/4\/3422.jpg\" alt=\"3422\"\/>\n\t\t\t\t\t\t<h5>\n\t\t\t\t\t\tRUNDE PLANCHA AUS GUSSEISEN\t\t<\/h5>\n\t\t<\/a>\n\t\t<a href=\"https:\/\/vaellocampos.com\/de\/catalogo-vaello\/runde-emaillierte-plancha-aus-gusseisen\/\" target=\"_self\" rel=\"noopener\">\n\t\t\t\t\t\t\t\t\t\t\t<img decoding=\"async\" src=\"https:\/\/vaellocampos.com\/de\/wp-content\/uploads\/sites\/4\/3842.jpg\" alt=\"3842\"\/>\n\t\t\t\t\t\t<h5>\n\t\t\t\t\t\tRUNDE EMAILLIERTE PLANCHA\t\t<\/h5>\n\t\t<\/a>\n\t<ul>\n\t\t\t<li>\n\t\t\t<h4>\n\t\t\t\t<a href=\"https:\/\/vaellocampos.com\/de\/produkte\/\" target=\"_self\" data-hover=\"Zur\u00fcck zum Katalog\" rel=\"noopener\">Zur\u00fcck zum Katalog<\/a>\n\t\t\t<\/h4>\n\t\t<\/li>\n\t\t\t\t<\/ul>\n\n","protected":false},"excerpt":{"rendered":"<p>RECHTECKIGE PLANCHA PLANCHA AUS GUSSEISEN AUS GUSSEISEN EMAILLIERTE PLANCHA AUS GUSSEISEN RUNDE [&hellip;]<\/p>\n","protected":false},"author":1,"featured_media":0,"parent":0,"menu_order":0,"comment_status":"closed","ping_status":"closed","template":"","meta":{"_uag_custom_page_level_css":"","_trash_the_other_posts":false,"site-sidebar-layout":"no-sidebar","site-content-layout":"plain-container","ast-site-content-layout":"full-width-container","site-content-style":"unboxed","site-sidebar-style":"unboxed","ast-global-header-display":"","ast-banner-title-visibility":"","ast-main-header-display":"","ast-hfb-above-header-display":"","ast-hfb-below-header-display":"","ast-hfb-mobile-header-display":"","site-post-title":"disabled","ast-breadcrumbs-content":"disabled","ast-featured-img":"","footer-sml-layout":"","theme-transparent-header-meta":"default","adv-header-id-meta":"","stick-header-meta":"default","header-above-stick-meta":"","header-main-stick-meta":"","header-below-stick-meta":"","astra-migrate-meta-layouts":"set","ast-page-background-enabled":"default","ast-page-background-meta":{"desktop":{"background-color":"","background-image":"","background-repeat":"repeat","background-position":"center center","background-size":"auto","background-attachment":"scroll","background-type":"","background-media":"","overlay-type":"","overlay-color":"","overlay-opacity":"","overlay-gradient":""},"tablet":{"background-color":"","background-image":"","background-repeat":"repeat","background-position":"center center","background-size":"auto","background-attachment":"scroll","background-type":"","background-media":"","overlay-type":"","overlay-color":"","overlay-opacity":"","overlay-gradient":""},"mobile":{"background-color":"","background-image":"","background-repeat":"repeat","background-position":"center center","background-size":"auto","background-attachment":"scroll","background-type":"","background-media":"","overlay-type":"","overlay-color":"","overlay-opacity":"","overlay-gradient":""}},"ast-content-background-meta":{"desktop":{"background-color":"var(--ast-global-color-5)","background-image":"","background-repeat":"repeat","background-position":"center center","background-size":"auto","background-attachment":"scroll","background-type":"","background-media":"","overlay-type":"","overlay-color":"","overlay-opacity":"","overlay-gradient":""},"tablet":{"background-color":"var(--ast-global-color-5)","background-image":"","background-repeat":"repeat","background-position":"center center","background-size":"auto","background-attachment":"scroll","background-type":"","background-media":"","overlay-type":"","overlay-color":"","overlay-opacity":"","overlay-gradient":""},"mobile":{"background-color":"var(--ast-global-color-5)","background-image":"","background-repeat":"repeat","background-position":"center center","background-size":"auto","background-attachment":"scroll","background-type":"","background-media":"","overlay-type":"","overlay-color":"","overlay-opacity":"","overlay-gradient":""}},"editor_notices":[],"footnotes":""},"class_list":["post-1751","page","type-page","status-publish","hentry"],"yoast_head":"<!-- This site is optimized with the Yoast SEO plugin v25.3.1 - https:\/\/yoast.com\/wordpress\/plugins\/seo\/ -->\n<title>Plancha aus gusseisen - PAELLAS LA VALENCIANA | Kunden K\u00fcchenger\u00e4te<\/title>\n<meta name=\"robots\" content=\"index, follow, max-snippet:-1, max-image-preview:large, max-video-preview:-1\" \/>\n<link rel=\"canonical\" href=\"https:\/\/vaellocampos.com\/de\/plancha-aus-gusseisen\/\" \/>\n<meta property=\"og:locale\" content=\"de_DE\" \/>\n<meta property=\"og:type\" content=\"article\" \/>\n<meta property=\"og:title\" content=\"Plancha aus gusseisen - PAELLAS LA VALENCIANA | Kunden K\u00fcchenger\u00e4te\" \/>\n<meta property=\"og:description\" content=\"RECHTECKIGE PLANCHA PLANCHA AUS GUSSEISEN AUS GUSSEISEN EMAILLIERTE PLANCHA AUS GUSSEISEN RUNDE [&hellip;]\" \/>\n<meta property=\"og:url\" content=\"https:\/\/vaellocampos.com\/de\/plancha-aus-gusseisen\/\" \/>\n<meta property=\"og:site_name\" content=\"PAELLAS LA VALENCIANA | Kunden K\u00fcchenger\u00e4te\" \/>\n<meta property=\"article:modified_time\" content=\"2025-06-20T16:52:24+00:00\" \/>\n<meta property=\"og:image\" content=\"https:\/\/vaellocampos.com\/de\/wp-content\/uploads\/sites\/4\/banner-plancha-aus-gusseisen.jpg\" \/>\n<meta name=\"twitter:card\" content=\"summary_large_image\" \/>\n<meta name=\"twitter:label1\" content=\"Gesch\u00e4tzte Lesezeit\" \/>\n\t<meta name=\"twitter:data1\" content=\"2\u00a0Minuten\" \/>\n<script type=\"application\/ld+json\" class=\"yoast-schema-graph\">{\"@context\":\"https:\/\/schema.org\",\"@graph\":[{\"@type\":\"WebPage\",\"@id\":\"https:\/\/vaellocampos.com\/de\/plancha-aus-gusseisen\/\",\"url\":\"https:\/\/vaellocampos.com\/de\/plancha-aus-gusseisen\/\",\"name\":\"Plancha aus gusseisen - PAELLAS LA VALENCIANA | Kunden K\u00fcchenger\u00e4te\",\"isPartOf\":{\"@id\":\"https:\/\/vaellocampos.com\/de\/#website\"},\"primaryImageOfPage\":{\"@id\":\"https:\/\/vaellocampos.com\/de\/plancha-aus-gusseisen\/#primaryimage\"},\"image\":{\"@id\":\"https:\/\/vaellocampos.com\/de\/plancha-aus-gusseisen\/#primaryimage\"},\"thumbnailUrl\":\"https:\/\/vaellocampos.com\/de\/wp-content\/uploads\/sites\/4\/banner-plancha-aus-gusseisen.jpg\",\"datePublished\":\"2021-04-01T11:54:09+00:00\",\"dateModified\":\"2025-06-20T16:52:24+00:00\",\"breadcrumb\":{\"@id\":\"https:\/\/vaellocampos.com\/de\/plancha-aus-gusseisen\/#breadcrumb\"},\"inLanguage\":\"de\",\"potentialAction\":[{\"@type\":\"ReadAction\",\"target\":[\"https:\/\/vaellocampos.com\/de\/plancha-aus-gusseisen\/\"]}]},{\"@type\":\"ImageObject\",\"inLanguage\":\"de\",\"@id\":\"https:\/\/vaellocampos.com\/de\/plancha-aus-gusseisen\/#primaryimage\",\"url\":\"https:\/\/vaellocampos.com\/de\/wp-content\/uploads\/sites\/4\/banner-plancha-aus-gusseisen.jpg\",\"contentUrl\":\"https:\/\/vaellocampos.com\/de\/wp-content\/uploads\/sites\/4\/banner-plancha-aus-gusseisen.jpg\",\"width\":1920,\"height\":560},{\"@type\":\"BreadcrumbList\",\"@id\":\"https:\/\/vaellocampos.com\/de\/plancha-aus-gusseisen\/#breadcrumb\",\"itemListElement\":[{\"@type\":\"ListItem\",\"position\":1,\"name\":\"Portada\",\"item\":\"https:\/\/vaellocampos.com\/de\/\"},{\"@type\":\"ListItem\",\"position\":2,\"name\":\"Plancha aus gusseisen\"}]},{\"@type\":\"WebSite\",\"@id\":\"https:\/\/vaellocampos.com\/de\/#website\",\"url\":\"https:\/\/vaellocampos.com\/de\/\",\"name\":\"PAELLAS LA VALENCIANA | Kunden K\u00fcchenger\u00e4te\",\"description\":\"Paella-pfanne, Pfanne, Grillpfanne, Planchas... La Valenciana desde 1950 pone a disposici\u00f3n de sus clientes una extensa gama de productos\",\"publisher\":{\"@id\":\"https:\/\/vaellocampos.com\/de\/#organization\"},\"potentialAction\":[{\"@type\":\"SearchAction\",\"target\":{\"@type\":\"EntryPoint\",\"urlTemplate\":\"https:\/\/vaellocampos.com\/de\/?s={search_term_string}\"},\"query-input\":{\"@type\":\"PropertyValueSpecification\",\"valueRequired\":true,\"valueName\":\"search_term_string\"}}],\"inLanguage\":\"de\"},{\"@type\":\"Organization\",\"@id\":\"https:\/\/vaellocampos.com\/de\/#organization\",\"name\":\"PAELLAS LA VALENCIANA | Kunden K\u00fcchenger\u00e4te\",\"url\":\"https:\/\/vaellocampos.com\/de\/\",\"logo\":{\"@type\":\"ImageObject\",\"inLanguage\":\"de\",\"@id\":\"https:\/\/vaellocampos.com\/de\/#\/schema\/logo\/image\/\",\"url\":\"https:\/\/vaellocampos.com\/de\/wp-content\/uploads\/sites\/4\/cropped-logo-menuprincipal.png\",\"contentUrl\":\"https:\/\/vaellocampos.com\/de\/wp-content\/uploads\/sites\/4\/cropped-logo-menuprincipal.png\",\"width\":131,\"height\":67,\"caption\":\"PAELLAS LA VALENCIANA | Kunden K\u00fcchenger\u00e4te\"},\"image\":{\"@id\":\"https:\/\/vaellocampos.com\/de\/#\/schema\/logo\/image\/\"}}]}<\/script>\n<!-- \/ Yoast SEO plugin. -->","yoast_head_json":{"title":"Plancha aus gusseisen - PAELLAS LA VALENCIANA | Kunden K\u00fcchenger\u00e4te","robots":{"index":"index","follow":"follow","max-snippet":"max-snippet:-1","max-image-preview":"max-image-preview:large","max-video-preview":"max-video-preview:-1"},"canonical":"https:\/\/vaellocampos.com\/de\/plancha-aus-gusseisen\/","og_locale":"de_DE","og_type":"article","og_title":"Plancha aus gusseisen - PAELLAS LA VALENCIANA | Kunden K\u00fcchenger\u00e4te","og_description":"RECHTECKIGE PLANCHA PLANCHA AUS GUSSEISEN AUS GUSSEISEN EMAILLIERTE PLANCHA AUS GUSSEISEN RUNDE [&hellip;]","og_url":"https:\/\/vaellocampos.com\/de\/plancha-aus-gusseisen\/","og_site_name":"PAELLAS LA VALENCIANA | Kunden K\u00fcchenger\u00e4te","article_modified_time":"2025-06-20T16:52:24+00:00","og_image":[{"url":"https:\/\/vaellocampos.com\/de\/wp-content\/uploads\/sites\/4\/banner-plancha-aus-gusseisen.jpg","type":"","width":"","height":""}],"twitter_card":"summary_large_image","twitter_misc":{"Gesch\u00e4tzte Lesezeit":"2\u00a0Minuten"},"schema":{"@context":"https:\/\/schema.org","@graph":[{"@type":"WebPage","@id":"https:\/\/vaellocampos.com\/de\/plancha-aus-gusseisen\/","url":"https:\/\/vaellocampos.com\/de\/plancha-aus-gusseisen\/","name":"Plancha aus gusseisen - PAELLAS LA VALENCIANA | Kunden K\u00fcchenger\u00e4te","isPartOf":{"@id":"https:\/\/vaellocampos.com\/de\/#website"},"primaryImageOfPage":{"@id":"https:\/\/vaellocampos.com\/de\/plancha-aus-gusseisen\/#primaryimage"},"image":{"@id":"https:\/\/vaellocampos.com\/de\/plancha-aus-gusseisen\/#primaryimage"},"thumbnailUrl":"https:\/\/vaellocampos.com\/de\/wp-content\/uploads\/sites\/4\/banner-plancha-aus-gusseisen.jpg","datePublished":"2021-04-01T11:54:09+00:00","dateModified":"2025-06-20T16:52:24+00:00","breadcrumb":{"@id":"https:\/\/vaellocampos.com\/de\/plancha-aus-gusseisen\/#breadcrumb"},"inLanguage":"de","potentialAction":[{"@type":"ReadAction","target":["https:\/\/vaellocampos.com\/de\/plancha-aus-gusseisen\/"]}]},{"@type":"ImageObject","inLanguage":"de","@id":"https:\/\/vaellocampos.com\/de\/plancha-aus-gusseisen\/#primaryimage","url":"https:\/\/vaellocampos.com\/de\/wp-content\/uploads\/sites\/4\/banner-plancha-aus-gusseisen.jpg","contentUrl":"https:\/\/vaellocampos.com\/de\/wp-content\/uploads\/sites\/4\/banner-plancha-aus-gusseisen.jpg","width":1920,"height":560},{"@type":"BreadcrumbList","@id":"https:\/\/vaellocampos.com\/de\/plancha-aus-gusseisen\/#breadcrumb","itemListElement":[{"@type":"ListItem","position":1,"name":"Portada","item":"https:\/\/vaellocampos.com\/de\/"},{"@type":"ListItem","position":2,"name":"Plancha aus gusseisen"}]},{"@type":"WebSite","@id":"https:\/\/vaellocampos.com\/de\/#website","url":"https:\/\/vaellocampos.com\/de\/","name":"PAELLAS LA VALENCIANA | Kunden K\u00fcchenger\u00e4te","description":"Paella-pfanne, Pfanne, Grillpfanne, Planchas... La Valenciana desde 1950 pone a disposici\u00f3n de sus clientes una extensa gama de productos","publisher":{"@id":"https:\/\/vaellocampos.com\/de\/#organization"},"potentialAction":[{"@type":"SearchAction","target":{"@type":"EntryPoint","urlTemplate":"https:\/\/vaellocampos.com\/de\/?s={search_term_string}"},"query-input":{"@type":"PropertyValueSpecification","valueRequired":true,"valueName":"search_term_string"}}],"inLanguage":"de"},{"@type":"Organization","@id":"https:\/\/vaellocampos.com\/de\/#organization","name":"PAELLAS LA VALENCIANA | Kunden K\u00fcchenger\u00e4te","url":"https:\/\/vaellocampos.com\/de\/","logo":{"@type":"ImageObject","inLanguage":"de","@id":"https:\/\/vaellocampos.com\/de\/#\/schema\/logo\/image\/","url":"https:\/\/vaellocampos.com\/de\/wp-content\/uploads\/sites\/4\/cropped-logo-menuprincipal.png","contentUrl":"https:\/\/vaellocampos.com\/de\/wp-content\/uploads\/sites\/4\/cropped-logo-menuprincipal.png","width":131,"height":67,"caption":"PAELLAS LA VALENCIANA | Kunden K\u00fcchenger\u00e4te"},"image":{"@id":"https:\/\/vaellocampos.com\/de\/#\/schema\/logo\/image\/"}}]}},"uagb_featured_image_src":{"full":false,"thumbnail":false,"medium":false,"medium_large":false,"large":false,"1536x1536":false,"2048x2048":false},"uagb_author_info":{"display_name":"admin","author_link":"https:\/\/vaellocampos.com\/de\/author\/o2estudio_3k3rco7w\/"},"uagb_comment_info":0,"uagb_excerpt":"RECHTECKIGE PLANCHA PLANCHA AUS GUSSEISEN AUS GUSSEISEN EMAILLIERTE PLANCHA AUS GUSSEISEN RUNDE [&hellip;]","_links":{"self":[{"href":"https:\/\/vaellocampos.com\/de\/wp-json\/wp\/v2\/pages\/1751","targetHints":{"allow":["GET"]}}],"collection":[{"href":"https:\/\/vaellocampos.com\/de\/wp-json\/wp\/v2\/pages"}],"about":[{"href":"https:\/\/vaellocampos.com\/de\/wp-json\/wp\/v2\/types\/page"}],"author":[{"embeddable":true,"href":"https:\/\/vaellocampos.com\/de\/wp-json\/wp\/v2\/users\/1"}],"replies":[{"embeddable":true,"href":"https:\/\/vaellocampos.com\/de\/wp-json\/wp\/v2\/comments?post=1751"}],"version-history":[{"count":43,"href":"https:\/\/vaellocampos.com\/de\/wp-json\/wp\/v2\/pages\/1751\/revisions"}],"predecessor-version":[{"id":2695,"href":"https:\/\/vaellocampos.com\/de\/wp-json\/wp\/v2\/pages\/1751\/revisions\/2695"}],"wp:attachment":[{"href":"https:\/\/vaellocampos.com\/de\/wp-json\/wp\/v2\/media?parent=1751"}],"curies":[{"name":"wp","href":"https:\/\/api.w.org\/{rel}","templated":true}]}}