{"id":1806,"date":"2021-04-01T19:39:08","date_gmt":"2021-04-01T17:39:08","guid":{"rendered":"https:\/\/vaellocampos.com\/?page_id=1806"},"modified":"2024-07-26T20:44:58","modified_gmt":"2024-07-26T18:44:58","slug":"runde-brenner","status":"publish","type":"page","link":"https:\/\/vaellocampos.com\/de\/runde-brenner\/","title":{"rendered":"Runde Brenner"},"content":{"rendered":"\n\n\t<ul>\n\t\t\t<li>\n\t\t\t<h4>\n\t\t\t\t<a href=\"https:\/\/vaellocampos.com\/de\/brenner\/\" target=\"_self\" data-hover=\"Zur\u00fcck zu den Brennern\" rel=\"noopener\">Zur\u00fcck zu den Brennern<\/a>\n\t\t\t<\/h4>\n\t\t<\/li>\n\t\t\t\t<\/ul>\n<h1>\n\t\trunde Brenner\n\t<\/h1>\n<ul><li data-filter=\"*\">Alles<\/li><li data-filter=\".uabb-masonary-cat-75\" tabindex=\"0\">\u00e4u\u00dfere<\/li><li data-filter=\".uabb-masonary-cat-76\" tabindex=\"0\">inwendig<\/li><\/ul>\n\t\t<a href=\"https:\/\/vaellocampos.com\/de\/katalog-vaello\/runde-bernner-aussere-200-mm\/\" target=\"_self\" aria-label=\"Post Element\" rel=\"noopener\"><\/a>\t\t\n\t\t\t\t\t\t\t\t\t\t\t\t\t\t<a href=\"https:\/\/vaellocampos.com\/de\/katalog-vaello\/runde-bernner-aussere-200-mm\/\" target=\"_self\" title=\"Runde Bernner \u00e4u\u00dfere 200 mm\" rel=\"noopener\">\n\t\t\t\t<img decoding=\"async\" src=\"https:\/\/vaellocampos.com\/de\/wp-content\/uploads\/sites\/4\/portfolio-quemador-1320.jpg\" alt=\"\" \/>\n\t\t\t\t<\/a>\n\t\t\t\t\t\t<h4>\n\t\t\t\t<a href=https:\/\/vaellocampos.com\/de\/katalog-vaello\/runde-bernner-aussere-200-mm\/ title=\"Runde Bernner \u00e4u\u00dfere 200 mm\" tabindex=\"0\">Runde Bernner \u00e4u\u00dfere 200 mm<\/a>\t\t\t<\/h4>\n\t\t<a href=\"https:\/\/vaellocampos.com\/de\/katalog-vaello\/runde-bernner-aussere-300-mm\/\" target=\"_self\" aria-label=\"Post Element\" rel=\"noopener\"><\/a>\t\t\n\t\t\t\t\t\t\t\t\t\t\t\t\t\t<a href=\"https:\/\/vaellocampos.com\/de\/katalog-vaello\/runde-bernner-aussere-300-mm\/\" target=\"_self\" title=\"Runde Bernner \u00e4u\u00dfere 300 mm\" rel=\"noopener\">\n\t\t\t\t<img decoding=\"async\" src=\"https:\/\/vaellocampos.com\/de\/wp-content\/uploads\/sites\/4\/portfolio-quemador-1430.jpg\" alt=\"\" \/>\n\t\t\t\t<\/a>\n\t\t\t\t\t\t<h4>\n\t\t\t\t<a href=https:\/\/vaellocampos.com\/de\/katalog-vaello\/runde-bernner-aussere-300-mm\/ title=\"Runde Bernner \u00e4u\u00dfere 300 mm\" tabindex=\"0\">Runde Bernner \u00e4u\u00dfere 300 mm<\/a>\t\t\t<\/h4>\n\t\t<a href=\"https:\/\/vaellocampos.com\/de\/katalog-vaello\/runde-bernner-aussere-350-mm\/\" target=\"_self\" aria-label=\"Post Element\" rel=\"noopener\"><\/a>\t\t\n\t\t\t\t\t\t\t\t\t\t\t\t\t\t<a href=\"https:\/\/vaellocampos.com\/de\/katalog-vaello\/runde-bernner-aussere-350-mm\/\" target=\"_self\" title=\"Runde Bernner \u00e4u\u00dfere 350 mm\" rel=\"noopener\">\n\t\t\t\t<img decoding=\"async\" src=\"https:\/\/vaellocampos.com\/de\/wp-content\/uploads\/sites\/4\/portfolio-quemador-2635.jpg\" alt=\"\" \/>\n\t\t\t\t<\/a>\n\t\t\t\t\t\t<h4>\n\t\t\t\t<a href=https:\/\/vaellocampos.com\/de\/katalog-vaello\/runde-bernner-aussere-350-mm\/ title=\"Runde Bernner \u00e4u\u00dfere 350 mm\" tabindex=\"0\">Runde Bernner \u00e4u\u00dfere 350 mm<\/a>\t\t\t<\/h4>\n\t\t<a href=\"https:\/\/vaellocampos.com\/de\/katalog-vaello\/runde-bernner-aussere-400-mm\/\" target=\"_self\" aria-label=\"Post Element\" rel=\"noopener\"><\/a>\t\t\n\t\t\t\t\t\t\t\t\t\t\t\t\t\t<a href=\"https:\/\/vaellocampos.com\/de\/katalog-vaello\/runde-bernner-aussere-400-mm\/\" target=\"_self\" title=\"Runde Bernner \u00e4u\u00dfere 400 mm\" rel=\"noopener\">\n\t\t\t\t<img decoding=\"async\" src=\"https:\/\/vaellocampos.com\/de\/wp-content\/uploads\/sites\/4\/portfolio-quemador-1540.jpg\" alt=\"\" \/>\n\t\t\t\t<\/a>\n\t\t\t\t\t\t<h4>\n\t\t\t\t<a href=https:\/\/vaellocampos.com\/de\/katalog-vaello\/runde-bernner-aussere-400-mm\/ title=\"Runde Bernner \u00e4u\u00dfere 400 mm\" tabindex=\"0\">Runde Bernner \u00e4u\u00dfere 400 mm<\/a>\t\t\t<\/h4>\n\t\t<a href=\"https:\/\/vaellocampos.com\/de\/katalog-vaello\/runde-bernner-aussere-500-mm\/\" target=\"_self\" aria-label=\"Post Element\" rel=\"noopener\"><\/a>\t\t\n\t\t\t\t\t\t\t\t\t\t\t\t\t\t<a href=\"https:\/\/vaellocampos.com\/de\/katalog-vaello\/runde-bernner-aussere-500-mm\/\" target=\"_self\" title=\"Runde Bernner \u00e4u\u00dfere 500 mm\" rel=\"noopener\">\n\t\t\t\t<img decoding=\"async\" src=\"https:\/\/vaellocampos.com\/de\/wp-content\/uploads\/sites\/4\/portfolio-quemador-1550.jpg\" alt=\"\" \/>\n\t\t\t\t<\/a>\n\t\t\t\t\t\t<h4>\n\t\t\t\t<a href=https:\/\/vaellocampos.com\/de\/katalog-vaello\/runde-bernner-aussere-500-mm\/ title=\"Runde Bernner \u00e4u\u00dfere 500 mm\" tabindex=\"0\">Runde Bernner \u00e4u\u00dfere 500 mm<\/a>\t\t\t<\/h4>\n\t\t<a href=\"https:\/\/vaellocampos.com\/de\/katalog-vaello\/runde-bernner-aussere-600-mm\/\" target=\"_self\" aria-label=\"Post Element\" rel=\"noopener\"><\/a>\t\t\n\t\t\t\t\t\t\t\t\t\t\t\t\t\t<a href=\"https:\/\/vaellocampos.com\/de\/katalog-vaello\/runde-bernner-aussere-600-mm\/\" target=\"_self\" title=\"Runde Bernner \u00e4u\u00dfere 600 mm\" rel=\"noopener\">\n\t\t\t\t<img decoding=\"async\" src=\"https:\/\/vaellocampos.com\/de\/wp-content\/uploads\/sites\/4\/portfolio-quemador-1660.jpg\" alt=\"\" \/>\n\t\t\t\t<\/a>\n\t\t\t\t\t\t<h4>\n\t\t\t\t<a href=https:\/\/vaellocampos.com\/de\/katalog-vaello\/runde-bernner-aussere-600-mm\/ title=\"Runde Bernner \u00e4u\u00dfere 600 mm\" tabindex=\"0\">Runde Bernner \u00e4u\u00dfere 600 mm<\/a>\t\t\t<\/h4>\n\t\t<a href=\"https:\/\/vaellocampos.com\/de\/katalog-vaello\/runde-bernner-aussere-700-mm\/\" target=\"_self\" aria-label=\"Post Element\" rel=\"noopener\"><\/a>\t\t\n\t\t\t\t\t\t\t\t\t\t\t\t\t\t<a href=\"https:\/\/vaellocampos.com\/de\/katalog-vaello\/runde-bernner-aussere-700-mm\/\" target=\"_self\" title=\"Runde Bernner \u00e4u\u00dfere 700 mm\" rel=\"noopener\">\n\t\t\t\t<img decoding=\"async\" src=\"https:\/\/vaellocampos.com\/de\/wp-content\/uploads\/sites\/4\/portfolio-quemador-1770.jpg\" alt=\"\" \/>\n\t\t\t\t<\/a>\n\t\t\t\t\t\t<h4>\n\t\t\t\t<a href=https:\/\/vaellocampos.com\/de\/katalog-vaello\/runde-bernner-aussere-700-mm\/ title=\"Runde Bernner \u00e4u\u00dfere 700 mm\" tabindex=\"0\">Runde Bernner \u00e4u\u00dfere 700 mm<\/a>\t\t\t<\/h4>\n\t\t<a href=\"https:\/\/vaellocampos.com\/de\/katalog-vaello\/runde-brenner-inwendig-400-mm\/\" target=\"_self\" aria-label=\"Post Element\" rel=\"noopener\"><\/a>\t\t\n\t\t\t\t\t\t\t\t\t\t\t\t\t\t<a href=\"https:\/\/vaellocampos.com\/de\/katalog-vaello\/runde-brenner-inwendig-400-mm\/\" target=\"_self\" title=\"Runde Brenner inwendig 400 mm\" rel=\"noopener\">\n\t\t\t\t<img decoding=\"async\" src=\"https:\/\/vaellocampos.com\/de\/wp-content\/uploads\/sites\/4\/portfolio-quemador-3740.jpg\" alt=\"\" \/>\n\t\t\t\t<\/a>\n\t\t\t\t\t\t<h4>\n\t\t\t\t<a href=https:\/\/vaellocampos.com\/de\/katalog-vaello\/runde-brenner-inwendig-400-mm\/ title=\"Runde Brenner inwendig 400 mm\" tabindex=\"0\">Runde Brenner inwendig 400 mm<\/a>\t\t\t<\/h4>\n\t\t<a href=\"https:\/\/vaellocampos.com\/de\/katalog-vaello\/runde-brenner-inwendig-600-mm\/\" target=\"_self\" aria-label=\"Post Element\" rel=\"noopener\"><\/a>\t\t\n\t\t\t\t\t\t\t\t\t\t\t\t\t\t<a href=\"https:\/\/vaellocampos.com\/de\/katalog-vaello\/runde-brenner-inwendig-600-mm\/\" target=\"_self\" title=\"Runde Brenner inwendig 600 mm\" rel=\"noopener\">\n\t\t\t\t<img decoding=\"async\" src=\"https:\/\/vaellocampos.com\/de\/wp-content\/uploads\/sites\/4\/portfolio-quemador-3760.jpg\" alt=\"\" \/>\n\t\t\t\t<\/a>\n\t\t\t\t\t\t<h4>\n\t\t\t\t<a href=https:\/\/vaellocampos.com\/de\/katalog-vaello\/runde-brenner-inwendig-600-mm\/ title=\"Runde Brenner inwendig 600 mm\" tabindex=\"0\">Runde Brenner inwendig 600 mm<\/a>\t\t\t<\/h4>\n\t\t<a href=\"https:\/\/vaellocampos.com\/de\/katalog-vaello\/runde-brenner-inwendig-800-mm\/\" target=\"_self\" aria-label=\"Post Element\" rel=\"noopener\"><\/a>\t\t\n\t\t\t\t\t\t\t\t\t\t\t\t\t\t<a href=\"https:\/\/vaellocampos.com\/de\/katalog-vaello\/runde-brenner-inwendig-800-mm\/\" target=\"_self\" title=\"Runde Brenner inwendig 800 mm\" rel=\"noopener\">\n\t\t\t\t<img decoding=\"async\" src=\"https:\/\/vaellocampos.com\/de\/wp-content\/uploads\/sites\/4\/portfolio-quemador-3780.jpg\" alt=\"\" \/>\n\t\t\t\t<\/a>\n\t\t\t\t\t\t<h4>\n\t\t\t\t<a href=https:\/\/vaellocampos.com\/de\/katalog-vaello\/runde-brenner-inwendig-800-mm\/ title=\"Runde Brenner inwendig 800 mm\" tabindex=\"0\">Runde Brenner inwendig 800 mm<\/a>\t\t\t<\/h4>\n\t\t<a href=\"https:\/\/vaellocampos.com\/de\/katalog-vaello\/runde-brenner-inwendig-900-mm\/\" target=\"_self\" aria-label=\"Post Element\" rel=\"noopener\"><\/a>\t\t\n\t\t\t\t\t\t\t\t\t\t\t\t\t\t<a href=\"https:\/\/vaellocampos.com\/de\/katalog-vaello\/runde-brenner-inwendig-900-mm\/\" target=\"_self\" title=\"Runde Brenner inwendig 900 mm\" rel=\"noopener\">\n\t\t\t\t<img decoding=\"async\" src=\"https:\/\/vaellocampos.com\/de\/wp-content\/uploads\/sites\/4\/portfolio-quemador-3790.jpg\" alt=\"\" \/>\n\t\t\t\t<\/a>\n\t\t\t\t\t\t<h4>\n\t\t\t\t<a href=https:\/\/vaellocampos.com\/de\/katalog-vaello\/runde-brenner-inwendig-900-mm\/ title=\"Runde Brenner inwendig 900 mm\" tabindex=\"0\">Runde Brenner inwendig 900 mm<\/a>\t\t\t<\/h4>\n\n","protected":false},"excerpt":{"rendered":"<p>Zur\u00fcck zu den Brennern runde Brenner Alles \u00e4u\u00dfere inwendig Runde Bernner \u00e4u\u00dfere [&hellip;]<\/p>\n","protected":false},"author":1,"featured_media":0,"parent":0,"menu_order":0,"comment_status":"closed","ping_status":"closed","template":"","meta":{"_uag_custom_page_level_css":"","_trash_the_other_posts":false,"site-sidebar-layout":"no-sidebar","site-content-layout":null,"ast-site-content-layout":"normal-width-container","site-content-style":"unboxed","site-sidebar-style":"unboxed","ast-global-header-display":"","ast-banner-title-visibility":"","ast-main-header-display":"","ast-hfb-above-header-display":"","ast-hfb-below-header-display":"","ast-hfb-mobile-header-display":"","site-post-title":"disabled","ast-breadcrumbs-content":null,"ast-featured-img":"","footer-sml-layout":"","theme-transparent-header-meta":"default","adv-header-id-meta":"","stick-header-meta":"default","header-above-stick-meta":"","header-main-stick-meta":"","header-below-stick-meta":"","astra-migrate-meta-layouts":"default","ast-page-background-enabled":"default","ast-page-background-meta":{"desktop":{"background-color":"","background-image":"","background-repeat":"repeat","background-position":"center center","background-size":"auto","background-attachment":"scroll","background-type":"","background-media":"","overlay-type":"","overlay-color":"","overlay-opacity":"","overlay-gradient":""},"tablet":{"background-color":"","background-image":"","background-repeat":"repeat","background-position":"center center","background-size":"auto","background-attachment":"scroll","background-type":"","background-media":"","overlay-type":"","overlay-color":"","overlay-opacity":"","overlay-gradient":""},"mobile":{"background-color":"","background-image":"","background-repeat":"repeat","background-position":"center center","background-size":"auto","background-attachment":"scroll","background-type":"","background-media":"","overlay-type":"","overlay-color":"","overlay-opacity":"","overlay-gradient":""}},"ast-content-background-meta":{"desktop":{"background-color":"var(--ast-global-color-5)","background-image":"","background-repeat":"repeat","background-position":"center center","background-size":"auto","background-attachment":"scroll","background-type":"","background-media":"","overlay-type":"","overlay-color":"","overlay-opacity":"","overlay-gradient":""},"tablet":{"background-color":"var(--ast-global-color-5)","background-image":"","background-repeat":"repeat","background-position":"center center","background-size":"auto","background-attachment":"scroll","background-type":"","background-media":"","overlay-type":"","overlay-color":"","overlay-opacity":"","overlay-gradient":""},"mobile":{"background-color":"var(--ast-global-color-5)","background-image":"","background-repeat":"repeat","background-position":"center center","background-size":"auto","background-attachment":"scroll","background-type":"","background-media":"","overlay-type":"","overlay-color":"","overlay-opacity":"","overlay-gradient":""}},"editor_notices":[],"footnotes":""},"class_list":["post-1806","page","type-page","status-publish","hentry"],"yoast_head":"<!-- This site is optimized with the Yoast SEO plugin v25.3.1 - https:\/\/yoast.com\/wordpress\/plugins\/seo\/ -->\n<title>Runde Brenner - PAELLAS LA VALENCIANA | Kunden K\u00fcchenger\u00e4te<\/title>\n<meta name=\"robots\" content=\"index, follow, max-snippet:-1, max-image-preview:large, max-video-preview:-1\" \/>\n<link rel=\"canonical\" href=\"https:\/\/vaellocampos.com\/de\/runde-brenner\/\" \/>\n<meta property=\"og:locale\" content=\"de_DE\" \/>\n<meta property=\"og:type\" content=\"article\" \/>\n<meta property=\"og:title\" content=\"Runde Brenner - PAELLAS LA VALENCIANA | Kunden K\u00fcchenger\u00e4te\" \/>\n<meta property=\"og:description\" content=\"Zur\u00fcck zu den Brennern runde Brenner Alles \u00e4u\u00dfere inwendig Runde Bernner \u00e4u\u00dfere [&hellip;]\" \/>\n<meta property=\"og:url\" content=\"https:\/\/vaellocampos.com\/de\/runde-brenner\/\" \/>\n<meta property=\"og:site_name\" content=\"PAELLAS LA VALENCIANA | Kunden K\u00fcchenger\u00e4te\" \/>\n<meta property=\"article:modified_time\" content=\"2024-07-26T18:44:58+00:00\" \/>\n<meta property=\"og:image\" content=\"https:\/\/vaellocampos.com\/de\/wp-content\/uploads\/sites\/4\/portfolio-quemador-1320.jpg\" \/>\n<meta name=\"twitter:card\" content=\"summary_large_image\" \/>\n<script type=\"application\/ld+json\" class=\"yoast-schema-graph\">{\"@context\":\"https:\/\/schema.org\",\"@graph\":[{\"@type\":\"WebPage\",\"@id\":\"https:\/\/vaellocampos.com\/de\/runde-brenner\/\",\"url\":\"https:\/\/vaellocampos.com\/de\/runde-brenner\/\",\"name\":\"Runde Brenner - PAELLAS LA VALENCIANA | Kunden K\u00fcchenger\u00e4te\",\"isPartOf\":{\"@id\":\"https:\/\/vaellocampos.com\/de\/#website\"},\"primaryImageOfPage\":{\"@id\":\"https:\/\/vaellocampos.com\/de\/runde-brenner\/#primaryimage\"},\"image\":{\"@id\":\"https:\/\/vaellocampos.com\/de\/runde-brenner\/#primaryimage\"},\"thumbnailUrl\":\"https:\/\/vaellocampos.com\/de\/wp-content\/uploads\/sites\/4\/portfolio-quemador-1320.jpg\",\"datePublished\":\"2021-04-01T17:39:08+00:00\",\"dateModified\":\"2024-07-26T18:44:58+00:00\",\"breadcrumb\":{\"@id\":\"https:\/\/vaellocampos.com\/de\/runde-brenner\/#breadcrumb\"},\"inLanguage\":\"de\",\"potentialAction\":[{\"@type\":\"ReadAction\",\"target\":[\"https:\/\/vaellocampos.com\/de\/runde-brenner\/\"]}]},{\"@type\":\"ImageObject\",\"inLanguage\":\"de\",\"@id\":\"https:\/\/vaellocampos.com\/de\/runde-brenner\/#primaryimage\",\"url\":\"https:\/\/vaellocampos.com\/de\/wp-content\/uploads\/sites\/4\/portfolio-quemador-1320.jpg\",\"contentUrl\":\"https:\/\/vaellocampos.com\/de\/wp-content\/uploads\/sites\/4\/portfolio-quemador-1320.jpg\",\"width\":400,\"height\":300},{\"@type\":\"BreadcrumbList\",\"@id\":\"https:\/\/vaellocampos.com\/de\/runde-brenner\/#breadcrumb\",\"itemListElement\":[{\"@type\":\"ListItem\",\"position\":1,\"name\":\"Portada\",\"item\":\"https:\/\/vaellocampos.com\/de\/\"},{\"@type\":\"ListItem\",\"position\":2,\"name\":\"Runde Brenner\"}]},{\"@type\":\"WebSite\",\"@id\":\"https:\/\/vaellocampos.com\/de\/#website\",\"url\":\"https:\/\/vaellocampos.com\/de\/\",\"name\":\"PAELLAS LA VALENCIANA | Kunden K\u00fcchenger\u00e4te\",\"description\":\"Paella-pfanne, Pfanne, Grillpfanne, Planchas... La Valenciana desde 1950 pone a disposici\u00f3n de sus clientes una extensa gama de productos\",\"publisher\":{\"@id\":\"https:\/\/vaellocampos.com\/de\/#organization\"},\"potentialAction\":[{\"@type\":\"SearchAction\",\"target\":{\"@type\":\"EntryPoint\",\"urlTemplate\":\"https:\/\/vaellocampos.com\/de\/?s={search_term_string}\"},\"query-input\":{\"@type\":\"PropertyValueSpecification\",\"valueRequired\":true,\"valueName\":\"search_term_string\"}}],\"inLanguage\":\"de\"},{\"@type\":\"Organization\",\"@id\":\"https:\/\/vaellocampos.com\/de\/#organization\",\"name\":\"PAELLAS LA VALENCIANA | Kunden K\u00fcchenger\u00e4te\",\"url\":\"https:\/\/vaellocampos.com\/de\/\",\"logo\":{\"@type\":\"ImageObject\",\"inLanguage\":\"de\",\"@id\":\"https:\/\/vaellocampos.com\/de\/#\/schema\/logo\/image\/\",\"url\":\"https:\/\/vaellocampos.com\/de\/wp-content\/uploads\/sites\/4\/cropped-logo-menuprincipal.png\",\"contentUrl\":\"https:\/\/vaellocampos.com\/de\/wp-content\/uploads\/sites\/4\/cropped-logo-menuprincipal.png\",\"width\":131,\"height\":67,\"caption\":\"PAELLAS LA VALENCIANA | Kunden K\u00fcchenger\u00e4te\"},\"image\":{\"@id\":\"https:\/\/vaellocampos.com\/de\/#\/schema\/logo\/image\/\"}}]}<\/script>\n<!-- \/ Yoast SEO plugin. -->","yoast_head_json":{"title":"Runde Brenner - PAELLAS LA VALENCIANA | Kunden K\u00fcchenger\u00e4te","robots":{"index":"index","follow":"follow","max-snippet":"max-snippet:-1","max-image-preview":"max-image-preview:large","max-video-preview":"max-video-preview:-1"},"canonical":"https:\/\/vaellocampos.com\/de\/runde-brenner\/","og_locale":"de_DE","og_type":"article","og_title":"Runde Brenner - PAELLAS LA VALENCIANA | Kunden K\u00fcchenger\u00e4te","og_description":"Zur\u00fcck zu den Brennern runde Brenner Alles \u00e4u\u00dfere inwendig Runde Bernner \u00e4u\u00dfere [&hellip;]","og_url":"https:\/\/vaellocampos.com\/de\/runde-brenner\/","og_site_name":"PAELLAS LA VALENCIANA | Kunden K\u00fcchenger\u00e4te","article_modified_time":"2024-07-26T18:44:58+00:00","og_image":[{"url":"https:\/\/vaellocampos.com\/de\/wp-content\/uploads\/sites\/4\/portfolio-quemador-1320.jpg","type":"","width":"","height":""}],"twitter_card":"summary_large_image","schema":{"@context":"https:\/\/schema.org","@graph":[{"@type":"WebPage","@id":"https:\/\/vaellocampos.com\/de\/runde-brenner\/","url":"https:\/\/vaellocampos.com\/de\/runde-brenner\/","name":"Runde Brenner - PAELLAS LA VALENCIANA | Kunden K\u00fcchenger\u00e4te","isPartOf":{"@id":"https:\/\/vaellocampos.com\/de\/#website"},"primaryImageOfPage":{"@id":"https:\/\/vaellocampos.com\/de\/runde-brenner\/#primaryimage"},"image":{"@id":"https:\/\/vaellocampos.com\/de\/runde-brenner\/#primaryimage"},"thumbnailUrl":"https:\/\/vaellocampos.com\/de\/wp-content\/uploads\/sites\/4\/portfolio-quemador-1320.jpg","datePublished":"2021-04-01T17:39:08+00:00","dateModified":"2024-07-26T18:44:58+00:00","breadcrumb":{"@id":"https:\/\/vaellocampos.com\/de\/runde-brenner\/#breadcrumb"},"inLanguage":"de","potentialAction":[{"@type":"ReadAction","target":["https:\/\/vaellocampos.com\/de\/runde-brenner\/"]}]},{"@type":"ImageObject","inLanguage":"de","@id":"https:\/\/vaellocampos.com\/de\/runde-brenner\/#primaryimage","url":"https:\/\/vaellocampos.com\/de\/wp-content\/uploads\/sites\/4\/portfolio-quemador-1320.jpg","contentUrl":"https:\/\/vaellocampos.com\/de\/wp-content\/uploads\/sites\/4\/portfolio-quemador-1320.jpg","width":400,"height":300},{"@type":"BreadcrumbList","@id":"https:\/\/vaellocampos.com\/de\/runde-brenner\/#breadcrumb","itemListElement":[{"@type":"ListItem","position":1,"name":"Portada","item":"https:\/\/vaellocampos.com\/de\/"},{"@type":"ListItem","position":2,"name":"Runde Brenner"}]},{"@type":"WebSite","@id":"https:\/\/vaellocampos.com\/de\/#website","url":"https:\/\/vaellocampos.com\/de\/","name":"PAELLAS LA VALENCIANA | Kunden K\u00fcchenger\u00e4te","description":"Paella-pfanne, Pfanne, Grillpfanne, Planchas... La Valenciana desde 1950 pone a disposici\u00f3n de sus clientes una extensa gama de productos","publisher":{"@id":"https:\/\/vaellocampos.com\/de\/#organization"},"potentialAction":[{"@type":"SearchAction","target":{"@type":"EntryPoint","urlTemplate":"https:\/\/vaellocampos.com\/de\/?s={search_term_string}"},"query-input":{"@type":"PropertyValueSpecification","valueRequired":true,"valueName":"search_term_string"}}],"inLanguage":"de"},{"@type":"Organization","@id":"https:\/\/vaellocampos.com\/de\/#organization","name":"PAELLAS LA VALENCIANA | Kunden K\u00fcchenger\u00e4te","url":"https:\/\/vaellocampos.com\/de\/","logo":{"@type":"ImageObject","inLanguage":"de","@id":"https:\/\/vaellocampos.com\/de\/#\/schema\/logo\/image\/","url":"https:\/\/vaellocampos.com\/de\/wp-content\/uploads\/sites\/4\/cropped-logo-menuprincipal.png","contentUrl":"https:\/\/vaellocampos.com\/de\/wp-content\/uploads\/sites\/4\/cropped-logo-menuprincipal.png","width":131,"height":67,"caption":"PAELLAS LA VALENCIANA | Kunden K\u00fcchenger\u00e4te"},"image":{"@id":"https:\/\/vaellocampos.com\/de\/#\/schema\/logo\/image\/"}}]}},"uagb_featured_image_src":{"full":false,"thumbnail":false,"medium":false,"medium_large":false,"large":false,"1536x1536":false,"2048x2048":false},"uagb_author_info":{"display_name":"admin","author_link":"https:\/\/vaellocampos.com\/de\/author\/o2estudio_3k3rco7w\/"},"uagb_comment_info":0,"uagb_excerpt":"Zur\u00fcck zu den Brennern runde Brenner Alles \u00e4u\u00dfere inwendig Runde Bernner \u00e4u\u00dfere [&hellip;]","_links":{"self":[{"href":"https:\/\/vaellocampos.com\/de\/wp-json\/wp\/v2\/pages\/1806","targetHints":{"allow":["GET"]}}],"collection":[{"href":"https:\/\/vaellocampos.com\/de\/wp-json\/wp\/v2\/pages"}],"about":[{"href":"https:\/\/vaellocampos.com\/de\/wp-json\/wp\/v2\/types\/page"}],"author":[{"embeddable":true,"href":"https:\/\/vaellocampos.com\/de\/wp-json\/wp\/v2\/users\/1"}],"replies":[{"embeddable":true,"href":"https:\/\/vaellocampos.com\/de\/wp-json\/wp\/v2\/comments?post=1806"}],"version-history":[{"count":31,"href":"https:\/\/vaellocampos.com\/de\/wp-json\/wp\/v2\/pages\/1806\/revisions"}],"predecessor-version":[{"id":2623,"href":"https:\/\/vaellocampos.com\/de\/wp-json\/wp\/v2\/pages\/1806\/revisions\/2623"}],"wp:attachment":[{"href":"https:\/\/vaellocampos.com\/de\/wp-json\/wp\/v2\/media?parent=1806"}],"curies":[{"name":"wp","href":"https:\/\/api.w.org\/{rel}","templated":true}]}}