{"id":2574,"date":"2024-01-25T09:44:52","date_gmt":"2024-01-25T08:44:52","guid":{"rendered":"https:\/\/vaellocampos.com\/de\/?page_id=2574"},"modified":"2024-07-26T20:02:02","modified_gmt":"2024-07-26T18:02:02","slug":"flachbrenner","status":"publish","type":"page","link":"https:\/\/vaellocampos.com\/de\/flachbrenner\/","title":{"rendered":"FLACHBRENNER"},"content":{"rendered":"\n\n\t<ul>\n\t\t\t<li>\n\t\t\t<h4>\n\t\t\t\t<a href=\"https:\/\/vaellocampos.com\/de\/brenner\/\" target=\"_self\" data-hover=\"Zur\u00fcck zu Burners\" rel=\"noopener\">Zur\u00fcck zu Burners<\/a>\n\t\t\t<\/h4>\n\t\t<\/li>\n\t\t\t\t<\/ul>\n<h1>\n\t\tFlachbrenner\n\t<\/h1>\n\t\t<a href=\"https:\/\/vaellocampos.com\/de\/katalog-vaello\/externer-flachbrenner-530-mm-3-ringe\/\" target=\"_self\" aria-label=\"Post Element\" rel=\"noopener\"><\/a>\t\t\n\t\t\t\t\t\t\t\t\t\t\t\t\t\t<a href=\"https:\/\/vaellocampos.com\/de\/katalog-vaello\/externer-flachbrenner-530-mm-3-ringe\/\" target=\"_self\" title=\"Externer Flachbrenner 530 mm \/ 3 Ringe\" rel=\"noopener\">\n\t\t\t\t<img decoding=\"async\" src=\"https:\/\/vaellocampos.com\/de\/wp-content\/uploads\/sites\/4\/Bruleur-Plat-Externe-530-mm-3-Anneaux-porfolio.jpg\" alt=\"\" \/>\n\t\t\t\t<\/a>\n\t\t\t\t\t\t<h4>\n\t\t\t\t<a href=https:\/\/vaellocampos.com\/de\/katalog-vaello\/externer-flachbrenner-530-mm-3-ringe\/ title=\"Externer Flachbrenner 530 mm \/ 3 Ringe\" tabindex=\"0\">Externer Flachbrenner 530 mm \/ 3 Ringe<\/a>\t\t\t<\/h4>\n\t\t<a href=\"https:\/\/vaellocampos.com\/de\/katalog-vaello\/externer-flachbrenner-640-mm\/\" target=\"_self\" aria-label=\"Post Element\" rel=\"noopener\"><\/a>\t\t\n\t\t\t\t\t\t\t\t\t\t\t\t\t\t<a href=\"https:\/\/vaellocampos.com\/de\/katalog-vaello\/externer-flachbrenner-640-mm\/\" target=\"_self\" title=\"Externer Flachbrenner 640 mm\" rel=\"noopener\">\n\t\t\t\t<img decoding=\"async\" src=\"https:\/\/vaellocampos.com\/de\/wp-content\/uploads\/sites\/4\/externer-flachbrenner-640-mm-portfolio.jpg\" alt=\"\" \/>\n\t\t\t\t<\/a>\n\t\t\t\t\t\t<h4>\n\t\t\t\t<a href=https:\/\/vaellocampos.com\/de\/katalog-vaello\/externer-flachbrenner-640-mm\/ title=\"Externer Flachbrenner 640 mm\" tabindex=\"0\">Externer Flachbrenner 640 mm<\/a>\t\t\t<\/h4>\n\t\t<a href=\"https:\/\/vaellocampos.com\/de\/katalog-vaello\/externer-flachbrenner-530-mm-2-ringe\/\" target=\"_self\" aria-label=\"Post Element\" rel=\"noopener\"><\/a>\t\t\n\t\t\t\t\t\t\t\t\t\t\t\t\t\t<a href=\"https:\/\/vaellocampos.com\/de\/katalog-vaello\/externer-flachbrenner-530-mm-2-ringe\/\" target=\"_self\" title=\"Externer Flachbrenner 530 mm \/ 2 Ringe\" rel=\"noopener\">\n\t\t\t\t<img decoding=\"async\" src=\"https:\/\/vaellocampos.com\/de\/wp-content\/uploads\/sites\/4\/Externer-Flachbrenner-530-mm-2-Ringe-portfolio.jpg\" alt=\"\" \/>\n\t\t\t\t<\/a>\n\t\t\t\t\t\t<h4>\n\t\t\t\t<a href=https:\/\/vaellocampos.com\/de\/katalog-vaello\/externer-flachbrenner-530-mm-2-ringe\/ title=\"Externer Flachbrenner 530 mm \/ 2 Ringe\" tabindex=\"0\">Externer Flachbrenner 530 mm \/ 2 Ringe<\/a>\t\t\t<\/h4>\n\t\t<a href=\"https:\/\/vaellocampos.com\/de\/katalog-vaello\/externer-flachbrenner-450-mm\/\" target=\"_self\" aria-label=\"Post Element\" rel=\"noopener\"><\/a>\t\t\n\t\t\t\t\t\t\t\t\t\t\t\t\t\t<a href=\"https:\/\/vaellocampos.com\/de\/katalog-vaello\/externer-flachbrenner-450-mm\/\" target=\"_self\" title=\"Externer Flachbrenner 450 mm\" rel=\"noopener\">\n\t\t\t\t<img decoding=\"async\" src=\"https:\/\/vaellocampos.com\/de\/wp-content\/uploads\/sites\/4\/Externer-Flachbrenner-450-mm-portfolio.jpg\" alt=\"\" \/>\n\t\t\t\t<\/a>\n\t\t\t\t\t\t<h4>\n\t\t\t\t<a href=https:\/\/vaellocampos.com\/de\/katalog-vaello\/externer-flachbrenner-450-mm\/ title=\"Externer Flachbrenner 450 mm\" tabindex=\"0\">Externer Flachbrenner 450 mm<\/a>\t\t\t<\/h4>\n\t\t<a href=\"https:\/\/vaellocampos.com\/de\/katalog-vaello\/externer-flachbrenner-400-mm\/\" target=\"_self\" aria-label=\"Post Element\" rel=\"noopener\"><\/a>\t\t\n\t\t\t\t\t\t\t\t\t\t\t\t\t\t<a href=\"https:\/\/vaellocampos.com\/de\/katalog-vaello\/externer-flachbrenner-400-mm\/\" target=\"_self\" title=\"Externer Flachbrenner 400 mm\" rel=\"noopener\">\n\t\t\t\t<img decoding=\"async\" src=\"https:\/\/vaellocampos.com\/de\/wp-content\/uploads\/sites\/4\/Externer-Flachbrenner-400-mm-portfolio.jpg\" alt=\"\" \/>\n\t\t\t\t<\/a>\n\t\t\t\t\t\t<h4>\n\t\t\t\t<a href=https:\/\/vaellocampos.com\/de\/katalog-vaello\/externer-flachbrenner-400-mm\/ title=\"Externer Flachbrenner 400 mm\" tabindex=\"0\">Externer Flachbrenner 400 mm<\/a>\t\t\t<\/h4>\n\t\t<a href=\"https:\/\/vaellocampos.com\/de\/katalog-vaello\/externer-flachbrenner-350-mm\/\" target=\"_self\" aria-label=\"Post Element\" rel=\"noopener\"><\/a>\t\t\n\t\t\t\t\t\t\t\t\t\t\t\t\t\t<a href=\"https:\/\/vaellocampos.com\/de\/katalog-vaello\/externer-flachbrenner-350-mm\/\" target=\"_self\" title=\"Externer Flachbrenner 350 mm\" rel=\"noopener\">\n\t\t\t\t<img decoding=\"async\" src=\"https:\/\/vaellocampos.com\/de\/wp-content\/uploads\/sites\/4\/Externer-Flachbrenner-350-mm-portfolio.jpg\" alt=\"\" \/>\n\t\t\t\t<\/a>\n\t\t\t\t\t\t<h4>\n\t\t\t\t<a href=https:\/\/vaellocampos.com\/de\/katalog-vaello\/externer-flachbrenner-350-mm\/ title=\"Externer Flachbrenner 350 mm\" tabindex=\"0\">Externer Flachbrenner 350 mm<\/a>\t\t\t<\/h4>\n\t\t<a href=\"https:\/\/vaellocampos.com\/de\/katalog-vaello\/externer-flachbrenner-300-mm\/\" target=\"_self\" aria-label=\"Post Element\" rel=\"noopener\"><\/a>\t\t\n\t\t\t\t\t\t\t\t\t\t\t\t\t\t<a href=\"https:\/\/vaellocampos.com\/de\/katalog-vaello\/externer-flachbrenner-300-mm\/\" target=\"_self\" title=\"Externer Flachbrenner 300 mm\" rel=\"noopener\">\n\t\t\t\t<img decoding=\"async\" src=\"https:\/\/vaellocampos.com\/de\/wp-content\/uploads\/sites\/4\/Externer-Flachbrenner-300-mm-portfolio.jpg\" alt=\"\" \/>\n\t\t\t\t<\/a>\n\t\t\t\t\t\t<h4>\n\t\t\t\t<a href=https:\/\/vaellocampos.com\/de\/katalog-vaello\/externer-flachbrenner-300-mm\/ title=\"Externer Flachbrenner 300 mm\" tabindex=\"0\">Externer Flachbrenner 300 mm<\/a>\t\t\t<\/h4>\n\t\t<a href=\"https:\/\/vaellocampos.com\/de\/katalog-vaello\/externer-flachbrenner-200-mm\/\" target=\"_self\" aria-label=\"Post Element\" rel=\"noopener\"><\/a>\t\t\n\t\t\t\t\t\t\t\t\t\t\t\t\t\t<a href=\"https:\/\/vaellocampos.com\/de\/katalog-vaello\/externer-flachbrenner-200-mm\/\" target=\"_self\" title=\"Externer Flachbrenner 200 mm\" rel=\"noopener\">\n\t\t\t\t<img decoding=\"async\" src=\"https:\/\/vaellocampos.com\/de\/wp-content\/uploads\/sites\/4\/Externer-Flachbrenner-200-mm-portfolio.jpg\" alt=\"\" \/>\n\t\t\t\t<\/a>\n\t\t\t\t\t\t<h4>\n\t\t\t\t<a href=https:\/\/vaellocampos.com\/de\/katalog-vaello\/externer-flachbrenner-200-mm\/ title=\"Externer Flachbrenner 200 mm\" tabindex=\"0\">Externer Flachbrenner 200 mm<\/a>\t\t\t<\/h4>\n\n","protected":false},"excerpt":{"rendered":"<p>Zur\u00fcck zu Burners Flachbrenner Externer Flachbrenner 530 mm \/ 3 Ringe Externer [&hellip;]<\/p>\n","protected":false},"author":1,"featured_media":0,"parent":0,"menu_order":0,"comment_status":"closed","ping_status":"closed","template":"","meta":{"_uag_custom_page_level_css":"","_trash_the_other_posts":false,"site-sidebar-layout":"default","site-content-layout":"","ast-site-content-layout":"default","site-content-style":"default","site-sidebar-style":"default","ast-global-header-display":"","ast-banner-title-visibility":"","ast-main-header-display":"","ast-hfb-above-header-display":"","ast-hfb-below-header-display":"","ast-hfb-mobile-header-display":"","site-post-title":"disabled","ast-breadcrumbs-content":"","ast-featured-img":"","footer-sml-layout":"","theme-transparent-header-meta":"","adv-header-id-meta":"","stick-header-meta":"","header-above-stick-meta":"","header-main-stick-meta":"","header-below-stick-meta":"","astra-migrate-meta-layouts":"set","ast-page-background-enabled":"default","ast-page-background-meta":{"desktop":{"background-color":"","background-image":"","background-repeat":"repeat","background-position":"center center","background-size":"auto","background-attachment":"scroll","background-type":"","background-media":"","overlay-type":"","overlay-color":"","overlay-opacity":"","overlay-gradient":""},"tablet":{"background-color":"","background-image":"","background-repeat":"repeat","background-position":"center center","background-size":"auto","background-attachment":"scroll","background-type":"","background-media":"","overlay-type":"","overlay-color":"","overlay-opacity":"","overlay-gradient":""},"mobile":{"background-color":"","background-image":"","background-repeat":"repeat","background-position":"center center","background-size":"auto","background-attachment":"scroll","background-type":"","background-media":"","overlay-type":"","overlay-color":"","overlay-opacity":"","overlay-gradient":""}},"ast-content-background-meta":{"desktop":{"background-color":"var(--ast-global-color-5)","background-image":"","background-repeat":"repeat","background-position":"center center","background-size":"auto","background-attachment":"scroll","background-type":"","background-media":"","overlay-type":"","overlay-color":"","overlay-opacity":"","overlay-gradient":""},"tablet":{"background-color":"var(--ast-global-color-5)","background-image":"","background-repeat":"repeat","background-position":"center center","background-size":"auto","background-attachment":"scroll","background-type":"","background-media":"","overlay-type":"","overlay-color":"","overlay-opacity":"","overlay-gradient":""},"mobile":{"background-color":"var(--ast-global-color-5)","background-image":"","background-repeat":"repeat","background-position":"center center","background-size":"auto","background-attachment":"scroll","background-type":"","background-media":"","overlay-type":"","overlay-color":"","overlay-opacity":"","overlay-gradient":""}},"editor_notices":[],"footnotes":""},"class_list":["post-2574","page","type-page","status-publish","hentry"],"yoast_head":"<!-- This site is optimized with the Yoast SEO plugin v25.3.1 - https:\/\/yoast.com\/wordpress\/plugins\/seo\/ -->\n<title>FLACHBRENNER - PAELLAS LA VALENCIANA | Kunden K\u00fcchenger\u00e4te<\/title>\n<meta name=\"robots\" content=\"index, follow, max-snippet:-1, max-image-preview:large, max-video-preview:-1\" \/>\n<link rel=\"canonical\" href=\"https:\/\/vaellocampos.com\/de\/flachbrenner\/\" \/>\n<meta property=\"og:locale\" content=\"de_DE\" \/>\n<meta property=\"og:type\" content=\"article\" \/>\n<meta property=\"og:title\" content=\"FLACHBRENNER - PAELLAS LA VALENCIANA | Kunden K\u00fcchenger\u00e4te\" \/>\n<meta property=\"og:description\" content=\"Zur\u00fcck zu Burners Flachbrenner Externer Flachbrenner 530 mm \/ 3 Ringe Externer [&hellip;]\" \/>\n<meta property=\"og:url\" content=\"https:\/\/vaellocampos.com\/de\/flachbrenner\/\" \/>\n<meta property=\"og:site_name\" content=\"PAELLAS LA VALENCIANA | Kunden K\u00fcchenger\u00e4te\" \/>\n<meta property=\"article:modified_time\" content=\"2024-07-26T18:02:02+00:00\" \/>\n<meta property=\"og:image\" content=\"https:\/\/vaellocampos.com\/de\/wp-content\/uploads\/sites\/4\/Bruleur-Plat-Externe-530-mm-3-Anneaux-porfolio.jpg\" \/>\n<meta name=\"twitter:card\" content=\"summary_large_image\" \/>\n<meta name=\"twitter:label1\" content=\"Gesch\u00e4tzte Lesezeit\" \/>\n\t<meta name=\"twitter:data1\" content=\"2\u00a0Minuten\" \/>\n<script type=\"application\/ld+json\" class=\"yoast-schema-graph\">{\"@context\":\"https:\/\/schema.org\",\"@graph\":[{\"@type\":\"WebPage\",\"@id\":\"https:\/\/vaellocampos.com\/de\/flachbrenner\/\",\"url\":\"https:\/\/vaellocampos.com\/de\/flachbrenner\/\",\"name\":\"FLACHBRENNER - PAELLAS LA VALENCIANA | Kunden K\u00fcchenger\u00e4te\",\"isPartOf\":{\"@id\":\"https:\/\/vaellocampos.com\/de\/#website\"},\"primaryImageOfPage\":{\"@id\":\"https:\/\/vaellocampos.com\/de\/flachbrenner\/#primaryimage\"},\"image\":{\"@id\":\"https:\/\/vaellocampos.com\/de\/flachbrenner\/#primaryimage\"},\"thumbnailUrl\":\"https:\/\/vaellocampos.com\/de\/wp-content\/uploads\/sites\/4\/Bruleur-Plat-Externe-530-mm-3-Anneaux-porfolio.jpg\",\"datePublished\":\"2024-01-25T08:44:52+00:00\",\"dateModified\":\"2024-07-26T18:02:02+00:00\",\"breadcrumb\":{\"@id\":\"https:\/\/vaellocampos.com\/de\/flachbrenner\/#breadcrumb\"},\"inLanguage\":\"de\",\"potentialAction\":[{\"@type\":\"ReadAction\",\"target\":[\"https:\/\/vaellocampos.com\/de\/flachbrenner\/\"]}]},{\"@type\":\"ImageObject\",\"inLanguage\":\"de\",\"@id\":\"https:\/\/vaellocampos.com\/de\/flachbrenner\/#primaryimage\",\"url\":\"https:\/\/vaellocampos.com\/de\/wp-content\/uploads\/sites\/4\/Bruleur-Plat-Externe-530-mm-3-Anneaux-porfolio.jpg\",\"contentUrl\":\"https:\/\/vaellocampos.com\/de\/wp-content\/uploads\/sites\/4\/Bruleur-Plat-Externe-530-mm-3-Anneaux-porfolio.jpg\",\"width\":400,\"height\":300},{\"@type\":\"BreadcrumbList\",\"@id\":\"https:\/\/vaellocampos.com\/de\/flachbrenner\/#breadcrumb\",\"itemListElement\":[{\"@type\":\"ListItem\",\"position\":1,\"name\":\"Portada\",\"item\":\"https:\/\/vaellocampos.com\/de\/\"},{\"@type\":\"ListItem\",\"position\":2,\"name\":\"FLACHBRENNER\"}]},{\"@type\":\"WebSite\",\"@id\":\"https:\/\/vaellocampos.com\/de\/#website\",\"url\":\"https:\/\/vaellocampos.com\/de\/\",\"name\":\"PAELLAS LA VALENCIANA | Kunden K\u00fcchenger\u00e4te\",\"description\":\"Paella-pfanne, Pfanne, Grillpfanne, Planchas... La Valenciana desde 1950 pone a disposici\u00f3n de sus clientes una extensa gama de productos\",\"publisher\":{\"@id\":\"https:\/\/vaellocampos.com\/de\/#organization\"},\"potentialAction\":[{\"@type\":\"SearchAction\",\"target\":{\"@type\":\"EntryPoint\",\"urlTemplate\":\"https:\/\/vaellocampos.com\/de\/?s={search_term_string}\"},\"query-input\":{\"@type\":\"PropertyValueSpecification\",\"valueRequired\":true,\"valueName\":\"search_term_string\"}}],\"inLanguage\":\"de\"},{\"@type\":\"Organization\",\"@id\":\"https:\/\/vaellocampos.com\/de\/#organization\",\"name\":\"PAELLAS LA VALENCIANA | Kunden K\u00fcchenger\u00e4te\",\"url\":\"https:\/\/vaellocampos.com\/de\/\",\"logo\":{\"@type\":\"ImageObject\",\"inLanguage\":\"de\",\"@id\":\"https:\/\/vaellocampos.com\/de\/#\/schema\/logo\/image\/\",\"url\":\"https:\/\/vaellocampos.com\/de\/wp-content\/uploads\/sites\/4\/cropped-logo-menuprincipal.png\",\"contentUrl\":\"https:\/\/vaellocampos.com\/de\/wp-content\/uploads\/sites\/4\/cropped-logo-menuprincipal.png\",\"width\":131,\"height\":67,\"caption\":\"PAELLAS LA VALENCIANA | Kunden K\u00fcchenger\u00e4te\"},\"image\":{\"@id\":\"https:\/\/vaellocampos.com\/de\/#\/schema\/logo\/image\/\"}}]}<\/script>\n<!-- \/ Yoast SEO plugin. -->","yoast_head_json":{"title":"FLACHBRENNER - PAELLAS LA VALENCIANA | Kunden K\u00fcchenger\u00e4te","robots":{"index":"index","follow":"follow","max-snippet":"max-snippet:-1","max-image-preview":"max-image-preview:large","max-video-preview":"max-video-preview:-1"},"canonical":"https:\/\/vaellocampos.com\/de\/flachbrenner\/","og_locale":"de_DE","og_type":"article","og_title":"FLACHBRENNER - PAELLAS LA VALENCIANA | Kunden K\u00fcchenger\u00e4te","og_description":"Zur\u00fcck zu Burners Flachbrenner Externer Flachbrenner 530 mm \/ 3 Ringe Externer [&hellip;]","og_url":"https:\/\/vaellocampos.com\/de\/flachbrenner\/","og_site_name":"PAELLAS LA VALENCIANA | Kunden K\u00fcchenger\u00e4te","article_modified_time":"2024-07-26T18:02:02+00:00","og_image":[{"url":"https:\/\/vaellocampos.com\/de\/wp-content\/uploads\/sites\/4\/Bruleur-Plat-Externe-530-mm-3-Anneaux-porfolio.jpg","type":"","width":"","height":""}],"twitter_card":"summary_large_image","twitter_misc":{"Gesch\u00e4tzte Lesezeit":"2\u00a0Minuten"},"schema":{"@context":"https:\/\/schema.org","@graph":[{"@type":"WebPage","@id":"https:\/\/vaellocampos.com\/de\/flachbrenner\/","url":"https:\/\/vaellocampos.com\/de\/flachbrenner\/","name":"FLACHBRENNER - PAELLAS LA VALENCIANA | Kunden K\u00fcchenger\u00e4te","isPartOf":{"@id":"https:\/\/vaellocampos.com\/de\/#website"},"primaryImageOfPage":{"@id":"https:\/\/vaellocampos.com\/de\/flachbrenner\/#primaryimage"},"image":{"@id":"https:\/\/vaellocampos.com\/de\/flachbrenner\/#primaryimage"},"thumbnailUrl":"https:\/\/vaellocampos.com\/de\/wp-content\/uploads\/sites\/4\/Bruleur-Plat-Externe-530-mm-3-Anneaux-porfolio.jpg","datePublished":"2024-01-25T08:44:52+00:00","dateModified":"2024-07-26T18:02:02+00:00","breadcrumb":{"@id":"https:\/\/vaellocampos.com\/de\/flachbrenner\/#breadcrumb"},"inLanguage":"de","potentialAction":[{"@type":"ReadAction","target":["https:\/\/vaellocampos.com\/de\/flachbrenner\/"]}]},{"@type":"ImageObject","inLanguage":"de","@id":"https:\/\/vaellocampos.com\/de\/flachbrenner\/#primaryimage","url":"https:\/\/vaellocampos.com\/de\/wp-content\/uploads\/sites\/4\/Bruleur-Plat-Externe-530-mm-3-Anneaux-porfolio.jpg","contentUrl":"https:\/\/vaellocampos.com\/de\/wp-content\/uploads\/sites\/4\/Bruleur-Plat-Externe-530-mm-3-Anneaux-porfolio.jpg","width":400,"height":300},{"@type":"BreadcrumbList","@id":"https:\/\/vaellocampos.com\/de\/flachbrenner\/#breadcrumb","itemListElement":[{"@type":"ListItem","position":1,"name":"Portada","item":"https:\/\/vaellocampos.com\/de\/"},{"@type":"ListItem","position":2,"name":"FLACHBRENNER"}]},{"@type":"WebSite","@id":"https:\/\/vaellocampos.com\/de\/#website","url":"https:\/\/vaellocampos.com\/de\/","name":"PAELLAS LA VALENCIANA | Kunden K\u00fcchenger\u00e4te","description":"Paella-pfanne, Pfanne, Grillpfanne, Planchas... La Valenciana desde 1950 pone a disposici\u00f3n de sus clientes una extensa gama de productos","publisher":{"@id":"https:\/\/vaellocampos.com\/de\/#organization"},"potentialAction":[{"@type":"SearchAction","target":{"@type":"EntryPoint","urlTemplate":"https:\/\/vaellocampos.com\/de\/?s={search_term_string}"},"query-input":{"@type":"PropertyValueSpecification","valueRequired":true,"valueName":"search_term_string"}}],"inLanguage":"de"},{"@type":"Organization","@id":"https:\/\/vaellocampos.com\/de\/#organization","name":"PAELLAS LA VALENCIANA | Kunden K\u00fcchenger\u00e4te","url":"https:\/\/vaellocampos.com\/de\/","logo":{"@type":"ImageObject","inLanguage":"de","@id":"https:\/\/vaellocampos.com\/de\/#\/schema\/logo\/image\/","url":"https:\/\/vaellocampos.com\/de\/wp-content\/uploads\/sites\/4\/cropped-logo-menuprincipal.png","contentUrl":"https:\/\/vaellocampos.com\/de\/wp-content\/uploads\/sites\/4\/cropped-logo-menuprincipal.png","width":131,"height":67,"caption":"PAELLAS LA VALENCIANA | Kunden K\u00fcchenger\u00e4te"},"image":{"@id":"https:\/\/vaellocampos.com\/de\/#\/schema\/logo\/image\/"}}]}},"uagb_featured_image_src":{"full":false,"thumbnail":false,"medium":false,"medium_large":false,"large":false,"1536x1536":false,"2048x2048":false},"uagb_author_info":{"display_name":"admin","author_link":"https:\/\/vaellocampos.com\/de\/author\/o2estudio_3k3rco7w\/"},"uagb_comment_info":0,"uagb_excerpt":"Zur\u00fcck zu Burners Flachbrenner Externer Flachbrenner 530 mm \/ 3 Ringe Externer [&hellip;]","_links":{"self":[{"href":"https:\/\/vaellocampos.com\/de\/wp-json\/wp\/v2\/pages\/2574","targetHints":{"allow":["GET"]}}],"collection":[{"href":"https:\/\/vaellocampos.com\/de\/wp-json\/wp\/v2\/pages"}],"about":[{"href":"https:\/\/vaellocampos.com\/de\/wp-json\/wp\/v2\/types\/page"}],"author":[{"embeddable":true,"href":"https:\/\/vaellocampos.com\/de\/wp-json\/wp\/v2\/users\/1"}],"replies":[{"embeddable":true,"href":"https:\/\/vaellocampos.com\/de\/wp-json\/wp\/v2\/comments?post=2574"}],"version-history":[{"count":4,"href":"https:\/\/vaellocampos.com\/de\/wp-json\/wp\/v2\/pages\/2574\/revisions"}],"predecessor-version":[{"id":2621,"href":"https:\/\/vaellocampos.com\/de\/wp-json\/wp\/v2\/pages\/2574\/revisions\/2621"}],"wp:attachment":[{"href":"https:\/\/vaellocampos.com\/de\/wp-json\/wp\/v2\/media?parent=2574"}],"curies":[{"name":"wp","href":"https:\/\/api.w.org\/{rel}","templated":true}]}}