{"id":3,"date":"2021-02-04T18:37:43","date_gmt":"2021-02-04T17:37:43","guid":{"rendered":"https:\/\/vaellocampos.com\/?page_id=3"},"modified":"2021-06-21T06:49:10","modified_gmt":"2021-06-21T04:49:10","slug":"datenschutzrichtlinie","status":"publish","type":"page","link":"https:\/\/vaellocampos.com\/de\/datenschutzrichtlinie\/","title":{"rendered":"Datenschutzrichtlinie"},"content":{"rendered":"\n<h2>\n\t\tDatenschutzrichtlinie\n\t<\/h2>\n\t<strong>1. INFORMATIONEN F\u00dcR NUTZER<\/strong><br \/>\nWer ist f\u00fcr die Verarbeitung Ihrer pers\u00f6nlichen Daten verantwortlich? F\u00fcr die Verarbeitung von pers\u00f6nlichen NUTZERDATEN ist VAELLO CAMPOS, SL verantwortlich. Nutzerdaten werden gem\u00e4\u00df der Verordnung (EU) 2016\/679 vom 27. April (DSGVO) und des Organsgesetzes 3\/2018 vom 5. Dezember (LOPDGDD) behandelt.\n<p>Zu welchem Zweck werden Nutzerdaten verarbeitet? Die Verarbeitung der Daten erfolgt zur Aufrechterhaltung der gesch\u00e4ftlichen Verbindung mit dem Nutzer. Im Rahmen der Datenverarbeitung werden die folgenden Operationen durchgef\u00fchrt:<\/p>\n<ul>\n<li>\u00dcbermittlung von Werbemitteilungen per E-Mail, Fax, SMS, MMS, \u00fcber soziale Netzwerke oder andere derzeit oder zuk\u00fcnftig verf\u00fcgbare elektronische bzw. physische Kan\u00e4le zur Versendung von gesch\u00e4ftlichen Mitteilungen. Diese Mitteilungen gehen vom VERANTWORTLICHEN aus und beziehen sich auf dessen Produkte und Dienstleistungen bzw. auf Produkte und Dienstleistungen von Mitarbeitern oder Lieferanten, mit denen der VERANTWORTLICHE Werbevereinbarungen getroffen hat. In solchen F\u00e4llen erlangen Dritte keinen Zugriff zu pers\u00f6nlichen Daten.<\/li>\n<li>Erstellung von Marktuntersuchungen und statistischen Analysen.<\/li>\n<li>Bearbeitung und Beantwortung von Bestellungen und Anfragen des NUTZERS, die \u00fcber eines der auf der Website des VERANTWORTLICHEN zur Verf\u00fcgung gestellten Kontaktformulare eingehen.<\/li>\n<li>\u00dcbermittlung des Online-Newsletters zur Information \u00fcber Neuigkeiten, Angebote und Aktionen.<\/li>\n<\/ul>\n\n<p>Artikel 6 der DSGVO legitimiert die Verarbeitung von Nutzerdaten wenn: Wenn die Zustimmung des NUTZERS zur Zusendung von kommerziellen Mitteilungen und des Newsletters vorliegt.Wenn ein berechtigtes Interesse des VERANTWORTLICHEN zur Durchf\u00fchrung von Marktforschung, statistischen Analysen usw. besteht und zur Bearbeitung von Bestellungen, Anfragen usw. auf Wunsch des NUTZERS.<\/p>\n<strong>Wie lange werden pers\u00f6nliche Nutzerdaten gespeichert?<\/strong><br \/>\nSolche Daten werden nur so lang aufbewahrt, wie dies f\u00fcr den Verarbeitungszweck bzw. zur Erf\u00fcllung der gesetzlichen Anforderungen n\u00f6tig ist. Danach werden die Daten unter Einhaltung der angemessenen Sicherheitsma\u00dfnahmen gel\u00f6scht, wodurch die Anonymisierung der Daten bzw. die vollst\u00e4ndige L\u00f6schung gew\u00e4hrleistet ist.\n<strong>Wan wen werden pers\u00f6nlichen Nutzerdaten weitergegeben?<\/strong><br \/>\nDie Weitergabe von pers\u00f6nlichen Nutzerdaten an Dritte ist nicht vorgesehen, au\u00dfer, wenn dies f\u00fcr die Zwecke, zu denen die Datenverarbeitung erfolgt, erforderlich ist. In solchen F\u00e4llen erfolgt die Weitergabe an unsere Dienstleister f\u00fcr Kommunikation, mit denen der VERANTWORTLICHE die laut der geltenden Datenschutzbestimmungen erforderlichen Vertr\u00e4ge \u00fcber die vertrauliche Behandlung von pers\u00f6nlichen Daten unterzeichnet hat.\n\n<ul>\n<li>Die Nutzer verf\u00fcgen \u00fcber die folgenden Rechte:<\/li>\n<li>Der Nutzer hat das Recht seine Zustimmung jederzeit zu wiederrufen.<\/li>\n<li>Der Nutzer hat das Recht auf Zugriff, Berichtigung, Portabilit\u00e4t und L\u00f6schung seiner pers\u00f6nlichen Daten und auf die Beschr\u00e4nkung und den Widerruf hinsichtlich deren Verarbeitung.<\/li>\n<li>Der Nutzer hat das Recht auf die Einbringung einer Beanstandung bei der Kontrollbeh\u00f6rde (www.aepd.es) wenn der Verdacht auf eine ungesetzliche Verarbeitung der Daten besteht.<\/li>\n<\/ul>\n<p>Kontaktdaten zur Aus\u00fcbung von Rechten: VAELLO CAMPOS, S.L P. Ind. Serrans IV C\/Pl\u00e0stic, 2 46812 Aielo de Malferit\u00a0&#8211; Valencia &#8211; Spanien. E-Mail: comercial@vaellocampos.com<\/p>\n<strong>2. FREIWILLIG UND VERPFLICHTEND VOM NUTZER BEREITGESTELLTE DATEN<\/strong><br \/>\nDer NUTZER akzeptiert durch das Ankreuzen der entsprechenden K\u00e4stchen und die Eingabe von Daten in die mit einem Sternchen (*) gekennzeichneten Felder im Kontaktformular oder in den Download-Formularen ausdr\u00fccklich und frei und unmissverst\u00e4ndlich, dass seine Daten zur Erf\u00fcllung seiner Anfrage durch den Anbieter notwendig sind, wobei die Angabe von Daten in den \u00fcbrigen Feldern freiwillig ist. Der NUTZER garantiert, dass die dem VERANTWORTLICHEN zur Verf\u00fcgung gestellten pers\u00f6nlichen Daten korrekt sind und ist f\u00fcr die Mitteilung von \u00c4nderungen dieser Daten verantwortlich.\n<p>Der VERANTWORTLICHE informiert, dass die Angabe der \u00fcber die Website angeforderten Daten verpflichtend ist, da die angeforderten Daten f\u00fcr die Bereitstellung eines optimalen Service f\u00fcr den BENUTZER erforderlich sind. Wenn nicht alle Daten zur Verf\u00fcgung gestellt werden, ist nicht gew\u00e4hrleistet, dass die bereitgestellten Informationen und Dienstleistungen vollst\u00e4ndig auf die Bed\u00fcrfnisse des Nutzers zugeschnitten sind.<\/p>\n<strong>3. SICHERHEITSMASSNAHMEN<\/strong><br \/>\nIn \u00dcbereinstimmung mit den geltenden Vorschriften zum Schutz personenbezogener Daten h\u00e4lt der VERANTWORTLICHE bei der Verarbeitung personenbezogener Daten, die seiner Verantwortung unterliegen, alle Bestimmungen der DSGVO und der LOPDGDD ein. Er befolgt die in Artikel 5 der DSGVO beschriebenen Grunds\u00e4tze, wonach die Daten rechtm\u00e4\u00dfig, fair und transparent verarbeitet werden m\u00fcssen und deren Erfassung f\u00fcr den Verarbeitungszweck angemessen, relevant und auf diesen beschr\u00e4nkt sein muss.\n<p>Der VERANTWORTLICHE garantiert, dass er geeignete technische und organisatorische Ma\u00dfnahmen zur Anwendung der von der DSGVO und der LOPDGDD festgelegten Sicherheitsma\u00dfnahmen getroffen hat, um die Rechte und Freiheiten der NUTZER zu sch\u00fctzen, und ihnen die entsprechenden Informationen mitgeteilt hat, damit diese sie aus\u00fcben k\u00f6nnen.<\/p>\n<p>F\u00fcr weitere Informationen \u00fcber die Gew\u00e4hrleistung des Schutzes personenbezogener Daten, wenden Sie sich bitten an den Verantwortlichen:<\/p>\n<p>VAELLO CAMPOS, S.L P. Ind. Serrans IV C\/Pl\u00e0stic, 2 46812 Aielo de Malferit\u00a0&#8211; Valencia &#8211; Spanien. E-Mail: comercial@vaellocampos.com<\/p>\n\n","protected":false},"excerpt":{"rendered":"<p>Datenschutzrichtlinie 1. INFORMATIONEN F\u00dcR NUTZER Wer ist f\u00fcr die Verarbeitung Ihrer pers\u00f6nlichen [&hellip;]<\/p>\n","protected":false},"author":1,"featured_media":0,"parent":0,"menu_order":0,"comment_status":"closed","ping_status":"closed","template":"","meta":{"_uag_custom_page_level_css":"","_trash_the_other_posts":false,"site-sidebar-layout":"default","site-content-layout":"default","ast-site-content-layout":"default","site-content-style":"default","site-sidebar-style":"default","ast-global-header-display":"","ast-banner-title-visibility":"","ast-main-header-display":"","ast-hfb-above-header-display":"","ast-hfb-below-header-display":"","ast-hfb-mobile-header-display":"","site-post-title":"disabled","ast-breadcrumbs-content":"disabled","ast-featured-img":"","footer-sml-layout":"","theme-transparent-header-meta":"default","adv-header-id-meta":"","stick-header-meta":"default","header-above-stick-meta":"","header-main-stick-meta":"","header-below-stick-meta":"","astra-migrate-meta-layouts":"default","ast-page-background-enabled":"default","ast-page-background-meta":{"desktop":{"background-color":"","background-image":"","background-repeat":"repeat","background-position":"center center","background-size":"auto","background-attachment":"scroll","background-type":"","background-media":"","overlay-type":"","overlay-color":"","overlay-opacity":"","overlay-gradient":""},"tablet":{"background-color":"","background-image":"","background-repeat":"repeat","background-position":"center center","background-size":"auto","background-attachment":"scroll","background-type":"","background-media":"","overlay-type":"","overlay-color":"","overlay-opacity":"","overlay-gradient":""},"mobile":{"background-color":"","background-image":"","background-repeat":"repeat","background-position":"center center","background-size":"auto","background-attachment":"scroll","background-type":"","background-media":"","overlay-type":"","overlay-color":"","overlay-opacity":"","overlay-gradient":""}},"ast-content-background-meta":{"desktop":{"background-color":"var(--ast-global-color-5)","background-image":"","background-repeat":"repeat","background-position":"center center","background-size":"auto","background-attachment":"scroll","background-type":"","background-media":"","overlay-type":"","overlay-color":"","overlay-opacity":"","overlay-gradient":""},"tablet":{"background-color":"var(--ast-global-color-5)","background-image":"","background-repeat":"repeat","background-position":"center center","background-size":"auto","background-attachment":"scroll","background-type":"","background-media":"","overlay-type":"","overlay-color":"","overlay-opacity":"","overlay-gradient":""},"mobile":{"background-color":"var(--ast-global-color-5)","background-image":"","background-repeat":"repeat","background-position":"center center","background-size":"auto","background-attachment":"scroll","background-type":"","background-media":"","overlay-type":"","overlay-color":"","overlay-opacity":"","overlay-gradient":""}},"editor_notices":[],"footnotes":""},"class_list":["post-3","page","type-page","status-publish","hentry"],"yoast_head":"<!-- This site is optimized with the Yoast SEO plugin v25.3.1 - https:\/\/yoast.com\/wordpress\/plugins\/seo\/ -->\n<title>Datenschutzrichtlinie - PAELLAS LA VALENCIANA | Kunden K\u00fcchenger\u00e4te<\/title>\n<meta name=\"robots\" content=\"index, follow, max-snippet:-1, max-image-preview:large, max-video-preview:-1\" \/>\n<link rel=\"canonical\" href=\"https:\/\/vaellocampos.com\/de\/datenschutzrichtlinie\/\" \/>\n<meta property=\"og:locale\" content=\"de_DE\" \/>\n<meta property=\"og:type\" content=\"article\" \/>\n<meta property=\"og:title\" content=\"Datenschutzrichtlinie - PAELLAS LA VALENCIANA | Kunden K\u00fcchenger\u00e4te\" \/>\n<meta property=\"og:description\" content=\"Datenschutzrichtlinie 1. INFORMATIONEN F\u00dcR NUTZER Wer ist f\u00fcr die Verarbeitung Ihrer pers\u00f6nlichen [&hellip;]\" \/>\n<meta property=\"og:url\" content=\"https:\/\/vaellocampos.com\/de\/datenschutzrichtlinie\/\" \/>\n<meta property=\"og:site_name\" content=\"PAELLAS LA VALENCIANA | Kunden K\u00fcchenger\u00e4te\" \/>\n<meta property=\"article:modified_time\" content=\"2021-06-21T04:49:10+00:00\" \/>\n<meta name=\"twitter:card\" content=\"summary_large_image\" \/>\n<meta name=\"twitter:label1\" content=\"Gesch\u00e4tzte Lesezeit\" \/>\n\t<meta name=\"twitter:data1\" content=\"4\u00a0Minuten\" \/>\n<script type=\"application\/ld+json\" class=\"yoast-schema-graph\">{\"@context\":\"https:\/\/schema.org\",\"@graph\":[{\"@type\":\"WebPage\",\"@id\":\"https:\/\/vaellocampos.com\/de\/datenschutzrichtlinie\/\",\"url\":\"https:\/\/vaellocampos.com\/de\/datenschutzrichtlinie\/\",\"name\":\"Datenschutzrichtlinie - PAELLAS LA VALENCIANA | Kunden K\u00fcchenger\u00e4te\",\"isPartOf\":{\"@id\":\"https:\/\/vaellocampos.com\/de\/#website\"},\"datePublished\":\"2021-02-04T17:37:43+00:00\",\"dateModified\":\"2021-06-21T04:49:10+00:00\",\"breadcrumb\":{\"@id\":\"https:\/\/vaellocampos.com\/de\/datenschutzrichtlinie\/#breadcrumb\"},\"inLanguage\":\"de\",\"potentialAction\":[{\"@type\":\"ReadAction\",\"target\":[\"https:\/\/vaellocampos.com\/de\/datenschutzrichtlinie\/\"]}]},{\"@type\":\"BreadcrumbList\",\"@id\":\"https:\/\/vaellocampos.com\/de\/datenschutzrichtlinie\/#breadcrumb\",\"itemListElement\":[{\"@type\":\"ListItem\",\"position\":1,\"name\":\"Portada\",\"item\":\"https:\/\/vaellocampos.com\/de\/\"},{\"@type\":\"ListItem\",\"position\":2,\"name\":\"Datenschutzrichtlinie\"}]},{\"@type\":\"WebSite\",\"@id\":\"https:\/\/vaellocampos.com\/de\/#website\",\"url\":\"https:\/\/vaellocampos.com\/de\/\",\"name\":\"PAELLAS LA VALENCIANA | Kunden K\u00fcchenger\u00e4te\",\"description\":\"Paella-pfanne, Pfanne, Grillpfanne, Planchas... La Valenciana desde 1950 pone a disposici\u00f3n de sus clientes una extensa gama de productos\",\"publisher\":{\"@id\":\"https:\/\/vaellocampos.com\/de\/#organization\"},\"potentialAction\":[{\"@type\":\"SearchAction\",\"target\":{\"@type\":\"EntryPoint\",\"urlTemplate\":\"https:\/\/vaellocampos.com\/de\/?s={search_term_string}\"},\"query-input\":{\"@type\":\"PropertyValueSpecification\",\"valueRequired\":true,\"valueName\":\"search_term_string\"}}],\"inLanguage\":\"de\"},{\"@type\":\"Organization\",\"@id\":\"https:\/\/vaellocampos.com\/de\/#organization\",\"name\":\"PAELLAS LA VALENCIANA | Kunden K\u00fcchenger\u00e4te\",\"url\":\"https:\/\/vaellocampos.com\/de\/\",\"logo\":{\"@type\":\"ImageObject\",\"inLanguage\":\"de\",\"@id\":\"https:\/\/vaellocampos.com\/de\/#\/schema\/logo\/image\/\",\"url\":\"https:\/\/vaellocampos.com\/de\/wp-content\/uploads\/sites\/4\/cropped-logo-menuprincipal.png\",\"contentUrl\":\"https:\/\/vaellocampos.com\/de\/wp-content\/uploads\/sites\/4\/cropped-logo-menuprincipal.png\",\"width\":131,\"height\":67,\"caption\":\"PAELLAS LA VALENCIANA | Kunden K\u00fcchenger\u00e4te\"},\"image\":{\"@id\":\"https:\/\/vaellocampos.com\/de\/#\/schema\/logo\/image\/\"}}]}<\/script>\n<!-- \/ Yoast SEO plugin. -->","yoast_head_json":{"title":"Datenschutzrichtlinie - PAELLAS LA VALENCIANA | Kunden K\u00fcchenger\u00e4te","robots":{"index":"index","follow":"follow","max-snippet":"max-snippet:-1","max-image-preview":"max-image-preview:large","max-video-preview":"max-video-preview:-1"},"canonical":"https:\/\/vaellocampos.com\/de\/datenschutzrichtlinie\/","og_locale":"de_DE","og_type":"article","og_title":"Datenschutzrichtlinie - PAELLAS LA VALENCIANA | Kunden K\u00fcchenger\u00e4te","og_description":"Datenschutzrichtlinie 1. INFORMATIONEN F\u00dcR NUTZER Wer ist f\u00fcr die Verarbeitung Ihrer pers\u00f6nlichen [&hellip;]","og_url":"https:\/\/vaellocampos.com\/de\/datenschutzrichtlinie\/","og_site_name":"PAELLAS LA VALENCIANA | Kunden K\u00fcchenger\u00e4te","article_modified_time":"2021-06-21T04:49:10+00:00","twitter_card":"summary_large_image","twitter_misc":{"Gesch\u00e4tzte Lesezeit":"4\u00a0Minuten"},"schema":{"@context":"https:\/\/schema.org","@graph":[{"@type":"WebPage","@id":"https:\/\/vaellocampos.com\/de\/datenschutzrichtlinie\/","url":"https:\/\/vaellocampos.com\/de\/datenschutzrichtlinie\/","name":"Datenschutzrichtlinie - PAELLAS LA VALENCIANA | Kunden K\u00fcchenger\u00e4te","isPartOf":{"@id":"https:\/\/vaellocampos.com\/de\/#website"},"datePublished":"2021-02-04T17:37:43+00:00","dateModified":"2021-06-21T04:49:10+00:00","breadcrumb":{"@id":"https:\/\/vaellocampos.com\/de\/datenschutzrichtlinie\/#breadcrumb"},"inLanguage":"de","potentialAction":[{"@type":"ReadAction","target":["https:\/\/vaellocampos.com\/de\/datenschutzrichtlinie\/"]}]},{"@type":"BreadcrumbList","@id":"https:\/\/vaellocampos.com\/de\/datenschutzrichtlinie\/#breadcrumb","itemListElement":[{"@type":"ListItem","position":1,"name":"Portada","item":"https:\/\/vaellocampos.com\/de\/"},{"@type":"ListItem","position":2,"name":"Datenschutzrichtlinie"}]},{"@type":"WebSite","@id":"https:\/\/vaellocampos.com\/de\/#website","url":"https:\/\/vaellocampos.com\/de\/","name":"PAELLAS LA VALENCIANA | Kunden K\u00fcchenger\u00e4te","description":"Paella-pfanne, Pfanne, Grillpfanne, Planchas... La Valenciana desde 1950 pone a disposici\u00f3n de sus clientes una extensa gama de productos","publisher":{"@id":"https:\/\/vaellocampos.com\/de\/#organization"},"potentialAction":[{"@type":"SearchAction","target":{"@type":"EntryPoint","urlTemplate":"https:\/\/vaellocampos.com\/de\/?s={search_term_string}"},"query-input":{"@type":"PropertyValueSpecification","valueRequired":true,"valueName":"search_term_string"}}],"inLanguage":"de"},{"@type":"Organization","@id":"https:\/\/vaellocampos.com\/de\/#organization","name":"PAELLAS LA VALENCIANA | Kunden K\u00fcchenger\u00e4te","url":"https:\/\/vaellocampos.com\/de\/","logo":{"@type":"ImageObject","inLanguage":"de","@id":"https:\/\/vaellocampos.com\/de\/#\/schema\/logo\/image\/","url":"https:\/\/vaellocampos.com\/de\/wp-content\/uploads\/sites\/4\/cropped-logo-menuprincipal.png","contentUrl":"https:\/\/vaellocampos.com\/de\/wp-content\/uploads\/sites\/4\/cropped-logo-menuprincipal.png","width":131,"height":67,"caption":"PAELLAS LA VALENCIANA | Kunden K\u00fcchenger\u00e4te"},"image":{"@id":"https:\/\/vaellocampos.com\/de\/#\/schema\/logo\/image\/"}}]}},"uagb_featured_image_src":{"full":false,"thumbnail":false,"medium":false,"medium_large":false,"large":false,"1536x1536":false,"2048x2048":false},"uagb_author_info":{"display_name":"admin","author_link":"https:\/\/vaellocampos.com\/de\/author\/o2estudio_3k3rco7w\/"},"uagb_comment_info":0,"uagb_excerpt":"Datenschutzrichtlinie 1. INFORMATIONEN F\u00dcR NUTZER Wer ist f\u00fcr die Verarbeitung Ihrer pers\u00f6nlichen [&hellip;]","_links":{"self":[{"href":"https:\/\/vaellocampos.com\/de\/wp-json\/wp\/v2\/pages\/3","targetHints":{"allow":["GET"]}}],"collection":[{"href":"https:\/\/vaellocampos.com\/de\/wp-json\/wp\/v2\/pages"}],"about":[{"href":"https:\/\/vaellocampos.com\/de\/wp-json\/wp\/v2\/types\/page"}],"author":[{"embeddable":true,"href":"https:\/\/vaellocampos.com\/de\/wp-json\/wp\/v2\/users\/1"}],"replies":[{"embeddable":true,"href":"https:\/\/vaellocampos.com\/de\/wp-json\/wp\/v2\/comments?post=3"}],"version-history":[{"count":5,"href":"https:\/\/vaellocampos.com\/de\/wp-json\/wp\/v2\/pages\/3\/revisions"}],"predecessor-version":[{"id":2460,"href":"https:\/\/vaellocampos.com\/de\/wp-json\/wp\/v2\/pages\/3\/revisions\/2460"}],"wp:attachment":[{"href":"https:\/\/vaellocampos.com\/de\/wp-json\/wp\/v2\/media?parent=3"}],"curies":[{"name":"wp","href":"https:\/\/api.w.org\/{rel}","templated":true}]}}