{"id":39,"date":"2021-02-22T19:46:57","date_gmt":"2021-02-22T18:46:57","guid":{"rendered":"https:\/\/vaellocampos.com\/?page_id=39"},"modified":"2021-06-14T07:47:09","modified_gmt":"2021-06-14T05:47:09","slug":"la-valenciana","status":"publish","type":"page","link":"https:\/\/vaellocampos.com\/de\/la-valenciana\/","title":{"rendered":"La valenciana"},"content":{"rendered":"\n\n\t<p>[ Eine gro\u00dfe Familie arbeitet f\u00fcr dich ]<\/p>\n\tWIR SIND HERSTELLER.<br \/>\nDER VORTEIL DER ERFAHRUNG\n\t<p>&#8222;La Valenciana&#8220; bietet seinen Kunden seit 1950 ein umfangreiches Produktsortiment, das unter einer Pr\u00e4misse hergestellt wird: Qualit\u00e4t. Paellas, Pfannen, Aufl\u00e4ufe, Grills &#8230;<\/p>\n<p>Vaello La Valenciana basiert im Wesentlichen auf Erfahrung und ist dank des Know-hows und der Implementierung neuer Technologien gewachsen. Unsere Hauptaufgabe ist es, unsere nationalen und internationalen Kunden mit einem effizienten Service und qualitativ hochwertigen Artikeln zu erreichen.<\/p>\n<p>Die Vision unseres Unternehmens ist es, die Leidenschaft, mit der wir unser Projekt wachsen lassen, auf den Rest der Welt zu \u00fcbertragen. Daf\u00fcr verf\u00fcgen wir \u00fcber ein Team erfahrener Profis, optimale Fertigungsprozesse und eine st\u00e4ndige Investition in modernste Maschinen.<\/p>\n\t\t\t\t<img decoding=\"async\" src=\"https:\/\/vaellocampos.com\/wp-content\/uploads\/paella-lavalenciana.jpg\" alt=\"paella-lavalenciana\" itemprop=\"image\" title=\"paella-lavalenciana\" onerror=\"this.style.display='none'\"  \/>\n\tEIN GROSSES TEAM, QUALIT\u00c4T<br \/>\nPRODUKTION UND TECHNOLOGIE\n\t<p>Die Vision unseres Unternehmens ist es, die Leidenschaft, mit der wir unser Projekt wachsen lassen, auf den Rest der Welt zu \u00fcbertragen. Daf\u00fcr verf\u00fcgen wir \u00fcber ein Team erfahrener Profis, optimale Fertigungsprozesse und eine st\u00e4ndige Investition in modernste Maschinen.<\/p>\n<p>Wir glauben, dass unsere Werte das sind, was uns regiert, und machen uns bewusst, dass wir uns mit unseren Kunden engagieren. Daher haben Ehrlichkeit, Integrit\u00e4t, offene Kommunikation und die F\u00e4higkeit zur Probleml\u00f6sung und kontinuierliches Lernen der <strong> Mitglieder unseres Unternehmens <\/strong> Vaello La Valenciana zu einem der f\u00fchrenden Unternehmen der Branche und zu einer weltweit konsolidierten Marke gemacht.<\/p>\n\n","protected":false},"excerpt":{"rendered":"<p>[ Eine gro\u00dfe Familie arbeitet f\u00fcr dich ] WIR SIND HERSTELLER. DER [&hellip;]<\/p>\n","protected":false},"author":1,"featured_media":0,"parent":0,"menu_order":0,"comment_status":"closed","ping_status":"closed","template":"","meta":{"_uag_custom_page_level_css":"","_trash_the_other_posts":false,"site-sidebar-layout":"no-sidebar","site-content-layout":"page-builder","ast-site-content-layout":"default","site-content-style":"default","site-sidebar-style":"default","ast-global-header-display":"","ast-banner-title-visibility":"","ast-main-header-display":"","ast-hfb-above-header-display":"","ast-hfb-below-header-display":"","ast-hfb-mobile-header-display":"","site-post-title":"disabled","ast-breadcrumbs-content":"disabled","ast-featured-img":"disabled","footer-sml-layout":"","theme-transparent-header-meta":"default","adv-header-id-meta":"","stick-header-meta":"default","header-above-stick-meta":"","header-main-stick-meta":"","header-below-stick-meta":"","astra-migrate-meta-layouts":"default","ast-page-background-enabled":"default","ast-page-background-meta":{"desktop":{"background-color":"","background-image":"","background-repeat":"repeat","background-position":"center center","background-size":"auto","background-attachment":"scroll","background-type":"","background-media":"","overlay-type":"","overlay-color":"","overlay-opacity":"","overlay-gradient":""},"tablet":{"background-color":"","background-image":"","background-repeat":"repeat","background-position":"center center","background-size":"auto","background-attachment":"scroll","background-type":"","background-media":"","overlay-type":"","overlay-color":"","overlay-opacity":"","overlay-gradient":""},"mobile":{"background-color":"","background-image":"","background-repeat":"repeat","background-position":"center center","background-size":"auto","background-attachment":"scroll","background-type":"","background-media":"","overlay-type":"","overlay-color":"","overlay-opacity":"","overlay-gradient":""}},"ast-content-background-meta":{"desktop":{"background-color":"var(--ast-global-color-5)","background-image":"","background-repeat":"repeat","background-position":"center center","background-size":"auto","background-attachment":"scroll","background-type":"","background-media":"","overlay-type":"","overlay-color":"","overlay-opacity":"","overlay-gradient":""},"tablet":{"background-color":"var(--ast-global-color-5)","background-image":"","background-repeat":"repeat","background-position":"center center","background-size":"auto","background-attachment":"scroll","background-type":"","background-media":"","overlay-type":"","overlay-color":"","overlay-opacity":"","overlay-gradient":""},"mobile":{"background-color":"var(--ast-global-color-5)","background-image":"","background-repeat":"repeat","background-position":"center center","background-size":"auto","background-attachment":"scroll","background-type":"","background-media":"","overlay-type":"","overlay-color":"","overlay-opacity":"","overlay-gradient":""}},"editor_notices":[],"footnotes":""},"class_list":["post-39","page","type-page","status-publish","hentry"],"yoast_head":"<!-- This site is optimized with the Yoast SEO plugin v25.3.1 - https:\/\/yoast.com\/wordpress\/plugins\/seo\/ -->\n<title>La valenciana - PAELLAS LA VALENCIANA | Kunden K\u00fcchenger\u00e4te<\/title>\n<meta name=\"robots\" content=\"index, follow, max-snippet:-1, max-image-preview:large, max-video-preview:-1\" \/>\n<link rel=\"canonical\" href=\"https:\/\/vaellocampos.com\/de\/la-valenciana\/\" \/>\n<meta property=\"og:locale\" content=\"de_DE\" \/>\n<meta property=\"og:type\" content=\"article\" \/>\n<meta property=\"og:title\" content=\"La valenciana - PAELLAS LA VALENCIANA | Kunden K\u00fcchenger\u00e4te\" \/>\n<meta property=\"og:description\" content=\"[ Eine gro\u00dfe Familie arbeitet f\u00fcr dich ] WIR SIND HERSTELLER. DER [&hellip;]\" \/>\n<meta property=\"og:url\" content=\"https:\/\/vaellocampos.com\/de\/la-valenciana\/\" \/>\n<meta property=\"og:site_name\" content=\"PAELLAS LA VALENCIANA | Kunden K\u00fcchenger\u00e4te\" \/>\n<meta property=\"article:modified_time\" content=\"2021-06-14T05:47:09+00:00\" \/>\n<meta property=\"og:image\" content=\"https:\/\/vaellocampos.com\/wp-content\/uploads\/paella-lavalenciana.jpg\" \/>\n<meta name=\"twitter:card\" content=\"summary_large_image\" \/>\n<meta name=\"twitter:label1\" content=\"Gesch\u00e4tzte Lesezeit\" \/>\n\t<meta name=\"twitter:data1\" content=\"1\u00a0Minute\" \/>\n<script type=\"application\/ld+json\" class=\"yoast-schema-graph\">{\"@context\":\"https:\/\/schema.org\",\"@graph\":[{\"@type\":\"WebPage\",\"@id\":\"https:\/\/vaellocampos.com\/de\/la-valenciana\/\",\"url\":\"https:\/\/vaellocampos.com\/de\/la-valenciana\/\",\"name\":\"La valenciana - PAELLAS LA VALENCIANA | Kunden K\u00fcchenger\u00e4te\",\"isPartOf\":{\"@id\":\"https:\/\/vaellocampos.com\/de\/#website\"},\"primaryImageOfPage\":{\"@id\":\"https:\/\/vaellocampos.com\/de\/la-valenciana\/#primaryimage\"},\"image\":{\"@id\":\"https:\/\/vaellocampos.com\/de\/la-valenciana\/#primaryimage\"},\"thumbnailUrl\":\"https:\/\/vaellocampos.com\/wp-content\/uploads\/paella-lavalenciana.jpg\",\"datePublished\":\"2021-02-22T18:46:57+00:00\",\"dateModified\":\"2021-06-14T05:47:09+00:00\",\"breadcrumb\":{\"@id\":\"https:\/\/vaellocampos.com\/de\/la-valenciana\/#breadcrumb\"},\"inLanguage\":\"de\",\"potentialAction\":[{\"@type\":\"ReadAction\",\"target\":[\"https:\/\/vaellocampos.com\/de\/la-valenciana\/\"]}]},{\"@type\":\"ImageObject\",\"inLanguage\":\"de\",\"@id\":\"https:\/\/vaellocampos.com\/de\/la-valenciana\/#primaryimage\",\"url\":\"https:\/\/vaellocampos.com\/wp-content\/uploads\/paella-lavalenciana.jpg\",\"contentUrl\":\"https:\/\/vaellocampos.com\/wp-content\/uploads\/paella-lavalenciana.jpg\"},{\"@type\":\"BreadcrumbList\",\"@id\":\"https:\/\/vaellocampos.com\/de\/la-valenciana\/#breadcrumb\",\"itemListElement\":[{\"@type\":\"ListItem\",\"position\":1,\"name\":\"Portada\",\"item\":\"https:\/\/vaellocampos.com\/de\/\"},{\"@type\":\"ListItem\",\"position\":2,\"name\":\"La valenciana\"}]},{\"@type\":\"WebSite\",\"@id\":\"https:\/\/vaellocampos.com\/de\/#website\",\"url\":\"https:\/\/vaellocampos.com\/de\/\",\"name\":\"PAELLAS LA VALENCIANA | Kunden K\u00fcchenger\u00e4te\",\"description\":\"Paella-pfanne, Pfanne, Grillpfanne, Planchas... La Valenciana desde 1950 pone a disposici\u00f3n de sus clientes una extensa gama de productos\",\"publisher\":{\"@id\":\"https:\/\/vaellocampos.com\/de\/#organization\"},\"potentialAction\":[{\"@type\":\"SearchAction\",\"target\":{\"@type\":\"EntryPoint\",\"urlTemplate\":\"https:\/\/vaellocampos.com\/de\/?s={search_term_string}\"},\"query-input\":{\"@type\":\"PropertyValueSpecification\",\"valueRequired\":true,\"valueName\":\"search_term_string\"}}],\"inLanguage\":\"de\"},{\"@type\":\"Organization\",\"@id\":\"https:\/\/vaellocampos.com\/de\/#organization\",\"name\":\"PAELLAS LA VALENCIANA | Kunden K\u00fcchenger\u00e4te\",\"url\":\"https:\/\/vaellocampos.com\/de\/\",\"logo\":{\"@type\":\"ImageObject\",\"inLanguage\":\"de\",\"@id\":\"https:\/\/vaellocampos.com\/de\/#\/schema\/logo\/image\/\",\"url\":\"https:\/\/vaellocampos.com\/de\/wp-content\/uploads\/sites\/4\/cropped-logo-menuprincipal.png\",\"contentUrl\":\"https:\/\/vaellocampos.com\/de\/wp-content\/uploads\/sites\/4\/cropped-logo-menuprincipal.png\",\"width\":131,\"height\":67,\"caption\":\"PAELLAS LA VALENCIANA | Kunden K\u00fcchenger\u00e4te\"},\"image\":{\"@id\":\"https:\/\/vaellocampos.com\/de\/#\/schema\/logo\/image\/\"}}]}<\/script>\n<!-- \/ Yoast SEO plugin. -->","yoast_head_json":{"title":"La valenciana - PAELLAS LA VALENCIANA | Kunden K\u00fcchenger\u00e4te","robots":{"index":"index","follow":"follow","max-snippet":"max-snippet:-1","max-image-preview":"max-image-preview:large","max-video-preview":"max-video-preview:-1"},"canonical":"https:\/\/vaellocampos.com\/de\/la-valenciana\/","og_locale":"de_DE","og_type":"article","og_title":"La valenciana - PAELLAS LA VALENCIANA | Kunden K\u00fcchenger\u00e4te","og_description":"[ Eine gro\u00dfe Familie arbeitet f\u00fcr dich ] WIR SIND HERSTELLER. DER [&hellip;]","og_url":"https:\/\/vaellocampos.com\/de\/la-valenciana\/","og_site_name":"PAELLAS LA VALENCIANA | Kunden K\u00fcchenger\u00e4te","article_modified_time":"2021-06-14T05:47:09+00:00","og_image":[{"url":"https:\/\/vaellocampos.com\/wp-content\/uploads\/paella-lavalenciana.jpg","type":"","width":"","height":""}],"twitter_card":"summary_large_image","twitter_misc":{"Gesch\u00e4tzte Lesezeit":"1\u00a0Minute"},"schema":{"@context":"https:\/\/schema.org","@graph":[{"@type":"WebPage","@id":"https:\/\/vaellocampos.com\/de\/la-valenciana\/","url":"https:\/\/vaellocampos.com\/de\/la-valenciana\/","name":"La valenciana - PAELLAS LA VALENCIANA | Kunden K\u00fcchenger\u00e4te","isPartOf":{"@id":"https:\/\/vaellocampos.com\/de\/#website"},"primaryImageOfPage":{"@id":"https:\/\/vaellocampos.com\/de\/la-valenciana\/#primaryimage"},"image":{"@id":"https:\/\/vaellocampos.com\/de\/la-valenciana\/#primaryimage"},"thumbnailUrl":"https:\/\/vaellocampos.com\/wp-content\/uploads\/paella-lavalenciana.jpg","datePublished":"2021-02-22T18:46:57+00:00","dateModified":"2021-06-14T05:47:09+00:00","breadcrumb":{"@id":"https:\/\/vaellocampos.com\/de\/la-valenciana\/#breadcrumb"},"inLanguage":"de","potentialAction":[{"@type":"ReadAction","target":["https:\/\/vaellocampos.com\/de\/la-valenciana\/"]}]},{"@type":"ImageObject","inLanguage":"de","@id":"https:\/\/vaellocampos.com\/de\/la-valenciana\/#primaryimage","url":"https:\/\/vaellocampos.com\/wp-content\/uploads\/paella-lavalenciana.jpg","contentUrl":"https:\/\/vaellocampos.com\/wp-content\/uploads\/paella-lavalenciana.jpg"},{"@type":"BreadcrumbList","@id":"https:\/\/vaellocampos.com\/de\/la-valenciana\/#breadcrumb","itemListElement":[{"@type":"ListItem","position":1,"name":"Portada","item":"https:\/\/vaellocampos.com\/de\/"},{"@type":"ListItem","position":2,"name":"La valenciana"}]},{"@type":"WebSite","@id":"https:\/\/vaellocampos.com\/de\/#website","url":"https:\/\/vaellocampos.com\/de\/","name":"PAELLAS LA VALENCIANA | Kunden K\u00fcchenger\u00e4te","description":"Paella-pfanne, Pfanne, Grillpfanne, Planchas... La Valenciana desde 1950 pone a disposici\u00f3n de sus clientes una extensa gama de productos","publisher":{"@id":"https:\/\/vaellocampos.com\/de\/#organization"},"potentialAction":[{"@type":"SearchAction","target":{"@type":"EntryPoint","urlTemplate":"https:\/\/vaellocampos.com\/de\/?s={search_term_string}"},"query-input":{"@type":"PropertyValueSpecification","valueRequired":true,"valueName":"search_term_string"}}],"inLanguage":"de"},{"@type":"Organization","@id":"https:\/\/vaellocampos.com\/de\/#organization","name":"PAELLAS LA VALENCIANA | Kunden K\u00fcchenger\u00e4te","url":"https:\/\/vaellocampos.com\/de\/","logo":{"@type":"ImageObject","inLanguage":"de","@id":"https:\/\/vaellocampos.com\/de\/#\/schema\/logo\/image\/","url":"https:\/\/vaellocampos.com\/de\/wp-content\/uploads\/sites\/4\/cropped-logo-menuprincipal.png","contentUrl":"https:\/\/vaellocampos.com\/de\/wp-content\/uploads\/sites\/4\/cropped-logo-menuprincipal.png","width":131,"height":67,"caption":"PAELLAS LA VALENCIANA | Kunden K\u00fcchenger\u00e4te"},"image":{"@id":"https:\/\/vaellocampos.com\/de\/#\/schema\/logo\/image\/"}}]}},"uagb_featured_image_src":{"full":false,"thumbnail":false,"medium":false,"medium_large":false,"large":false,"1536x1536":false,"2048x2048":false},"uagb_author_info":{"display_name":"admin","author_link":"https:\/\/vaellocampos.com\/de\/author\/o2estudio_3k3rco7w\/"},"uagb_comment_info":0,"uagb_excerpt":"[ Eine gro\u00dfe Familie arbeitet f\u00fcr dich ] WIR SIND HERSTELLER. DER [&hellip;]","_links":{"self":[{"href":"https:\/\/vaellocampos.com\/de\/wp-json\/wp\/v2\/pages\/39","targetHints":{"allow":["GET"]}}],"collection":[{"href":"https:\/\/vaellocampos.com\/de\/wp-json\/wp\/v2\/pages"}],"about":[{"href":"https:\/\/vaellocampos.com\/de\/wp-json\/wp\/v2\/types\/page"}],"author":[{"embeddable":true,"href":"https:\/\/vaellocampos.com\/de\/wp-json\/wp\/v2\/users\/1"}],"replies":[{"embeddable":true,"href":"https:\/\/vaellocampos.com\/de\/wp-json\/wp\/v2\/comments?post=39"}],"version-history":[{"count":21,"href":"https:\/\/vaellocampos.com\/de\/wp-json\/wp\/v2\/pages\/39\/revisions"}],"predecessor-version":[{"id":2420,"href":"https:\/\/vaellocampos.com\/de\/wp-json\/wp\/v2\/pages\/39\/revisions\/2420"}],"wp:attachment":[{"href":"https:\/\/vaellocampos.com\/de\/wp-json\/wp\/v2\/media?parent=39"}],"curies":[{"name":"wp","href":"https:\/\/api.w.org\/{rel}","templated":true}]}}