{"id":43,"date":"2021-02-22T19:47:18","date_gmt":"2021-02-22T18:47:18","guid":{"rendered":"https:\/\/vaellocampos.com\/?page_id=43"},"modified":"2022-05-12T16:24:08","modified_gmt":"2022-05-12T14:24:08","slug":"pflege","status":"publish","type":"page","link":"https:\/\/vaellocampos.com\/de\/pflege\/","title":{"rendered":"Pflege"},"content":{"rendered":"\n\n\t<p>[ WENN DAS MIMAS IHNEN EIN BESSERES ERGEBNIS GIBT ]<\/p>\n\t<p>Nach dem Kochen &#8230; um aufpassen.<\/p>\n\t\t\t\t<a href=\"#aceropulido\" target=\"_self\" itemprop=\"url\" rel=\"noopener\">\n\t\t\t\t<img loading=\"lazy\" decoding=\"async\" src=\"https:\/\/vaellocampos.com\/de\/wp-content\/uploads\/sites\/4\/Polierter-Stahl.jpg\" alt=\"Polierter-Stahl\" itemprop=\"image\" height=\"721\" width=\"523\" title=\"Polierter-Stahl\" onerror=\"this.style.display='none'\"  \/>\n\t\t\t\t<\/a>\n\t\t\t\t<img loading=\"lazy\" decoding=\"async\" src=\"https:\/\/vaellocampos.com\/de\/wp-content\/uploads\/sites\/4\/cuidados-chica-cocinando.jpg\" alt=\"cuidados-chica-cocinando\" itemprop=\"image\" height=\"450\" width=\"550\" title=\"cuidados-chica-cocinando\" onerror=\"this.style.display='none'\"  \/>\n\t\t\t\t<img loading=\"lazy\" decoding=\"async\" src=\"https:\/\/vaellocampos.com\/de\/wp-content\/uploads\/sites\/4\/cuidados-productos-limpieza.jpg\" alt=\"cuidados-productos-limpieza\" itemprop=\"image\" height=\"260\" width=\"360\" title=\"cuidados-productos-limpieza\" onerror=\"this.style.display='none'\"  \/>\n\t\t\t\t<a href=\"#aceroesmaltado\" target=\"_self\" itemprop=\"url\" rel=\"noopener\">\n\t\t\t\t<img loading=\"lazy\" decoding=\"async\" src=\"https:\/\/vaellocampos.com\/de\/wp-content\/uploads\/sites\/4\/Emaillierter-Stahl.jpg\" alt=\"Emaillierter-Stahl\" itemprop=\"image\" height=\"747\" width=\"523\" title=\"Emaillierter-Stahl\" onerror=\"this.style.display='none'\"  \/>\n\t\t\t\t<\/a>\n\t\t\t\t<a href=\"#hierroefundido\" target=\"_self\" itemprop=\"url\" rel=\"noopener\">\n\t\t\t\t<img loading=\"lazy\" decoding=\"async\" src=\"https:\/\/vaellocampos.com\/de\/wp-content\/uploads\/sites\/4\/Gusseisen.jpg\" alt=\"Gusseisen\" itemprop=\"image\" height=\"779\" width=\"523\" title=\"Gusseisen\" onerror=\"this.style.display='none'\"  \/>\n\t\t\t\t<\/a>\n\t\t\t\t<img loading=\"lazy\" decoding=\"async\" src=\"https:\/\/vaellocampos.com\/de\/wp-content\/uploads\/sites\/4\/cuidados-limpeza-sarten.jpg\" alt=\"cuidados-limpeza-sarten\" itemprop=\"image\" height=\"450\" width=\"550\" title=\"cuidados-limpeza-sarten\" onerror=\"this.style.display='none'\"  \/>\n\t\t\t\t<img loading=\"lazy\" decoding=\"async\" src=\"https:\/\/vaellocampos.com\/de\/wp-content\/uploads\/sites\/4\/Emaillierter-Stahl-Beschriftung.jpg\" alt=\"Emaillierter Stahl-Beschriftung\" itemprop=\"image\" height=\"55\" width=\"205\" title=\"Emaillierter Stahl-Beschriftung\" onerror=\"this.style.display='none'\"  \/>\n\t<p>Diese Art Produkt ist zwar aus Stahl gefertigt, wird aber mit einer Emailbeschichtung versehen, weshalb Rost kein Problem ist. Vor der ersten Verwendung und danach mit Wasser und Sp\u00fclmittel reinigen. Emailliertes Geschirr l\u00e4sst sich einfach reinigen und aufbewahren und muss nach Gebrauch nicht einge\u00f6lt werden. Die Emailbeschichtung erleichtert die Reinigung und Pflege des Produkts. Zur Reinigung keine scheuernden Putzschw\u00e4mme oder Reinigungsmittel verwenden, die die Oberfl\u00e4che zerkratzen k\u00f6nnten. K\u00fchl und trocken aufbewahren. <strong>Unsere Produkte weisen keine Antihaftbeschichtung auf.<\/strong><\/p>\n\t\t\t\t<a href=\"#aceropulido\" target=\"_self\" itemprop=\"url\" rel=\"noopener\">\n\t\t\t\t<img loading=\"lazy\" decoding=\"async\" src=\"https:\/\/vaellocampos.com\/de\/wp-content\/uploads\/sites\/4\/Polierter-Stahl-Beschriftung.jpg\" alt=\"Polierter Stahl-Beschriftung\" itemprop=\"image\" height=\"55\" width=\"205\" title=\"Polierter Stahl-Beschriftung\" onerror=\"this.style.display='none'\"  \/>\n\t\t\t\t<\/a>\n\t<p><strong>VOR DER ERSTEN VERWENDUNG.<\/strong> Das Produkt vor der ersten Verwendung gr\u00fcndlich mit Wasser und Sp\u00fclmittel waschen. Ebenso kann ein wenig Wasser auf kleiner Flamme 10 bis 15 Minuten zum Kochen gebracht werden und ein Spritzer Essig hinzugef\u00fcgt werden. Nach der Reinigung muss das Produkt rasch abgetrocknet und einge\u00f6lt werden. Nicht an der Luft trocknen lassen und nicht in der Sp\u00fclmaschine reinigen. Trocken und m\u00f6glichst in Papier eingewickelt oder in einer Plastikt\u00fcte aufbewahren.<\/p>\n<p><strong>VERWENDUNG IM ALLTAG.<\/strong> Das Geschirr in keinem Fall l\u00e4ngere Zeit leer auf der Kochstelle stehen lassen, da es sich \u00fcberhitzen kann. St\u00e4ndig den Stand von Flamme oder Hitzequelle \u00fcberpr\u00fcfen. Zum Kochen k\u00f6nnen Utensilien aus Edelstahl und Holz benutzt werden. Die Verwendung von Utensilien aus Kunststoff wird nicht empfohlen. Zur Reinigung keine scheuernden Putzschw\u00e4mme oder Reinigungsmittel verwenden, die die Oberfl\u00e4che zerkratzen k\u00f6nnten. Es ist f\u00fcr die geeigneten Schutzma\u00dfnahmen zu sorgen, da alle Teile des Kochgeschirrs beim Kochen hei\u00df werden. Das Produkt darf nie unbeaufsichtigt oder in Reichweite von Kindern auf der Kochstelle stehen. Nicht vergessen, das Produkt nach der Verwendung schnell abzutrocknen und einzu\u00f6len. K\u00fchl und trocken aufbewahren. <strong>Unsere Produkte weisen keine Antihaftbeschichtung auf.<\/strong><\/p>\n\t\t\t\t<img loading=\"lazy\" decoding=\"async\" src=\"https:\/\/vaellocampos.com\/de\/wp-content\/uploads\/sites\/4\/Gusseisen-Beschriftung.jpg\" alt=\"Gusseisen-Beschriftung\" itemprop=\"image\" height=\"55\" width=\"205\" title=\"Gusseisen-Beschriftung\" onerror=\"this.style.display='none'\"  \/>\n\t<p>Waschen Sie das B\u00fcgeleisen vor dem ersten Gebrauch. Es ist kein Antihaftprodukt. Nach Gebrauch vor der Reinigung abk\u00fchlen lassen. Gusseisen ist ein por\u00f6ses Material, sodass die Grillplatte Flecken bekommen kann. F\u00fcr eine bessere Konservierung k\u00f6nnen Sie es nach der Reinigung mit \u00d6l bestreichen. Bei emailliertem Eisen ist dies nicht erforderlich.<\/p>\n\n","protected":false},"excerpt":{"rendered":"<p>[ WENN DAS MIMAS IHNEN EIN BESSERES ERGEBNIS GIBT ] Nach dem [&hellip;]<\/p>\n","protected":false},"author":1,"featured_media":0,"parent":0,"menu_order":0,"comment_status":"closed","ping_status":"closed","template":"","meta":{"_uag_custom_page_level_css":"","_trash_the_other_posts":false,"site-sidebar-layout":"no-sidebar","site-content-layout":"page-builder","ast-site-content-layout":"default","site-content-style":"default","site-sidebar-style":"default","ast-global-header-display":"","ast-banner-title-visibility":"","ast-main-header-display":"","ast-hfb-above-header-display":"","ast-hfb-below-header-display":"","ast-hfb-mobile-header-display":"","site-post-title":"disabled","ast-breadcrumbs-content":"disabled","ast-featured-img":"","footer-sml-layout":"","theme-transparent-header-meta":"default","adv-header-id-meta":"","stick-header-meta":"default","header-above-stick-meta":"","header-main-stick-meta":"","header-below-stick-meta":"","astra-migrate-meta-layouts":"default","ast-page-background-enabled":"default","ast-page-background-meta":{"desktop":{"background-color":"","background-image":"","background-repeat":"repeat","background-position":"center center","background-size":"auto","background-attachment":"scroll","background-type":"","background-media":"","overlay-type":"","overlay-color":"","overlay-opacity":"","overlay-gradient":""},"tablet":{"background-color":"","background-image":"","background-repeat":"repeat","background-position":"center center","background-size":"auto","background-attachment":"scroll","background-type":"","background-media":"","overlay-type":"","overlay-color":"","overlay-opacity":"","overlay-gradient":""},"mobile":{"background-color":"","background-image":"","background-repeat":"repeat","background-position":"center center","background-size":"auto","background-attachment":"scroll","background-type":"","background-media":"","overlay-type":"","overlay-color":"","overlay-opacity":"","overlay-gradient":""}},"ast-content-background-meta":{"desktop":{"background-color":"var(--ast-global-color-5)","background-image":"","background-repeat":"repeat","background-position":"center center","background-size":"auto","background-attachment":"scroll","background-type":"","background-media":"","overlay-type":"","overlay-color":"","overlay-opacity":"","overlay-gradient":""},"tablet":{"background-color":"var(--ast-global-color-5)","background-image":"","background-repeat":"repeat","background-position":"center center","background-size":"auto","background-attachment":"scroll","background-type":"","background-media":"","overlay-type":"","overlay-color":"","overlay-opacity":"","overlay-gradient":""},"mobile":{"background-color":"var(--ast-global-color-5)","background-image":"","background-repeat":"repeat","background-position":"center center","background-size":"auto","background-attachment":"scroll","background-type":"","background-media":"","overlay-type":"","overlay-color":"","overlay-opacity":"","overlay-gradient":""}},"editor_notices":[],"footnotes":""},"class_list":["post-43","page","type-page","status-publish","hentry"],"yoast_head":"<!-- This site is optimized with the Yoast SEO plugin v25.3.1 - https:\/\/yoast.com\/wordpress\/plugins\/seo\/ -->\n<title>Pflege - PAELLAS LA VALENCIANA | Kunden K\u00fcchenger\u00e4te<\/title>\n<meta name=\"robots\" content=\"index, follow, max-snippet:-1, max-image-preview:large, max-video-preview:-1\" \/>\n<link rel=\"canonical\" href=\"https:\/\/vaellocampos.com\/de\/pflege\/\" \/>\n<meta property=\"og:locale\" content=\"de_DE\" \/>\n<meta property=\"og:type\" content=\"article\" \/>\n<meta property=\"og:title\" content=\"Pflege - PAELLAS LA VALENCIANA | Kunden K\u00fcchenger\u00e4te\" \/>\n<meta property=\"og:description\" content=\"[ WENN DAS MIMAS IHNEN EIN BESSERES ERGEBNIS GIBT ] Nach dem [&hellip;]\" \/>\n<meta property=\"og:url\" content=\"https:\/\/vaellocampos.com\/de\/pflege\/\" \/>\n<meta property=\"og:site_name\" content=\"PAELLAS LA VALENCIANA | Kunden K\u00fcchenger\u00e4te\" \/>\n<meta property=\"article:modified_time\" content=\"2022-05-12T14:24:08+00:00\" \/>\n<meta property=\"og:image\" content=\"https:\/\/vaellocampos.com\/de\/wp-content\/uploads\/sites\/4\/Polierter-Stahl.jpg\" \/>\n<meta name=\"twitter:card\" content=\"summary_large_image\" \/>\n<meta name=\"twitter:label1\" content=\"Gesch\u00e4tzte Lesezeit\" \/>\n\t<meta name=\"twitter:data1\" content=\"2\u00a0Minuten\" \/>\n<script type=\"application\/ld+json\" class=\"yoast-schema-graph\">{\"@context\":\"https:\/\/schema.org\",\"@graph\":[{\"@type\":\"WebPage\",\"@id\":\"https:\/\/vaellocampos.com\/de\/pflege\/\",\"url\":\"https:\/\/vaellocampos.com\/de\/pflege\/\",\"name\":\"Pflege - PAELLAS LA VALENCIANA | Kunden K\u00fcchenger\u00e4te\",\"isPartOf\":{\"@id\":\"https:\/\/vaellocampos.com\/de\/#website\"},\"primaryImageOfPage\":{\"@id\":\"https:\/\/vaellocampos.com\/de\/pflege\/#primaryimage\"},\"image\":{\"@id\":\"https:\/\/vaellocampos.com\/de\/pflege\/#primaryimage\"},\"thumbnailUrl\":\"https:\/\/vaellocampos.com\/de\/wp-content\/uploads\/sites\/4\/Polierter-Stahl.jpg\",\"datePublished\":\"2021-02-22T18:47:18+00:00\",\"dateModified\":\"2022-05-12T14:24:08+00:00\",\"breadcrumb\":{\"@id\":\"https:\/\/vaellocampos.com\/de\/pflege\/#breadcrumb\"},\"inLanguage\":\"de\",\"potentialAction\":[{\"@type\":\"ReadAction\",\"target\":[\"https:\/\/vaellocampos.com\/de\/pflege\/\"]}]},{\"@type\":\"ImageObject\",\"inLanguage\":\"de\",\"@id\":\"https:\/\/vaellocampos.com\/de\/pflege\/#primaryimage\",\"url\":\"https:\/\/vaellocampos.com\/de\/wp-content\/uploads\/sites\/4\/Polierter-Stahl.jpg\",\"contentUrl\":\"https:\/\/vaellocampos.com\/de\/wp-content\/uploads\/sites\/4\/Polierter-Stahl.jpg\",\"width\":523,\"height\":721},{\"@type\":\"BreadcrumbList\",\"@id\":\"https:\/\/vaellocampos.com\/de\/pflege\/#breadcrumb\",\"itemListElement\":[{\"@type\":\"ListItem\",\"position\":1,\"name\":\"Portada\",\"item\":\"https:\/\/vaellocampos.com\/de\/\"},{\"@type\":\"ListItem\",\"position\":2,\"name\":\"Pflege\"}]},{\"@type\":\"WebSite\",\"@id\":\"https:\/\/vaellocampos.com\/de\/#website\",\"url\":\"https:\/\/vaellocampos.com\/de\/\",\"name\":\"PAELLAS LA VALENCIANA | Kunden K\u00fcchenger\u00e4te\",\"description\":\"Paella-pfanne, Pfanne, Grillpfanne, Planchas... La Valenciana desde 1950 pone a disposici\u00f3n de sus clientes una extensa gama de productos\",\"publisher\":{\"@id\":\"https:\/\/vaellocampos.com\/de\/#organization\"},\"potentialAction\":[{\"@type\":\"SearchAction\",\"target\":{\"@type\":\"EntryPoint\",\"urlTemplate\":\"https:\/\/vaellocampos.com\/de\/?s={search_term_string}\"},\"query-input\":{\"@type\":\"PropertyValueSpecification\",\"valueRequired\":true,\"valueName\":\"search_term_string\"}}],\"inLanguage\":\"de\"},{\"@type\":\"Organization\",\"@id\":\"https:\/\/vaellocampos.com\/de\/#organization\",\"name\":\"PAELLAS LA VALENCIANA | Kunden K\u00fcchenger\u00e4te\",\"url\":\"https:\/\/vaellocampos.com\/de\/\",\"logo\":{\"@type\":\"ImageObject\",\"inLanguage\":\"de\",\"@id\":\"https:\/\/vaellocampos.com\/de\/#\/schema\/logo\/image\/\",\"url\":\"https:\/\/vaellocampos.com\/de\/wp-content\/uploads\/sites\/4\/cropped-logo-menuprincipal.png\",\"contentUrl\":\"https:\/\/vaellocampos.com\/de\/wp-content\/uploads\/sites\/4\/cropped-logo-menuprincipal.png\",\"width\":131,\"height\":67,\"caption\":\"PAELLAS LA VALENCIANA | Kunden K\u00fcchenger\u00e4te\"},\"image\":{\"@id\":\"https:\/\/vaellocampos.com\/de\/#\/schema\/logo\/image\/\"}}]}<\/script>\n<!-- \/ Yoast SEO plugin. -->","yoast_head_json":{"title":"Pflege - PAELLAS LA VALENCIANA | Kunden K\u00fcchenger\u00e4te","robots":{"index":"index","follow":"follow","max-snippet":"max-snippet:-1","max-image-preview":"max-image-preview:large","max-video-preview":"max-video-preview:-1"},"canonical":"https:\/\/vaellocampos.com\/de\/pflege\/","og_locale":"de_DE","og_type":"article","og_title":"Pflege - PAELLAS LA VALENCIANA | Kunden K\u00fcchenger\u00e4te","og_description":"[ WENN DAS MIMAS IHNEN EIN BESSERES ERGEBNIS GIBT ] Nach dem [&hellip;]","og_url":"https:\/\/vaellocampos.com\/de\/pflege\/","og_site_name":"PAELLAS LA VALENCIANA | Kunden K\u00fcchenger\u00e4te","article_modified_time":"2022-05-12T14:24:08+00:00","og_image":[{"url":"https:\/\/vaellocampos.com\/de\/wp-content\/uploads\/sites\/4\/Polierter-Stahl.jpg","type":"","width":"","height":""}],"twitter_card":"summary_large_image","twitter_misc":{"Gesch\u00e4tzte Lesezeit":"2\u00a0Minuten"},"schema":{"@context":"https:\/\/schema.org","@graph":[{"@type":"WebPage","@id":"https:\/\/vaellocampos.com\/de\/pflege\/","url":"https:\/\/vaellocampos.com\/de\/pflege\/","name":"Pflege - PAELLAS LA VALENCIANA | Kunden K\u00fcchenger\u00e4te","isPartOf":{"@id":"https:\/\/vaellocampos.com\/de\/#website"},"primaryImageOfPage":{"@id":"https:\/\/vaellocampos.com\/de\/pflege\/#primaryimage"},"image":{"@id":"https:\/\/vaellocampos.com\/de\/pflege\/#primaryimage"},"thumbnailUrl":"https:\/\/vaellocampos.com\/de\/wp-content\/uploads\/sites\/4\/Polierter-Stahl.jpg","datePublished":"2021-02-22T18:47:18+00:00","dateModified":"2022-05-12T14:24:08+00:00","breadcrumb":{"@id":"https:\/\/vaellocampos.com\/de\/pflege\/#breadcrumb"},"inLanguage":"de","potentialAction":[{"@type":"ReadAction","target":["https:\/\/vaellocampos.com\/de\/pflege\/"]}]},{"@type":"ImageObject","inLanguage":"de","@id":"https:\/\/vaellocampos.com\/de\/pflege\/#primaryimage","url":"https:\/\/vaellocampos.com\/de\/wp-content\/uploads\/sites\/4\/Polierter-Stahl.jpg","contentUrl":"https:\/\/vaellocampos.com\/de\/wp-content\/uploads\/sites\/4\/Polierter-Stahl.jpg","width":523,"height":721},{"@type":"BreadcrumbList","@id":"https:\/\/vaellocampos.com\/de\/pflege\/#breadcrumb","itemListElement":[{"@type":"ListItem","position":1,"name":"Portada","item":"https:\/\/vaellocampos.com\/de\/"},{"@type":"ListItem","position":2,"name":"Pflege"}]},{"@type":"WebSite","@id":"https:\/\/vaellocampos.com\/de\/#website","url":"https:\/\/vaellocampos.com\/de\/","name":"PAELLAS LA VALENCIANA | Kunden K\u00fcchenger\u00e4te","description":"Paella-pfanne, Pfanne, Grillpfanne, Planchas... La Valenciana desde 1950 pone a disposici\u00f3n de sus clientes una extensa gama de productos","publisher":{"@id":"https:\/\/vaellocampos.com\/de\/#organization"},"potentialAction":[{"@type":"SearchAction","target":{"@type":"EntryPoint","urlTemplate":"https:\/\/vaellocampos.com\/de\/?s={search_term_string}"},"query-input":{"@type":"PropertyValueSpecification","valueRequired":true,"valueName":"search_term_string"}}],"inLanguage":"de"},{"@type":"Organization","@id":"https:\/\/vaellocampos.com\/de\/#organization","name":"PAELLAS LA VALENCIANA | Kunden K\u00fcchenger\u00e4te","url":"https:\/\/vaellocampos.com\/de\/","logo":{"@type":"ImageObject","inLanguage":"de","@id":"https:\/\/vaellocampos.com\/de\/#\/schema\/logo\/image\/","url":"https:\/\/vaellocampos.com\/de\/wp-content\/uploads\/sites\/4\/cropped-logo-menuprincipal.png","contentUrl":"https:\/\/vaellocampos.com\/de\/wp-content\/uploads\/sites\/4\/cropped-logo-menuprincipal.png","width":131,"height":67,"caption":"PAELLAS LA VALENCIANA | Kunden K\u00fcchenger\u00e4te"},"image":{"@id":"https:\/\/vaellocampos.com\/de\/#\/schema\/logo\/image\/"}}]}},"uagb_featured_image_src":{"full":false,"thumbnail":false,"medium":false,"medium_large":false,"large":false,"1536x1536":false,"2048x2048":false},"uagb_author_info":{"display_name":"admin","author_link":"https:\/\/vaellocampos.com\/de\/author\/o2estudio_3k3rco7w\/"},"uagb_comment_info":0,"uagb_excerpt":"[ WENN DAS MIMAS IHNEN EIN BESSERES ERGEBNIS GIBT ] Nach dem [&hellip;]","_links":{"self":[{"href":"https:\/\/vaellocampos.com\/de\/wp-json\/wp\/v2\/pages\/43","targetHints":{"allow":["GET"]}}],"collection":[{"href":"https:\/\/vaellocampos.com\/de\/wp-json\/wp\/v2\/pages"}],"about":[{"href":"https:\/\/vaellocampos.com\/de\/wp-json\/wp\/v2\/types\/page"}],"author":[{"embeddable":true,"href":"https:\/\/vaellocampos.com\/de\/wp-json\/wp\/v2\/users\/1"}],"replies":[{"embeddable":true,"href":"https:\/\/vaellocampos.com\/de\/wp-json\/wp\/v2\/comments?post=43"}],"version-history":[{"count":22,"href":"https:\/\/vaellocampos.com\/de\/wp-json\/wp\/v2\/pages\/43\/revisions"}],"predecessor-version":[{"id":2515,"href":"https:\/\/vaellocampos.com\/de\/wp-json\/wp\/v2\/pages\/43\/revisions\/2515"}],"wp:attachment":[{"href":"https:\/\/vaellocampos.com\/de\/wp-json\/wp\/v2\/media?parent=43"}],"curies":[{"name":"wp","href":"https:\/\/api.w.org\/{rel}","templated":true}]}}