{"id":55,"date":"2021-02-22T19:48:55","date_gmt":"2021-02-22T18:48:55","guid":{"rendered":"https:\/\/vaellocampos.com\/?page_id=55"},"modified":"2022-06-21T14:03:04","modified_gmt":"2022-06-21T12:03:04","slug":"rechtliche-hinweise","status":"publish","type":"page","link":"https:\/\/vaellocampos.com\/de\/rechtliche-hinweise\/","title":{"rendered":"Rechtliche Hinweise"},"content":{"rendered":"\n<h2>\n\t\trechtliche hinweise\n\t<\/h2>\n\t<p><b>GESETZ \u00dcBER DIENSTLEISTUNGEN DER INFORMATIONSGESELLSCHAFT (LSSI)<\/b><\/p>\n<p>Das f\u00fcr die Website verantwortliche Unternehmen VAELLO CAMPOS, SL (im Folgenden der VERANTWORTLICHE), stellt den Nutzern das vorliegende Dokument in Erf\u00fcllung des Gesetzes 34\/2002 vom 11. Juli \u00fcber Dienstleistungen der Informationsgesellschaft und des elektronischen Handels (LSSICE), BOE N.\u00ba 166 und zur Information \u00fcber die Nutzungsbedingungen der Website bereit.<\/p>\n<p>Personen, die auf die Website zugreifen \u00fcbernehmen durch den Zugriff die Rolle des Nutzers und verpflichten sich zur Beachtung und strengen Einhaltung der hier festgelegten Bestimmungen sowie der anwendbaren gesetzlichen Bestimmungen.<\/p>\n<p>VAELLO CAMPOS, SL beh\u00e4lt sich das Recht vor, die auf dieser Website dargestellten Informationen ohne Vorank\u00fcndigung zu \u00e4ndern und Ver\u00e4nderungen auf der Website von VAELLO CAMPOS, SL zu ver\u00f6ffentlichen.<\/p>\n<b>1. IDENTIFIKATIONSDATEN<\/b><br \/>\nDomain: <a href=\"http:\/\/www.vaellocampos.com\">www.vaellocampos.com<\/a><br \/>\nHandelsmarke: La Valenciana<br \/>\nUnternehmen: VAELLO CAMPOS, SL<br \/>\nSteuernummer: B46307872 Sitz: P. Ind. Serrans IV C\/Pl\u00e0stic, 2 &#8211; P. Ind. Serrans IV C\/Pl\u00e0stic, 2, &#8211; 46812 &#8211; Aielo de Malferit &#8211; Valencia &#8211; Spanien<br \/>\nTelefon: +34 962 91 30 03<br \/>\nE-Mail: <a href=\"mailto:comercial@vaellocampos.com\">comercial@vaellocampos.com<\/a> <br \/>\nEingetragen im Handelsregister von Valencia, Band 4333, General 1645, Folium 52, Blatt V-22303.\n<b>2. GEISTIGE UND GEWERBLICHE EIGENTUMSRECHTE<\/b><br \/>\nDie Website, einschlie\u00dflich, aber nicht beschr\u00e4nkt auf ihre Programmierung, Edition, Zusammenstellung und andere f\u00fcr ihren Betrieb notwendige Elemente, wie Designs, Logos, Texte und\/oder Grafiken, sind Eigentum des VERANTWORTLICHEN oder unterliegen gegebenenfalls einer Lizenz oder ausdr\u00fccklichen Genehmigung der Urheber. Alle Inhalte der Website sind durch Vorschriften zum geistigen und gewerblichen Eigentum ordnungsgem\u00e4\u00df gesch\u00fctzt und in den entsprechenden \u00f6ffentlichen Registern eingetragen.\n<p>Unabh\u00e4ngig vom Verwendungszweck bedarf die vollst\u00e4ndige oder teilweise Vervielf\u00e4ltigung, Nutzung, Verwertung, Verbreitung und Vermarktung in jedem Fall der vorherigen schriftlichen Genehmigung durch den VERANTWORTLICHEN. Jede nicht gestattete Nutzung wird als schwerwiegende Verletzung der geistigen oder gewerblichen Eigentumsrechte des Urhebers angesehen.<\/p>\n<p>Auf der Website k\u00f6nnen Designs, Logos, Texte und\/oder Grafiken erscheinen, die nicht Eigentum des VERANTWORTLICHEN sind. Solche Inhalte geh\u00f6ren dem jeweiligen Eigent\u00fcmer, welcher selbst f\u00fcr eventuelle Kontroversen in Bezug auf die genannten Inhalte verantwortlich ist. Der VERANTWORTLICHE gestattet Dritten ausdr\u00fccklich die direkte Weiterleitung auf spezifische Inhalte der Website und in jedem Fall die Weiterleitung auf die Startseite www.vaellocampos.com.<\/p>\n<p>Der VERANTWORTLICHE erkennt die geistigen und gewerblichen Eigentumsrechte der Eigent\u00fcmer an, wobei die Nennung oder das Erscheinen auf der Website weder dem Vorliegen von Rechten und Pflichten noch einer Bef\u00fcrwortung, F\u00f6rderung oder Empfehlung gleichkommt.<\/p>\n<p>Beobachtungen \u00fcber m\u00f6gliche Verletzungen von geistigen und gewerblichen Eigentumsrechten und \u00fcber Inhalte der Website sind an die E-Mail comercial@vaellocampos.com zu richten.<\/p>\n<b>3. HAFTUNGSAUSSCHLUSS<\/b><br \/>\nDer VERANTWORTLICHE stellt sich von jeglicher Art von Haftung f\u00fcr von externen Dritten manipulierte oder eingef\u00fcgte und auf der Website ver\u00f6ffentlichte Informationen frei.\n<b>Cookies<\/b><br \/>\nDiese Website kann technische Cookies (kleine Informationsdateien, die der Server an den Computer der Nutzers sendet) nutzen, um bestimmte Funktionen auszuf\u00fchren, die als wesentlich f\u00fcr das korrekte Funktionieren und die Anzeige der Website angesehen werden. Cookies verf\u00fcgen \u00fcber eine begrenzte Laufzeit und dienen ausschlie\u00dflich zur gesteigerten Effektivit\u00e4t der Navigation. Sie werden nach Ende der Sitzung gel\u00f6scht. In keinem Fall liefern diese Cookies personenbezogene Daten, sie werden nicht zu deren Erhebung verwendet.\n<p>Durch die Nutzung von Cookies kann der Server, auf dem sich die Website gehostet ist, den vom Nutzer genutzten Browser wiedererkennen, um die Navigation zu erleichtern, so dass z. B. registrierte Nutzer Zugriff auf exklusiv f\u00fcr sie reservierte Bereiche, Dienste, Aktionen oder Wettbewerbe erhalten, ohne sich bei jedem Besuch erneut registrieren zu m\u00fcssen. Dar\u00fcber hinaus k\u00f6nnen Cookies zur Messung von Publikumsstr\u00f6men und Besuchsparametern sowie zur Kontrolle des Verlaufs und der Anzahl der Besuche usw. verwendet werden, wobei es sich in diesen F\u00e4llen um technisch entbehrliche, aber f\u00fcr den Nutzer n\u00fctzliche Cookies handelt.<\/p>\n<p>Ohne die vorherige Zustimmung des Nutzers hinterlegt diese Website keine entbehrlichen Cookies.<\/p>\n<p>Der Nutzer kann seinen Browser so konfigurieren, dass er beim Empfang von Cookies benachrichtigt wird und die Installation von Cookies auf seinem Ger\u00e4t unterbunden wird. Weitere Informationen \u00fcber diese Option finden Sie in der Anweisung Ihres Browsers.<\/p>\n<b>Link-Richtlinie<\/b><br \/>\nVon der Website kann der Nutzer auf die Website Dritter weitergeleitet werden. Die von Dritten auf deren Websites gezeigten Inhalte entziehen sich der Kontrolle des VERANTWORTLICHEN, und er nimmt daher keine Verantwortung f\u00fcr diese Inhalte. In jedem Fall werden Inhalte, die gegen nationale oder internationale Gesetze bzw. gegen die guten Sitten versto\u00dfen oder die die \u00f6ffentliche Sicherheit gef\u00e4hrden, sowie Links, die auf solche Inhalte verweisen, so rasch wie m\u00f6glich entfernt. Dar\u00fcber hinaus wird in solchen F\u00e4llen die zust\u00e4ndige Beh\u00f6rde in Kenntnis gesetzt.\n<p>Der VERANTWORTLICHE \u00fcbernimmt keine Verantwortung f\u00fcr Informationen und Inhalte, die unter Einsatz von Foren, Chats, Bloggeneratoren, Kommentaren, sozialen Netzwerken und anderen Medien selbstst\u00e4ndig von DRITTEN auf der Website des VERANTWORTLICHEN ver\u00f6ffentlicht werden k\u00f6nnen. Er ist jedoch gem\u00e4\u00df Artikel 11 und 16 des Gesetzes \u00fcber Dienstleistungen der Informationsgesellschaft und des elektronischen Handels (LSSICE) f\u00fcr alle Nutzer, Beh\u00f6rden und Sicherheitskr\u00e4fte verf\u00fcgbar und arbeitet aktiv an der L\u00f6schung und ggf. Sperrung von Inhalten mit, die gegen nationale oder internationale Gesetze, gegen die Rechte Dritter oder gegen die guten Sitten versto\u00dfen bzw. die \u00f6ffentliche Sicherheit gef\u00e4hrden. Nutzer, die der Meinung sind, das Solches auf Inhalte der Website zutrifft, sind aufgefordert, den Administrator der Website umgehend in Kenntnis zu setzen.<\/p>\n<p>Die Website wurde \u00fcberpr\u00fcft und einer Funktionspr\u00fcfung unterzogen. Grunds\u00e4tzlich ist der ordnungsgem\u00e4\u00dfe Betrieb an 365 Tagen im Jahr und 24 Stunden am Tag gew\u00e4hrleistet. Trotzdem schlie\u00dft der VERANTWORTLICHE m\u00f6gliche Programmierungsfehler und das Auftreten von Ereignissen h\u00f6herer Gewalt, Naturkatastrophen, Streiks und \u00e4hnlichen Umst\u00e4nden, die den Zugriff auf die Website unm\u00f6glich machen, nicht aus.<\/p>\n<b>IP-Adressen<\/b><br \/>\nDie Server der Website ermitteln die IP-Adresse und die Bezeichnung der vom Nutzer genutzten Domain auf automatische Weise. Bei der IP-Adresse handelt es sich um eine dem Computer beim Zugriff auf das Internet automatisch zugewiesene Nummer. Diese Information wird in einer ordnungsgem\u00e4\u00df registrierten Aktivit\u00e4tsdatei des Servers hinterlegt, welche die sp\u00e4tere Bearbeitung der Daten f\u00fcr statistische Messungen erm\u00f6glicht, wodurch sich Informationen \u00fcber die Anzahl der Seitenaufrufe, die Anzahl der Besuche auf Webservern, die Reihenfolge der Besuche und deren Zugriffspunkt zu ermitteln lassen.\n<b>4. ANWENDBARES RECHT UND GERICHTSSTAND<\/b><br \/>\nF\u00fcr die Beilegung aller Streitigkeiten oder Fragen im Zusammenhang mit dieser Website und der auf ihr entwickelten Aktivit\u00e4ten gilt das spanische Recht, dem sich die Parteien ausdr\u00fccklich unterwerfen. Gerichtsstand f\u00fcr die Beilegung von Streitigkeiten, die sich aus oder im Zusammenhang mit der Nutzung der Website ergeben, ist das dem Sitz in Ontinyent n\u00e4chstgelegene Gerichte.\n\n","protected":false},"excerpt":{"rendered":"<p>rechtliche hinweise GESETZ \u00dcBER DIENSTLEISTUNGEN DER INFORMATIONSGESELLSCHAFT (LSSI) Das f\u00fcr die Website [&hellip;]<\/p>\n","protected":false},"author":1,"featured_media":0,"parent":0,"menu_order":0,"comment_status":"closed","ping_status":"closed","template":"","meta":{"_uag_custom_page_level_css":"","_trash_the_other_posts":false,"site-sidebar-layout":"default","site-content-layout":"default","ast-site-content-layout":"default","site-content-style":"default","site-sidebar-style":"default","ast-global-header-display":"","ast-banner-title-visibility":"","ast-main-header-display":"","ast-hfb-above-header-display":"","ast-hfb-below-header-display":"","ast-hfb-mobile-header-display":"","site-post-title":"disabled","ast-breadcrumbs-content":"disabled","ast-featured-img":"","footer-sml-layout":"","theme-transparent-header-meta":"default","adv-header-id-meta":"","stick-header-meta":"default","header-above-stick-meta":"","header-main-stick-meta":"","header-below-stick-meta":"","astra-migrate-meta-layouts":"default","ast-page-background-enabled":"default","ast-page-background-meta":{"desktop":{"background-color":"","background-image":"","background-repeat":"repeat","background-position":"center center","background-size":"auto","background-attachment":"scroll","background-type":"","background-media":"","overlay-type":"","overlay-color":"","overlay-opacity":"","overlay-gradient":""},"tablet":{"background-color":"","background-image":"","background-repeat":"repeat","background-position":"center center","background-size":"auto","background-attachment":"scroll","background-type":"","background-media":"","overlay-type":"","overlay-color":"","overlay-opacity":"","overlay-gradient":""},"mobile":{"background-color":"","background-image":"","background-repeat":"repeat","background-position":"center center","background-size":"auto","background-attachment":"scroll","background-type":"","background-media":"","overlay-type":"","overlay-color":"","overlay-opacity":"","overlay-gradient":""}},"ast-content-background-meta":{"desktop":{"background-color":"var(--ast-global-color-5)","background-image":"","background-repeat":"repeat","background-position":"center center","background-size":"auto","background-attachment":"scroll","background-type":"","background-media":"","overlay-type":"","overlay-color":"","overlay-opacity":"","overlay-gradient":""},"tablet":{"background-color":"var(--ast-global-color-5)","background-image":"","background-repeat":"repeat","background-position":"center center","background-size":"auto","background-attachment":"scroll","background-type":"","background-media":"","overlay-type":"","overlay-color":"","overlay-opacity":"","overlay-gradient":""},"mobile":{"background-color":"var(--ast-global-color-5)","background-image":"","background-repeat":"repeat","background-position":"center center","background-size":"auto","background-attachment":"scroll","background-type":"","background-media":"","overlay-type":"","overlay-color":"","overlay-opacity":"","overlay-gradient":""}},"editor_notices":[],"footnotes":""},"class_list":["post-55","page","type-page","status-publish","hentry"],"yoast_head":"<!-- This site is optimized with the Yoast SEO plugin v25.3.1 - https:\/\/yoast.com\/wordpress\/plugins\/seo\/ -->\n<title>Rechtliche Hinweise - PAELLAS LA VALENCIANA | Kunden K\u00fcchenger\u00e4te<\/title>\n<meta name=\"robots\" content=\"index, follow, max-snippet:-1, max-image-preview:large, max-video-preview:-1\" \/>\n<link rel=\"canonical\" href=\"https:\/\/vaellocampos.com\/de\/rechtliche-hinweise\/\" \/>\n<meta property=\"og:locale\" content=\"de_DE\" \/>\n<meta property=\"og:type\" content=\"article\" \/>\n<meta property=\"og:title\" content=\"Rechtliche Hinweise - PAELLAS LA VALENCIANA | Kunden K\u00fcchenger\u00e4te\" \/>\n<meta property=\"og:description\" content=\"rechtliche hinweise GESETZ \u00dcBER DIENSTLEISTUNGEN DER INFORMATIONSGESELLSCHAFT (LSSI) Das f\u00fcr die Website [&hellip;]\" \/>\n<meta property=\"og:url\" content=\"https:\/\/vaellocampos.com\/de\/rechtliche-hinweise\/\" \/>\n<meta property=\"og:site_name\" content=\"PAELLAS LA VALENCIANA | Kunden K\u00fcchenger\u00e4te\" \/>\n<meta property=\"article:modified_time\" content=\"2022-06-21T12:03:04+00:00\" \/>\n<meta name=\"twitter:card\" content=\"summary_large_image\" \/>\n<meta name=\"twitter:label1\" content=\"Gesch\u00e4tzte Lesezeit\" \/>\n\t<meta name=\"twitter:data1\" content=\"5\u00a0Minuten\" \/>\n<script type=\"application\/ld+json\" class=\"yoast-schema-graph\">{\"@context\":\"https:\/\/schema.org\",\"@graph\":[{\"@type\":\"WebPage\",\"@id\":\"https:\/\/vaellocampos.com\/de\/rechtliche-hinweise\/\",\"url\":\"https:\/\/vaellocampos.com\/de\/rechtliche-hinweise\/\",\"name\":\"Rechtliche Hinweise - PAELLAS LA VALENCIANA | Kunden K\u00fcchenger\u00e4te\",\"isPartOf\":{\"@id\":\"https:\/\/vaellocampos.com\/de\/#website\"},\"datePublished\":\"2021-02-22T18:48:55+00:00\",\"dateModified\":\"2022-06-21T12:03:04+00:00\",\"breadcrumb\":{\"@id\":\"https:\/\/vaellocampos.com\/de\/rechtliche-hinweise\/#breadcrumb\"},\"inLanguage\":\"de\",\"potentialAction\":[{\"@type\":\"ReadAction\",\"target\":[\"https:\/\/vaellocampos.com\/de\/rechtliche-hinweise\/\"]}]},{\"@type\":\"BreadcrumbList\",\"@id\":\"https:\/\/vaellocampos.com\/de\/rechtliche-hinweise\/#breadcrumb\",\"itemListElement\":[{\"@type\":\"ListItem\",\"position\":1,\"name\":\"Portada\",\"item\":\"https:\/\/vaellocampos.com\/de\/\"},{\"@type\":\"ListItem\",\"position\":2,\"name\":\"Rechtliche Hinweise\"}]},{\"@type\":\"WebSite\",\"@id\":\"https:\/\/vaellocampos.com\/de\/#website\",\"url\":\"https:\/\/vaellocampos.com\/de\/\",\"name\":\"PAELLAS LA VALENCIANA | Kunden K\u00fcchenger\u00e4te\",\"description\":\"Paella-pfanne, Pfanne, Grillpfanne, Planchas... La Valenciana desde 1950 pone a disposici\u00f3n de sus clientes una extensa gama de productos\",\"publisher\":{\"@id\":\"https:\/\/vaellocampos.com\/de\/#organization\"},\"potentialAction\":[{\"@type\":\"SearchAction\",\"target\":{\"@type\":\"EntryPoint\",\"urlTemplate\":\"https:\/\/vaellocampos.com\/de\/?s={search_term_string}\"},\"query-input\":{\"@type\":\"PropertyValueSpecification\",\"valueRequired\":true,\"valueName\":\"search_term_string\"}}],\"inLanguage\":\"de\"},{\"@type\":\"Organization\",\"@id\":\"https:\/\/vaellocampos.com\/de\/#organization\",\"name\":\"PAELLAS LA VALENCIANA | Kunden K\u00fcchenger\u00e4te\",\"url\":\"https:\/\/vaellocampos.com\/de\/\",\"logo\":{\"@type\":\"ImageObject\",\"inLanguage\":\"de\",\"@id\":\"https:\/\/vaellocampos.com\/de\/#\/schema\/logo\/image\/\",\"url\":\"https:\/\/vaellocampos.com\/de\/wp-content\/uploads\/sites\/4\/cropped-logo-menuprincipal.png\",\"contentUrl\":\"https:\/\/vaellocampos.com\/de\/wp-content\/uploads\/sites\/4\/cropped-logo-menuprincipal.png\",\"width\":131,\"height\":67,\"caption\":\"PAELLAS LA VALENCIANA | Kunden K\u00fcchenger\u00e4te\"},\"image\":{\"@id\":\"https:\/\/vaellocampos.com\/de\/#\/schema\/logo\/image\/\"}}]}<\/script>\n<!-- \/ Yoast SEO plugin. -->","yoast_head_json":{"title":"Rechtliche Hinweise - PAELLAS LA VALENCIANA | Kunden K\u00fcchenger\u00e4te","robots":{"index":"index","follow":"follow","max-snippet":"max-snippet:-1","max-image-preview":"max-image-preview:large","max-video-preview":"max-video-preview:-1"},"canonical":"https:\/\/vaellocampos.com\/de\/rechtliche-hinweise\/","og_locale":"de_DE","og_type":"article","og_title":"Rechtliche Hinweise - PAELLAS LA VALENCIANA | Kunden K\u00fcchenger\u00e4te","og_description":"rechtliche hinweise GESETZ \u00dcBER DIENSTLEISTUNGEN DER INFORMATIONSGESELLSCHAFT (LSSI) Das f\u00fcr die Website [&hellip;]","og_url":"https:\/\/vaellocampos.com\/de\/rechtliche-hinweise\/","og_site_name":"PAELLAS LA VALENCIANA | Kunden K\u00fcchenger\u00e4te","article_modified_time":"2022-06-21T12:03:04+00:00","twitter_card":"summary_large_image","twitter_misc":{"Gesch\u00e4tzte Lesezeit":"5\u00a0Minuten"},"schema":{"@context":"https:\/\/schema.org","@graph":[{"@type":"WebPage","@id":"https:\/\/vaellocampos.com\/de\/rechtliche-hinweise\/","url":"https:\/\/vaellocampos.com\/de\/rechtliche-hinweise\/","name":"Rechtliche Hinweise - PAELLAS LA VALENCIANA | Kunden K\u00fcchenger\u00e4te","isPartOf":{"@id":"https:\/\/vaellocampos.com\/de\/#website"},"datePublished":"2021-02-22T18:48:55+00:00","dateModified":"2022-06-21T12:03:04+00:00","breadcrumb":{"@id":"https:\/\/vaellocampos.com\/de\/rechtliche-hinweise\/#breadcrumb"},"inLanguage":"de","potentialAction":[{"@type":"ReadAction","target":["https:\/\/vaellocampos.com\/de\/rechtliche-hinweise\/"]}]},{"@type":"BreadcrumbList","@id":"https:\/\/vaellocampos.com\/de\/rechtliche-hinweise\/#breadcrumb","itemListElement":[{"@type":"ListItem","position":1,"name":"Portada","item":"https:\/\/vaellocampos.com\/de\/"},{"@type":"ListItem","position":2,"name":"Rechtliche Hinweise"}]},{"@type":"WebSite","@id":"https:\/\/vaellocampos.com\/de\/#website","url":"https:\/\/vaellocampos.com\/de\/","name":"PAELLAS LA VALENCIANA | Kunden K\u00fcchenger\u00e4te","description":"Paella-pfanne, Pfanne, Grillpfanne, Planchas... La Valenciana desde 1950 pone a disposici\u00f3n de sus clientes una extensa gama de productos","publisher":{"@id":"https:\/\/vaellocampos.com\/de\/#organization"},"potentialAction":[{"@type":"SearchAction","target":{"@type":"EntryPoint","urlTemplate":"https:\/\/vaellocampos.com\/de\/?s={search_term_string}"},"query-input":{"@type":"PropertyValueSpecification","valueRequired":true,"valueName":"search_term_string"}}],"inLanguage":"de"},{"@type":"Organization","@id":"https:\/\/vaellocampos.com\/de\/#organization","name":"PAELLAS LA VALENCIANA | Kunden K\u00fcchenger\u00e4te","url":"https:\/\/vaellocampos.com\/de\/","logo":{"@type":"ImageObject","inLanguage":"de","@id":"https:\/\/vaellocampos.com\/de\/#\/schema\/logo\/image\/","url":"https:\/\/vaellocampos.com\/de\/wp-content\/uploads\/sites\/4\/cropped-logo-menuprincipal.png","contentUrl":"https:\/\/vaellocampos.com\/de\/wp-content\/uploads\/sites\/4\/cropped-logo-menuprincipal.png","width":131,"height":67,"caption":"PAELLAS LA VALENCIANA | Kunden K\u00fcchenger\u00e4te"},"image":{"@id":"https:\/\/vaellocampos.com\/de\/#\/schema\/logo\/image\/"}}]}},"uagb_featured_image_src":{"full":false,"thumbnail":false,"medium":false,"medium_large":false,"large":false,"1536x1536":false,"2048x2048":false},"uagb_author_info":{"display_name":"admin","author_link":"https:\/\/vaellocampos.com\/de\/author\/o2estudio_3k3rco7w\/"},"uagb_comment_info":0,"uagb_excerpt":"rechtliche hinweise GESETZ \u00dcBER DIENSTLEISTUNGEN DER INFORMATIONSGESELLSCHAFT (LSSI) Das f\u00fcr die Website [&hellip;]","_links":{"self":[{"href":"https:\/\/vaellocampos.com\/de\/wp-json\/wp\/v2\/pages\/55","targetHints":{"allow":["GET"]}}],"collection":[{"href":"https:\/\/vaellocampos.com\/de\/wp-json\/wp\/v2\/pages"}],"about":[{"href":"https:\/\/vaellocampos.com\/de\/wp-json\/wp\/v2\/types\/page"}],"author":[{"embeddable":true,"href":"https:\/\/vaellocampos.com\/de\/wp-json\/wp\/v2\/users\/1"}],"replies":[{"embeddable":true,"href":"https:\/\/vaellocampos.com\/de\/wp-json\/wp\/v2\/comments?post=55"}],"version-history":[{"count":8,"href":"https:\/\/vaellocampos.com\/de\/wp-json\/wp\/v2\/pages\/55\/revisions"}],"predecessor-version":[{"id":2517,"href":"https:\/\/vaellocampos.com\/de\/wp-json\/wp\/v2\/pages\/55\/revisions\/2517"}],"wp:attachment":[{"href":"https:\/\/vaellocampos.com\/de\/wp-json\/wp\/v2\/media?parent=55"}],"curies":[{"name":"wp","href":"https:\/\/api.w.org\/{rel}","templated":true}]}}