{"id":1435,"date":"2021-03-23T17:14:35","date_gmt":"2021-03-23T16:14:35","guid":{"rendered":"https:\/\/vaellocampos.com\/?page_id=1435"},"modified":"2024-01-25T09:32:32","modified_gmt":"2024-01-25T08:32:32","slug":"produits-vaello","status":"publish","type":"page","link":"https:\/\/vaellocampos.com\/fr\/produits-vaello\/","title":{"rendered":"Produits"},"content":{"rendered":"\n<h2>\n\t\tCATALOGUE DE PRODUITS VAELLO\n\t<\/h2>\n\t\t<a href=\"https:\/\/vaellocampos.com\/fr\/catalogue-plats-a-paella\/\" target=\"_self\" rel=\"noopener\">\n\t\t\t\t\t\t\t\t\t\t\t<img decoding=\"async\" src=\"https:\/\/vaellocampos.com\/fr\/wp-content\/uploads\/sites\/3\/paellerasporfolio.jpg\" alt=\"paellerasporfolio\"\/>\n\t\t\t\t\t<p>PLATS \u00c0 PAELLA<\/p>\t\t\t\t\t\n\t\t\t\t\t\t<h3>\n\t\t\t\t\t\tPLATS \u00c0 PAELLA\t\t<\/h3>\n\t\t<\/a>\n\t\t<a href=\"https:\/\/vaellocampos.com\/fr\/catalogue-poeles\/\" target=\"_self\" rel=\"noopener\">\n\t\t\t\t\t\t\t\t\t\t\t<img decoding=\"async\" src=\"https:\/\/vaellocampos.com\/fr\/wp-content\/uploads\/sites\/3\/sartenesportfolio.jpg\" alt=\"sartenesportfolio\"\/>\n\t\t\t\t\t<p>PO\u00caLES<\/p>\t\t\t\t\t\n\t\t\t\t\t\t<h3>\n\t\t\t\t\t\tPO\u00caLES\t\t<\/h3>\n\t\t<\/a>\n\t\t<a href=\"https:\/\/vaellocampos.com\/fr\/catalogue-poele-grill\/\" target=\"_self\" rel=\"noopener\">\n\t\t\t\t\t\t\t\t\t\t\t<img decoding=\"async\" src=\"https:\/\/vaellocampos.com\/fr\/wp-content\/uploads\/sites\/3\/asadoras-porfolio.jpg\" alt=\"asadoras-porfolio\"\/>\n\t\t\t\t\t<p>PO\u00caLE GRILL<\/p>\t\t\t\t\t\n\t\t\t\t\t\t<h3>\n\t\t\t\t\t\tPO\u00caLES GRIL\t\t<\/h3>\n\t\t<\/a>\n\t\t<a href=\"https:\/\/vaellocampos.com\/fr\/catalogue-planchas-en-fonte\/\" target=\"_self\" rel=\"noopener\">\n\t\t\t\t\t\t\t\t\t\t\t<img decoding=\"async\" src=\"https:\/\/vaellocampos.com\/fr\/wp-content\/uploads\/sites\/3\/planchas-porfolio.jpg\" alt=\"planchas-porfolio\"\/>\n\t\t\t\t\t<p>PLANCHAS EN FONTE<\/p>\t\t\t\t\t\n\t\t\t\t\t\t<h3>\n\t\t\t\t\t\tPLANCHAS EN FONTE\t\t<\/h3>\n\t\t<\/a>\n\t\t<a href=\"https:\/\/vaellocampos.com\/fr\/bruleur-a-gaz\/\" target=\"_self\" rel=\"noopener\">\n\t\t\t\t\t\t\t\t\t\t\t<img decoding=\"async\" src=\"https:\/\/vaellocampos.com\/fr\/wp-content\/uploads\/sites\/3\/quemadores-porfolio.jpg\" alt=\"quemadores-porfolio\"\/>\n\t\t\t\t\t<p>BR\u00dbLEUR \u00c0 GAZ<\/p>\t\t\t\t\t\n\t\t\t\t\t\t<h3>\n\t\t\t\t\t\tBR\u00dbLEURS \u00c0 GAZ\t\t<\/h3>\n\t\t<\/a>\n\t\t<a href=\"https:\/\/vaellocampos.com\/fr\/catalogue-barbecues-kits-ecoset\/\" target=\"_self\" rel=\"noopener\">\n\t\t\t\t\t\t\t\t\t\t\t<img decoding=\"async\" src=\"https:\/\/vaellocampos.com\/fr\/wp-content\/uploads\/sites\/3\/bbq-ecosets-porfolio.jpg\" alt=\"bbq-ecosets-porfolio\"\/>\n\t\t\t\t\t<p>BARBECUES \/ KITS ECOSET<\/p>\t\t\t\t\t\n\t\t\t\t\t\t<h3>\n\t\t\t\t\t\tBARBECUES \/ KITS ECOSET\t\t<\/h3>\n\t\t<\/a>\n\t\t<a href=\"https:\/\/vaellocampos.com\/fr\/catalogue-accessoires\/\" target=\"_self\" rel=\"noopener\">\n\t\t\t\t\t\t\t\t\t\t\t<img decoding=\"async\" src=\"https:\/\/vaellocampos.com\/fr\/wp-content\/uploads\/sites\/3\/accesorios-porfolio.jpg\" alt=\"accesorios-porfolio\"\/>\n\t\t\t\t\t<p>ACCESSOIRES ET COMPL\u00c9MENTS<\/p>\t\t\t\t\t\n\t\t\t\t\t\t<h3>\n\t\t\t\t\t\tACCESSOIRES ET COMPL\u00c9MENTS\t\t<\/h3>\n\t\t<\/a>\n\t\t\t\t<img decoding=\"async\" src=\"https:\/\/vaellocampos.com\/wp-content\/uploads\/cropped-icono-del-sitio.png\" alt=\"https:\/\/vaellocampos.com\/wp-content\/uploads\/sites\/3\/cropped-icono-del-sitio.png\" itemprop=\"image\" title=\"cropped-icono-del-sitio.png\" onerror=\"this.style.display='none'\"  \/>\n\n","protected":false},"excerpt":{"rendered":"<p>CATALOGUE DE PRODUITS VAELLO PLATS \u00c0 PAELLA PLATS \u00c0 PAELLA PO\u00caLES PO\u00caLES [&hellip;]<\/p>\n","protected":false},"author":1,"featured_media":0,"parent":0,"menu_order":0,"comment_status":"closed","ping_status":"closed","template":"","meta":{"_uag_custom_page_level_css":"","_trash_the_other_posts":false,"site-sidebar-layout":"default","site-content-layout":"default","ast-site-content-layout":"default","site-content-style":"default","site-sidebar-style":"default","ast-global-header-display":"","ast-banner-title-visibility":"","ast-main-header-display":"","ast-hfb-above-header-display":"","ast-hfb-below-header-display":"","ast-hfb-mobile-header-display":"","site-post-title":"disabled","ast-breadcrumbs-content":"disabled","ast-featured-img":"","footer-sml-layout":"","theme-transparent-header-meta":"default","adv-header-id-meta":"","stick-header-meta":"default","header-above-stick-meta":"","header-main-stick-meta":"","header-below-stick-meta":"","astra-migrate-meta-layouts":"default","ast-page-background-enabled":"default","ast-page-background-meta":{"desktop":{"background-color":"","background-image":"","background-repeat":"repeat","background-position":"center center","background-size":"auto","background-attachment":"scroll","background-type":"","background-media":"","overlay-type":"","overlay-color":"","overlay-opacity":"","overlay-gradient":""},"tablet":{"background-color":"","background-image":"","background-repeat":"repeat","background-position":"center center","background-size":"auto","background-attachment":"scroll","background-type":"","background-media":"","overlay-type":"","overlay-color":"","overlay-opacity":"","overlay-gradient":""},"mobile":{"background-color":"","background-image":"","background-repeat":"repeat","background-position":"center center","background-size":"auto","background-attachment":"scroll","background-type":"","background-media":"","overlay-type":"","overlay-color":"","overlay-opacity":"","overlay-gradient":""}},"ast-content-background-meta":{"desktop":{"background-color":"var(--ast-global-color-5)","background-image":"","background-repeat":"repeat","background-position":"center center","background-size":"auto","background-attachment":"scroll","background-type":"","background-media":"","overlay-type":"","overlay-color":"","overlay-opacity":"","overlay-gradient":""},"tablet":{"background-color":"var(--ast-global-color-5)","background-image":"","background-repeat":"repeat","background-position":"center center","background-size":"auto","background-attachment":"scroll","background-type":"","background-media":"","overlay-type":"","overlay-color":"","overlay-opacity":"","overlay-gradient":""},"mobile":{"background-color":"var(--ast-global-color-5)","background-image":"","background-repeat":"repeat","background-position":"center center","background-size":"auto","background-attachment":"scroll","background-type":"","background-media":"","overlay-type":"","overlay-color":"","overlay-opacity":"","overlay-gradient":""}},"editor_notices":[],"footnotes":""},"class_list":["post-1435","page","type-page","status-publish","hentry"],"yoast_head":"<!-- This site is optimized with the Yoast SEO plugin v25.3.1 - https:\/\/yoast.com\/wordpress\/plugins\/seo\/ -->\n<title>Produits - PAELLAS LA VALENCIANA | Customer Cooking Instruments<\/title>\n<meta name=\"robots\" content=\"index, follow, max-snippet:-1, max-image-preview:large, max-video-preview:-1\" \/>\n<link rel=\"canonical\" href=\"https:\/\/vaellocampos.com\/fr\/produits-vaello\/\" \/>\n<meta property=\"og:locale\" content=\"fr_FR\" \/>\n<meta property=\"og:type\" content=\"article\" \/>\n<meta property=\"og:title\" content=\"Produits - PAELLAS LA VALENCIANA | Customer Cooking Instruments\" \/>\n<meta property=\"og:description\" content=\"CATALOGUE DE PRODUITS VAELLO PLATS \u00c0 PAELLA PLATS \u00c0 PAELLA PO\u00caLES PO\u00caLES [&hellip;]\" \/>\n<meta property=\"og:url\" content=\"https:\/\/vaellocampos.com\/fr\/produits-vaello\/\" \/>\n<meta property=\"og:site_name\" content=\"PAELLAS LA VALENCIANA | Customer Cooking Instruments\" \/>\n<meta property=\"article:modified_time\" content=\"2024-01-25T08:32:32+00:00\" \/>\n<meta property=\"og:image\" content=\"https:\/\/vaellocampos.com\/fr\/wp-content\/uploads\/sites\/3\/paellerasporfolio.jpg\" \/>\n<meta name=\"twitter:card\" content=\"summary_large_image\" \/>\n<script type=\"application\/ld+json\" class=\"yoast-schema-graph\">{\"@context\":\"https:\/\/schema.org\",\"@graph\":[{\"@type\":\"WebPage\",\"@id\":\"https:\/\/vaellocampos.com\/fr\/produits-vaello\/\",\"url\":\"https:\/\/vaellocampos.com\/fr\/produits-vaello\/\",\"name\":\"Produits - PAELLAS LA VALENCIANA | Customer Cooking Instruments\",\"isPartOf\":{\"@id\":\"https:\/\/vaellocampos.com\/fr\/#website\"},\"primaryImageOfPage\":{\"@id\":\"https:\/\/vaellocampos.com\/fr\/produits-vaello\/#primaryimage\"},\"image\":{\"@id\":\"https:\/\/vaellocampos.com\/fr\/produits-vaello\/#primaryimage\"},\"thumbnailUrl\":\"https:\/\/vaellocampos.com\/fr\/wp-content\/uploads\/sites\/3\/paellerasporfolio.jpg\",\"datePublished\":\"2021-03-23T16:14:35+00:00\",\"dateModified\":\"2024-01-25T08:32:32+00:00\",\"breadcrumb\":{\"@id\":\"https:\/\/vaellocampos.com\/fr\/produits-vaello\/#breadcrumb\"},\"inLanguage\":\"fr-FR\",\"potentialAction\":[{\"@type\":\"ReadAction\",\"target\":[\"https:\/\/vaellocampos.com\/fr\/produits-vaello\/\"]}]},{\"@type\":\"ImageObject\",\"inLanguage\":\"fr-FR\",\"@id\":\"https:\/\/vaellocampos.com\/fr\/produits-vaello\/#primaryimage\",\"url\":\"https:\/\/vaellocampos.com\/fr\/wp-content\/uploads\/sites\/3\/paellerasporfolio.jpg\",\"contentUrl\":\"https:\/\/vaellocampos.com\/fr\/wp-content\/uploads\/sites\/3\/paellerasporfolio.jpg\",\"width\":600,\"height\":606},{\"@type\":\"BreadcrumbList\",\"@id\":\"https:\/\/vaellocampos.com\/fr\/produits-vaello\/#breadcrumb\",\"itemListElement\":[{\"@type\":\"ListItem\",\"position\":1,\"name\":\"Portada\",\"item\":\"https:\/\/vaellocampos.com\/fr\/\"},{\"@type\":\"ListItem\",\"position\":2,\"name\":\"Produits\"}]},{\"@type\":\"WebSite\",\"@id\":\"https:\/\/vaellocampos.com\/fr\/#website\",\"url\":\"https:\/\/vaellocampos.com\/fr\/\",\"name\":\"PAELLAS LA VALENCIANA | Customer Cooking Instruments\",\"description\":\"Paellas, po\u00eales, casseroles, grillades ... La Valenciana depuis 1950 propose \u00e0 ses clients une large gamme de produits\",\"publisher\":{\"@id\":\"https:\/\/vaellocampos.com\/fr\/#organization\"},\"potentialAction\":[{\"@type\":\"SearchAction\",\"target\":{\"@type\":\"EntryPoint\",\"urlTemplate\":\"https:\/\/vaellocampos.com\/fr\/?s={search_term_string}\"},\"query-input\":{\"@type\":\"PropertyValueSpecification\",\"valueRequired\":true,\"valueName\":\"search_term_string\"}}],\"inLanguage\":\"fr-FR\"},{\"@type\":\"Organization\",\"@id\":\"https:\/\/vaellocampos.com\/fr\/#organization\",\"name\":\"PAELLAS LA VALENCIANA | Customer Cooking Instruments\",\"url\":\"https:\/\/vaellocampos.com\/fr\/\",\"logo\":{\"@type\":\"ImageObject\",\"inLanguage\":\"fr-FR\",\"@id\":\"https:\/\/vaellocampos.com\/fr\/#\/schema\/logo\/image\/\",\"url\":\"https:\/\/vaellocampos.com\/fr\/wp-content\/uploads\/sites\/3\/cropped-logo-menuprincipal.png\",\"contentUrl\":\"https:\/\/vaellocampos.com\/fr\/wp-content\/uploads\/sites\/3\/cropped-logo-menuprincipal.png\",\"width\":131,\"height\":67,\"caption\":\"PAELLAS LA VALENCIANA | Customer Cooking Instruments\"},\"image\":{\"@id\":\"https:\/\/vaellocampos.com\/fr\/#\/schema\/logo\/image\/\"}}]}<\/script>\n<!-- \/ Yoast SEO plugin. -->","yoast_head_json":{"title":"Produits - PAELLAS LA VALENCIANA | Customer Cooking Instruments","robots":{"index":"index","follow":"follow","max-snippet":"max-snippet:-1","max-image-preview":"max-image-preview:large","max-video-preview":"max-video-preview:-1"},"canonical":"https:\/\/vaellocampos.com\/fr\/produits-vaello\/","og_locale":"fr_FR","og_type":"article","og_title":"Produits - PAELLAS LA VALENCIANA | Customer Cooking Instruments","og_description":"CATALOGUE DE PRODUITS VAELLO PLATS \u00c0 PAELLA PLATS \u00c0 PAELLA PO\u00caLES PO\u00caLES [&hellip;]","og_url":"https:\/\/vaellocampos.com\/fr\/produits-vaello\/","og_site_name":"PAELLAS LA VALENCIANA | Customer Cooking Instruments","article_modified_time":"2024-01-25T08:32:32+00:00","og_image":[{"url":"https:\/\/vaellocampos.com\/fr\/wp-content\/uploads\/sites\/3\/paellerasporfolio.jpg","type":"","width":"","height":""}],"twitter_card":"summary_large_image","schema":{"@context":"https:\/\/schema.org","@graph":[{"@type":"WebPage","@id":"https:\/\/vaellocampos.com\/fr\/produits-vaello\/","url":"https:\/\/vaellocampos.com\/fr\/produits-vaello\/","name":"Produits - PAELLAS LA VALENCIANA | Customer Cooking Instruments","isPartOf":{"@id":"https:\/\/vaellocampos.com\/fr\/#website"},"primaryImageOfPage":{"@id":"https:\/\/vaellocampos.com\/fr\/produits-vaello\/#primaryimage"},"image":{"@id":"https:\/\/vaellocampos.com\/fr\/produits-vaello\/#primaryimage"},"thumbnailUrl":"https:\/\/vaellocampos.com\/fr\/wp-content\/uploads\/sites\/3\/paellerasporfolio.jpg","datePublished":"2021-03-23T16:14:35+00:00","dateModified":"2024-01-25T08:32:32+00:00","breadcrumb":{"@id":"https:\/\/vaellocampos.com\/fr\/produits-vaello\/#breadcrumb"},"inLanguage":"fr-FR","potentialAction":[{"@type":"ReadAction","target":["https:\/\/vaellocampos.com\/fr\/produits-vaello\/"]}]},{"@type":"ImageObject","inLanguage":"fr-FR","@id":"https:\/\/vaellocampos.com\/fr\/produits-vaello\/#primaryimage","url":"https:\/\/vaellocampos.com\/fr\/wp-content\/uploads\/sites\/3\/paellerasporfolio.jpg","contentUrl":"https:\/\/vaellocampos.com\/fr\/wp-content\/uploads\/sites\/3\/paellerasporfolio.jpg","width":600,"height":606},{"@type":"BreadcrumbList","@id":"https:\/\/vaellocampos.com\/fr\/produits-vaello\/#breadcrumb","itemListElement":[{"@type":"ListItem","position":1,"name":"Portada","item":"https:\/\/vaellocampos.com\/fr\/"},{"@type":"ListItem","position":2,"name":"Produits"}]},{"@type":"WebSite","@id":"https:\/\/vaellocampos.com\/fr\/#website","url":"https:\/\/vaellocampos.com\/fr\/","name":"PAELLAS LA VALENCIANA | Customer Cooking Instruments","description":"Paellas, po\u00eales, casseroles, grillades ... La Valenciana depuis 1950 propose \u00e0 ses clients une large gamme de produits","publisher":{"@id":"https:\/\/vaellocampos.com\/fr\/#organization"},"potentialAction":[{"@type":"SearchAction","target":{"@type":"EntryPoint","urlTemplate":"https:\/\/vaellocampos.com\/fr\/?s={search_term_string}"},"query-input":{"@type":"PropertyValueSpecification","valueRequired":true,"valueName":"search_term_string"}}],"inLanguage":"fr-FR"},{"@type":"Organization","@id":"https:\/\/vaellocampos.com\/fr\/#organization","name":"PAELLAS LA VALENCIANA | Customer Cooking Instruments","url":"https:\/\/vaellocampos.com\/fr\/","logo":{"@type":"ImageObject","inLanguage":"fr-FR","@id":"https:\/\/vaellocampos.com\/fr\/#\/schema\/logo\/image\/","url":"https:\/\/vaellocampos.com\/fr\/wp-content\/uploads\/sites\/3\/cropped-logo-menuprincipal.png","contentUrl":"https:\/\/vaellocampos.com\/fr\/wp-content\/uploads\/sites\/3\/cropped-logo-menuprincipal.png","width":131,"height":67,"caption":"PAELLAS LA VALENCIANA | Customer Cooking Instruments"},"image":{"@id":"https:\/\/vaellocampos.com\/fr\/#\/schema\/logo\/image\/"}}]}},"uagb_featured_image_src":{"full":false,"thumbnail":false,"medium":false,"medium_large":false,"large":false,"1536x1536":false,"2048x2048":false},"uagb_author_info":{"display_name":"admin","author_link":"https:\/\/vaellocampos.com\/fr\/author\/o2estudio_3k3rco7w\/"},"uagb_comment_info":0,"uagb_excerpt":"CATALOGUE DE PRODUITS VAELLO PLATS \u00c0 PAELLA PLATS \u00c0 PAELLA PO\u00caLES PO\u00caLES [&hellip;]","_links":{"self":[{"href":"https:\/\/vaellocampos.com\/fr\/wp-json\/wp\/v2\/pages\/1435","targetHints":{"allow":["GET"]}}],"collection":[{"href":"https:\/\/vaellocampos.com\/fr\/wp-json\/wp\/v2\/pages"}],"about":[{"href":"https:\/\/vaellocampos.com\/fr\/wp-json\/wp\/v2\/types\/page"}],"author":[{"embeddable":true,"href":"https:\/\/vaellocampos.com\/fr\/wp-json\/wp\/v2\/users\/1"}],"replies":[{"embeddable":true,"href":"https:\/\/vaellocampos.com\/fr\/wp-json\/wp\/v2\/comments?post=1435"}],"version-history":[{"count":29,"href":"https:\/\/vaellocampos.com\/fr\/wp-json\/wp\/v2\/pages\/1435\/revisions"}],"predecessor-version":[{"id":2590,"href":"https:\/\/vaellocampos.com\/fr\/wp-json\/wp\/v2\/pages\/1435\/revisions\/2590"}],"wp:attachment":[{"href":"https:\/\/vaellocampos.com\/fr\/wp-json\/wp\/v2\/media?parent=1435"}],"curies":[{"name":"wp","href":"https:\/\/api.w.org\/{rel}","templated":true}]}}