{"id":28,"date":"2021-02-22T19:20:08","date_gmt":"2021-02-22T18:20:08","guid":{"rendered":"https:\/\/vaellocampos.com\/?page_id=28"},"modified":"2024-12-02T12:12:53","modified_gmt":"2024-12-02T11:12:53","slug":"accueil","status":"publish","type":"page","link":"https:\/\/vaellocampos.com\/fr\/","title":{"rendered":"Accueil"},"content":{"rendered":"\n\n\t\t\t<img decoding=\"async\" loading='false' src=\"https:\/\/vaellocampos.com\/fr\/wp-content\/uploads\/sites\/3\/catanyera-banner.jpg\" alt=\"\" \/>\t\t\t\n\t\t\t<img decoding=\"async\" loading='false' src=\"https:\/\/vaellocampos.com\/fr\/wp-content\/uploads\/sites\/3\/paulafelipe_014.jpg\" alt=\"\" \/>\t\t\t\n\t\t\t<img decoding=\"async\" loading='false' src=\"https:\/\/vaellocampos.com\/fr\/wp-content\/uploads\/sites\/3\/paulafelipe_023.jpg\" alt=\"\" \/>\t\t\t\n\t\t\t<img decoding=\"async\" loading='false' src=\"https:\/\/vaellocampos.com\/fr\/wp-content\/uploads\/sites\/3\/paulafeliper_011.jpg\" alt=\"\" \/>\t\t\t\n\t\t\t<img decoding=\"async\" loading='false' src=\"https:\/\/vaellocampos.com\/fr\/wp-content\/uploads\/sites\/3\/paulafelipe_083.jpg\" alt=\"\" \/>\t\t\t\n\t\t\t<img decoding=\"async\" loading='false' src=\"https:\/\/vaellocampos.com\/fr\/wp-content\/uploads\/sites\/3\/paulafelipe_071.jpg\" alt=\"\" \/>\t\t\t\n\t\t\t\t<a href=\"#\" aria-label=\"previous\" role=\"button\">\n<\/a>\n\t\t\t\t<a href=\"#\" aria-label=\"next\" role=\"button\">\n<\/a>\n\t[TOUT CE DONT VOUS AVEZ BESOIN POUR CUISINER]<br \/>\nCe sont nos produits\n\t\t<a href=\"https:\/\/vaellocampos.com\/fr\/catalogue-plats-a-paella\/\" target=\"_self\" rel=\"noopener\">\n\t\t\t\t\t\t\t\t\t\t\t<img decoding=\"async\" src=\"https:\/\/vaellocampos.com\/fr\/wp-content\/uploads\/sites\/3\/paellerasporfolio.jpg\" alt=\"paellerasporfolio\"\/>\n\t\t\t\t\t<p>PLATS \u00c0 PAELLA<\/p>\t\t\t\t\t\n\t\t\t\t\t\t<h3>\n\t\t\t\t\t\tPLATS \u00c0 PAELLA\t\t<\/h3>\n\t\t<\/a>\n\t\t<a href=\"https:\/\/vaellocampos.com\/fr\/catalogue-poeles\/\" target=\"_self\" rel=\"noopener\">\n\t\t\t\t\t\t\t\t\t\t\t<img decoding=\"async\" src=\"https:\/\/vaellocampos.com\/fr\/wp-content\/uploads\/sites\/3\/sartenesportfolio.jpg\" alt=\"sartenesportfolio\"\/>\n\t\t\t\t\t<p>PO\u00caLES<\/p>\t\t\t\t\t\n\t\t\t\t\t\t<h3>\n\t\t\t\t\t\tPO\u00caLES\t\t<\/h3>\n\t\t<\/a>\n\t\t<a href=\"https:\/\/vaellocampos.com\/fr\/catalogue-poele-grill\/\" target=\"_self\" rel=\"noopener\">\n\t\t\t\t\t\t\t\t\t\t\t<img decoding=\"async\" src=\"https:\/\/vaellocampos.com\/fr\/wp-content\/uploads\/sites\/3\/asadoras-porfolio.jpg\" alt=\"asadoras-porfolio\"\/>\n\t\t\t\t\t<p>PO\u00caLE GRILL<\/p>\t\t\t\t\t\n\t\t\t\t\t\t<h3>\n\t\t\t\t\t\tPO\u00caLES GRIL\t\t<\/h3>\n\t\t<\/a>\n\t\t<a href=\"https:\/\/vaellocampos.com\/fr\/catalogue-planchas-en-fonte\/\" target=\"_self\" rel=\"noopener\">\n\t\t\t\t\t\t\t\t\t\t\t<img decoding=\"async\" src=\"https:\/\/vaellocampos.com\/fr\/wp-content\/uploads\/sites\/3\/planchas-porfolio.jpg\" alt=\"planchas-porfolio\"\/>\n\t\t\t\t\t<p>PLANCHAS EN FONTE<\/p>\t\t\t\t\t\n\t\t\t\t\t\t<h3>\n\t\t\t\t\t\tPLANCHAS EN FONTE\t\t<\/h3>\n\t\t<\/a>\n\t\t<a href=\"https:\/\/vaellocampos.com\/fr\/bruleur-a-gaz\/\" target=\"_self\" rel=\"noopener\">\n\t\t\t\t\t\t\t\t\t\t\t<img decoding=\"async\" src=\"https:\/\/vaellocampos.com\/fr\/wp-content\/uploads\/sites\/3\/quemadores-porfolio.jpg\" alt=\"quemadores-porfolio\"\/>\n\t\t\t\t\t<p>BR\u00dbLEUR \u00c0 GAZ<\/p>\t\t\t\t\t\n\t\t\t\t\t\t<h3>\n\t\t\t\t\t\tBR\u00dbLEURS \u00c0 GAZ\t\t<\/h3>\n\t\t<\/a>\n\t\t<a href=\"https:\/\/vaellocampos.com\/fr\/catalogue-barbecues-kits-ecoset\/\" target=\"_self\" rel=\"noopener\">\n\t\t\t\t\t\t\t\t\t\t\t<img decoding=\"async\" src=\"https:\/\/vaellocampos.com\/fr\/wp-content\/uploads\/sites\/3\/bbq-ecosets-porfolio.jpg\" alt=\"bbq-ecosets-porfolio\"\/>\n\t\t\t\t\t<p>BARBECUES KITS ECOSET<\/p>\t\t\t\t\t\n\t\t\t\t\t\t<h3>\n\t\t\t\t\t\tKITS ECOSET + BARBECUES\t\t<\/h3>\n\t\t<\/a>\n\t\t<a href=\"https:\/\/vaellocampos.com\/fr\/catalogue-accessoires\/\" target=\"_self\" rel=\"noopener\">\n\t\t\t\t\t\t\t\t\t\t\t<img decoding=\"async\" src=\"https:\/\/vaellocampos.com\/fr\/wp-content\/uploads\/sites\/3\/accesorios-porfolio.jpg\" alt=\"accesorios-porfolio\"\/>\n\t\t\t\t\t<p>ACCESSOIRES ET COMPL\u00c9MENTS<\/p>\t\t\t\t\t\n\t\t\t\t\t\t<h3>\n\t\t\t\t\t\tACCESSOIRES ET COMPL\u00c9MENTS\t\t<\/h3>\n\t\t<\/a>\n\t\t\t\t<img decoding=\"async\" src=\"https:\/\/vaellocampos.com\/wp-content\/uploads\/cropped-icono-del-sitio.png\" alt=\"https:\/\/vaellocampos.com\/wp-content\/uploads\/sites\/3\/cropped-icono-del-sitio.png\" itemprop=\"image\" title=\"cropped-icono-del-sitio.png\" onerror=\"this.style.display='none'\"  \/>\n\t[ NOUS SOMMES PASSIONN\u00c9S POUR LA CUISINE ]<br \/>\nVoici nos recettes\n\t\t<a href=\"https:\/\/vaellocampos.com\/fr\/Recettes\/plat-a-paella-valenciana\/\" title=\"View Box Content\" target=\"_self\" aria-label=\"Post Element\" rel=\"noopener\"><\/a>\t\t\n\t\t\t\t\t\t\t\t\t\t\t\t\t\t<a href=\"https:\/\/vaellocampos.com\/fr\/Recettes\/plat-a-paella-valenciana\/\" target=\"_self\" title=\"[ Plat \u00e0 paella Valenciana ]\" rel=\"noopener\">\n\t\t\t\t<img decoding=\"async\" src=\"https:\/\/vaellocampos.com\/fr\/wp-content\/uploads\/sites\/3\/Recette-de-paella-valencienne-vaellocampos.jpg\" alt=\"\" \/>\n\t\t\t\t<\/a>\n\t\t\t\t\t\t<h3>\n\t\t\t\t<a href=https:\/\/vaellocampos.com\/fr\/Recettes\/plat-a-paella-valenciana\/ title=\"[ Plat \u00e0 paella Valenciana ]\" tabindex=\"0\">[ Plat \u00e0 paella Valenciana ]<\/a>\t\t\t<\/h3>\n\t\t<a href=\"https:\/\/vaellocampos.com\/fr\/Recettes\/recette-de-riz-au-four\/\" title=\"View Box Content\" target=\"_self\" aria-label=\"Post Element\" rel=\"noopener\"><\/a>\t\t\n\t\t\t\t\t\t\t\t\t\t\t\t\t\t<a href=\"https:\/\/vaellocampos.com\/fr\/Recettes\/recette-de-riz-au-four\/\" target=\"_self\" title=\"[ Recette de riz au four ]\" rel=\"noopener\">\n\t\t\t\t<img decoding=\"async\" src=\"https:\/\/vaellocampos.com\/fr\/wp-content\/uploads\/sites\/3\/receta-arroz-al-horno-lavalenciana-fr.jpg\" alt=\"\" \/>\n\t\t\t\t<\/a>\n\t\t\t\t\t\t<h3>\n\t\t\t\t<a href=https:\/\/vaellocampos.com\/fr\/Recettes\/recette-de-riz-au-four\/ title=\"[ Recette de riz au four ]\" tabindex=\"0\">[ Recette de riz au four ]<\/a>\t\t\t<\/h3>\n\t\t<a href=\"https:\/\/vaellocampos.com\/fr\/Recettes\/recette-fideua\/\" title=\"View Box Content\" target=\"_self\" aria-label=\"Post Element\" rel=\"noopener\"><\/a>\t\t\n\t\t\t\t\t\t\t\t\t\t\t\t\t\t<a href=\"https:\/\/vaellocampos.com\/fr\/Recettes\/recette-fideua\/\" target=\"_self\" title=\"[ Recette Fideu\u00e0 ]\" rel=\"noopener\">\n\t\t\t\t<img decoding=\"async\" src=\"https:\/\/vaellocampos.com\/fr\/wp-content\/uploads\/sites\/3\/receta-fideua-lavalenciana-fr.jpg\" alt=\"\" \/>\n\t\t\t\t<\/a>\n\t\t\t\t\t\t<h3>\n\t\t\t\t<a href=https:\/\/vaellocampos.com\/fr\/Recettes\/recette-fideua\/ title=\"[ Recette Fideu\u00e0 ]\" tabindex=\"0\">[ Recette Fideu\u00e0 ]<\/a>\t\t\t<\/h3>\n\t<p>[ NOTRE BLOG ]<\/p>\n<h2>\n\t\tNos derni\u00e8res actualit\u00e9s\n\t<\/h2>\n\t<ul>\n\t\t\t<li>\n\t\t\t<h4>\n\t\t\t\t<a href=\"https:\/\/vaellocampos.com\/fr\/blog\/\" target=\"_self\" data-hover=\"[ VOIR TOUT ] \" rel=\"noopener\">[ VOIR TOUT ] <\/a>\n\t\t\t<\/h4>\n\t\t<\/li>\n\t\t\t\t<\/ul>\n\t\t<a href=\"https:\/\/vaellocampos.com\/fr\/les-differences-entre-une-paella-cuisinee-au-feu-de-bois-et-une-paella-cuisinee-au-gaz\/\" title=\"View Box Content\" target=\"_self\" aria-label=\"Post Element\" rel=\"noopener\"><\/a>\t\t\n\t\t\t\t\t\t\t\t\t\t\t\t\t\t<a href=\"https:\/\/vaellocampos.com\/fr\/les-differences-entre-une-paella-cuisinee-au-feu-de-bois-et-une-paella-cuisinee-au-gaz\/\" target=\"_self\" title=\"LES DIFF\u00c9RENCES ENTRE UNE PAELLA CUISIN\u00c9E AU FEU DE BOIS ET UNE PAELLA CUISIN\u00c9E AU GAZ\u00a0\" rel=\"noopener\">\n\t\t\t\t<img decoding=\"async\" src=\"https:\/\/vaellocampos.com\/fr\/wp-content\/uploads\/sites\/3\/1621496768paellavalencianalalena.jpeg\" alt=\"\" \/>\n\t\t\t\t<\/a>\n\t\t\t\t\t\t<h2>\n\t\t\t\t<a href=https:\/\/vaellocampos.com\/fr\/les-differences-entre-une-paella-cuisinee-au-feu-de-bois-et-une-paella-cuisinee-au-gaz\/ title=\"LES DIFF\u00c9RENCES ENTRE UNE PAELLA CUISIN\u00c9E AU FEU DE BOIS ET UNE PAELLA CUISIN\u00c9E AU GAZ\u00a0\" tabindex=\"0\">LES DIFF\u00c9RENCES ENTRE UNE PAELLA CUISIN\u00c9E AU FEU DE BOIS ET UNE PAELLA CUISIN\u00c9E AU GAZ\u00a0<\/a>\t\t\t<\/h2>\n\t\t<a href=\"https:\/\/vaellocampos.com\/fr\/la-paella-valenciana-bientot-classee-bien-culturel\/\" title=\"View Box Content\" target=\"_self\" aria-label=\"Post Element\" rel=\"noopener\"><\/a>\t\t\n\t\t\t\t\t\t\t\t\t\t\t\t\t\t<a href=\"https:\/\/vaellocampos.com\/fr\/la-paella-valenciana-bientot-classee-bien-culturel\/\" target=\"_self\" title=\"LA PAELLA VALENCIANA, BIENT\u00d4T CLASS\u00c9E BIEN CULTUREL\" rel=\"noopener\">\n\t\t\t\t<img decoding=\"async\" src=\"https:\/\/vaellocampos.com\/fr\/wp-content\/uploads\/sites\/3\/1618903951Capturadepantalla20210420alas9.27.09.png\" alt=\"\" \/>\n\t\t\t\t<\/a>\n\t\t\t\t\t\t<h2>\n\t\t\t\t<a href=https:\/\/vaellocampos.com\/fr\/la-paella-valenciana-bientot-classee-bien-culturel\/ title=\"LA PAELLA VALENCIANA, BIENT\u00d4T CLASS\u00c9E BIEN CULTUREL\" tabindex=\"0\">LA PAELLA VALENCIANA, BIENT\u00d4T CLASS\u00c9E BIEN CULTUREL<\/a>\t\t\t<\/h2>\n\t\t<a href=\"https:\/\/vaellocampos.com\/fr\/les-differences-entre-lacier-poli-et-lacier-emaille\/\" title=\"View Box Content\" target=\"_self\" aria-label=\"Post Element\" rel=\"noopener\"><\/a>\t\t\n\t\t\t\t\t\t\t\t\t\t\t\t\t\t<a href=\"https:\/\/vaellocampos.com\/fr\/les-differences-entre-lacier-poli-et-lacier-emaille\/\" target=\"_self\" title=\"LES DIFF\u00c9RENCES ENTRE L'ACIER POLI ET L'ACIER \u00c9MAILL\u00c9\" rel=\"noopener\">\n\t\t\t\t<img decoding=\"async\" src=\"https:\/\/vaellocampos.com\/fr\/wp-content\/uploads\/sites\/3\/1615464002vaello_post110321.jpg\" alt=\"\" \/>\n\t\t\t\t<\/a>\n\t\t\t\t\t\t<h2>\n\t\t\t\t<a href=https:\/\/vaellocampos.com\/fr\/les-differences-entre-lacier-poli-et-lacier-emaille\/ title=\"LES DIFF\u00c9RENCES ENTRE L'ACIER POLI ET L'ACIER \u00c9MAILL\u00c9\" tabindex=\"0\">LES DIFF\u00c9RENCES ENTRE L&rsquo;ACIER POLI ET L&rsquo;ACIER \u00c9MAILL\u00c9<\/a>\t\t\t<\/h2>\n\n","protected":false},"excerpt":{"rendered":"<p>[TOUT CE DONT VOUS AVEZ BESOIN POUR CUISINER] Ce sont nos produits [&hellip;]<\/p>\n","protected":false},"author":1,"featured_media":0,"parent":0,"menu_order":0,"comment_status":"closed","ping_status":"closed","template":"","meta":{"_uag_custom_page_level_css":"","_trash_the_other_posts":false,"site-sidebar-layout":"no-sidebar","site-content-layout":"page-builder","ast-site-content-layout":"default","site-content-style":"default","site-sidebar-style":"default","ast-global-header-display":"","ast-banner-title-visibility":"","ast-main-header-display":"","ast-hfb-above-header-display":"","ast-hfb-below-header-display":"","ast-hfb-mobile-header-display":"","site-post-title":"disabled","ast-breadcrumbs-content":"disabled","ast-featured-img":"disabled","footer-sml-layout":"","theme-transparent-header-meta":"disabled","adv-header-id-meta":"","stick-header-meta":"default","header-above-stick-meta":"","header-main-stick-meta":"","header-below-stick-meta":"","astra-migrate-meta-layouts":"default","ast-page-background-enabled":"default","ast-page-background-meta":{"desktop":{"background-color":"","background-image":"","background-repeat":"repeat","background-position":"center center","background-size":"auto","background-attachment":"scroll","background-type":"","background-media":"","overlay-type":"","overlay-color":"","overlay-opacity":"","overlay-gradient":""},"tablet":{"background-color":"","background-image":"","background-repeat":"repeat","background-position":"center center","background-size":"auto","background-attachment":"scroll","background-type":"","background-media":"","overlay-type":"","overlay-color":"","overlay-opacity":"","overlay-gradient":""},"mobile":{"background-color":"","background-image":"","background-repeat":"repeat","background-position":"center center","background-size":"auto","background-attachment":"scroll","background-type":"","background-media":"","overlay-type":"","overlay-color":"","overlay-opacity":"","overlay-gradient":""}},"ast-content-background-meta":{"desktop":{"background-color":"var(--ast-global-color-5)","background-image":"","background-repeat":"repeat","background-position":"center center","background-size":"auto","background-attachment":"scroll","background-type":"","background-media":"","overlay-type":"","overlay-color":"","overlay-opacity":"","overlay-gradient":""},"tablet":{"background-color":"var(--ast-global-color-5)","background-image":"","background-repeat":"repeat","background-position":"center center","background-size":"auto","background-attachment":"scroll","background-type":"","background-media":"","overlay-type":"","overlay-color":"","overlay-opacity":"","overlay-gradient":""},"mobile":{"background-color":"var(--ast-global-color-5)","background-image":"","background-repeat":"repeat","background-position":"center center","background-size":"auto","background-attachment":"scroll","background-type":"","background-media":"","overlay-type":"","overlay-color":"","overlay-opacity":"","overlay-gradient":""}},"editor_notices":[],"footnotes":""},"class_list":["post-28","page","type-page","status-publish","hentry"],"yoast_head":"<!-- This site is optimized with the Yoast SEO plugin v25.3.1 - https:\/\/yoast.com\/wordpress\/plugins\/seo\/ -->\n<title>Accueil - PAELLAS LA VALENCIANA | Customer Cooking Instruments<\/title>\n<meta name=\"robots\" content=\"index, follow, max-snippet:-1, max-image-preview:large, max-video-preview:-1\" \/>\n<link rel=\"canonical\" href=\"https:\/\/vaellocampos.com\/fr\/\" \/>\n<meta property=\"og:locale\" content=\"fr_FR\" \/>\n<meta property=\"og:type\" content=\"article\" \/>\n<meta property=\"og:title\" content=\"Accueil - PAELLAS LA VALENCIANA | Customer Cooking Instruments\" \/>\n<meta property=\"og:description\" content=\"[TOUT CE DONT VOUS AVEZ BESOIN POUR CUISINER] Ce sont nos produits [&hellip;]\" \/>\n<meta property=\"og:url\" content=\"https:\/\/vaellocampos.com\/fr\/\" \/>\n<meta property=\"og:site_name\" content=\"PAELLAS LA VALENCIANA | Customer Cooking Instruments\" \/>\n<meta property=\"article:modified_time\" content=\"2024-12-02T11:12:53+00:00\" \/>\n<meta property=\"og:image\" content=\"https:\/\/vaellocampos.com\/fr\/wp-content\/uploads\/sites\/3\/catanyera-banner.jpg\" \/>\n<meta name=\"twitter:card\" content=\"summary_large_image\" \/>\n<meta name=\"twitter:label1\" content=\"Dur\u00e9e de lecture estim\u00e9e\" \/>\n\t<meta name=\"twitter:data1\" content=\"1 minute\" \/>\n<script type=\"application\/ld+json\" class=\"yoast-schema-graph\">{\"@context\":\"https:\/\/schema.org\",\"@graph\":[{\"@type\":\"WebPage\",\"@id\":\"https:\/\/vaellocampos.com\/fr\/\",\"url\":\"https:\/\/vaellocampos.com\/fr\/\",\"name\":\"Accueil - PAELLAS LA VALENCIANA | Customer Cooking Instruments\",\"isPartOf\":{\"@id\":\"https:\/\/vaellocampos.com\/fr\/#website\"},\"primaryImageOfPage\":{\"@id\":\"https:\/\/vaellocampos.com\/fr\/#primaryimage\"},\"image\":{\"@id\":\"https:\/\/vaellocampos.com\/fr\/#primaryimage\"},\"thumbnailUrl\":\"https:\/\/vaellocampos.com\/fr\/wp-content\/uploads\/sites\/3\/catanyera-banner.jpg\",\"datePublished\":\"2021-02-22T18:20:08+00:00\",\"dateModified\":\"2024-12-02T11:12:53+00:00\",\"breadcrumb\":{\"@id\":\"https:\/\/vaellocampos.com\/fr\/#breadcrumb\"},\"inLanguage\":\"fr-FR\",\"potentialAction\":[{\"@type\":\"ReadAction\",\"target\":[\"https:\/\/vaellocampos.com\/fr\/\"]}]},{\"@type\":\"ImageObject\",\"inLanguage\":\"fr-FR\",\"@id\":\"https:\/\/vaellocampos.com\/fr\/#primaryimage\",\"url\":\"https:\/\/vaellocampos.com\/fr\/wp-content\/uploads\/sites\/3\/catanyera-banner.jpg\",\"contentUrl\":\"https:\/\/vaellocampos.com\/fr\/wp-content\/uploads\/sites\/3\/catanyera-banner.jpg\",\"width\":1920,\"height\":700},{\"@type\":\"BreadcrumbList\",\"@id\":\"https:\/\/vaellocampos.com\/fr\/#breadcrumb\",\"itemListElement\":[{\"@type\":\"ListItem\",\"position\":1,\"name\":\"Portada\",\"item\":\"https:\/\/vaellocampos.com\/fr\/\"},{\"@type\":\"ListItem\",\"position\":2,\"name\":\"Accueil\"}]},{\"@type\":\"WebSite\",\"@id\":\"https:\/\/vaellocampos.com\/fr\/#website\",\"url\":\"https:\/\/vaellocampos.com\/fr\/\",\"name\":\"PAELLAS LA VALENCIANA | Customer Cooking Instruments\",\"description\":\"Paellas, po\u00eales, casseroles, grillades ... La Valenciana depuis 1950 propose \u00e0 ses clients une large gamme de produits\",\"publisher\":{\"@id\":\"https:\/\/vaellocampos.com\/fr\/#organization\"},\"potentialAction\":[{\"@type\":\"SearchAction\",\"target\":{\"@type\":\"EntryPoint\",\"urlTemplate\":\"https:\/\/vaellocampos.com\/fr\/?s={search_term_string}\"},\"query-input\":{\"@type\":\"PropertyValueSpecification\",\"valueRequired\":true,\"valueName\":\"search_term_string\"}}],\"inLanguage\":\"fr-FR\"},{\"@type\":\"Organization\",\"@id\":\"https:\/\/vaellocampos.com\/fr\/#organization\",\"name\":\"PAELLAS LA VALENCIANA | Customer Cooking Instruments\",\"url\":\"https:\/\/vaellocampos.com\/fr\/\",\"logo\":{\"@type\":\"ImageObject\",\"inLanguage\":\"fr-FR\",\"@id\":\"https:\/\/vaellocampos.com\/fr\/#\/schema\/logo\/image\/\",\"url\":\"https:\/\/vaellocampos.com\/fr\/wp-content\/uploads\/sites\/3\/cropped-logo-menuprincipal.png\",\"contentUrl\":\"https:\/\/vaellocampos.com\/fr\/wp-content\/uploads\/sites\/3\/cropped-logo-menuprincipal.png\",\"width\":131,\"height\":67,\"caption\":\"PAELLAS LA VALENCIANA | Customer Cooking Instruments\"},\"image\":{\"@id\":\"https:\/\/vaellocampos.com\/fr\/#\/schema\/logo\/image\/\"}}]}<\/script>\n<!-- \/ Yoast SEO plugin. -->","yoast_head_json":{"title":"Accueil - PAELLAS LA VALENCIANA | Customer Cooking Instruments","robots":{"index":"index","follow":"follow","max-snippet":"max-snippet:-1","max-image-preview":"max-image-preview:large","max-video-preview":"max-video-preview:-1"},"canonical":"https:\/\/vaellocampos.com\/fr\/","og_locale":"fr_FR","og_type":"article","og_title":"Accueil - PAELLAS LA VALENCIANA | Customer Cooking Instruments","og_description":"[TOUT CE DONT VOUS AVEZ BESOIN POUR CUISINER] Ce sont nos produits [&hellip;]","og_url":"https:\/\/vaellocampos.com\/fr\/","og_site_name":"PAELLAS LA VALENCIANA | Customer Cooking Instruments","article_modified_time":"2024-12-02T11:12:53+00:00","og_image":[{"url":"https:\/\/vaellocampos.com\/fr\/wp-content\/uploads\/sites\/3\/catanyera-banner.jpg","type":"","width":"","height":""}],"twitter_card":"summary_large_image","twitter_misc":{"Dur\u00e9e de lecture estim\u00e9e":"1 minute"},"schema":{"@context":"https:\/\/schema.org","@graph":[{"@type":"WebPage","@id":"https:\/\/vaellocampos.com\/fr\/","url":"https:\/\/vaellocampos.com\/fr\/","name":"Accueil - PAELLAS LA VALENCIANA | Customer Cooking Instruments","isPartOf":{"@id":"https:\/\/vaellocampos.com\/fr\/#website"},"primaryImageOfPage":{"@id":"https:\/\/vaellocampos.com\/fr\/#primaryimage"},"image":{"@id":"https:\/\/vaellocampos.com\/fr\/#primaryimage"},"thumbnailUrl":"https:\/\/vaellocampos.com\/fr\/wp-content\/uploads\/sites\/3\/catanyera-banner.jpg","datePublished":"2021-02-22T18:20:08+00:00","dateModified":"2024-12-02T11:12:53+00:00","breadcrumb":{"@id":"https:\/\/vaellocampos.com\/fr\/#breadcrumb"},"inLanguage":"fr-FR","potentialAction":[{"@type":"ReadAction","target":["https:\/\/vaellocampos.com\/fr\/"]}]},{"@type":"ImageObject","inLanguage":"fr-FR","@id":"https:\/\/vaellocampos.com\/fr\/#primaryimage","url":"https:\/\/vaellocampos.com\/fr\/wp-content\/uploads\/sites\/3\/catanyera-banner.jpg","contentUrl":"https:\/\/vaellocampos.com\/fr\/wp-content\/uploads\/sites\/3\/catanyera-banner.jpg","width":1920,"height":700},{"@type":"BreadcrumbList","@id":"https:\/\/vaellocampos.com\/fr\/#breadcrumb","itemListElement":[{"@type":"ListItem","position":1,"name":"Portada","item":"https:\/\/vaellocampos.com\/fr\/"},{"@type":"ListItem","position":2,"name":"Accueil"}]},{"@type":"WebSite","@id":"https:\/\/vaellocampos.com\/fr\/#website","url":"https:\/\/vaellocampos.com\/fr\/","name":"PAELLAS LA VALENCIANA | Customer Cooking Instruments","description":"Paellas, po\u00eales, casseroles, grillades ... La Valenciana depuis 1950 propose \u00e0 ses clients une large gamme de produits","publisher":{"@id":"https:\/\/vaellocampos.com\/fr\/#organization"},"potentialAction":[{"@type":"SearchAction","target":{"@type":"EntryPoint","urlTemplate":"https:\/\/vaellocampos.com\/fr\/?s={search_term_string}"},"query-input":{"@type":"PropertyValueSpecification","valueRequired":true,"valueName":"search_term_string"}}],"inLanguage":"fr-FR"},{"@type":"Organization","@id":"https:\/\/vaellocampos.com\/fr\/#organization","name":"PAELLAS LA VALENCIANA | Customer Cooking Instruments","url":"https:\/\/vaellocampos.com\/fr\/","logo":{"@type":"ImageObject","inLanguage":"fr-FR","@id":"https:\/\/vaellocampos.com\/fr\/#\/schema\/logo\/image\/","url":"https:\/\/vaellocampos.com\/fr\/wp-content\/uploads\/sites\/3\/cropped-logo-menuprincipal.png","contentUrl":"https:\/\/vaellocampos.com\/fr\/wp-content\/uploads\/sites\/3\/cropped-logo-menuprincipal.png","width":131,"height":67,"caption":"PAELLAS LA VALENCIANA | Customer Cooking Instruments"},"image":{"@id":"https:\/\/vaellocampos.com\/fr\/#\/schema\/logo\/image\/"}}]}},"uagb_featured_image_src":{"full":false,"thumbnail":false,"medium":false,"medium_large":false,"large":false,"1536x1536":false,"2048x2048":false},"uagb_author_info":{"display_name":"admin","author_link":"https:\/\/vaellocampos.com\/fr\/author\/o2estudio_3k3rco7w\/"},"uagb_comment_info":0,"uagb_excerpt":"[TOUT CE DONT VOUS AVEZ BESOIN POUR CUISINER] Ce sont nos produits [&hellip;]","_links":{"self":[{"href":"https:\/\/vaellocampos.com\/fr\/wp-json\/wp\/v2\/pages\/28","targetHints":{"allow":["GET"]}}],"collection":[{"href":"https:\/\/vaellocampos.com\/fr\/wp-json\/wp\/v2\/pages"}],"about":[{"href":"https:\/\/vaellocampos.com\/fr\/wp-json\/wp\/v2\/types\/page"}],"author":[{"embeddable":true,"href":"https:\/\/vaellocampos.com\/fr\/wp-json\/wp\/v2\/users\/1"}],"replies":[{"embeddable":true,"href":"https:\/\/vaellocampos.com\/fr\/wp-json\/wp\/v2\/comments?post=28"}],"version-history":[{"count":68,"href":"https:\/\/vaellocampos.com\/fr\/wp-json\/wp\/v2\/pages\/28\/revisions"}],"predecessor-version":[{"id":2672,"href":"https:\/\/vaellocampos.com\/fr\/wp-json\/wp\/v2\/pages\/28\/revisions\/2672"}],"wp:attachment":[{"href":"https:\/\/vaellocampos.com\/fr\/wp-json\/wp\/v2\/media?parent=28"}],"curies":[{"name":"wp","href":"https:\/\/api.w.org\/{rel}","templated":true}]}}