{"id":39,"date":"2021-02-22T19:46:57","date_gmt":"2021-02-22T18:46:57","guid":{"rendered":"https:\/\/vaellocampos.com\/?page_id=39"},"modified":"2021-06-04T06:53:07","modified_gmt":"2021-06-04T04:53:07","slug":"la-valenciana","status":"publish","type":"page","link":"https:\/\/vaellocampos.com\/fr\/la-valenciana\/","title":{"rendered":"La valenciana"},"content":{"rendered":"\n\n\t<p>[ Une grande famille travaille pour vous ]<\/p>\n\tNOUS SOMMES FABRICANTS.<br \/>\nL&rsquo;AVANTAGE DE L&rsquo;EXP\u00c9RIENCE\n\t<p>\u00ab\u00a0La Valenciana\u00a0\u00bb depuis 1950 propose \u00e0 ses clients une large gamme de produits qu&rsquo;elle fabrique sous un m\u00eame principe: la qualit\u00e9. Paellas, casseroles, planchas, grillades&#8230;<\/p>\n<p>Vaello La Valenciana le savoir-faire est bas\u00e9 sur l&rsquo;exp\u00e9rience et s&rsquo;est d\u00e9velopp\u00e9 gr\u00e2ce au savoir-faire et \u00e0 la mise en \u0153uvre de nouvelles technologies. Notre mission principale est de satisfaire nos clients, nationaux et internationaux, avec un service efficace et des articles de bonne qualit\u00e9.<\/p>\n<p>Nous souhaitons transmettre au reste du monde la passion avec laquelle nous faisons grandir nos projets. Pour cela, nous avons une \u00e9quipe de professionnels exp\u00e9riment\u00e9s, des processus de fabrication optimaux et un investissement constant dans des machines de pointe.<\/p>\n\t\t\t\t<img loading=\"lazy\" decoding=\"async\" src=\"https:\/\/vaellocampos.com\/fr\/wp-content\/uploads\/sites\/3\/paella-lavalenciana.jpg\" alt=\"paella-lavalenciana\" itemprop=\"image\" height=\"1098\" width=\"925\" title=\"paella-lavalenciana\" onerror=\"this.style.display='none'\"  \/>\n\tUNE GRANDE \u00c9QUIPE, DE QUALIT\u00c9<br \/>\nPRODUCTION ET TECHNOLOGIE\n\t<p>Vaello La Valenciana s&rsquo;appuie en grande partie sur l&rsquo;exp\u00e9rience et a grandi gr\u00e2ce \u00e0 son savoir-faire et \u00e0 l&rsquo;implantation des nouvelles technologies. Notre principale mission est de servir nos clients, nationaux et internationaux, avec efficacit\u00e9 et avec des articles de bonne qualit\u00e9.<\/p>\n<p>La vision de notre entreprise est d&rsquo;essayer de transmettre au reste du monde la passion qui a fait grandir notre projet.<\/p>\n<p>Pour cela, nous disposons d&rsquo;une \u00e9quipe de professionnels exp\u00e9riment\u00e9s et de processus de fabrication optimaux et nous investissons en permanence dans des \u00e9quipements d&rsquo;avant-garde.<\/p>\n<p>Nous croyons en nos valeurs, qui nous gouvernent et nous rendent conscients de l&rsquo;engagement acquis aupr\u00e8s de nos clients.<\/p>\n<p>Ainsi, l&rsquo;honn\u00eatet\u00e9, l&rsquo;int\u00e9grit\u00e9, la communication ouverte, la capacit\u00e9 \u00e0 r\u00e9soudre les probl\u00e8mes et la formation continue des membres de notre entreprise, ont converti Vaello La Valenciana en l&rsquo;une des entreprises leaders du secteur et une marque consolid\u00e9e \u00e0 l&rsquo;international.<\/p>\n\n","protected":false},"excerpt":{"rendered":"<p>[ Une grande famille travaille pour vous ] NOUS SOMMES FABRICANTS. L&rsquo;AVANTAGE [&hellip;]<\/p>\n","protected":false},"author":1,"featured_media":0,"parent":0,"menu_order":0,"comment_status":"closed","ping_status":"closed","template":"","meta":{"_uag_custom_page_level_css":"","_trash_the_other_posts":false,"site-sidebar-layout":"no-sidebar","site-content-layout":"page-builder","ast-site-content-layout":"default","site-content-style":"default","site-sidebar-style":"default","ast-global-header-display":"","ast-banner-title-visibility":"","ast-main-header-display":"","ast-hfb-above-header-display":"","ast-hfb-below-header-display":"","ast-hfb-mobile-header-display":"","site-post-title":"disabled","ast-breadcrumbs-content":"disabled","ast-featured-img":"disabled","footer-sml-layout":"","theme-transparent-header-meta":"default","adv-header-id-meta":"","stick-header-meta":"default","header-above-stick-meta":"","header-main-stick-meta":"","header-below-stick-meta":"","astra-migrate-meta-layouts":"default","ast-page-background-enabled":"default","ast-page-background-meta":{"desktop":{"background-color":"","background-image":"","background-repeat":"repeat","background-position":"center center","background-size":"auto","background-attachment":"scroll","background-type":"","background-media":"","overlay-type":"","overlay-color":"","overlay-opacity":"","overlay-gradient":""},"tablet":{"background-color":"","background-image":"","background-repeat":"repeat","background-position":"center center","background-size":"auto","background-attachment":"scroll","background-type":"","background-media":"","overlay-type":"","overlay-color":"","overlay-opacity":"","overlay-gradient":""},"mobile":{"background-color":"","background-image":"","background-repeat":"repeat","background-position":"center center","background-size":"auto","background-attachment":"scroll","background-type":"","background-media":"","overlay-type":"","overlay-color":"","overlay-opacity":"","overlay-gradient":""}},"ast-content-background-meta":{"desktop":{"background-color":"var(--ast-global-color-5)","background-image":"","background-repeat":"repeat","background-position":"center center","background-size":"auto","background-attachment":"scroll","background-type":"","background-media":"","overlay-type":"","overlay-color":"","overlay-opacity":"","overlay-gradient":""},"tablet":{"background-color":"var(--ast-global-color-5)","background-image":"","background-repeat":"repeat","background-position":"center center","background-size":"auto","background-attachment":"scroll","background-type":"","background-media":"","overlay-type":"","overlay-color":"","overlay-opacity":"","overlay-gradient":""},"mobile":{"background-color":"var(--ast-global-color-5)","background-image":"","background-repeat":"repeat","background-position":"center center","background-size":"auto","background-attachment":"scroll","background-type":"","background-media":"","overlay-type":"","overlay-color":"","overlay-opacity":"","overlay-gradient":""}},"editor_notices":[],"footnotes":""},"class_list":["post-39","page","type-page","status-publish","hentry"],"yoast_head":"<!-- This site is optimized with the Yoast SEO plugin v25.3.1 - https:\/\/yoast.com\/wordpress\/plugins\/seo\/ -->\n<title>La valenciana - PAELLAS LA VALENCIANA | Customer Cooking Instruments<\/title>\n<meta name=\"robots\" content=\"index, follow, max-snippet:-1, max-image-preview:large, max-video-preview:-1\" \/>\n<link rel=\"canonical\" href=\"https:\/\/vaellocampos.com\/fr\/la-valenciana\/\" \/>\n<meta property=\"og:locale\" content=\"fr_FR\" \/>\n<meta property=\"og:type\" content=\"article\" \/>\n<meta property=\"og:title\" content=\"La valenciana - PAELLAS LA VALENCIANA | Customer Cooking Instruments\" \/>\n<meta property=\"og:description\" content=\"[ Une grande famille travaille pour vous ] NOUS SOMMES FABRICANTS. L&rsquo;AVANTAGE [&hellip;]\" \/>\n<meta property=\"og:url\" content=\"https:\/\/vaellocampos.com\/fr\/la-valenciana\/\" \/>\n<meta property=\"og:site_name\" content=\"PAELLAS LA VALENCIANA | Customer Cooking Instruments\" \/>\n<meta property=\"article:modified_time\" content=\"2021-06-04T04:53:07+00:00\" \/>\n<meta property=\"og:image\" content=\"https:\/\/vaellocampos.com\/fr\/wp-content\/uploads\/sites\/3\/paella-lavalenciana.jpg\" \/>\n<meta name=\"twitter:card\" content=\"summary_large_image\" \/>\n<meta name=\"twitter:label1\" content=\"Dur\u00e9e de lecture estim\u00e9e\" \/>\n\t<meta name=\"twitter:data1\" content=\"1 minute\" \/>\n<script type=\"application\/ld+json\" class=\"yoast-schema-graph\">{\"@context\":\"https:\/\/schema.org\",\"@graph\":[{\"@type\":\"WebPage\",\"@id\":\"https:\/\/vaellocampos.com\/fr\/la-valenciana\/\",\"url\":\"https:\/\/vaellocampos.com\/fr\/la-valenciana\/\",\"name\":\"La valenciana - PAELLAS LA VALENCIANA | Customer Cooking Instruments\",\"isPartOf\":{\"@id\":\"https:\/\/vaellocampos.com\/fr\/#website\"},\"primaryImageOfPage\":{\"@id\":\"https:\/\/vaellocampos.com\/fr\/la-valenciana\/#primaryimage\"},\"image\":{\"@id\":\"https:\/\/vaellocampos.com\/fr\/la-valenciana\/#primaryimage\"},\"thumbnailUrl\":\"https:\/\/vaellocampos.com\/fr\/wp-content\/uploads\/sites\/3\/paella-lavalenciana.jpg\",\"datePublished\":\"2021-02-22T18:46:57+00:00\",\"dateModified\":\"2021-06-04T04:53:07+00:00\",\"breadcrumb\":{\"@id\":\"https:\/\/vaellocampos.com\/fr\/la-valenciana\/#breadcrumb\"},\"inLanguage\":\"fr-FR\",\"potentialAction\":[{\"@type\":\"ReadAction\",\"target\":[\"https:\/\/vaellocampos.com\/fr\/la-valenciana\/\"]}]},{\"@type\":\"ImageObject\",\"inLanguage\":\"fr-FR\",\"@id\":\"https:\/\/vaellocampos.com\/fr\/la-valenciana\/#primaryimage\",\"url\":\"https:\/\/vaellocampos.com\/fr\/wp-content\/uploads\/sites\/3\/paella-lavalenciana.jpg\",\"contentUrl\":\"https:\/\/vaellocampos.com\/fr\/wp-content\/uploads\/sites\/3\/paella-lavalenciana.jpg\",\"width\":925,\"height\":1098},{\"@type\":\"BreadcrumbList\",\"@id\":\"https:\/\/vaellocampos.com\/fr\/la-valenciana\/#breadcrumb\",\"itemListElement\":[{\"@type\":\"ListItem\",\"position\":1,\"name\":\"Portada\",\"item\":\"https:\/\/vaellocampos.com\/fr\/\"},{\"@type\":\"ListItem\",\"position\":2,\"name\":\"La valenciana\"}]},{\"@type\":\"WebSite\",\"@id\":\"https:\/\/vaellocampos.com\/fr\/#website\",\"url\":\"https:\/\/vaellocampos.com\/fr\/\",\"name\":\"PAELLAS LA VALENCIANA | Customer Cooking Instruments\",\"description\":\"Paellas, po\u00eales, casseroles, grillades ... La Valenciana depuis 1950 propose \u00e0 ses clients une large gamme de produits\",\"publisher\":{\"@id\":\"https:\/\/vaellocampos.com\/fr\/#organization\"},\"potentialAction\":[{\"@type\":\"SearchAction\",\"target\":{\"@type\":\"EntryPoint\",\"urlTemplate\":\"https:\/\/vaellocampos.com\/fr\/?s={search_term_string}\"},\"query-input\":{\"@type\":\"PropertyValueSpecification\",\"valueRequired\":true,\"valueName\":\"search_term_string\"}}],\"inLanguage\":\"fr-FR\"},{\"@type\":\"Organization\",\"@id\":\"https:\/\/vaellocampos.com\/fr\/#organization\",\"name\":\"PAELLAS LA VALENCIANA | Customer Cooking Instruments\",\"url\":\"https:\/\/vaellocampos.com\/fr\/\",\"logo\":{\"@type\":\"ImageObject\",\"inLanguage\":\"fr-FR\",\"@id\":\"https:\/\/vaellocampos.com\/fr\/#\/schema\/logo\/image\/\",\"url\":\"https:\/\/vaellocampos.com\/fr\/wp-content\/uploads\/sites\/3\/cropped-logo-menuprincipal.png\",\"contentUrl\":\"https:\/\/vaellocampos.com\/fr\/wp-content\/uploads\/sites\/3\/cropped-logo-menuprincipal.png\",\"width\":131,\"height\":67,\"caption\":\"PAELLAS LA VALENCIANA | Customer Cooking Instruments\"},\"image\":{\"@id\":\"https:\/\/vaellocampos.com\/fr\/#\/schema\/logo\/image\/\"}}]}<\/script>\n<!-- \/ Yoast SEO plugin. -->","yoast_head_json":{"title":"La valenciana - PAELLAS LA VALENCIANA | Customer Cooking Instruments","robots":{"index":"index","follow":"follow","max-snippet":"max-snippet:-1","max-image-preview":"max-image-preview:large","max-video-preview":"max-video-preview:-1"},"canonical":"https:\/\/vaellocampos.com\/fr\/la-valenciana\/","og_locale":"fr_FR","og_type":"article","og_title":"La valenciana - PAELLAS LA VALENCIANA | Customer Cooking Instruments","og_description":"[ Une grande famille travaille pour vous ] NOUS SOMMES FABRICANTS. L&rsquo;AVANTAGE [&hellip;]","og_url":"https:\/\/vaellocampos.com\/fr\/la-valenciana\/","og_site_name":"PAELLAS LA VALENCIANA | Customer Cooking Instruments","article_modified_time":"2021-06-04T04:53:07+00:00","og_image":[{"url":"https:\/\/vaellocampos.com\/fr\/wp-content\/uploads\/sites\/3\/paella-lavalenciana.jpg","type":"","width":"","height":""}],"twitter_card":"summary_large_image","twitter_misc":{"Dur\u00e9e de lecture estim\u00e9e":"1 minute"},"schema":{"@context":"https:\/\/schema.org","@graph":[{"@type":"WebPage","@id":"https:\/\/vaellocampos.com\/fr\/la-valenciana\/","url":"https:\/\/vaellocampos.com\/fr\/la-valenciana\/","name":"La valenciana - PAELLAS LA VALENCIANA | Customer Cooking Instruments","isPartOf":{"@id":"https:\/\/vaellocampos.com\/fr\/#website"},"primaryImageOfPage":{"@id":"https:\/\/vaellocampos.com\/fr\/la-valenciana\/#primaryimage"},"image":{"@id":"https:\/\/vaellocampos.com\/fr\/la-valenciana\/#primaryimage"},"thumbnailUrl":"https:\/\/vaellocampos.com\/fr\/wp-content\/uploads\/sites\/3\/paella-lavalenciana.jpg","datePublished":"2021-02-22T18:46:57+00:00","dateModified":"2021-06-04T04:53:07+00:00","breadcrumb":{"@id":"https:\/\/vaellocampos.com\/fr\/la-valenciana\/#breadcrumb"},"inLanguage":"fr-FR","potentialAction":[{"@type":"ReadAction","target":["https:\/\/vaellocampos.com\/fr\/la-valenciana\/"]}]},{"@type":"ImageObject","inLanguage":"fr-FR","@id":"https:\/\/vaellocampos.com\/fr\/la-valenciana\/#primaryimage","url":"https:\/\/vaellocampos.com\/fr\/wp-content\/uploads\/sites\/3\/paella-lavalenciana.jpg","contentUrl":"https:\/\/vaellocampos.com\/fr\/wp-content\/uploads\/sites\/3\/paella-lavalenciana.jpg","width":925,"height":1098},{"@type":"BreadcrumbList","@id":"https:\/\/vaellocampos.com\/fr\/la-valenciana\/#breadcrumb","itemListElement":[{"@type":"ListItem","position":1,"name":"Portada","item":"https:\/\/vaellocampos.com\/fr\/"},{"@type":"ListItem","position":2,"name":"La valenciana"}]},{"@type":"WebSite","@id":"https:\/\/vaellocampos.com\/fr\/#website","url":"https:\/\/vaellocampos.com\/fr\/","name":"PAELLAS LA VALENCIANA | Customer Cooking Instruments","description":"Paellas, po\u00eales, casseroles, grillades ... La Valenciana depuis 1950 propose \u00e0 ses clients une large gamme de produits","publisher":{"@id":"https:\/\/vaellocampos.com\/fr\/#organization"},"potentialAction":[{"@type":"SearchAction","target":{"@type":"EntryPoint","urlTemplate":"https:\/\/vaellocampos.com\/fr\/?s={search_term_string}"},"query-input":{"@type":"PropertyValueSpecification","valueRequired":true,"valueName":"search_term_string"}}],"inLanguage":"fr-FR"},{"@type":"Organization","@id":"https:\/\/vaellocampos.com\/fr\/#organization","name":"PAELLAS LA VALENCIANA | Customer Cooking Instruments","url":"https:\/\/vaellocampos.com\/fr\/","logo":{"@type":"ImageObject","inLanguage":"fr-FR","@id":"https:\/\/vaellocampos.com\/fr\/#\/schema\/logo\/image\/","url":"https:\/\/vaellocampos.com\/fr\/wp-content\/uploads\/sites\/3\/cropped-logo-menuprincipal.png","contentUrl":"https:\/\/vaellocampos.com\/fr\/wp-content\/uploads\/sites\/3\/cropped-logo-menuprincipal.png","width":131,"height":67,"caption":"PAELLAS LA VALENCIANA | Customer Cooking Instruments"},"image":{"@id":"https:\/\/vaellocampos.com\/fr\/#\/schema\/logo\/image\/"}}]}},"uagb_featured_image_src":{"full":false,"thumbnail":false,"medium":false,"medium_large":false,"large":false,"1536x1536":false,"2048x2048":false},"uagb_author_info":{"display_name":"admin","author_link":"https:\/\/vaellocampos.com\/fr\/author\/o2estudio_3k3rco7w\/"},"uagb_comment_info":0,"uagb_excerpt":"[ Une grande famille travaille pour vous ] NOUS SOMMES FABRICANTS. L&rsquo;AVANTAGE [&hellip;]","_links":{"self":[{"href":"https:\/\/vaellocampos.com\/fr\/wp-json\/wp\/v2\/pages\/39","targetHints":{"allow":["GET"]}}],"collection":[{"href":"https:\/\/vaellocampos.com\/fr\/wp-json\/wp\/v2\/pages"}],"about":[{"href":"https:\/\/vaellocampos.com\/fr\/wp-json\/wp\/v2\/types\/page"}],"author":[{"embeddable":true,"href":"https:\/\/vaellocampos.com\/fr\/wp-json\/wp\/v2\/users\/1"}],"replies":[{"embeddable":true,"href":"https:\/\/vaellocampos.com\/fr\/wp-json\/wp\/v2\/comments?post=39"}],"version-history":[{"count":22,"href":"https:\/\/vaellocampos.com\/fr\/wp-json\/wp\/v2\/pages\/39\/revisions"}],"predecessor-version":[{"id":2384,"href":"https:\/\/vaellocampos.com\/fr\/wp-json\/wp\/v2\/pages\/39\/revisions\/2384"}],"wp:attachment":[{"href":"https:\/\/vaellocampos.com\/fr\/wp-json\/wp\/v2\/media?parent=39"}],"curies":[{"name":"wp","href":"https:\/\/api.w.org\/{rel}","templated":true}]}}