{"id":43,"date":"2021-02-22T19:47:18","date_gmt":"2021-02-22T18:47:18","guid":{"rendered":"https:\/\/vaellocampos.com\/?page_id=43"},"modified":"2022-05-12T16:23:15","modified_gmt":"2022-05-12T14:23:15","slug":"entretien","status":"publish","type":"page","link":"https:\/\/vaellocampos.com\/fr\/entretien\/","title":{"rendered":"Entretien"},"content":{"rendered":"\n\n\t<p>[ SI VOUS EN PRENEZ SOIN, VOUS AUREZ UN MEILLEUR RESULTAT ]<\/p>\n\t<p>Apr\u00e8s utilisation, prenez soin de vos ustensiles.<\/p>\n\t\t\t\t<a href=\"#aceropulido\" target=\"_self\" itemprop=\"url\" rel=\"noopener\">\n\t\t\t\t<img loading=\"lazy\" decoding=\"async\" src=\"https:\/\/vaellocampos.com\/fr\/wp-content\/uploads\/sites\/3\/acier-poli.jpg\" alt=\"acier-poli\" itemprop=\"image\" height=\"721\" width=\"523\" title=\"acier-poli\" onerror=\"this.style.display='none'\"  \/>\n\t\t\t\t<\/a>\n\t\t\t\t<img loading=\"lazy\" decoding=\"async\" src=\"https:\/\/vaellocampos.com\/fr\/wp-content\/uploads\/sites\/3\/cuidados-chica-cocinando.jpg\" alt=\"cuidados-chica-cocinando\" itemprop=\"image\" height=\"450\" width=\"550\" title=\"cuidados-chica-cocinando\" onerror=\"this.style.display='none'\"  \/>\n\t\t\t\t<img loading=\"lazy\" decoding=\"async\" src=\"https:\/\/vaellocampos.com\/fr\/wp-content\/uploads\/sites\/3\/cuidados-productos-limpieza.jpg\" alt=\"cuidados-productos-limpieza\" itemprop=\"image\" height=\"260\" width=\"360\" title=\"cuidados-productos-limpieza\" onerror=\"this.style.display='none'\"  \/>\n\t\t\t\t<a href=\"#aceroesmaltado\" target=\"_self\" itemprop=\"url\" rel=\"noopener\">\n\t\t\t\t<img loading=\"lazy\" decoding=\"async\" src=\"https:\/\/vaellocampos.com\/fr\/wp-content\/uploads\/sites\/3\/acier-emaille.jpg\" alt=\"acier-\u00e9maille\" itemprop=\"image\" height=\"747\" width=\"523\" title=\"acier-\u00e9maille\" onerror=\"this.style.display='none'\"  \/>\n\t\t\t\t<\/a>\n\t\t\t\t<a href=\"#hierroefundido\" target=\"_self\" itemprop=\"url\" rel=\"noopener\">\n\t\t\t\t<img loading=\"lazy\" decoding=\"async\" src=\"https:\/\/vaellocampos.com\/fr\/wp-content\/uploads\/sites\/3\/Fer-forge.jpg\" alt=\"Fer-forge\" itemprop=\"image\" height=\"779\" width=\"523\" title=\"Fer-forge\" onerror=\"this.style.display='none'\"  \/>\n\t\t\t\t<\/a>\n\t\t\t\t<img loading=\"lazy\" decoding=\"async\" src=\"https:\/\/vaellocampos.com\/fr\/wp-content\/uploads\/sites\/3\/cuidados-limpeza-sarten.jpg\" alt=\"cuidados-limpeza-sarten\" itemprop=\"image\" height=\"450\" width=\"550\" title=\"cuidados-limpeza-sarten\" onerror=\"this.style.display='none'\"  \/>\n\t\t\t\t<img loading=\"lazy\" decoding=\"async\" src=\"https:\/\/vaellocampos.com\/fr\/wp-content\/uploads\/sites\/3\/acier-emaille-bouton.jpg\" alt=\"acier-emaille-bouton\" itemprop=\"image\" height=\"55\" width=\"205\" title=\"acier-emaille-bouton\" onerror=\"this.style.display='none'\"  \/>\n\t<p>Ce type de produits est fabriqu\u00e9 en acier mais EST rev\u00eatu d&rsquo;une couche d&rsquo;\u00e9mail ; il est donc prot\u00e9g\u00e9 contre la rouille. Avant de l&rsquo;utiliser pour la premi\u00e8re fois et apr\u00e8s chaque utilisation, lavez-le \u00e0 l&rsquo;eau et au savon. Les articles \u00e9maill\u00e9s sont faciles \u00e0 nettoyer et \u00e0 ranger et ne requi\u00e8rent pas d&rsquo;huile apr\u00e8s utilisation ; le rev\u00eatement \u00e9mail facilite le nettoyage et l&rsquo;entretien du produit. Pour nettoyer le produit, n&rsquo;utilisez pas de tampons \u00e0 r\u00e9curer ou de produits abrasifs, qui pourraient rayer la surface. Rangez-le dans un endroit frais et sec. Nos produits ne sont pas antiadh\u00e9rents<\/p>\n\t\t\t\t<a href=\"#aceropulido\" target=\"_self\" itemprop=\"url\" rel=\"noopener\">\n\t\t\t\t<img loading=\"lazy\" decoding=\"async\" src=\"https:\/\/vaellocampos.com\/fr\/wp-content\/uploads\/sites\/3\/acier-poli-bouton.jpg\" alt=\"acier-poli-bouton\" itemprop=\"image\" height=\"55\" width=\"205\" title=\"acier-poli-bouton\" onerror=\"this.style.display='none'\"  \/>\n\t\t\t\t<\/a>\n\t<p><strong>AVANT UNE PREMI\u00c8RE UTILISATION<\/strong><\/p>\n<p>Avant toute premi\u00e8re utilisation, lavez soigneusement le produit avec de l&rsquo;eau et du savon ou, si vous le pr\u00e9f\u00e9rez, remplissez-le d&rsquo;eau chaude et faites bouillir \u00e0 feu doux pendant 10-15 minutes, en lui ajoutant \u00e9ventuellement un peu de vinaigre. Une fois propre, veillez \u00e0 le s\u00e9cher rapidement et \u00e0 le recouvrir d&rsquo;une couche d&rsquo;huile. Ne le laissez pas s\u00e9cher \u00e0 l&rsquo;air et ne le mettez pas au lave-vaisselle. Rangez-le dans un endroit sec, envelopp\u00e9 si possible dans du papier ou dans un sac en plastique.<\/p>\n<p><strong>UTILISATION CONTINUE<\/strong><\/p>\n<p>Ne laissez jamais le r\u00e9cipient vide sur le feu trop longtemps car il pourrait surchauffer. Surveillez en permanence l&rsquo;intensit\u00e9 de la flamme ou du feu. Pour cuisiner, vous pouvez utiliser des ustensiles en acier inoxydable et en bois ; L&rsquo;utilisation d&rsquo;ustensiles en plastique n&rsquo;est pas conseill\u00e9e. Pour nettoyer le r\u00e9cipient, n&rsquo;utilisez pas de tampons \u00e0 r\u00e9curer ou de produits abrasifs, qui pourraient rayer la surface. N&rsquo;oubliez pas d&rsquo;utiliser une protection ad\u00e9quate car lorsqu&rsquo;on cuisine, toutes les parties de l&rsquo;ustensile sont chaudes. Ne laissez jamais le produit sur le feu sans surveillance ou \u00e0 la port\u00e9e des enfants. Apr\u00e8s usage, n&rsquo;oubliez pas de le s\u00e9cher rapidement et de lui appliquer une couche d&rsquo;huile. Rangez-le dans un endroit frais et sec. Nos produits ne sont pas antiadh\u00e9rents.<\/p>\n\t\t\t\t<img loading=\"lazy\" decoding=\"async\" src=\"https:\/\/vaellocampos.com\/fr\/wp-content\/uploads\/sites\/3\/fer-forge-bouton.jpg\" alt=\"fer-forge-bouton\" itemprop=\"image\" height=\"55\" width=\"205\" title=\"fer-forge-bouton\" onerror=\"this.style.display='none'\"  \/>\n\t<p>Laver le fer avant sa premi\u00e8re utilisation. Ce n&rsquo;est pas un produit antiadh\u00e9sif. Apr\u00e8s utilisation, laisser refroidir avant de nettoyer. La fonte est un mat\u00e9riau poreux qui peut tacher la plaque chauffante. Pour une meilleure conservation, une fois propre vous pouvez l&rsquo;\u00e9taler avec de l&rsquo;huile. Il n&rsquo;est pas n\u00e9cessaire de le faire avec du fer \u00e9maill\u00e9.<\/p>\n\n","protected":false},"excerpt":{"rendered":"<p>[ SI VOUS EN PRENEZ SOIN, VOUS AUREZ UN MEILLEUR RESULTAT ] [&hellip;]<\/p>\n","protected":false},"author":1,"featured_media":0,"parent":0,"menu_order":0,"comment_status":"closed","ping_status":"closed","template":"","meta":{"_uag_custom_page_level_css":"","_trash_the_other_posts":false,"site-sidebar-layout":"no-sidebar","site-content-layout":"page-builder","ast-site-content-layout":"default","site-content-style":"default","site-sidebar-style":"default","ast-global-header-display":"","ast-banner-title-visibility":"","ast-main-header-display":"","ast-hfb-above-header-display":"","ast-hfb-below-header-display":"","ast-hfb-mobile-header-display":"","site-post-title":"disabled","ast-breadcrumbs-content":"disabled","ast-featured-img":"","footer-sml-layout":"","theme-transparent-header-meta":"default","adv-header-id-meta":"","stick-header-meta":"default","header-above-stick-meta":"","header-main-stick-meta":"","header-below-stick-meta":"","astra-migrate-meta-layouts":"default","ast-page-background-enabled":"default","ast-page-background-meta":{"desktop":{"background-color":"","background-image":"","background-repeat":"repeat","background-position":"center center","background-size":"auto","background-attachment":"scroll","background-type":"","background-media":"","overlay-type":"","overlay-color":"","overlay-opacity":"","overlay-gradient":""},"tablet":{"background-color":"","background-image":"","background-repeat":"repeat","background-position":"center center","background-size":"auto","background-attachment":"scroll","background-type":"","background-media":"","overlay-type":"","overlay-color":"","overlay-opacity":"","overlay-gradient":""},"mobile":{"background-color":"","background-image":"","background-repeat":"repeat","background-position":"center center","background-size":"auto","background-attachment":"scroll","background-type":"","background-media":"","overlay-type":"","overlay-color":"","overlay-opacity":"","overlay-gradient":""}},"ast-content-background-meta":{"desktop":{"background-color":"var(--ast-global-color-5)","background-image":"","background-repeat":"repeat","background-position":"center center","background-size":"auto","background-attachment":"scroll","background-type":"","background-media":"","overlay-type":"","overlay-color":"","overlay-opacity":"","overlay-gradient":""},"tablet":{"background-color":"var(--ast-global-color-5)","background-image":"","background-repeat":"repeat","background-position":"center center","background-size":"auto","background-attachment":"scroll","background-type":"","background-media":"","overlay-type":"","overlay-color":"","overlay-opacity":"","overlay-gradient":""},"mobile":{"background-color":"var(--ast-global-color-5)","background-image":"","background-repeat":"repeat","background-position":"center center","background-size":"auto","background-attachment":"scroll","background-type":"","background-media":"","overlay-type":"","overlay-color":"","overlay-opacity":"","overlay-gradient":""}},"editor_notices":[],"footnotes":""},"class_list":["post-43","page","type-page","status-publish","hentry"],"yoast_head":"<!-- This site is optimized with the Yoast SEO plugin v25.3.1 - https:\/\/yoast.com\/wordpress\/plugins\/seo\/ -->\n<title>Entretien - PAELLAS LA VALENCIANA | Customer Cooking Instruments<\/title>\n<meta name=\"robots\" content=\"index, follow, max-snippet:-1, max-image-preview:large, max-video-preview:-1\" \/>\n<link rel=\"canonical\" href=\"https:\/\/vaellocampos.com\/fr\/entretien\/\" \/>\n<meta property=\"og:locale\" content=\"fr_FR\" \/>\n<meta property=\"og:type\" content=\"article\" \/>\n<meta property=\"og:title\" content=\"Entretien - PAELLAS LA VALENCIANA | Customer Cooking Instruments\" \/>\n<meta property=\"og:description\" content=\"[ SI VOUS EN PRENEZ SOIN, VOUS AUREZ UN MEILLEUR RESULTAT ] [&hellip;]\" \/>\n<meta property=\"og:url\" content=\"https:\/\/vaellocampos.com\/fr\/entretien\/\" \/>\n<meta property=\"og:site_name\" content=\"PAELLAS LA VALENCIANA | Customer Cooking Instruments\" \/>\n<meta property=\"article:modified_time\" content=\"2022-05-12T14:23:15+00:00\" \/>\n<meta property=\"og:image\" content=\"https:\/\/vaellocampos.com\/fr\/wp-content\/uploads\/sites\/3\/acier-poli.jpg\" \/>\n<meta name=\"twitter:card\" content=\"summary_large_image\" \/>\n<meta name=\"twitter:label1\" content=\"Dur\u00e9e de lecture estim\u00e9e\" \/>\n\t<meta name=\"twitter:data1\" content=\"2 minutes\" \/>\n<script type=\"application\/ld+json\" class=\"yoast-schema-graph\">{\"@context\":\"https:\/\/schema.org\",\"@graph\":[{\"@type\":\"WebPage\",\"@id\":\"https:\/\/vaellocampos.com\/fr\/entretien\/\",\"url\":\"https:\/\/vaellocampos.com\/fr\/entretien\/\",\"name\":\"Entretien - PAELLAS LA VALENCIANA | Customer Cooking Instruments\",\"isPartOf\":{\"@id\":\"https:\/\/vaellocampos.com\/fr\/#website\"},\"primaryImageOfPage\":{\"@id\":\"https:\/\/vaellocampos.com\/fr\/entretien\/#primaryimage\"},\"image\":{\"@id\":\"https:\/\/vaellocampos.com\/fr\/entretien\/#primaryimage\"},\"thumbnailUrl\":\"https:\/\/vaellocampos.com\/fr\/wp-content\/uploads\/sites\/3\/acier-poli.jpg\",\"datePublished\":\"2021-02-22T18:47:18+00:00\",\"dateModified\":\"2022-05-12T14:23:15+00:00\",\"breadcrumb\":{\"@id\":\"https:\/\/vaellocampos.com\/fr\/entretien\/#breadcrumb\"},\"inLanguage\":\"fr-FR\",\"potentialAction\":[{\"@type\":\"ReadAction\",\"target\":[\"https:\/\/vaellocampos.com\/fr\/entretien\/\"]}]},{\"@type\":\"ImageObject\",\"inLanguage\":\"fr-FR\",\"@id\":\"https:\/\/vaellocampos.com\/fr\/entretien\/#primaryimage\",\"url\":\"https:\/\/vaellocampos.com\/fr\/wp-content\/uploads\/sites\/3\/acier-poli.jpg\",\"contentUrl\":\"https:\/\/vaellocampos.com\/fr\/wp-content\/uploads\/sites\/3\/acier-poli.jpg\",\"width\":523,\"height\":721},{\"@type\":\"BreadcrumbList\",\"@id\":\"https:\/\/vaellocampos.com\/fr\/entretien\/#breadcrumb\",\"itemListElement\":[{\"@type\":\"ListItem\",\"position\":1,\"name\":\"Portada\",\"item\":\"https:\/\/vaellocampos.com\/fr\/\"},{\"@type\":\"ListItem\",\"position\":2,\"name\":\"Entretien\"}]},{\"@type\":\"WebSite\",\"@id\":\"https:\/\/vaellocampos.com\/fr\/#website\",\"url\":\"https:\/\/vaellocampos.com\/fr\/\",\"name\":\"PAELLAS LA VALENCIANA | Customer Cooking Instruments\",\"description\":\"Paellas, po\u00eales, casseroles, grillades ... La Valenciana depuis 1950 propose \u00e0 ses clients une large gamme de produits\",\"publisher\":{\"@id\":\"https:\/\/vaellocampos.com\/fr\/#organization\"},\"potentialAction\":[{\"@type\":\"SearchAction\",\"target\":{\"@type\":\"EntryPoint\",\"urlTemplate\":\"https:\/\/vaellocampos.com\/fr\/?s={search_term_string}\"},\"query-input\":{\"@type\":\"PropertyValueSpecification\",\"valueRequired\":true,\"valueName\":\"search_term_string\"}}],\"inLanguage\":\"fr-FR\"},{\"@type\":\"Organization\",\"@id\":\"https:\/\/vaellocampos.com\/fr\/#organization\",\"name\":\"PAELLAS LA VALENCIANA | Customer Cooking Instruments\",\"url\":\"https:\/\/vaellocampos.com\/fr\/\",\"logo\":{\"@type\":\"ImageObject\",\"inLanguage\":\"fr-FR\",\"@id\":\"https:\/\/vaellocampos.com\/fr\/#\/schema\/logo\/image\/\",\"url\":\"https:\/\/vaellocampos.com\/fr\/wp-content\/uploads\/sites\/3\/cropped-logo-menuprincipal.png\",\"contentUrl\":\"https:\/\/vaellocampos.com\/fr\/wp-content\/uploads\/sites\/3\/cropped-logo-menuprincipal.png\",\"width\":131,\"height\":67,\"caption\":\"PAELLAS LA VALENCIANA | Customer Cooking Instruments\"},\"image\":{\"@id\":\"https:\/\/vaellocampos.com\/fr\/#\/schema\/logo\/image\/\"}}]}<\/script>\n<!-- \/ Yoast SEO plugin. -->","yoast_head_json":{"title":"Entretien - PAELLAS LA VALENCIANA | Customer Cooking Instruments","robots":{"index":"index","follow":"follow","max-snippet":"max-snippet:-1","max-image-preview":"max-image-preview:large","max-video-preview":"max-video-preview:-1"},"canonical":"https:\/\/vaellocampos.com\/fr\/entretien\/","og_locale":"fr_FR","og_type":"article","og_title":"Entretien - PAELLAS LA VALENCIANA | Customer Cooking Instruments","og_description":"[ SI VOUS EN PRENEZ SOIN, VOUS AUREZ UN MEILLEUR RESULTAT ] [&hellip;]","og_url":"https:\/\/vaellocampos.com\/fr\/entretien\/","og_site_name":"PAELLAS LA VALENCIANA | Customer Cooking Instruments","article_modified_time":"2022-05-12T14:23:15+00:00","og_image":[{"url":"https:\/\/vaellocampos.com\/fr\/wp-content\/uploads\/sites\/3\/acier-poli.jpg","type":"","width":"","height":""}],"twitter_card":"summary_large_image","twitter_misc":{"Dur\u00e9e de lecture estim\u00e9e":"2 minutes"},"schema":{"@context":"https:\/\/schema.org","@graph":[{"@type":"WebPage","@id":"https:\/\/vaellocampos.com\/fr\/entretien\/","url":"https:\/\/vaellocampos.com\/fr\/entretien\/","name":"Entretien - PAELLAS LA VALENCIANA | Customer Cooking Instruments","isPartOf":{"@id":"https:\/\/vaellocampos.com\/fr\/#website"},"primaryImageOfPage":{"@id":"https:\/\/vaellocampos.com\/fr\/entretien\/#primaryimage"},"image":{"@id":"https:\/\/vaellocampos.com\/fr\/entretien\/#primaryimage"},"thumbnailUrl":"https:\/\/vaellocampos.com\/fr\/wp-content\/uploads\/sites\/3\/acier-poli.jpg","datePublished":"2021-02-22T18:47:18+00:00","dateModified":"2022-05-12T14:23:15+00:00","breadcrumb":{"@id":"https:\/\/vaellocampos.com\/fr\/entretien\/#breadcrumb"},"inLanguage":"fr-FR","potentialAction":[{"@type":"ReadAction","target":["https:\/\/vaellocampos.com\/fr\/entretien\/"]}]},{"@type":"ImageObject","inLanguage":"fr-FR","@id":"https:\/\/vaellocampos.com\/fr\/entretien\/#primaryimage","url":"https:\/\/vaellocampos.com\/fr\/wp-content\/uploads\/sites\/3\/acier-poli.jpg","contentUrl":"https:\/\/vaellocampos.com\/fr\/wp-content\/uploads\/sites\/3\/acier-poli.jpg","width":523,"height":721},{"@type":"BreadcrumbList","@id":"https:\/\/vaellocampos.com\/fr\/entretien\/#breadcrumb","itemListElement":[{"@type":"ListItem","position":1,"name":"Portada","item":"https:\/\/vaellocampos.com\/fr\/"},{"@type":"ListItem","position":2,"name":"Entretien"}]},{"@type":"WebSite","@id":"https:\/\/vaellocampos.com\/fr\/#website","url":"https:\/\/vaellocampos.com\/fr\/","name":"PAELLAS LA VALENCIANA | Customer Cooking Instruments","description":"Paellas, po\u00eales, casseroles, grillades ... La Valenciana depuis 1950 propose \u00e0 ses clients une large gamme de produits","publisher":{"@id":"https:\/\/vaellocampos.com\/fr\/#organization"},"potentialAction":[{"@type":"SearchAction","target":{"@type":"EntryPoint","urlTemplate":"https:\/\/vaellocampos.com\/fr\/?s={search_term_string}"},"query-input":{"@type":"PropertyValueSpecification","valueRequired":true,"valueName":"search_term_string"}}],"inLanguage":"fr-FR"},{"@type":"Organization","@id":"https:\/\/vaellocampos.com\/fr\/#organization","name":"PAELLAS LA VALENCIANA | Customer Cooking Instruments","url":"https:\/\/vaellocampos.com\/fr\/","logo":{"@type":"ImageObject","inLanguage":"fr-FR","@id":"https:\/\/vaellocampos.com\/fr\/#\/schema\/logo\/image\/","url":"https:\/\/vaellocampos.com\/fr\/wp-content\/uploads\/sites\/3\/cropped-logo-menuprincipal.png","contentUrl":"https:\/\/vaellocampos.com\/fr\/wp-content\/uploads\/sites\/3\/cropped-logo-menuprincipal.png","width":131,"height":67,"caption":"PAELLAS LA VALENCIANA | Customer Cooking Instruments"},"image":{"@id":"https:\/\/vaellocampos.com\/fr\/#\/schema\/logo\/image\/"}}]}},"uagb_featured_image_src":{"full":false,"thumbnail":false,"medium":false,"medium_large":false,"large":false,"1536x1536":false,"2048x2048":false},"uagb_author_info":{"display_name":"admin","author_link":"https:\/\/vaellocampos.com\/fr\/author\/o2estudio_3k3rco7w\/"},"uagb_comment_info":0,"uagb_excerpt":"[ SI VOUS EN PRENEZ SOIN, VOUS AUREZ UN MEILLEUR RESULTAT ] [&hellip;]","_links":{"self":[{"href":"https:\/\/vaellocampos.com\/fr\/wp-json\/wp\/v2\/pages\/43","targetHints":{"allow":["GET"]}}],"collection":[{"href":"https:\/\/vaellocampos.com\/fr\/wp-json\/wp\/v2\/pages"}],"about":[{"href":"https:\/\/vaellocampos.com\/fr\/wp-json\/wp\/v2\/types\/page"}],"author":[{"embeddable":true,"href":"https:\/\/vaellocampos.com\/fr\/wp-json\/wp\/v2\/users\/1"}],"replies":[{"embeddable":true,"href":"https:\/\/vaellocampos.com\/fr\/wp-json\/wp\/v2\/comments?post=43"}],"version-history":[{"count":23,"href":"https:\/\/vaellocampos.com\/fr\/wp-json\/wp\/v2\/pages\/43\/revisions"}],"predecessor-version":[{"id":2507,"href":"https:\/\/vaellocampos.com\/fr\/wp-json\/wp\/v2\/pages\/43\/revisions\/2507"}],"wp:attachment":[{"href":"https:\/\/vaellocampos.com\/fr\/wp-json\/wp\/v2\/media?parent=43"}],"curies":[{"name":"wp","href":"https:\/\/api.w.org\/{rel}","templated":true}]}}