{"id":45,"date":"2021-02-22T19:47:28","date_gmt":"2021-02-22T18:47:28","guid":{"rendered":"https:\/\/vaellocampos.com\/?page_id=45"},"modified":"2024-12-02T12:12:26","modified_gmt":"2024-12-02T11:12:26","slug":"blog","status":"publish","type":"page","link":"https:\/\/vaellocampos.com\/fr\/blog\/","title":{"rendered":"Blog"},"content":{"rendered":"\n\n\t<p>[ NOTRE BLOG ]<\/p>\n\t<p>Nos derni\u00e8res actualit\u00e9s<\/p>\n\t\t<a href=\"https:\/\/vaellocampos.com\/fr\/les-differences-entre-une-paella-cuisinee-au-feu-de-bois-et-une-paella-cuisinee-au-gaz\/\" title=\"View Box Content\" target=\"_self\" aria-label=\"Post Element\" rel=\"noopener\"><\/a>\t\t\n\t\t\t\t\t\t\t\t\t\t\t\t\t\t<a href=\"https:\/\/vaellocampos.com\/fr\/les-differences-entre-une-paella-cuisinee-au-feu-de-bois-et-une-paella-cuisinee-au-gaz\/\" target=\"_self\" title=\"LES DIFF\u00c9RENCES ENTRE UNE PAELLA CUISIN\u00c9E AU FEU DE BOIS ET UNE PAELLA CUISIN\u00c9E AU GAZ\u00a0\" rel=\"noopener\">\n\t\t\t\t<img decoding=\"async\" src=\"https:\/\/vaellocampos.com\/fr\/wp-content\/uploads\/sites\/3\/bb-plugin\/cache\/1621496768paellavalencianalalena-custom_crop.jpeg\" alt=\"\" \/>\n\t\t\t\t<\/a>\n\t\t\t\t\t\t<h3>\n\t\t\t\t<a href=https:\/\/vaellocampos.com\/fr\/les-differences-entre-une-paella-cuisinee-au-feu-de-bois-et-une-paella-cuisinee-au-gaz\/ title=\"LES DIFF\u00c9RENCES ENTRE UNE PAELLA CUISIN\u00c9E AU FEU DE BOIS ET UNE PAELLA CUISIN\u00c9E AU GAZ\u00a0\" tabindex=\"0\">LES DIFF\u00c9RENCES ENTRE UNE PAELLA CUISIN\u00c9E AU FEU DE BOIS ET UNE PAELLA CUISIN\u00c9E AU GAZ\u00a0<\/a>\t\t\t<\/h3>\n\t\t<a href=\"https:\/\/vaellocampos.com\/fr\/la-paella-valenciana-bientot-classee-bien-culturel\/\" title=\"View Box Content\" target=\"_self\" aria-label=\"Post Element\" rel=\"noopener\"><\/a>\t\t\n\t\t\t\t\t\t\t\t\t\t\t\t\t\t<a href=\"https:\/\/vaellocampos.com\/fr\/la-paella-valenciana-bientot-classee-bien-culturel\/\" target=\"_self\" title=\"LA PAELLA VALENCIANA, BIENT\u00d4T CLASS\u00c9E BIEN CULTUREL\" rel=\"noopener\">\n\t\t\t\t<img decoding=\"async\" src=\"https:\/\/vaellocampos.com\/fr\/wp-content\/uploads\/sites\/3\/bb-plugin\/cache\/1618903951Capturadepantalla20210420alas9.27.09-custom_crop.png\" alt=\"\" \/>\n\t\t\t\t<\/a>\n\t\t\t\t\t\t<h3>\n\t\t\t\t<a href=https:\/\/vaellocampos.com\/fr\/la-paella-valenciana-bientot-classee-bien-culturel\/ title=\"LA PAELLA VALENCIANA, BIENT\u00d4T CLASS\u00c9E BIEN CULTUREL\" tabindex=\"0\">LA PAELLA VALENCIANA, BIENT\u00d4T CLASS\u00c9E BIEN CULTUREL<\/a>\t\t\t<\/h3>\n\t\t<a href=\"https:\/\/vaellocampos.com\/fr\/les-differences-entre-lacier-poli-et-lacier-emaille\/\" title=\"View Box Content\" target=\"_self\" aria-label=\"Post Element\" rel=\"noopener\"><\/a>\t\t\n\t\t\t\t\t\t\t\t\t\t\t\t\t\t<a href=\"https:\/\/vaellocampos.com\/fr\/les-differences-entre-lacier-poli-et-lacier-emaille\/\" target=\"_self\" title=\"LES DIFF\u00c9RENCES ENTRE L'ACIER POLI ET L'ACIER \u00c9MAILL\u00c9\" rel=\"noopener\">\n\t\t\t\t<img decoding=\"async\" src=\"https:\/\/vaellocampos.com\/fr\/wp-content\/uploads\/sites\/3\/bb-plugin\/cache\/1615464002vaello_post110321-custom_crop.jpg\" alt=\"\" \/>\n\t\t\t\t<\/a>\n\t\t\t\t\t\t<h3>\n\t\t\t\t<a href=https:\/\/vaellocampos.com\/fr\/les-differences-entre-lacier-poli-et-lacier-emaille\/ title=\"LES DIFF\u00c9RENCES ENTRE L'ACIER POLI ET L'ACIER \u00c9MAILL\u00c9\" tabindex=\"0\">LES DIFF\u00c9RENCES ENTRE L&rsquo;ACIER POLI ET L&rsquo;ACIER \u00c9MAILL\u00c9<\/a>\t\t\t<\/h3>\n\t\t<a href=\"https:\/\/vaellocampos.com\/fr\/quels-ustensiles-pour-les-plaques-a-induction-et-la-vitroceramique\/\" title=\"View Box Content\" target=\"_self\" aria-label=\"Post Element\" rel=\"noopener\"><\/a>\t\t\n\t\t\t\t\t\t\t\t\t\t\t\t\t\t<a href=\"https:\/\/vaellocampos.com\/fr\/quels-ustensiles-pour-les-plaques-a-induction-et-la-vitroceramique\/\" target=\"_self\" title=\"QUELS USTENSILES POUR LES PLAQUES \u00c0 INDUCTION ET LA VITROC\u00c9RAMIQUE\" rel=\"noopener\">\n\t\t\t\t<img decoding=\"async\" src=\"https:\/\/vaellocampos.com\/fr\/wp-content\/uploads\/sites\/3\/bb-plugin\/cache\/1613652421vaello_post180221_blog2-custom_crop.jpg\" alt=\"\" \/>\n\t\t\t\t<\/a>\n\t\t\t\t\t\t<h3>\n\t\t\t\t<a href=https:\/\/vaellocampos.com\/fr\/quels-ustensiles-pour-les-plaques-a-induction-et-la-vitroceramique\/ title=\"QUELS USTENSILES POUR LES PLAQUES \u00c0 INDUCTION ET LA VITROC\u00c9RAMIQUE\" tabindex=\"0\">QUELS USTENSILES POUR LES PLAQUES \u00c0 INDUCTION ET LA VITROC\u00c9RAMIQUE<\/a>\t\t\t<\/h3>\n\t\t<a href=\"https:\/\/vaellocampos.com\/fr\/comment-prendre-soin-de-vos-ustensiles-de-cuisine\/\" title=\"View Box Content\" target=\"_self\" aria-label=\"Post Element\" rel=\"noopener\"><\/a>\t\t\n\t\t\t\t\t\t\t\t\t\t\t\t\t\t<a href=\"https:\/\/vaellocampos.com\/fr\/comment-prendre-soin-de-vos-ustensiles-de-cuisine\/\" target=\"_self\" title=\"COMMENT PRENDRE SOIN DE VOS USTENSILES DE CUISINE\" rel=\"noopener\">\n\t\t\t\t<img decoding=\"async\" src=\"https:\/\/vaellocampos.com\/fr\/wp-content\/uploads\/sites\/3\/bb-plugin\/cache\/1611075877vaello_post190121-custom_crop.jpg\" alt=\"\" \/>\n\t\t\t\t<\/a>\n\t\t\t\t\t\t<h3>\n\t\t\t\t<a href=https:\/\/vaellocampos.com\/fr\/comment-prendre-soin-de-vos-ustensiles-de-cuisine\/ title=\"COMMENT PRENDRE SOIN DE VOS USTENSILES DE CUISINE\" tabindex=\"0\">COMMENT PRENDRE SOIN DE VOS USTENSILES DE CUISINE<\/a>\t\t\t<\/h3>\n\t\t\n","protected":false},"excerpt":{"rendered":"<p>[ NOTRE BLOG ] Nos derni\u00e8res actualit\u00e9s LES DIFF\u00c9RENCES ENTRE UNE PAELLA [&hellip;]<\/p>\n","protected":false},"author":1,"featured_media":0,"parent":0,"menu_order":0,"comment_status":"closed","ping_status":"closed","template":"","meta":{"_uag_custom_page_level_css":"","_trash_the_other_posts":false,"site-sidebar-layout":"no-sidebar","site-content-layout":"page-builder","ast-site-content-layout":"default","site-content-style":"default","site-sidebar-style":"default","ast-global-header-display":"","ast-banner-title-visibility":"","ast-main-header-display":"","ast-hfb-above-header-display":"","ast-hfb-below-header-display":"","ast-hfb-mobile-header-display":"","site-post-title":"disabled","ast-breadcrumbs-content":"disabled","ast-featured-img":"","footer-sml-layout":"","theme-transparent-header-meta":"default","adv-header-id-meta":"","stick-header-meta":"default","header-above-stick-meta":"","header-main-stick-meta":"","header-below-stick-meta":"","astra-migrate-meta-layouts":"default","ast-page-background-enabled":"default","ast-page-background-meta":{"desktop":{"background-color":"","background-image":"","background-repeat":"repeat","background-position":"center center","background-size":"auto","background-attachment":"scroll","background-type":"","background-media":"","overlay-type":"","overlay-color":"","overlay-opacity":"","overlay-gradient":""},"tablet":{"background-color":"","background-image":"","background-repeat":"repeat","background-position":"center center","background-size":"auto","background-attachment":"scroll","background-type":"","background-media":"","overlay-type":"","overlay-color":"","overlay-opacity":"","overlay-gradient":""},"mobile":{"background-color":"","background-image":"","background-repeat":"repeat","background-position":"center center","background-size":"auto","background-attachment":"scroll","background-type":"","background-media":"","overlay-type":"","overlay-color":"","overlay-opacity":"","overlay-gradient":""}},"ast-content-background-meta":{"desktop":{"background-color":"var(--ast-global-color-5)","background-image":"","background-repeat":"repeat","background-position":"center center","background-size":"auto","background-attachment":"scroll","background-type":"","background-media":"","overlay-type":"","overlay-color":"","overlay-opacity":"","overlay-gradient":""},"tablet":{"background-color":"var(--ast-global-color-5)","background-image":"","background-repeat":"repeat","background-position":"center center","background-size":"auto","background-attachment":"scroll","background-type":"","background-media":"","overlay-type":"","overlay-color":"","overlay-opacity":"","overlay-gradient":""},"mobile":{"background-color":"var(--ast-global-color-5)","background-image":"","background-repeat":"repeat","background-position":"center center","background-size":"auto","background-attachment":"scroll","background-type":"","background-media":"","overlay-type":"","overlay-color":"","overlay-opacity":"","overlay-gradient":""}},"editor_notices":[],"footnotes":""},"class_list":["post-45","page","type-page","status-publish","hentry"],"yoast_head":"<!-- This site is optimized with the Yoast SEO plugin v25.3.1 - https:\/\/yoast.com\/wordpress\/plugins\/seo\/ -->\n<title>Blog - PAELLAS LA VALENCIANA | Customer Cooking Instruments<\/title>\n<meta name=\"robots\" content=\"index, follow, max-snippet:-1, max-image-preview:large, max-video-preview:-1\" \/>\n<link rel=\"canonical\" href=\"https:\/\/vaellocampos.com\/fr\/blog\/\" \/>\n<meta property=\"og:locale\" content=\"fr_FR\" \/>\n<meta property=\"og:type\" content=\"article\" \/>\n<meta property=\"og:title\" content=\"Blog - PAELLAS LA VALENCIANA | Customer Cooking Instruments\" \/>\n<meta property=\"og:description\" content=\"[ NOTRE BLOG ] Nos derni\u00e8res actualit\u00e9s LES DIFF\u00c9RENCES ENTRE UNE PAELLA [&hellip;]\" \/>\n<meta property=\"og:url\" content=\"https:\/\/vaellocampos.com\/fr\/blog\/\" \/>\n<meta property=\"og:site_name\" content=\"PAELLAS LA VALENCIANA | Customer Cooking Instruments\" \/>\n<meta property=\"article:modified_time\" content=\"2024-12-02T11:12:26+00:00\" \/>\n<meta property=\"og:image\" content=\"https:\/\/vaellocampos.com\/fr\/wp-content\/uploads\/sites\/3\/bb-plugin\/cache\/1621496768paellavalencianalalena-custom_crop.jpeg\" \/>\n<meta name=\"twitter:card\" content=\"summary_large_image\" \/>\n<script type=\"application\/ld+json\" class=\"yoast-schema-graph\">{\"@context\":\"https:\/\/schema.org\",\"@graph\":[{\"@type\":\"WebPage\",\"@id\":\"https:\/\/vaellocampos.com\/fr\/blog\/\",\"url\":\"https:\/\/vaellocampos.com\/fr\/blog\/\",\"name\":\"Blog - PAELLAS LA VALENCIANA | Customer Cooking Instruments\",\"isPartOf\":{\"@id\":\"https:\/\/vaellocampos.com\/fr\/#website\"},\"primaryImageOfPage\":{\"@id\":\"https:\/\/vaellocampos.com\/fr\/blog\/#primaryimage\"},\"image\":{\"@id\":\"https:\/\/vaellocampos.com\/fr\/blog\/#primaryimage\"},\"thumbnailUrl\":\"https:\/\/vaellocampos.com\/fr\/wp-content\/uploads\/sites\/3\/bb-plugin\/cache\/1621496768paellavalencianalalena-custom_crop.jpeg\",\"datePublished\":\"2021-02-22T18:47:28+00:00\",\"dateModified\":\"2024-12-02T11:12:26+00:00\",\"breadcrumb\":{\"@id\":\"https:\/\/vaellocampos.com\/fr\/blog\/#breadcrumb\"},\"inLanguage\":\"fr-FR\",\"potentialAction\":[{\"@type\":\"ReadAction\",\"target\":[\"https:\/\/vaellocampos.com\/fr\/blog\/\"]}]},{\"@type\":\"ImageObject\",\"inLanguage\":\"fr-FR\",\"@id\":\"https:\/\/vaellocampos.com\/fr\/blog\/#primaryimage\",\"url\":\"https:\/\/vaellocampos.com\/fr\/wp-content\/uploads\/sites\/3\/bb-plugin\/cache\/1621496768paellavalencianalalena-custom_crop.jpeg\",\"contentUrl\":\"https:\/\/vaellocampos.com\/fr\/wp-content\/uploads\/sites\/3\/bb-plugin\/cache\/1621496768paellavalencianalalena-custom_crop.jpeg\"},{\"@type\":\"BreadcrumbList\",\"@id\":\"https:\/\/vaellocampos.com\/fr\/blog\/#breadcrumb\",\"itemListElement\":[{\"@type\":\"ListItem\",\"position\":1,\"name\":\"Portada\",\"item\":\"https:\/\/vaellocampos.com\/fr\/\"},{\"@type\":\"ListItem\",\"position\":2,\"name\":\"Blog\"}]},{\"@type\":\"WebSite\",\"@id\":\"https:\/\/vaellocampos.com\/fr\/#website\",\"url\":\"https:\/\/vaellocampos.com\/fr\/\",\"name\":\"PAELLAS LA VALENCIANA | Customer Cooking Instruments\",\"description\":\"Paellas, po\u00eales, casseroles, grillades ... La Valenciana depuis 1950 propose \u00e0 ses clients une large gamme de produits\",\"publisher\":{\"@id\":\"https:\/\/vaellocampos.com\/fr\/#organization\"},\"potentialAction\":[{\"@type\":\"SearchAction\",\"target\":{\"@type\":\"EntryPoint\",\"urlTemplate\":\"https:\/\/vaellocampos.com\/fr\/?s={search_term_string}\"},\"query-input\":{\"@type\":\"PropertyValueSpecification\",\"valueRequired\":true,\"valueName\":\"search_term_string\"}}],\"inLanguage\":\"fr-FR\"},{\"@type\":\"Organization\",\"@id\":\"https:\/\/vaellocampos.com\/fr\/#organization\",\"name\":\"PAELLAS LA VALENCIANA | Customer Cooking Instruments\",\"url\":\"https:\/\/vaellocampos.com\/fr\/\",\"logo\":{\"@type\":\"ImageObject\",\"inLanguage\":\"fr-FR\",\"@id\":\"https:\/\/vaellocampos.com\/fr\/#\/schema\/logo\/image\/\",\"url\":\"https:\/\/vaellocampos.com\/fr\/wp-content\/uploads\/sites\/3\/cropped-logo-menuprincipal.png\",\"contentUrl\":\"https:\/\/vaellocampos.com\/fr\/wp-content\/uploads\/sites\/3\/cropped-logo-menuprincipal.png\",\"width\":131,\"height\":67,\"caption\":\"PAELLAS LA VALENCIANA | Customer Cooking Instruments\"},\"image\":{\"@id\":\"https:\/\/vaellocampos.com\/fr\/#\/schema\/logo\/image\/\"}}]}<\/script>\n<!-- \/ Yoast SEO plugin. -->","yoast_head_json":{"title":"Blog - PAELLAS LA VALENCIANA | Customer Cooking Instruments","robots":{"index":"index","follow":"follow","max-snippet":"max-snippet:-1","max-image-preview":"max-image-preview:large","max-video-preview":"max-video-preview:-1"},"canonical":"https:\/\/vaellocampos.com\/fr\/blog\/","og_locale":"fr_FR","og_type":"article","og_title":"Blog - PAELLAS LA VALENCIANA | Customer Cooking Instruments","og_description":"[ NOTRE BLOG ] Nos derni\u00e8res actualit\u00e9s LES DIFF\u00c9RENCES ENTRE UNE PAELLA [&hellip;]","og_url":"https:\/\/vaellocampos.com\/fr\/blog\/","og_site_name":"PAELLAS LA VALENCIANA | Customer Cooking Instruments","article_modified_time":"2024-12-02T11:12:26+00:00","og_image":[{"url":"https:\/\/vaellocampos.com\/fr\/wp-content\/uploads\/sites\/3\/bb-plugin\/cache\/1621496768paellavalencianalalena-custom_crop.jpeg","type":"","width":"","height":""}],"twitter_card":"summary_large_image","schema":{"@context":"https:\/\/schema.org","@graph":[{"@type":"WebPage","@id":"https:\/\/vaellocampos.com\/fr\/blog\/","url":"https:\/\/vaellocampos.com\/fr\/blog\/","name":"Blog - PAELLAS LA VALENCIANA | Customer Cooking Instruments","isPartOf":{"@id":"https:\/\/vaellocampos.com\/fr\/#website"},"primaryImageOfPage":{"@id":"https:\/\/vaellocampos.com\/fr\/blog\/#primaryimage"},"image":{"@id":"https:\/\/vaellocampos.com\/fr\/blog\/#primaryimage"},"thumbnailUrl":"https:\/\/vaellocampos.com\/fr\/wp-content\/uploads\/sites\/3\/bb-plugin\/cache\/1621496768paellavalencianalalena-custom_crop.jpeg","datePublished":"2021-02-22T18:47:28+00:00","dateModified":"2024-12-02T11:12:26+00:00","breadcrumb":{"@id":"https:\/\/vaellocampos.com\/fr\/blog\/#breadcrumb"},"inLanguage":"fr-FR","potentialAction":[{"@type":"ReadAction","target":["https:\/\/vaellocampos.com\/fr\/blog\/"]}]},{"@type":"ImageObject","inLanguage":"fr-FR","@id":"https:\/\/vaellocampos.com\/fr\/blog\/#primaryimage","url":"https:\/\/vaellocampos.com\/fr\/wp-content\/uploads\/sites\/3\/bb-plugin\/cache\/1621496768paellavalencianalalena-custom_crop.jpeg","contentUrl":"https:\/\/vaellocampos.com\/fr\/wp-content\/uploads\/sites\/3\/bb-plugin\/cache\/1621496768paellavalencianalalena-custom_crop.jpeg"},{"@type":"BreadcrumbList","@id":"https:\/\/vaellocampos.com\/fr\/blog\/#breadcrumb","itemListElement":[{"@type":"ListItem","position":1,"name":"Portada","item":"https:\/\/vaellocampos.com\/fr\/"},{"@type":"ListItem","position":2,"name":"Blog"}]},{"@type":"WebSite","@id":"https:\/\/vaellocampos.com\/fr\/#website","url":"https:\/\/vaellocampos.com\/fr\/","name":"PAELLAS LA VALENCIANA | Customer Cooking Instruments","description":"Paellas, po\u00eales, casseroles, grillades ... La Valenciana depuis 1950 propose \u00e0 ses clients une large gamme de produits","publisher":{"@id":"https:\/\/vaellocampos.com\/fr\/#organization"},"potentialAction":[{"@type":"SearchAction","target":{"@type":"EntryPoint","urlTemplate":"https:\/\/vaellocampos.com\/fr\/?s={search_term_string}"},"query-input":{"@type":"PropertyValueSpecification","valueRequired":true,"valueName":"search_term_string"}}],"inLanguage":"fr-FR"},{"@type":"Organization","@id":"https:\/\/vaellocampos.com\/fr\/#organization","name":"PAELLAS LA VALENCIANA | Customer Cooking Instruments","url":"https:\/\/vaellocampos.com\/fr\/","logo":{"@type":"ImageObject","inLanguage":"fr-FR","@id":"https:\/\/vaellocampos.com\/fr\/#\/schema\/logo\/image\/","url":"https:\/\/vaellocampos.com\/fr\/wp-content\/uploads\/sites\/3\/cropped-logo-menuprincipal.png","contentUrl":"https:\/\/vaellocampos.com\/fr\/wp-content\/uploads\/sites\/3\/cropped-logo-menuprincipal.png","width":131,"height":67,"caption":"PAELLAS LA VALENCIANA | Customer Cooking Instruments"},"image":{"@id":"https:\/\/vaellocampos.com\/fr\/#\/schema\/logo\/image\/"}}]}},"uagb_featured_image_src":{"full":false,"thumbnail":false,"medium":false,"medium_large":false,"large":false,"1536x1536":false,"2048x2048":false},"uagb_author_info":{"display_name":"admin","author_link":"https:\/\/vaellocampos.com\/fr\/author\/o2estudio_3k3rco7w\/"},"uagb_comment_info":0,"uagb_excerpt":"[ NOTRE BLOG ] Nos derni\u00e8res actualit\u00e9s LES DIFF\u00c9RENCES ENTRE UNE PAELLA [&hellip;]","_links":{"self":[{"href":"https:\/\/vaellocampos.com\/fr\/wp-json\/wp\/v2\/pages\/45","targetHints":{"allow":["GET"]}}],"collection":[{"href":"https:\/\/vaellocampos.com\/fr\/wp-json\/wp\/v2\/pages"}],"about":[{"href":"https:\/\/vaellocampos.com\/fr\/wp-json\/wp\/v2\/types\/page"}],"author":[{"embeddable":true,"href":"https:\/\/vaellocampos.com\/fr\/wp-json\/wp\/v2\/users\/1"}],"replies":[{"embeddable":true,"href":"https:\/\/vaellocampos.com\/fr\/wp-json\/wp\/v2\/comments?post=45"}],"version-history":[{"count":16,"href":"https:\/\/vaellocampos.com\/fr\/wp-json\/wp\/v2\/pages\/45\/revisions"}],"predecessor-version":[{"id":2671,"href":"https:\/\/vaellocampos.com\/fr\/wp-json\/wp\/v2\/pages\/45\/revisions\/2671"}],"wp:attachment":[{"href":"https:\/\/vaellocampos.com\/fr\/wp-json\/wp\/v2\/media?parent=45"}],"curies":[{"name":"wp","href":"https:\/\/api.w.org\/{rel}","templated":true}]}}