{"id":51,"date":"2021-02-22T19:48:29","date_gmt":"2021-02-22T18:48:29","guid":{"rendered":"https:\/\/vaellocampos.com\/?page_id=51"},"modified":"2021-06-21T07:26:43","modified_gmt":"2021-06-21T05:26:43","slug":"politique-de-confidentialite","status":"publish","type":"page","link":"https:\/\/vaellocampos.com\/fr\/politique-de-confidentialite\/","title":{"rendered":"Politique de confidentialit\u00e9"},"content":{"rendered":"\n<h2>\n\t\tPolitique de confidentialit\u00e9\n\t<\/h2>\n\t\n<p><b>Qui est le responsable du traitement de vos donn\u00e9es personnelles\u00a0?<\/b> VAELLO CAMPOS, S.L. est le RESPONSABLE du traitement des donn\u00e9es personnelles de l&rsquo;UTILISATEUR, qui est inform\u00e9 que ces donn\u00e9es seront trait\u00e9es conform\u00e9ment aux dispositions du r\u00e8glement (UE) 2016\/679, du 27 avril 2016 (RGPD), et de la loi organique 3\/2018, du 5 d\u00e9cembre (LOPDGDD).<\/p>\n<p><b>Pourquoi traitons-nous vos donn\u00e9es personnelles ?<\/b> Pour les besoins de la relation commerciale avec l&rsquo;utilisateur. Les op\u00e9rations pr\u00e9vues pour la r\u00e9alisation du traitement sont:<\/p>\n<ul>\n<li>Envoi de communications commerciales publicitaires par email, fax, SMS, MMS, r\u00e9seaux sociaux ou tout autre moyen \u00e9lectronique ou physique, pr\u00e9sent ou \u00e0 venir, qui permette la r\u00e9alisation de communications commerciales. Ces communications seront r\u00e9alis\u00e9es par le RESPONSABLE et auront un rapport avec ses produits et ses services, ou par ses collaborateurs ou fournisseurs, avec qui il a pass\u00e9 un accord de promotion. Dans ce cas, les tiers n&rsquo;auront jamais acc\u00e8s aux donn\u00e9es personnelles.<\/li>\n<li>R\u00e9aliser des \u00e9tudes de march\u00e9 et des analyses statistiques.<\/li>\n<li>G\u00e9rer des commandes, demandes, r\u00e9pondre \u00e0 des consultations ou tout type de questions formul\u00e9es par l&rsquo;UTILISATEUR \u00e0 travers l&rsquo;une des formes de contact mises \u00e0 sa disposition sur le site web du RESPONSABLE.<\/li>\n<li>Envoyer le bulletin d&rsquo;informations en ligne sur les nouveaut\u00e9s, offres et promotions de notre activit\u00e9.<\/li>\n<\/ul>\n<p><b>Pour quel motif pouvons-nous traiter vos donn\u00e9es personnelles\u00a0?<\/b> Parce que le traitement est l\u00e9gitimement fond\u00e9 sur l&rsquo;article 6 du RGPD et de la fa\u00e7on suivante : Avec le consentement de l&rsquo;UTILISATEUR\u00a0: envoi de communications commerciales et du bulletin d&rsquo;informations. Du fait de l&rsquo;int\u00e9r\u00eat l\u00e9gitime du RESPONSABLE\u00a0: r\u00e9aliser des \u00e9tudes de march\u00e9, analyses statistiques, etc. et g\u00e9rer des commandes, demandes, etc. formul\u00e9es par l&rsquo;UTILISATEUR.<\/p>\n<p><b>Pendant combien de temps conserverons-nous vos donn\u00e9es ?<\/b> Vos donn\u00e9es seront conserv\u00e9es durant le temps strictement n\u00e9cessaire au maintien de la finalit\u00e9 du traitement ou pour satisfaire \u00e0 des prescriptions l\u00e9gales exigeant leur conservation, et lorsqu&rsquo;elles ne seront plus n\u00e9cessaires, elles seront \u00e9limin\u00e9es avec les moyens de s\u00e9curit\u00e9 ad\u00e9quats de mani\u00e8re \u00e0 garantir leur anonymisation ou leur destruction compl\u00e8te.<\/p>\n<p><b>\u00c0 qui transf\u00e9rons-nous vos donn\u00e9es personnelles\u00a0?<\/b> Aucun transfert de donn\u00e9es personnelles \u00e0 des tiers n&rsquo;est pr\u00e9vu, sauf si cela \u00e9tait n\u00e9cessaire au d\u00e9veloppement et \u00e0 l&rsquo;ex\u00e9cution des finalit\u00e9s du traitement, \u00e0 nos fournisseurs de services en rapport avec des communications, avec lesquels le RESPONSABLE a souscrit les contrats de confidentialit\u00e9 et de responsabilit\u00e9 de traitement exig\u00e9s par la norme de confidentialit\u00e9 en vigueur.<\/p>\n<p><b>Quels sont vos droits\u00a0?<\/b> L&rsquo;UTILISATEUR a le droit de\u00a0:<\/p>\n<ul>\n<li>R\u00e9vocation de son consentement \u00e0 tout moment.<\/li>\n<li>D&rsquo;acc\u00e8s, rectification, portabilit\u00e9 et effacement de ses donn\u00e9es et de limitation ou opposition \u00e0 leur traitement.<\/li>\n<li>De pr\u00e9senter une r\u00e9clamation aupr\u00e8s de l&rsquo;autorit\u00e9 de contr\u00f4le (www.aepd.es) s&rsquo;il consid\u00e8re que le traitement n&rsquo;est pas conforme \u00e0 la norme en vigueur.<\/li>\n<\/ul>\n<p>Informations de contact pour l&rsquo;exercice de vos droits\u00a0:<\/p>\n<p>VAELLO CAMPOS, S.L P. Ind. Serrans IV C\/Pl\u00e0stic, 2 46812 Aielo de Malferit\u00a0&#8211; Valencia &#8211; Espagne. Email\u00a0: comercial@vaellocampos.com<\/p>\n\n<p>En cochant les cases correspondantes et en saisissant des donn\u00e9es dans les champs marqu\u00e9s d&rsquo;un ast\u00e9risque (*) sur le formulaire de contact ou dans les formulaires de t\u00e9l\u00e9chargement, les UTILISATEURS acceptent explicitement, librement et sans \u00e9quivoque, que leurs donn\u00e9es sont n\u00e9cessaires au traitement de leur demande de la part du prestataire, l&rsquo;inclusion de donn\u00e9es dans les champs restants \u00e9tant volontaire. L&rsquo;UTILISATEUR garantit que les donn\u00e9es personnelles fournies au RESPONSABLE sont v\u00e9ridiques et s&rsquo;engage \u00e0 communiquer toute modification les concernant.<\/p>\n<p>Le RESPONSABLE informe que toutes les donn\u00e9es demand\u00e9es \u00e0 travers le site web sont obligatoires, car elles sont n\u00e9cessaires pour la prestation optimale du service \u00e0 l&rsquo;UTILISATEUR. Si celui-ci ne fournissait pas toutes les donn\u00e9es, nous ne pouvons pas garantir sa satisfaction compl\u00e8te \u00e0 l&rsquo;\u00e9gard de l&rsquo;information et des services fournis.<\/p>\n\n<p>Conform\u00e9ment aux dispositions des normes en vigueur sur la protection des donn\u00e9es personnelles, le RESPONSABLE informe qu&rsquo;il respecte toutes les dispositions des normes RGPD et de la LOPDGDD pour le traitement des donn\u00e9es personnelles sous sa responsabilit\u00e9, et de mani\u00e8re explicite, les principes d\u00e9crits \u00e0 l&rsquo;article 5 du RGPD selon lesquels les donn\u00e9es sont trait\u00e9es de mani\u00e8re licite, loyale et transparente \u00e0 l&rsquo;\u00e9gard de l&rsquo;int\u00e9ress\u00e9, et qu&rsquo;elles sont ad\u00e9quates, pertinentes et limit\u00e9es aux fins n\u00e9cessaires pour lesquelles elles sont trait\u00e9es.<\/p>\n<p>Le RESPONSABLE garantit qu&rsquo;il a mis en \u0153uvre des politiques techniques et organisationnelles appropri\u00e9es pour appliquer les mesures de s\u00e9curit\u00e9 \u00e9tablies par le RGPD et la LOPDGDD afin de prot\u00e9ger les droits et les libert\u00e9s des UTILISATEURS et qu&rsquo;il leur a communiqu\u00e9 l&rsquo;information ad\u00e9quate pour qu&rsquo;ils puissent les exercer.<\/p>\n<p>Pour plus d&rsquo;informations sur les garanties de confidentialit\u00e9, vous pouvez vous adresser au RESPONSABLE :<\/p>\n<p>VAELLO CAMPOS, S.L P. Ind. Serrans IV C\/Pl\u00e0stic, 2 46812 Aielo de Malferit\u00a0&#8211; Valencia &#8211; Espagne. Email\u00a0: comercial@vaellocampos.com<\/p>\n\n","protected":false},"excerpt":{"rendered":"<p>Politique de confidentialit\u00e9 Qui est le responsable du traitement de vos donn\u00e9es [&hellip;]<\/p>\n","protected":false},"author":1,"featured_media":0,"parent":0,"menu_order":0,"comment_status":"closed","ping_status":"closed","template":"","meta":{"_uag_custom_page_level_css":"","_trash_the_other_posts":false,"site-sidebar-layout":"default","site-content-layout":"default","ast-site-content-layout":"default","site-content-style":"default","site-sidebar-style":"default","ast-global-header-display":"","ast-banner-title-visibility":"","ast-main-header-display":"","ast-hfb-above-header-display":"","ast-hfb-below-header-display":"","ast-hfb-mobile-header-display":"","site-post-title":"disabled","ast-breadcrumbs-content":"disabled","ast-featured-img":"","footer-sml-layout":"","theme-transparent-header-meta":"default","adv-header-id-meta":"","stick-header-meta":"default","header-above-stick-meta":"","header-main-stick-meta":"","header-below-stick-meta":"","astra-migrate-meta-layouts":"default","ast-page-background-enabled":"default","ast-page-background-meta":{"desktop":{"background-color":"","background-image":"","background-repeat":"repeat","background-position":"center center","background-size":"auto","background-attachment":"scroll","background-type":"","background-media":"","overlay-type":"","overlay-color":"","overlay-opacity":"","overlay-gradient":""},"tablet":{"background-color":"","background-image":"","background-repeat":"repeat","background-position":"center center","background-size":"auto","background-attachment":"scroll","background-type":"","background-media":"","overlay-type":"","overlay-color":"","overlay-opacity":"","overlay-gradient":""},"mobile":{"background-color":"","background-image":"","background-repeat":"repeat","background-position":"center center","background-size":"auto","background-attachment":"scroll","background-type":"","background-media":"","overlay-type":"","overlay-color":"","overlay-opacity":"","overlay-gradient":""}},"ast-content-background-meta":{"desktop":{"background-color":"var(--ast-global-color-5)","background-image":"","background-repeat":"repeat","background-position":"center center","background-size":"auto","background-attachment":"scroll","background-type":"","background-media":"","overlay-type":"","overlay-color":"","overlay-opacity":"","overlay-gradient":""},"tablet":{"background-color":"var(--ast-global-color-5)","background-image":"","background-repeat":"repeat","background-position":"center center","background-size":"auto","background-attachment":"scroll","background-type":"","background-media":"","overlay-type":"","overlay-color":"","overlay-opacity":"","overlay-gradient":""},"mobile":{"background-color":"var(--ast-global-color-5)","background-image":"","background-repeat":"repeat","background-position":"center center","background-size":"auto","background-attachment":"scroll","background-type":"","background-media":"","overlay-type":"","overlay-color":"","overlay-opacity":"","overlay-gradient":""}},"editor_notices":[],"footnotes":""},"class_list":["post-51","page","type-page","status-publish","hentry"],"yoast_head":"<!-- This site is optimized with the Yoast SEO plugin v25.3.1 - https:\/\/yoast.com\/wordpress\/plugins\/seo\/ -->\n<title>Politique de confidentialit\u00e9 - PAELLAS LA VALENCIANA | Customer Cooking Instruments<\/title>\n<meta name=\"robots\" content=\"index, follow, max-snippet:-1, max-image-preview:large, max-video-preview:-1\" \/>\n<link rel=\"canonical\" href=\"https:\/\/vaellocampos.com\/fr\/politique-de-confidentialite\/\" \/>\n<meta property=\"og:locale\" content=\"fr_FR\" \/>\n<meta property=\"og:type\" content=\"article\" \/>\n<meta property=\"og:title\" content=\"Politique de confidentialit\u00e9 - PAELLAS LA VALENCIANA | Customer Cooking Instruments\" \/>\n<meta property=\"og:description\" content=\"Politique de confidentialit\u00e9 Qui est le responsable du traitement de vos donn\u00e9es [&hellip;]\" \/>\n<meta property=\"og:url\" content=\"https:\/\/vaellocampos.com\/fr\/politique-de-confidentialite\/\" \/>\n<meta property=\"og:site_name\" content=\"PAELLAS LA VALENCIANA | Customer Cooking Instruments\" \/>\n<meta property=\"article:modified_time\" content=\"2021-06-21T05:26:43+00:00\" \/>\n<meta name=\"twitter:card\" content=\"summary_large_image\" \/>\n<meta name=\"twitter:label1\" content=\"Dur\u00e9e de lecture estim\u00e9e\" \/>\n\t<meta name=\"twitter:data1\" content=\"4 minutes\" \/>\n<script type=\"application\/ld+json\" class=\"yoast-schema-graph\">{\"@context\":\"https:\/\/schema.org\",\"@graph\":[{\"@type\":\"WebPage\",\"@id\":\"https:\/\/vaellocampos.com\/fr\/politique-de-confidentialite\/\",\"url\":\"https:\/\/vaellocampos.com\/fr\/politique-de-confidentialite\/\",\"name\":\"Politique de confidentialit\u00e9 - PAELLAS LA VALENCIANA | Customer Cooking Instruments\",\"isPartOf\":{\"@id\":\"https:\/\/vaellocampos.com\/fr\/#website\"},\"datePublished\":\"2021-02-22T18:48:29+00:00\",\"dateModified\":\"2021-06-21T05:26:43+00:00\",\"breadcrumb\":{\"@id\":\"https:\/\/vaellocampos.com\/fr\/politique-de-confidentialite\/#breadcrumb\"},\"inLanguage\":\"fr-FR\",\"potentialAction\":[{\"@type\":\"ReadAction\",\"target\":[\"https:\/\/vaellocampos.com\/fr\/politique-de-confidentialite\/\"]}]},{\"@type\":\"BreadcrumbList\",\"@id\":\"https:\/\/vaellocampos.com\/fr\/politique-de-confidentialite\/#breadcrumb\",\"itemListElement\":[{\"@type\":\"ListItem\",\"position\":1,\"name\":\"Portada\",\"item\":\"https:\/\/vaellocampos.com\/fr\/\"},{\"@type\":\"ListItem\",\"position\":2,\"name\":\"Politique de confidentialit\u00e9\"}]},{\"@type\":\"WebSite\",\"@id\":\"https:\/\/vaellocampos.com\/fr\/#website\",\"url\":\"https:\/\/vaellocampos.com\/fr\/\",\"name\":\"PAELLAS LA VALENCIANA | Customer Cooking Instruments\",\"description\":\"Paellas, po\u00eales, casseroles, grillades ... La Valenciana depuis 1950 propose \u00e0 ses clients une large gamme de produits\",\"publisher\":{\"@id\":\"https:\/\/vaellocampos.com\/fr\/#organization\"},\"potentialAction\":[{\"@type\":\"SearchAction\",\"target\":{\"@type\":\"EntryPoint\",\"urlTemplate\":\"https:\/\/vaellocampos.com\/fr\/?s={search_term_string}\"},\"query-input\":{\"@type\":\"PropertyValueSpecification\",\"valueRequired\":true,\"valueName\":\"search_term_string\"}}],\"inLanguage\":\"fr-FR\"},{\"@type\":\"Organization\",\"@id\":\"https:\/\/vaellocampos.com\/fr\/#organization\",\"name\":\"PAELLAS LA VALENCIANA | Customer Cooking Instruments\",\"url\":\"https:\/\/vaellocampos.com\/fr\/\",\"logo\":{\"@type\":\"ImageObject\",\"inLanguage\":\"fr-FR\",\"@id\":\"https:\/\/vaellocampos.com\/fr\/#\/schema\/logo\/image\/\",\"url\":\"https:\/\/vaellocampos.com\/fr\/wp-content\/uploads\/sites\/3\/cropped-logo-menuprincipal.png\",\"contentUrl\":\"https:\/\/vaellocampos.com\/fr\/wp-content\/uploads\/sites\/3\/cropped-logo-menuprincipal.png\",\"width\":131,\"height\":67,\"caption\":\"PAELLAS LA VALENCIANA | Customer Cooking Instruments\"},\"image\":{\"@id\":\"https:\/\/vaellocampos.com\/fr\/#\/schema\/logo\/image\/\"}}]}<\/script>\n<!-- \/ Yoast SEO plugin. -->","yoast_head_json":{"title":"Politique de confidentialit\u00e9 - PAELLAS LA VALENCIANA | Customer Cooking Instruments","robots":{"index":"index","follow":"follow","max-snippet":"max-snippet:-1","max-image-preview":"max-image-preview:large","max-video-preview":"max-video-preview:-1"},"canonical":"https:\/\/vaellocampos.com\/fr\/politique-de-confidentialite\/","og_locale":"fr_FR","og_type":"article","og_title":"Politique de confidentialit\u00e9 - PAELLAS LA VALENCIANA | Customer Cooking Instruments","og_description":"Politique de confidentialit\u00e9 Qui est le responsable du traitement de vos donn\u00e9es [&hellip;]","og_url":"https:\/\/vaellocampos.com\/fr\/politique-de-confidentialite\/","og_site_name":"PAELLAS LA VALENCIANA | Customer Cooking Instruments","article_modified_time":"2021-06-21T05:26:43+00:00","twitter_card":"summary_large_image","twitter_misc":{"Dur\u00e9e de lecture estim\u00e9e":"4 minutes"},"schema":{"@context":"https:\/\/schema.org","@graph":[{"@type":"WebPage","@id":"https:\/\/vaellocampos.com\/fr\/politique-de-confidentialite\/","url":"https:\/\/vaellocampos.com\/fr\/politique-de-confidentialite\/","name":"Politique de confidentialit\u00e9 - PAELLAS LA VALENCIANA | Customer Cooking Instruments","isPartOf":{"@id":"https:\/\/vaellocampos.com\/fr\/#website"},"datePublished":"2021-02-22T18:48:29+00:00","dateModified":"2021-06-21T05:26:43+00:00","breadcrumb":{"@id":"https:\/\/vaellocampos.com\/fr\/politique-de-confidentialite\/#breadcrumb"},"inLanguage":"fr-FR","potentialAction":[{"@type":"ReadAction","target":["https:\/\/vaellocampos.com\/fr\/politique-de-confidentialite\/"]}]},{"@type":"BreadcrumbList","@id":"https:\/\/vaellocampos.com\/fr\/politique-de-confidentialite\/#breadcrumb","itemListElement":[{"@type":"ListItem","position":1,"name":"Portada","item":"https:\/\/vaellocampos.com\/fr\/"},{"@type":"ListItem","position":2,"name":"Politique de confidentialit\u00e9"}]},{"@type":"WebSite","@id":"https:\/\/vaellocampos.com\/fr\/#website","url":"https:\/\/vaellocampos.com\/fr\/","name":"PAELLAS LA VALENCIANA | Customer Cooking Instruments","description":"Paellas, po\u00eales, casseroles, grillades ... La Valenciana depuis 1950 propose \u00e0 ses clients une large gamme de produits","publisher":{"@id":"https:\/\/vaellocampos.com\/fr\/#organization"},"potentialAction":[{"@type":"SearchAction","target":{"@type":"EntryPoint","urlTemplate":"https:\/\/vaellocampos.com\/fr\/?s={search_term_string}"},"query-input":{"@type":"PropertyValueSpecification","valueRequired":true,"valueName":"search_term_string"}}],"inLanguage":"fr-FR"},{"@type":"Organization","@id":"https:\/\/vaellocampos.com\/fr\/#organization","name":"PAELLAS LA VALENCIANA | Customer Cooking Instruments","url":"https:\/\/vaellocampos.com\/fr\/","logo":{"@type":"ImageObject","inLanguage":"fr-FR","@id":"https:\/\/vaellocampos.com\/fr\/#\/schema\/logo\/image\/","url":"https:\/\/vaellocampos.com\/fr\/wp-content\/uploads\/sites\/3\/cropped-logo-menuprincipal.png","contentUrl":"https:\/\/vaellocampos.com\/fr\/wp-content\/uploads\/sites\/3\/cropped-logo-menuprincipal.png","width":131,"height":67,"caption":"PAELLAS LA VALENCIANA | Customer Cooking Instruments"},"image":{"@id":"https:\/\/vaellocampos.com\/fr\/#\/schema\/logo\/image\/"}}]}},"uagb_featured_image_src":{"full":false,"thumbnail":false,"medium":false,"medium_large":false,"large":false,"1536x1536":false,"2048x2048":false},"uagb_author_info":{"display_name":"admin","author_link":"https:\/\/vaellocampos.com\/fr\/author\/o2estudio_3k3rco7w\/"},"uagb_comment_info":0,"uagb_excerpt":"Politique de confidentialit\u00e9 Qui est le responsable du traitement de vos donn\u00e9es [&hellip;]","_links":{"self":[{"href":"https:\/\/vaellocampos.com\/fr\/wp-json\/wp\/v2\/pages\/51","targetHints":{"allow":["GET"]}}],"collection":[{"href":"https:\/\/vaellocampos.com\/fr\/wp-json\/wp\/v2\/pages"}],"about":[{"href":"https:\/\/vaellocampos.com\/fr\/wp-json\/wp\/v2\/types\/page"}],"author":[{"embeddable":true,"href":"https:\/\/vaellocampos.com\/fr\/wp-json\/wp\/v2\/users\/1"}],"replies":[{"embeddable":true,"href":"https:\/\/vaellocampos.com\/fr\/wp-json\/wp\/v2\/comments?post=51"}],"version-history":[{"count":3,"href":"https:\/\/vaellocampos.com\/fr\/wp-json\/wp\/v2\/pages\/51\/revisions"}],"predecessor-version":[{"id":2448,"href":"https:\/\/vaellocampos.com\/fr\/wp-json\/wp\/v2\/pages\/51\/revisions\/2448"}],"wp:attachment":[{"href":"https:\/\/vaellocampos.com\/fr\/wp-json\/wp\/v2\/media?parent=51"}],"curies":[{"name":"wp","href":"https:\/\/api.w.org\/{rel}","templated":true}]}}