{"id":55,"date":"2021-02-22T19:48:55","date_gmt":"2021-02-22T18:48:55","guid":{"rendered":"https:\/\/vaellocampos.com\/?page_id=55"},"modified":"2022-06-21T14:03:27","modified_gmt":"2022-06-21T12:03:27","slug":"avis-juridique","status":"publish","type":"page","link":"https:\/\/vaellocampos.com\/fr\/avis-juridique\/","title":{"rendered":"Avis juridique"},"content":{"rendered":"\n<h2>\n\t\tAVIS JURIDIQUE\n\t<\/h2>\n\t<p><b>LOI SUR LES SERVICES DE LA SOCI\u00c9T\u00c9 DE L&rsquo;INFORMATION (LSSI)<\/b><\/p>\n<p>VAELLO CAMPOS, S.L., responsable du site web, dor\u00e9navant le RESPONSABLE, met \u00e0 la disposition de ses utilisateurs le pr\u00e9sent document aux fins de satisfaire aux obligations \u00e9tablies dans la loi 34\/2002, du 11 juillet, sur les Services de la Soci\u00e9t\u00e9 de l&rsquo;information et le Commerce \u00e9lectronique (LSSICE), Journal officiel [BOE] N\u00ba 166, ainsi que pour informer tous les utilisateurs du site web de ses conditions d&rsquo;utilisation.<\/p>\n<p>Toute personne qui acc\u00e8de \u00e0 ce site web est consid\u00e9r\u00e9e comme utilisateur et s&rsquo;engage \u00e0 observer et \u00e0 respecter rigoureusement les dispositions \u00e9tablies ici, ainsi que toute autre disposition l\u00e9gale \u00e9ventuellement applicable.<\/p>\n<p>VAELLO CAMPOS, S.L. se r\u00e9serve le droit de modifier tout type d&rsquo;information qui pourrait figurer sur le site web, sans obligation de pr\u00e9avis ou notification de sa part aux utilisateurs, leur seule publication sur le site web de VAELLO CAMPOS, S.L. \u00e9tant consid\u00e9r\u00e9e comme suffisante.\u00a0<\/p>\n<b>1. INFORMATIONS RELATIVES \u00c0 L&rsquo;IDENTIT\u00c9<\/b><br \/>\nNom de domaine : <a href=\"http:\/\/www.vaellocampos.com\">www.vaellocampos.com<\/a><br \/>\nNom commercial: La Valenciana<br \/>\nD\u00e9nomination sociale: VAELLO CAMPOS, S.L.<br \/>\nCode d&rsquo;identification fiscale (CIF): B46307872<br \/>\nSi\u00e8ge social: P. Ind. Serrans IV C\/Pl\u00e0stic, 2 &#8211; 46812 &#8211; Aielo de Malferit &#8211; Valencia &#8211; Espagne<br \/>\nT\u00e9l\u00e9phone: +34 962 91 30 03<br \/>\nEmail: <a href=\"mailto:comercial@vaellocampos.com\">comercial@vaellocampos.com<\/a><br \/>\nSoci\u00e9t\u00e9 immatricul\u00e9e au Registre du Commerce de Valencia, Tome 4333, G\u00e9n\u00e9ral 1645, Feuille 52, Page V-22303.\n<b>2. DROITS DE PROPRI\u00c9T\u00c9 INTELLECTUELLE ET INDUSTRIELLE<\/b><br \/>\nLe site web, y compris, \u00e0 titre \u00e9nonciatif mais non limitatif, ses \u00e9l\u00e9ments de programmation, \u00e9dition, compilation et autres n\u00e9cessaires \u00e0 son fonctionnement, les designs, logos, textes et\/ou graphiques, sont la propri\u00e9t\u00e9 du RESPONSABLE ou, le cas \u00e9ch\u00e9ant de quiconque poss\u00e8de une licence ou une autorisation explicite des auteurs. Tous les contenus du site web sont d\u00fbment prot\u00e9g\u00e9s par la r\u00e9glementation sur la propri\u00e9t\u00e9 intellectuelle et industrielle, et d\u00e9pos\u00e9s aupr\u00e8s des registres publics correspondants.\n<p>Ind\u00e9pendamment de leur finalit\u00e9, la reproduction totale ou partielle, l&rsquo;utilisation, l&rsquo;exploitation, la distribution ou la commercialisation exigeront dans tous les cas l&rsquo;autorisation \u00e9crite du RESPONSABLE. Toute utilisation non autoris\u00e9e au pr\u00e9alable sera consid\u00e9r\u00e9e comme une infraction grave aux droits de la propri\u00e9t\u00e9 intellectuelle ou industrielle de l&rsquo;auteur.<\/p>\n<p>Les designs, logos, textes et\/ou graphiques non produits par le RESPONSABLE mais qui pourraient appara\u00eetre sur le site web, appartiennent \u00e0 leurs propri\u00e9taires respectifs, qui seront eux-m\u00eames responsables de tout litige susceptible de se produire \u00e0 leur \u00e9gard. Le RESPONSABLE consent express\u00e9ment \u00e0 ce que des tiers puissent rediriger directement les utilisateurs aux contenus concrets du site web, et de toute fa\u00e7on, \u00e0 les rediriger vers le site web principal de www.vaellocampos.com.\u00a0<\/p>\n<p>Le RESPONSABLE reconna\u00eet \u00e0 leurs titulaires les droits de propri\u00e9t\u00e9 intellectuelle et industrielle correspondants, leur seule mention ou apparition sur le site web n&rsquo;impliquant de sa part ni l&rsquo;existence de droits, ni une quelconque responsabilit\u00e9 \u00e0 leur \u00e9gard, pas plus qu&rsquo;un soutien, parrainage ou recommandation de sa part.<\/p>\n<p>Pour tout commentaire sur d&rsquo;\u00e9ventuelles infractions aux droits de propri\u00e9t\u00e9 intellectuelle ou industrielle ou concernant les contenus du site web, vous pouvez envoyer un email \u00e0 comercial@vaellocampos.com.<\/p>\n<b>3. EXON\u00c9RATION DE RESPONSABILIT\u00c9<\/b><br \/>\nLe RESPONSABLE sera exon\u00e9r\u00e9 de toute responsabilit\u00e9 d\u00e9riv\u00e9e de l&rsquo;information publi\u00e9e sur son site web si cette information a \u00e9t\u00e9 manipul\u00e9e ou introduite par un tiers \u00e9tranger \u00e0 Valleo Campos.\n<b>Utilisation des cookies<\/b><br \/>\nCe site web peut utiliser des cookies techniques (petits fichiers d&rsquo;information envoy\u00e9s par le serveur \u00e0 l&rsquo;ordinateur qui acc\u00e8de au site) pour r\u00e9aliser certaines fonctions consid\u00e9r\u00e9es indispensables au fonctionnement correct du site et \u00e0 sa visualisation. Les cookies utilis\u00e9s sont dans tous les cas de caract\u00e8re temporaire\u00a0; ils ont pour seule finalit\u00e9 de rendre la navigation plus efficace et disparaissent une fois la session d&rsquo;utilisateur termin\u00e9e. En aucun cas ces cookies ne fournissent par eux-m\u00eames des donn\u00e9es \u00e0 caract\u00e8re personnel et ne seront pas utilis\u00e9s pour la collecte de ces donn\u00e9es.\n<p>Gr\u00e2ce \u00e0 l&rsquo;utilisation des cookies, il est \u00e9galement possible que le serveur o\u00f9 est h\u00e9berg\u00e9 le site web reconnaisse le navigateur utilis\u00e9 par l&rsquo;utilisateur afin de faciliter \u00e0 ce dernier la navigation, en permettant par exemple aux utilisateurs qui ont un compte d&rsquo;acc\u00e9der aux sections, services, promotions ou concours qui leur sont exclusivement r\u00e9serv\u00e9s sans avoir \u00e0 s&rsquo;enregistrer \u00e0 chaque visite. Ils peuvent aussi \u00eatre utilis\u00e9s pour mesurer l&rsquo;audience, des param\u00e8tres de trafic, contr\u00f4ler la progression et le nombre d&rsquo;entr\u00e9es, etc., et bien que n&rsquo;\u00e9tant pas indispensables techniquement, ils peuvent pr\u00e9senter des avantages pour l&rsquo;utilisateur.<\/p>\n<p>Ce site web n&rsquo;installera pas de cookies non indispensables sans le consentement pr\u00e9alable de l&rsquo;utilisateur.<\/p>\n<p>L&rsquo;utilisateur a la possibilit\u00e9 de param\u00e9trer son navigateur de mani\u00e8re \u00e0 \u00eatre averti de la r\u00e9ception de cookies et \u00e0 emp\u00eacher leur installation sur son \u00e9quipement.\u00a0 Reportez-vous aux instructions de votre navigateur pour plus d&rsquo;information.<\/p>\n<b>Politique relative aux liens<\/b><br \/>\nIl est possible que les utilisateurs soient redirig\u00e9s depuis ce site web vers des contenus de sites tiers. \u00c9tant donn\u00e9 qu&rsquo;il est impossible au RESPONSABLE de contr\u00f4ler en permanence les contenus introduits par des tiers sur leurs sites web respectifs, il n&rsquo;assumera aucun type de responsabilit\u00e9 \u00e0 leur \u00e9gard. Quoi qu&rsquo;il en soit, il proc\u00e8dera au retrait imm\u00e9diat de tout contenu qui pourrait enfreindre la l\u00e9gislation nationale ou internationale, ou porter atteinte \u00e0 la morale ou \u00e0 l&rsquo;ordre public, et au retrait imm\u00e9diat de la redirection vers ce site web, en portant \u00e0 la connaissance des autorit\u00e9s comp\u00e9tentes le contenu en question.\u00a0\n<p>Le RESPONSABLE ne sera pas tenu pour responsable de l&rsquo;information et des contenus stock\u00e9s, \u00e0 titre \u00e9nonciatif mais non limitatif, sur les forums, chats, cr\u00e9ateurs de blogs, commentaires, r\u00e9seaux sociaux ou tout autre moyen permettant \u00e0 des tiers de publier des contenus de mani\u00e8re ind\u00e9pendante sur le site web du RESPONSABLE. N\u00e9anmoins, et en application des dispositions des articles 11 et 16 de la LSSICE, le RESPONSABLE se tient \u00e0 la disposition de tous les utilisateurs, autorit\u00e9s et forces de l&rsquo;ordre, pour collaborer de mani\u00e8re active au retrait ou, le cas \u00e9ch\u00e9ant, au blocage de tout contenu susceptible d&rsquo;affecter ou d&rsquo;enfreindre la l\u00e9gislation nationale ou internationale, ou de porter atteinte aux droits de tiers ou \u00e0 la morale et \u00e0 l&rsquo;ordre public. Si l&rsquo;utilisateur consid\u00e9rait qu&rsquo;il existe sur le site web un contenu quelconque susceptible d&rsquo;entrer dans ce cas de figure, nous le prions de le notifier imm\u00e9diatement \u00e0 l&rsquo;administrateur du site web.<\/p>\n<p>Ce site web a \u00e9t\u00e9 r\u00e9vis\u00e9 et test\u00e9 pour s&rsquo;assurer de son fonctionnement correct. En principe, son fonctionnement correct est garanti 365 jours par an, 24 heures sur 24. Toutefois, le RESPONSABLE ne peut \u00e9carter l&rsquo;existence potentielle d&rsquo;erreurs de programmation ou l&rsquo;apparition d&rsquo;\u00e9v\u00e9nements de force majeure, catastrophes naturelles, gr\u00e8ves ou autres circonstances similaires, qui emp\u00eacheraient l&rsquo;acc\u00e8s au site web.<\/p>\n<b>Adresses IP<\/b><br \/>\nLes serveurs du site web pourront d\u00e9tecter automatiquement l&rsquo;adresse IP et le nom de domaine utilis\u00e9s par l&rsquo;utilisateur. Une adresse IP est un num\u00e9ro attribu\u00e9 automatiquement \u00e0 un ordinateur lorsqu&rsquo;il se connecte \u00e0 Internet. Toute cette information est enregistr\u00e9e dans un fichier d&rsquo;activit\u00e9 du serveur d\u00fbment inscrit, qui permet le traitement post\u00e9rieur des donn\u00e9es pour obtenir des mesures uniquement statistiques permettant de conna\u00eetre le nombre d&rsquo;impressions de pages, le nombre de visites r\u00e9alis\u00e9es aux serveurs web, l&rsquo;ordre des visites, le point d&rsquo;acc\u00e8s, etc.\n<b>4. LOI APPLICABLE ET JURIDICTION<\/b><br \/>\nPour la r\u00e9solution de tout conflit, litige ou question \u00e9manant de ce site web ou en rapport avec son utilisation ou les activit\u00e9s qui y sont d\u00e9velopp\u00e9es, les parties se soumettront express\u00e9ment \u00e0 la l\u00e9gislation espagnole et \u00e0 la comp\u00e9tence des Cours et Tribunaux les plus proches d&rsquo;Ontinyent.\n\n","protected":false},"excerpt":{"rendered":"<p>AVIS JURIDIQUE LOI SUR LES SERVICES DE LA SOCI\u00c9T\u00c9 DE L&rsquo;INFORMATION (LSSI) [&hellip;]<\/p>\n","protected":false},"author":1,"featured_media":0,"parent":0,"menu_order":0,"comment_status":"closed","ping_status":"closed","template":"","meta":{"_uag_custom_page_level_css":"","_trash_the_other_posts":false,"site-sidebar-layout":"default","site-content-layout":"default","ast-site-content-layout":"default","site-content-style":"default","site-sidebar-style":"default","ast-global-header-display":"","ast-banner-title-visibility":"","ast-main-header-display":"","ast-hfb-above-header-display":"","ast-hfb-below-header-display":"","ast-hfb-mobile-header-display":"","site-post-title":"disabled","ast-breadcrumbs-content":"disabled","ast-featured-img":"","footer-sml-layout":"","theme-transparent-header-meta":"default","adv-header-id-meta":"","stick-header-meta":"default","header-above-stick-meta":"","header-main-stick-meta":"","header-below-stick-meta":"","astra-migrate-meta-layouts":"default","ast-page-background-enabled":"default","ast-page-background-meta":{"desktop":{"background-color":"","background-image":"","background-repeat":"repeat","background-position":"center center","background-size":"auto","background-attachment":"scroll","background-type":"","background-media":"","overlay-type":"","overlay-color":"","overlay-opacity":"","overlay-gradient":""},"tablet":{"background-color":"","background-image":"","background-repeat":"repeat","background-position":"center center","background-size":"auto","background-attachment":"scroll","background-type":"","background-media":"","overlay-type":"","overlay-color":"","overlay-opacity":"","overlay-gradient":""},"mobile":{"background-color":"","background-image":"","background-repeat":"repeat","background-position":"center center","background-size":"auto","background-attachment":"scroll","background-type":"","background-media":"","overlay-type":"","overlay-color":"","overlay-opacity":"","overlay-gradient":""}},"ast-content-background-meta":{"desktop":{"background-color":"var(--ast-global-color-5)","background-image":"","background-repeat":"repeat","background-position":"center center","background-size":"auto","background-attachment":"scroll","background-type":"","background-media":"","overlay-type":"","overlay-color":"","overlay-opacity":"","overlay-gradient":""},"tablet":{"background-color":"var(--ast-global-color-5)","background-image":"","background-repeat":"repeat","background-position":"center center","background-size":"auto","background-attachment":"scroll","background-type":"","background-media":"","overlay-type":"","overlay-color":"","overlay-opacity":"","overlay-gradient":""},"mobile":{"background-color":"var(--ast-global-color-5)","background-image":"","background-repeat":"repeat","background-position":"center center","background-size":"auto","background-attachment":"scroll","background-type":"","background-media":"","overlay-type":"","overlay-color":"","overlay-opacity":"","overlay-gradient":""}},"editor_notices":[],"footnotes":""},"class_list":["post-55","page","type-page","status-publish","hentry"],"yoast_head":"<!-- This site is optimized with the Yoast SEO plugin v25.3.1 - https:\/\/yoast.com\/wordpress\/plugins\/seo\/ -->\n<title>Avis juridique - PAELLAS LA VALENCIANA | Customer Cooking Instruments<\/title>\n<meta name=\"robots\" content=\"index, follow, max-snippet:-1, max-image-preview:large, max-video-preview:-1\" \/>\n<link rel=\"canonical\" href=\"https:\/\/vaellocampos.com\/fr\/avis-juridique\/\" \/>\n<meta property=\"og:locale\" content=\"fr_FR\" \/>\n<meta property=\"og:type\" content=\"article\" \/>\n<meta property=\"og:title\" content=\"Avis juridique - PAELLAS LA VALENCIANA | Customer Cooking Instruments\" \/>\n<meta property=\"og:description\" content=\"AVIS JURIDIQUE LOI SUR LES SERVICES DE LA SOCI\u00c9T\u00c9 DE L&rsquo;INFORMATION (LSSI) [&hellip;]\" \/>\n<meta property=\"og:url\" content=\"https:\/\/vaellocampos.com\/fr\/avis-juridique\/\" \/>\n<meta property=\"og:site_name\" content=\"PAELLAS LA VALENCIANA | Customer Cooking Instruments\" \/>\n<meta property=\"article:modified_time\" content=\"2022-06-21T12:03:27+00:00\" \/>\n<meta name=\"twitter:card\" content=\"summary_large_image\" \/>\n<meta name=\"twitter:label1\" content=\"Dur\u00e9e de lecture estim\u00e9e\" \/>\n\t<meta name=\"twitter:data1\" content=\"7 minutes\" \/>\n<script type=\"application\/ld+json\" class=\"yoast-schema-graph\">{\"@context\":\"https:\/\/schema.org\",\"@graph\":[{\"@type\":\"WebPage\",\"@id\":\"https:\/\/vaellocampos.com\/fr\/avis-juridique\/\",\"url\":\"https:\/\/vaellocampos.com\/fr\/avis-juridique\/\",\"name\":\"Avis juridique - PAELLAS LA VALENCIANA | Customer Cooking Instruments\",\"isPartOf\":{\"@id\":\"https:\/\/vaellocampos.com\/fr\/#website\"},\"datePublished\":\"2021-02-22T18:48:55+00:00\",\"dateModified\":\"2022-06-21T12:03:27+00:00\",\"breadcrumb\":{\"@id\":\"https:\/\/vaellocampos.com\/fr\/avis-juridique\/#breadcrumb\"},\"inLanguage\":\"fr-FR\",\"potentialAction\":[{\"@type\":\"ReadAction\",\"target\":[\"https:\/\/vaellocampos.com\/fr\/avis-juridique\/\"]}]},{\"@type\":\"BreadcrumbList\",\"@id\":\"https:\/\/vaellocampos.com\/fr\/avis-juridique\/#breadcrumb\",\"itemListElement\":[{\"@type\":\"ListItem\",\"position\":1,\"name\":\"Portada\",\"item\":\"https:\/\/vaellocampos.com\/fr\/\"},{\"@type\":\"ListItem\",\"position\":2,\"name\":\"Avis juridique\"}]},{\"@type\":\"WebSite\",\"@id\":\"https:\/\/vaellocampos.com\/fr\/#website\",\"url\":\"https:\/\/vaellocampos.com\/fr\/\",\"name\":\"PAELLAS LA VALENCIANA | Customer Cooking Instruments\",\"description\":\"Paellas, po\u00eales, casseroles, grillades ... La Valenciana depuis 1950 propose \u00e0 ses clients une large gamme de produits\",\"publisher\":{\"@id\":\"https:\/\/vaellocampos.com\/fr\/#organization\"},\"potentialAction\":[{\"@type\":\"SearchAction\",\"target\":{\"@type\":\"EntryPoint\",\"urlTemplate\":\"https:\/\/vaellocampos.com\/fr\/?s={search_term_string}\"},\"query-input\":{\"@type\":\"PropertyValueSpecification\",\"valueRequired\":true,\"valueName\":\"search_term_string\"}}],\"inLanguage\":\"fr-FR\"},{\"@type\":\"Organization\",\"@id\":\"https:\/\/vaellocampos.com\/fr\/#organization\",\"name\":\"PAELLAS LA VALENCIANA | Customer Cooking Instruments\",\"url\":\"https:\/\/vaellocampos.com\/fr\/\",\"logo\":{\"@type\":\"ImageObject\",\"inLanguage\":\"fr-FR\",\"@id\":\"https:\/\/vaellocampos.com\/fr\/#\/schema\/logo\/image\/\",\"url\":\"https:\/\/vaellocampos.com\/fr\/wp-content\/uploads\/sites\/3\/cropped-logo-menuprincipal.png\",\"contentUrl\":\"https:\/\/vaellocampos.com\/fr\/wp-content\/uploads\/sites\/3\/cropped-logo-menuprincipal.png\",\"width\":131,\"height\":67,\"caption\":\"PAELLAS LA VALENCIANA | Customer Cooking Instruments\"},\"image\":{\"@id\":\"https:\/\/vaellocampos.com\/fr\/#\/schema\/logo\/image\/\"}}]}<\/script>\n<!-- \/ Yoast SEO plugin. -->","yoast_head_json":{"title":"Avis juridique - PAELLAS LA VALENCIANA | Customer Cooking Instruments","robots":{"index":"index","follow":"follow","max-snippet":"max-snippet:-1","max-image-preview":"max-image-preview:large","max-video-preview":"max-video-preview:-1"},"canonical":"https:\/\/vaellocampos.com\/fr\/avis-juridique\/","og_locale":"fr_FR","og_type":"article","og_title":"Avis juridique - PAELLAS LA VALENCIANA | Customer Cooking Instruments","og_description":"AVIS JURIDIQUE LOI SUR LES SERVICES DE LA SOCI\u00c9T\u00c9 DE L&rsquo;INFORMATION (LSSI) [&hellip;]","og_url":"https:\/\/vaellocampos.com\/fr\/avis-juridique\/","og_site_name":"PAELLAS LA VALENCIANA | Customer Cooking Instruments","article_modified_time":"2022-06-21T12:03:27+00:00","twitter_card":"summary_large_image","twitter_misc":{"Dur\u00e9e de lecture estim\u00e9e":"7 minutes"},"schema":{"@context":"https:\/\/schema.org","@graph":[{"@type":"WebPage","@id":"https:\/\/vaellocampos.com\/fr\/avis-juridique\/","url":"https:\/\/vaellocampos.com\/fr\/avis-juridique\/","name":"Avis juridique - PAELLAS LA VALENCIANA | Customer Cooking Instruments","isPartOf":{"@id":"https:\/\/vaellocampos.com\/fr\/#website"},"datePublished":"2021-02-22T18:48:55+00:00","dateModified":"2022-06-21T12:03:27+00:00","breadcrumb":{"@id":"https:\/\/vaellocampos.com\/fr\/avis-juridique\/#breadcrumb"},"inLanguage":"fr-FR","potentialAction":[{"@type":"ReadAction","target":["https:\/\/vaellocampos.com\/fr\/avis-juridique\/"]}]},{"@type":"BreadcrumbList","@id":"https:\/\/vaellocampos.com\/fr\/avis-juridique\/#breadcrumb","itemListElement":[{"@type":"ListItem","position":1,"name":"Portada","item":"https:\/\/vaellocampos.com\/fr\/"},{"@type":"ListItem","position":2,"name":"Avis juridique"}]},{"@type":"WebSite","@id":"https:\/\/vaellocampos.com\/fr\/#website","url":"https:\/\/vaellocampos.com\/fr\/","name":"PAELLAS LA VALENCIANA | Customer Cooking Instruments","description":"Paellas, po\u00eales, casseroles, grillades ... La Valenciana depuis 1950 propose \u00e0 ses clients une large gamme de produits","publisher":{"@id":"https:\/\/vaellocampos.com\/fr\/#organization"},"potentialAction":[{"@type":"SearchAction","target":{"@type":"EntryPoint","urlTemplate":"https:\/\/vaellocampos.com\/fr\/?s={search_term_string}"},"query-input":{"@type":"PropertyValueSpecification","valueRequired":true,"valueName":"search_term_string"}}],"inLanguage":"fr-FR"},{"@type":"Organization","@id":"https:\/\/vaellocampos.com\/fr\/#organization","name":"PAELLAS LA VALENCIANA | Customer Cooking Instruments","url":"https:\/\/vaellocampos.com\/fr\/","logo":{"@type":"ImageObject","inLanguage":"fr-FR","@id":"https:\/\/vaellocampos.com\/fr\/#\/schema\/logo\/image\/","url":"https:\/\/vaellocampos.com\/fr\/wp-content\/uploads\/sites\/3\/cropped-logo-menuprincipal.png","contentUrl":"https:\/\/vaellocampos.com\/fr\/wp-content\/uploads\/sites\/3\/cropped-logo-menuprincipal.png","width":131,"height":67,"caption":"PAELLAS LA VALENCIANA | Customer Cooking Instruments"},"image":{"@id":"https:\/\/vaellocampos.com\/fr\/#\/schema\/logo\/image\/"}}]}},"uagb_featured_image_src":{"full":false,"thumbnail":false,"medium":false,"medium_large":false,"large":false,"1536x1536":false,"2048x2048":false},"uagb_author_info":{"display_name":"admin","author_link":"https:\/\/vaellocampos.com\/fr\/author\/o2estudio_3k3rco7w\/"},"uagb_comment_info":0,"uagb_excerpt":"AVIS JURIDIQUE LOI SUR LES SERVICES DE LA SOCI\u00c9T\u00c9 DE L&rsquo;INFORMATION (LSSI) [&hellip;]","_links":{"self":[{"href":"https:\/\/vaellocampos.com\/fr\/wp-json\/wp\/v2\/pages\/55","targetHints":{"allow":["GET"]}}],"collection":[{"href":"https:\/\/vaellocampos.com\/fr\/wp-json\/wp\/v2\/pages"}],"about":[{"href":"https:\/\/vaellocampos.com\/fr\/wp-json\/wp\/v2\/types\/page"}],"author":[{"embeddable":true,"href":"https:\/\/vaellocampos.com\/fr\/wp-json\/wp\/v2\/users\/1"}],"replies":[{"embeddable":true,"href":"https:\/\/vaellocampos.com\/fr\/wp-json\/wp\/v2\/comments?post=55"}],"version-history":[{"count":9,"href":"https:\/\/vaellocampos.com\/fr\/wp-json\/wp\/v2\/pages\/55\/revisions"}],"predecessor-version":[{"id":2509,"href":"https:\/\/vaellocampos.com\/fr\/wp-json\/wp\/v2\/pages\/55\/revisions\/2509"}],"wp:attachment":[{"href":"https:\/\/vaellocampos.com\/fr\/wp-json\/wp\/v2\/media?parent=55"}],"curies":[{"name":"wp","href":"https:\/\/api.w.org\/{rel}","templated":true}]}}