{"id":39,"date":"2021-02-22T19:46:57","date_gmt":"2021-02-22T18:46:57","guid":{"rendered":"https:\/\/vaellocampos.com\/?page_id=39"},"modified":"2021-06-14T09:00:59","modified_gmt":"2021-06-14T07:00:59","slug":"la-valenciana","status":"publish","type":"page","link":"https:\/\/vaellocampos.com\/it\/la-valenciana\/","title":{"rendered":"La valenciana"},"content":{"rendered":"\n\n\t<p>[ Una grande famiglia lavora per te ]<\/p>\n\tSIAMO PRODUTTORI.<br \/>\nIL VANTAGGIO DELL&#8217;ESPERIENZA\n\t<p>&#8220;La Valenciana&#8221; dal 1950 offre ai suoi clienti una vasta gamma di prodotti che produce sotto un&#8217;unica premessa: la qualit\u00e0. Paella, padelle, casseruole, grigliate &#8230;<\/p>\n<p>Vaello La Valenciana si basa fondamentalmente sull&#8217;esperienza, ed \u00e8 cresciuta grazie al know-how e all&#8217;implementazione di nuove tecnologie. La nostra missione principale \u00e8 raggiungere i nostri clienti, sia nazionali che internazionali, con un servizio efficiente e articoli di buona qualit\u00e0.<\/p>\n<p>La vision della nostra azienda \u00e8 cercare di trasmettere al resto del mondo la passione con cui facciamo crescere il nostro progetto. Per questo abbiamo un team di professionisti esperti, processi produttivi ottimali e un investimento costante in macchinari all&#8217;avanguardia.<\/p>\n\t\t\t\t<img loading=\"lazy\" decoding=\"async\" src=\"https:\/\/vaellocampos.com\/it\/wp-content\/uploads\/sites\/5\/paella-lavalenciana.jpg\" alt=\"paella-lavalenciana\" itemprop=\"image\" height=\"1098\" width=\"925\" title=\"paella-lavalenciana\" onerror=\"this.style.display='none'\"  \/>\n\tUNA GRANDE SQUADRA, QUALIT\u00c0<br \/>\nPRODUZIONE E TECNOLOGIA\n\t<p>La vision della nostra azienda \u00e8 cercare di trasmettere al resto del mondo la passione con cui facciamo crescere il nostro progetto. Per questo abbiamo un team di professionisti esperti, processi produttivi ottimali e un investimento costante in macchinari all&#8217;avanguardia.<\/p>\n<p>Crediamo che i nostri valori siano ci\u00f2 che ci governa e ci rende consapevoli dell&#8217;impegno acquisito con i nostri clienti. Pertanto, l&#8217;onest\u00e0, l&#8217;integrit\u00e0, la comunicazione aperta e la capacit\u00e0 di risolvere i problemi e l&#8217;apprendimento continuo dei <strong> membri della nostra azienda <\/strong>, hanno reso Vaello La Valenciana una delle aziende leader del settore e un marchio consolidato a livello globale.<\/p>\n\n","protected":false},"excerpt":{"rendered":"<p>[ Una grande famiglia lavora per te ] SIAMO PRODUTTORI. IL VANTAGGIO [&hellip;]<\/p>\n","protected":false},"author":1,"featured_media":0,"parent":0,"menu_order":0,"comment_status":"closed","ping_status":"closed","template":"","meta":{"_uag_custom_page_level_css":"","_trash_the_other_posts":false,"site-sidebar-layout":"no-sidebar","site-content-layout":"page-builder","ast-site-content-layout":"default","site-content-style":"default","site-sidebar-style":"default","ast-global-header-display":"","ast-banner-title-visibility":"","ast-main-header-display":"","ast-hfb-above-header-display":"","ast-hfb-below-header-display":"","ast-hfb-mobile-header-display":"","site-post-title":"disabled","ast-breadcrumbs-content":"disabled","ast-featured-img":"disabled","footer-sml-layout":"","theme-transparent-header-meta":"default","adv-header-id-meta":"","stick-header-meta":"default","header-above-stick-meta":"","header-main-stick-meta":"","header-below-stick-meta":"","astra-migrate-meta-layouts":"default","ast-page-background-enabled":"default","ast-page-background-meta":{"desktop":{"background-color":"","background-image":"","background-repeat":"repeat","background-position":"center center","background-size":"auto","background-attachment":"scroll","background-type":"","background-media":"","overlay-type":"","overlay-color":"","overlay-opacity":"","overlay-gradient":""},"tablet":{"background-color":"","background-image":"","background-repeat":"repeat","background-position":"center center","background-size":"auto","background-attachment":"scroll","background-type":"","background-media":"","overlay-type":"","overlay-color":"","overlay-opacity":"","overlay-gradient":""},"mobile":{"background-color":"","background-image":"","background-repeat":"repeat","background-position":"center center","background-size":"auto","background-attachment":"scroll","background-type":"","background-media":"","overlay-type":"","overlay-color":"","overlay-opacity":"","overlay-gradient":""}},"ast-content-background-meta":{"desktop":{"background-color":"var(--ast-global-color-5)","background-image":"","background-repeat":"repeat","background-position":"center center","background-size":"auto","background-attachment":"scroll","background-type":"","background-media":"","overlay-type":"","overlay-color":"","overlay-opacity":"","overlay-gradient":""},"tablet":{"background-color":"var(--ast-global-color-5)","background-image":"","background-repeat":"repeat","background-position":"center center","background-size":"auto","background-attachment":"scroll","background-type":"","background-media":"","overlay-type":"","overlay-color":"","overlay-opacity":"","overlay-gradient":""},"mobile":{"background-color":"var(--ast-global-color-5)","background-image":"","background-repeat":"repeat","background-position":"center center","background-size":"auto","background-attachment":"scroll","background-type":"","background-media":"","overlay-type":"","overlay-color":"","overlay-opacity":"","overlay-gradient":""}},"editor_notices":[],"footnotes":""},"class_list":["post-39","page","type-page","status-publish","hentry"],"yoast_head":"<!-- This site is optimized with the Yoast SEO plugin v25.3.1 - https:\/\/yoast.com\/wordpress\/plugins\/seo\/ -->\n<title>La valenciana - PAELLAS LA VALENCIANA | Customer Cooking Instruments<\/title>\n<meta name=\"robots\" content=\"index, follow, max-snippet:-1, max-image-preview:large, max-video-preview:-1\" \/>\n<link rel=\"canonical\" href=\"https:\/\/vaellocampos.com\/it\/la-valenciana\/\" \/>\n<meta property=\"og:locale\" content=\"it_IT\" \/>\n<meta property=\"og:type\" content=\"article\" \/>\n<meta property=\"og:title\" content=\"La valenciana - PAELLAS LA VALENCIANA | Customer Cooking Instruments\" \/>\n<meta property=\"og:description\" content=\"[ Una grande famiglia lavora per te ] SIAMO PRODUTTORI. IL VANTAGGIO [&hellip;]\" \/>\n<meta property=\"og:url\" content=\"https:\/\/vaellocampos.com\/it\/la-valenciana\/\" \/>\n<meta property=\"og:site_name\" content=\"PAELLAS LA VALENCIANA | Customer Cooking Instruments\" \/>\n<meta property=\"article:modified_time\" content=\"2021-06-14T07:00:59+00:00\" \/>\n<meta property=\"og:image\" content=\"https:\/\/vaellocampos.com\/it\/wp-content\/uploads\/sites\/5\/paella-lavalenciana.jpg\" \/>\n<meta name=\"twitter:card\" content=\"summary_large_image\" \/>\n<meta name=\"twitter:label1\" content=\"Tempo di lettura stimato\" \/>\n\t<meta name=\"twitter:data1\" content=\"1 minuto\" \/>\n<script type=\"application\/ld+json\" class=\"yoast-schema-graph\">{\"@context\":\"https:\/\/schema.org\",\"@graph\":[{\"@type\":\"WebPage\",\"@id\":\"https:\/\/vaellocampos.com\/it\/la-valenciana\/\",\"url\":\"https:\/\/vaellocampos.com\/it\/la-valenciana\/\",\"name\":\"La valenciana - PAELLAS LA VALENCIANA | Customer Cooking Instruments\",\"isPartOf\":{\"@id\":\"https:\/\/vaellocampos.com\/it\/#website\"},\"primaryImageOfPage\":{\"@id\":\"https:\/\/vaellocampos.com\/it\/la-valenciana\/#primaryimage\"},\"image\":{\"@id\":\"https:\/\/vaellocampos.com\/it\/la-valenciana\/#primaryimage\"},\"thumbnailUrl\":\"https:\/\/vaellocampos.com\/it\/wp-content\/uploads\/sites\/5\/paella-lavalenciana.jpg\",\"datePublished\":\"2021-02-22T18:46:57+00:00\",\"dateModified\":\"2021-06-14T07:00:59+00:00\",\"breadcrumb\":{\"@id\":\"https:\/\/vaellocampos.com\/it\/la-valenciana\/#breadcrumb\"},\"inLanguage\":\"it-IT\",\"potentialAction\":[{\"@type\":\"ReadAction\",\"target\":[\"https:\/\/vaellocampos.com\/it\/la-valenciana\/\"]}]},{\"@type\":\"ImageObject\",\"inLanguage\":\"it-IT\",\"@id\":\"https:\/\/vaellocampos.com\/it\/la-valenciana\/#primaryimage\",\"url\":\"https:\/\/vaellocampos.com\/it\/wp-content\/uploads\/sites\/5\/paella-lavalenciana.jpg\",\"contentUrl\":\"https:\/\/vaellocampos.com\/it\/wp-content\/uploads\/sites\/5\/paella-lavalenciana.jpg\",\"width\":925,\"height\":1098},{\"@type\":\"BreadcrumbList\",\"@id\":\"https:\/\/vaellocampos.com\/it\/la-valenciana\/#breadcrumb\",\"itemListElement\":[{\"@type\":\"ListItem\",\"position\":1,\"name\":\"Portada\",\"item\":\"https:\/\/vaellocampos.com\/it\/\"},{\"@type\":\"ListItem\",\"position\":2,\"name\":\"La valenciana\"}]},{\"@type\":\"WebSite\",\"@id\":\"https:\/\/vaellocampos.com\/it\/#website\",\"url\":\"https:\/\/vaellocampos.com\/it\/\",\"name\":\"PAELLAS LA VALENCIANA | Customer Cooking Instruments\",\"description\":\"Paellas, sartenes, cazuelas, asadoras... La Valenciana desde 1950 pone a disposici\u00f3n de sus clientes una extensa gama de productos\",\"publisher\":{\"@id\":\"https:\/\/vaellocampos.com\/it\/#organization\"},\"potentialAction\":[{\"@type\":\"SearchAction\",\"target\":{\"@type\":\"EntryPoint\",\"urlTemplate\":\"https:\/\/vaellocampos.com\/it\/?s={search_term_string}\"},\"query-input\":{\"@type\":\"PropertyValueSpecification\",\"valueRequired\":true,\"valueName\":\"search_term_string\"}}],\"inLanguage\":\"it-IT\"},{\"@type\":\"Organization\",\"@id\":\"https:\/\/vaellocampos.com\/it\/#organization\",\"name\":\"PAELLAS LA VALENCIANA | Customer Cooking Instruments\",\"url\":\"https:\/\/vaellocampos.com\/it\/\",\"logo\":{\"@type\":\"ImageObject\",\"inLanguage\":\"it-IT\",\"@id\":\"https:\/\/vaellocampos.com\/it\/#\/schema\/logo\/image\/\",\"url\":\"https:\/\/vaellocampos.com\/it\/wp-content\/uploads\/sites\/5\/cropped-logo-menuprincipal.png\",\"contentUrl\":\"https:\/\/vaellocampos.com\/it\/wp-content\/uploads\/sites\/5\/cropped-logo-menuprincipal.png\",\"width\":131,\"height\":67,\"caption\":\"PAELLAS LA VALENCIANA | Customer Cooking Instruments\"},\"image\":{\"@id\":\"https:\/\/vaellocampos.com\/it\/#\/schema\/logo\/image\/\"}}]}<\/script>\n<!-- \/ Yoast SEO plugin. -->","yoast_head_json":{"title":"La valenciana - PAELLAS LA VALENCIANA | Customer Cooking Instruments","robots":{"index":"index","follow":"follow","max-snippet":"max-snippet:-1","max-image-preview":"max-image-preview:large","max-video-preview":"max-video-preview:-1"},"canonical":"https:\/\/vaellocampos.com\/it\/la-valenciana\/","og_locale":"it_IT","og_type":"article","og_title":"La valenciana - PAELLAS LA VALENCIANA | Customer Cooking Instruments","og_description":"[ Una grande famiglia lavora per te ] SIAMO PRODUTTORI. IL VANTAGGIO [&hellip;]","og_url":"https:\/\/vaellocampos.com\/it\/la-valenciana\/","og_site_name":"PAELLAS LA VALENCIANA | Customer Cooking Instruments","article_modified_time":"2021-06-14T07:00:59+00:00","og_image":[{"url":"https:\/\/vaellocampos.com\/it\/wp-content\/uploads\/sites\/5\/paella-lavalenciana.jpg","type":"","width":"","height":""}],"twitter_card":"summary_large_image","twitter_misc":{"Tempo di lettura stimato":"1 minuto"},"schema":{"@context":"https:\/\/schema.org","@graph":[{"@type":"WebPage","@id":"https:\/\/vaellocampos.com\/it\/la-valenciana\/","url":"https:\/\/vaellocampos.com\/it\/la-valenciana\/","name":"La valenciana - PAELLAS LA VALENCIANA | Customer Cooking Instruments","isPartOf":{"@id":"https:\/\/vaellocampos.com\/it\/#website"},"primaryImageOfPage":{"@id":"https:\/\/vaellocampos.com\/it\/la-valenciana\/#primaryimage"},"image":{"@id":"https:\/\/vaellocampos.com\/it\/la-valenciana\/#primaryimage"},"thumbnailUrl":"https:\/\/vaellocampos.com\/it\/wp-content\/uploads\/sites\/5\/paella-lavalenciana.jpg","datePublished":"2021-02-22T18:46:57+00:00","dateModified":"2021-06-14T07:00:59+00:00","breadcrumb":{"@id":"https:\/\/vaellocampos.com\/it\/la-valenciana\/#breadcrumb"},"inLanguage":"it-IT","potentialAction":[{"@type":"ReadAction","target":["https:\/\/vaellocampos.com\/it\/la-valenciana\/"]}]},{"@type":"ImageObject","inLanguage":"it-IT","@id":"https:\/\/vaellocampos.com\/it\/la-valenciana\/#primaryimage","url":"https:\/\/vaellocampos.com\/it\/wp-content\/uploads\/sites\/5\/paella-lavalenciana.jpg","contentUrl":"https:\/\/vaellocampos.com\/it\/wp-content\/uploads\/sites\/5\/paella-lavalenciana.jpg","width":925,"height":1098},{"@type":"BreadcrumbList","@id":"https:\/\/vaellocampos.com\/it\/la-valenciana\/#breadcrumb","itemListElement":[{"@type":"ListItem","position":1,"name":"Portada","item":"https:\/\/vaellocampos.com\/it\/"},{"@type":"ListItem","position":2,"name":"La valenciana"}]},{"@type":"WebSite","@id":"https:\/\/vaellocampos.com\/it\/#website","url":"https:\/\/vaellocampos.com\/it\/","name":"PAELLAS LA VALENCIANA | Customer Cooking Instruments","description":"Paellas, sartenes, cazuelas, asadoras... La Valenciana desde 1950 pone a disposici\u00f3n de sus clientes una extensa gama de productos","publisher":{"@id":"https:\/\/vaellocampos.com\/it\/#organization"},"potentialAction":[{"@type":"SearchAction","target":{"@type":"EntryPoint","urlTemplate":"https:\/\/vaellocampos.com\/it\/?s={search_term_string}"},"query-input":{"@type":"PropertyValueSpecification","valueRequired":true,"valueName":"search_term_string"}}],"inLanguage":"it-IT"},{"@type":"Organization","@id":"https:\/\/vaellocampos.com\/it\/#organization","name":"PAELLAS LA VALENCIANA | Customer Cooking Instruments","url":"https:\/\/vaellocampos.com\/it\/","logo":{"@type":"ImageObject","inLanguage":"it-IT","@id":"https:\/\/vaellocampos.com\/it\/#\/schema\/logo\/image\/","url":"https:\/\/vaellocampos.com\/it\/wp-content\/uploads\/sites\/5\/cropped-logo-menuprincipal.png","contentUrl":"https:\/\/vaellocampos.com\/it\/wp-content\/uploads\/sites\/5\/cropped-logo-menuprincipal.png","width":131,"height":67,"caption":"PAELLAS LA VALENCIANA | Customer Cooking Instruments"},"image":{"@id":"https:\/\/vaellocampos.com\/it\/#\/schema\/logo\/image\/"}}]}},"uagb_featured_image_src":{"full":false,"thumbnail":false,"medium":false,"medium_large":false,"large":false,"1536x1536":false,"2048x2048":false},"uagb_author_info":{"display_name":"admin","author_link":"https:\/\/vaellocampos.com\/it\/author\/o2estudio_3k3rco7w\/"},"uagb_comment_info":0,"uagb_excerpt":"[ Una grande famiglia lavora per te ] SIAMO PRODUTTORI. IL VANTAGGIO [&hellip;]","_links":{"self":[{"href":"https:\/\/vaellocampos.com\/it\/wp-json\/wp\/v2\/pages\/39","targetHints":{"allow":["GET"]}}],"collection":[{"href":"https:\/\/vaellocampos.com\/it\/wp-json\/wp\/v2\/pages"}],"about":[{"href":"https:\/\/vaellocampos.com\/it\/wp-json\/wp\/v2\/types\/page"}],"author":[{"embeddable":true,"href":"https:\/\/vaellocampos.com\/it\/wp-json\/wp\/v2\/users\/1"}],"replies":[{"embeddable":true,"href":"https:\/\/vaellocampos.com\/it\/wp-json\/wp\/v2\/comments?post=39"}],"version-history":[{"count":21,"href":"https:\/\/vaellocampos.com\/it\/wp-json\/wp\/v2\/pages\/39\/revisions"}],"predecessor-version":[{"id":2392,"href":"https:\/\/vaellocampos.com\/it\/wp-json\/wp\/v2\/pages\/39\/revisions\/2392"}],"wp:attachment":[{"href":"https:\/\/vaellocampos.com\/it\/wp-json\/wp\/v2\/media?parent=39"}],"curies":[{"name":"wp","href":"https:\/\/api.w.org\/{rel}","templated":true}]}}