{"id":43,"date":"2021-02-22T19:47:18","date_gmt":"2021-02-22T18:47:18","guid":{"rendered":"https:\/\/vaellocampos.com\/?page_id=43"},"modified":"2022-05-12T16:24:48","modified_gmt":"2022-05-12T14:24:48","slug":"trattamento","status":"publish","type":"page","link":"https:\/\/vaellocampos.com\/it\/trattamento\/","title":{"rendered":"Trattamento"},"content":{"rendered":"\n\n\t<p>[ SE IL MIMA TI DAR\u00c0 RISULTATO MIGLIORE ]<\/p>\n\t<p>Dopo aver cucinato &#8230; di cui prendersi cura.<\/p>\n\t\t\t\t<a href=\"#acciaiolucido\" target=\"_self\" itemprop=\"url\" rel=\"noopener\">\n\t\t\t\t<img loading=\"lazy\" decoding=\"async\" src=\"https:\/\/vaellocampos.com\/it\/wp-content\/uploads\/sites\/5\/Acciaio-lucido.jpg\" alt=\"Acciaio-lucido\" itemprop=\"image\" height=\"721\" width=\"523\" title=\"Acciaio-lucido\" onerror=\"this.style.display='none'\"  \/>\n\t\t\t\t<\/a>\n\t\t\t\t<img loading=\"lazy\" decoding=\"async\" src=\"https:\/\/vaellocampos.com\/it\/wp-content\/uploads\/sites\/5\/cuidados-chica-cocinando.jpg\" alt=\"cuidados-chica-cocinando\" itemprop=\"image\" height=\"450\" width=\"550\" title=\"cuidados-chica-cocinando\" onerror=\"this.style.display='none'\"  \/>\n\t\t\t\t<img loading=\"lazy\" decoding=\"async\" src=\"https:\/\/vaellocampos.com\/it\/wp-content\/uploads\/sites\/5\/cuidados-productos-limpieza.jpg\" alt=\"cuidados-productos-limpieza\" itemprop=\"image\" height=\"260\" width=\"360\" title=\"cuidados-productos-limpieza\" onerror=\"this.style.display='none'\"  \/>\n\t\t\t\t<a href=\"#acciaiosmaltato\" target=\"_self\" itemprop=\"url\" rel=\"noopener\">\n\t\t\t\t<img loading=\"lazy\" decoding=\"async\" src=\"https:\/\/vaellocampos.com\/it\/wp-content\/uploads\/sites\/5\/Acciaio-Smaltato.jpg\" alt=\"Acciaio-Smaltato\" itemprop=\"image\" height=\"747\" width=\"523\" title=\"Acciaio-Smaltato\" onerror=\"this.style.display='none'\"  \/>\n\t\t\t\t<\/a>\n\t\t\t\t<a href=\"#ghisa\" target=\"_self\" itemprop=\"url\" rel=\"noopener\">\n\t\t\t\t<img loading=\"lazy\" decoding=\"async\" src=\"https:\/\/vaellocampos.com\/it\/wp-content\/uploads\/sites\/5\/Ghisa.jpg\" alt=\"Ghisa\" itemprop=\"image\" height=\"779\" width=\"523\" title=\"Ghisa\" onerror=\"this.style.display='none'\"  \/>\n\t\t\t\t<\/a>\n\t\t\t\t<img loading=\"lazy\" decoding=\"async\" src=\"https:\/\/vaellocampos.com\/it\/wp-content\/uploads\/sites\/5\/cuidados-limpeza-sarten.jpg\" alt=\"cuidados-limpeza-sarten\" itemprop=\"image\" height=\"450\" width=\"550\" title=\"cuidados-limpeza-sarten\" onerror=\"this.style.display='none'\"  \/>\n\t\t\t\t<img loading=\"lazy\" decoding=\"async\" src=\"https:\/\/vaellocampos.com\/it\/wp-content\/uploads\/sites\/5\/Acciaio-Smaltato-etiqueta.jpg\" alt=\"Acciaio-Smaltato-etiqueta\" itemprop=\"image\" height=\"55\" width=\"205\" title=\"Acciaio-Smaltato-etiqueta\" onerror=\"this.style.display='none'\"  \/>\n\t<p>Questo tipo di prodotto \u00e8 realizzato in acciaio ma \u00e8 ricoperto da uno strato di smalto, quindi l&#8217;ossidazione non \u00e8 un problema. Prima e dopo il primo utilizzo, pulirlo con acqua e sapone. Gli articoli smaltati sono facili da pulire e conservare e non necessitano di olio dopo l&#8217;uso, il rivestimento in smalto facilita la pulizia e la manutenzione del prodotto. Per la pulizia non utilizzare pagliette o prodotti abrasivi che possono graffiare la superficie. Conservalo in un luogo fresco e asciutto. I nostri prodotti non sono antiaderenti.<\/p>\n\t\t\t\t<a href=\"#aceropulido\" target=\"_self\" itemprop=\"url\" rel=\"noopener\">\n\t\t\t\t<img loading=\"lazy\" decoding=\"async\" src=\"https:\/\/vaellocampos.com\/it\/wp-content\/uploads\/sites\/5\/Acciaio-lucido-etiqueta.jpg\" alt=\"Acciaio-lucido-etiqueta\" itemprop=\"image\" height=\"55\" width=\"205\" title=\"Acciaio-lucido-etiqueta\" onerror=\"this.style.display='none'\"  \/>\n\t\t\t\t<\/a>\n\t<p>PRIMA DI UTILIZZARE PER LA PRIMA VOLTA<\/p>\n<p>Prima del primo utilizzo, lavare bene il prodotto con acqua e sapone o se preferite potete far bollire dell&#8217;acqua calda a fuoco basso per 10-15 minuti, potete anche aggiungere un po &#8216;di aceto. Una volta pulito, assicurati di asciugarlo rapidamente e ricoprilo con uno strato di olio. Non lasciarlo asciugare all&#8217;aria aperta e non metterlo in lavastoviglie. Quando lo riponi, conservalo in un luogo asciutto e tenerlo avvolto in carta o in un sacchetto di plastica, se possibile.<\/p>\n<p>USO CONTINUO<\/p>\n<p>Non lasciare mai il contenitore vuoto sul fuoco per lungo tempo perch\u00e9 pu\u00f2 surriscaldarsi. Monitorare costantemente la fiamma o il livello del fuoco. Per cucinare \u00e8 possibile utilizzare oggetti in acciaio inossidabile e legno, si sconsiglia l&#8217;uso di oggetti in plastica. Durante la pulizia, non utilizzare spugnette abrasive o prodotti abrasivi che possono graffiare la superficie. Tenere presente che deve essere utilizzata un&#8217;adeguata protezione, perch\u00e9 durante la cottura tutte le parti dell&#8217;utensile sono calde. Non lasciare mai il prodotto nel fuoco senza supervisione o alla portata dei bambini. Ricorda che dopo l&#8217;uso devi asciugarlo velocemente e applicare uno strato di olio. Conservalo in un luogo fresco e asciutto. I nostri prodotti non sono antiaderenti.<\/p>\n\t\t\t\t<img loading=\"lazy\" decoding=\"async\" src=\"https:\/\/vaellocampos.com\/it\/wp-content\/uploads\/sites\/5\/Ghisa-etiqueta.jpg\" alt=\"Ghisa-etiqueta\" itemprop=\"image\" height=\"55\" width=\"205\" title=\"Ghisa-etiqueta\" onerror=\"this.style.display='none'\"  \/>\n\t<p>Lavare il ferro prima del primo utilizzo. Non \u00e8 un prodotto antiaderente. Dopo l&#8217;uso, lasciare raffreddare prima di pulire. La ghisa \u00e8 un materiale poroso, quindi la piastra pu\u00f2 macchiarsi. Per una migliore conservazione, una volta pulito potete spalmarlo con dell&#8217;olio. Non \u00e8 necessario farlo con ferro smaltato.<\/p>\n\n","protected":false},"excerpt":{"rendered":"<p>[ SE IL MIMA TI DAR\u00c0 RISULTATO MIGLIORE ] Dopo aver cucinato [&hellip;]<\/p>\n","protected":false},"author":1,"featured_media":0,"parent":0,"menu_order":0,"comment_status":"closed","ping_status":"closed","template":"","meta":{"_uag_custom_page_level_css":"","_trash_the_other_posts":false,"site-sidebar-layout":"no-sidebar","site-content-layout":"page-builder","ast-site-content-layout":"default","site-content-style":"default","site-sidebar-style":"default","ast-global-header-display":"","ast-banner-title-visibility":"","ast-main-header-display":"","ast-hfb-above-header-display":"","ast-hfb-below-header-display":"","ast-hfb-mobile-header-display":"","site-post-title":"disabled","ast-breadcrumbs-content":"disabled","ast-featured-img":"","footer-sml-layout":"","theme-transparent-header-meta":"default","adv-header-id-meta":"","stick-header-meta":"default","header-above-stick-meta":"","header-main-stick-meta":"","header-below-stick-meta":"","astra-migrate-meta-layouts":"default","ast-page-background-enabled":"default","ast-page-background-meta":{"desktop":{"background-color":"","background-image":"","background-repeat":"repeat","background-position":"center center","background-size":"auto","background-attachment":"scroll","background-type":"","background-media":"","overlay-type":"","overlay-color":"","overlay-opacity":"","overlay-gradient":""},"tablet":{"background-color":"","background-image":"","background-repeat":"repeat","background-position":"center center","background-size":"auto","background-attachment":"scroll","background-type":"","background-media":"","overlay-type":"","overlay-color":"","overlay-opacity":"","overlay-gradient":""},"mobile":{"background-color":"","background-image":"","background-repeat":"repeat","background-position":"center center","background-size":"auto","background-attachment":"scroll","background-type":"","background-media":"","overlay-type":"","overlay-color":"","overlay-opacity":"","overlay-gradient":""}},"ast-content-background-meta":{"desktop":{"background-color":"var(--ast-global-color-5)","background-image":"","background-repeat":"repeat","background-position":"center center","background-size":"auto","background-attachment":"scroll","background-type":"","background-media":"","overlay-type":"","overlay-color":"","overlay-opacity":"","overlay-gradient":""},"tablet":{"background-color":"var(--ast-global-color-5)","background-image":"","background-repeat":"repeat","background-position":"center center","background-size":"auto","background-attachment":"scroll","background-type":"","background-media":"","overlay-type":"","overlay-color":"","overlay-opacity":"","overlay-gradient":""},"mobile":{"background-color":"var(--ast-global-color-5)","background-image":"","background-repeat":"repeat","background-position":"center center","background-size":"auto","background-attachment":"scroll","background-type":"","background-media":"","overlay-type":"","overlay-color":"","overlay-opacity":"","overlay-gradient":""}},"editor_notices":[],"footnotes":""},"class_list":["post-43","page","type-page","status-publish","hentry"],"yoast_head":"<!-- This site is optimized with the Yoast SEO plugin v25.3.1 - https:\/\/yoast.com\/wordpress\/plugins\/seo\/ -->\n<title>Trattamento - PAELLAS LA VALENCIANA | Customer Cooking Instruments<\/title>\n<meta name=\"robots\" content=\"index, follow, max-snippet:-1, max-image-preview:large, max-video-preview:-1\" \/>\n<link rel=\"canonical\" href=\"https:\/\/vaellocampos.com\/it\/trattamento\/\" \/>\n<meta property=\"og:locale\" content=\"it_IT\" \/>\n<meta property=\"og:type\" content=\"article\" \/>\n<meta property=\"og:title\" content=\"Trattamento - PAELLAS LA VALENCIANA | Customer Cooking Instruments\" \/>\n<meta property=\"og:description\" content=\"[ SE IL MIMA TI DAR\u00c0 RISULTATO MIGLIORE ] Dopo aver cucinato [&hellip;]\" \/>\n<meta property=\"og:url\" content=\"https:\/\/vaellocampos.com\/it\/trattamento\/\" \/>\n<meta property=\"og:site_name\" content=\"PAELLAS LA VALENCIANA | Customer Cooking Instruments\" \/>\n<meta property=\"article:modified_time\" content=\"2022-05-12T14:24:48+00:00\" \/>\n<meta property=\"og:image\" content=\"https:\/\/vaellocampos.com\/it\/wp-content\/uploads\/sites\/5\/Acciaio-lucido.jpg\" \/>\n<meta name=\"twitter:card\" content=\"summary_large_image\" \/>\n<meta name=\"twitter:label1\" content=\"Tempo di lettura stimato\" \/>\n\t<meta name=\"twitter:data1\" content=\"2 minuti\" \/>\n<script type=\"application\/ld+json\" class=\"yoast-schema-graph\">{\"@context\":\"https:\/\/schema.org\",\"@graph\":[{\"@type\":\"WebPage\",\"@id\":\"https:\/\/vaellocampos.com\/it\/trattamento\/\",\"url\":\"https:\/\/vaellocampos.com\/it\/trattamento\/\",\"name\":\"Trattamento - PAELLAS LA VALENCIANA | Customer Cooking Instruments\",\"isPartOf\":{\"@id\":\"https:\/\/vaellocampos.com\/it\/#website\"},\"primaryImageOfPage\":{\"@id\":\"https:\/\/vaellocampos.com\/it\/trattamento\/#primaryimage\"},\"image\":{\"@id\":\"https:\/\/vaellocampos.com\/it\/trattamento\/#primaryimage\"},\"thumbnailUrl\":\"https:\/\/vaellocampos.com\/it\/wp-content\/uploads\/sites\/5\/Acciaio-lucido.jpg\",\"datePublished\":\"2021-02-22T18:47:18+00:00\",\"dateModified\":\"2022-05-12T14:24:48+00:00\",\"breadcrumb\":{\"@id\":\"https:\/\/vaellocampos.com\/it\/trattamento\/#breadcrumb\"},\"inLanguage\":\"it-IT\",\"potentialAction\":[{\"@type\":\"ReadAction\",\"target\":[\"https:\/\/vaellocampos.com\/it\/trattamento\/\"]}]},{\"@type\":\"ImageObject\",\"inLanguage\":\"it-IT\",\"@id\":\"https:\/\/vaellocampos.com\/it\/trattamento\/#primaryimage\",\"url\":\"https:\/\/vaellocampos.com\/it\/wp-content\/uploads\/sites\/5\/Acciaio-lucido.jpg\",\"contentUrl\":\"https:\/\/vaellocampos.com\/it\/wp-content\/uploads\/sites\/5\/Acciaio-lucido.jpg\",\"width\":523,\"height\":721},{\"@type\":\"BreadcrumbList\",\"@id\":\"https:\/\/vaellocampos.com\/it\/trattamento\/#breadcrumb\",\"itemListElement\":[{\"@type\":\"ListItem\",\"position\":1,\"name\":\"Portada\",\"item\":\"https:\/\/vaellocampos.com\/it\/\"},{\"@type\":\"ListItem\",\"position\":2,\"name\":\"Trattamento\"}]},{\"@type\":\"WebSite\",\"@id\":\"https:\/\/vaellocampos.com\/it\/#website\",\"url\":\"https:\/\/vaellocampos.com\/it\/\",\"name\":\"PAELLAS LA VALENCIANA | Customer Cooking Instruments\",\"description\":\"Paellas, sartenes, cazuelas, asadoras... La Valenciana desde 1950 pone a disposici\u00f3n de sus clientes una extensa gama de productos\",\"publisher\":{\"@id\":\"https:\/\/vaellocampos.com\/it\/#organization\"},\"potentialAction\":[{\"@type\":\"SearchAction\",\"target\":{\"@type\":\"EntryPoint\",\"urlTemplate\":\"https:\/\/vaellocampos.com\/it\/?s={search_term_string}\"},\"query-input\":{\"@type\":\"PropertyValueSpecification\",\"valueRequired\":true,\"valueName\":\"search_term_string\"}}],\"inLanguage\":\"it-IT\"},{\"@type\":\"Organization\",\"@id\":\"https:\/\/vaellocampos.com\/it\/#organization\",\"name\":\"PAELLAS LA VALENCIANA | Customer Cooking Instruments\",\"url\":\"https:\/\/vaellocampos.com\/it\/\",\"logo\":{\"@type\":\"ImageObject\",\"inLanguage\":\"it-IT\",\"@id\":\"https:\/\/vaellocampos.com\/it\/#\/schema\/logo\/image\/\",\"url\":\"https:\/\/vaellocampos.com\/it\/wp-content\/uploads\/sites\/5\/cropped-logo-menuprincipal.png\",\"contentUrl\":\"https:\/\/vaellocampos.com\/it\/wp-content\/uploads\/sites\/5\/cropped-logo-menuprincipal.png\",\"width\":131,\"height\":67,\"caption\":\"PAELLAS LA VALENCIANA | Customer Cooking Instruments\"},\"image\":{\"@id\":\"https:\/\/vaellocampos.com\/it\/#\/schema\/logo\/image\/\"}}]}<\/script>\n<!-- \/ Yoast SEO plugin. -->","yoast_head_json":{"title":"Trattamento - PAELLAS LA VALENCIANA | Customer Cooking Instruments","robots":{"index":"index","follow":"follow","max-snippet":"max-snippet:-1","max-image-preview":"max-image-preview:large","max-video-preview":"max-video-preview:-1"},"canonical":"https:\/\/vaellocampos.com\/it\/trattamento\/","og_locale":"it_IT","og_type":"article","og_title":"Trattamento - PAELLAS LA VALENCIANA | Customer Cooking Instruments","og_description":"[ SE IL MIMA TI DAR\u00c0 RISULTATO MIGLIORE ] Dopo aver cucinato [&hellip;]","og_url":"https:\/\/vaellocampos.com\/it\/trattamento\/","og_site_name":"PAELLAS LA VALENCIANA | Customer Cooking Instruments","article_modified_time":"2022-05-12T14:24:48+00:00","og_image":[{"url":"https:\/\/vaellocampos.com\/it\/wp-content\/uploads\/sites\/5\/Acciaio-lucido.jpg","type":"","width":"","height":""}],"twitter_card":"summary_large_image","twitter_misc":{"Tempo di lettura stimato":"2 minuti"},"schema":{"@context":"https:\/\/schema.org","@graph":[{"@type":"WebPage","@id":"https:\/\/vaellocampos.com\/it\/trattamento\/","url":"https:\/\/vaellocampos.com\/it\/trattamento\/","name":"Trattamento - PAELLAS LA VALENCIANA | Customer Cooking Instruments","isPartOf":{"@id":"https:\/\/vaellocampos.com\/it\/#website"},"primaryImageOfPage":{"@id":"https:\/\/vaellocampos.com\/it\/trattamento\/#primaryimage"},"image":{"@id":"https:\/\/vaellocampos.com\/it\/trattamento\/#primaryimage"},"thumbnailUrl":"https:\/\/vaellocampos.com\/it\/wp-content\/uploads\/sites\/5\/Acciaio-lucido.jpg","datePublished":"2021-02-22T18:47:18+00:00","dateModified":"2022-05-12T14:24:48+00:00","breadcrumb":{"@id":"https:\/\/vaellocampos.com\/it\/trattamento\/#breadcrumb"},"inLanguage":"it-IT","potentialAction":[{"@type":"ReadAction","target":["https:\/\/vaellocampos.com\/it\/trattamento\/"]}]},{"@type":"ImageObject","inLanguage":"it-IT","@id":"https:\/\/vaellocampos.com\/it\/trattamento\/#primaryimage","url":"https:\/\/vaellocampos.com\/it\/wp-content\/uploads\/sites\/5\/Acciaio-lucido.jpg","contentUrl":"https:\/\/vaellocampos.com\/it\/wp-content\/uploads\/sites\/5\/Acciaio-lucido.jpg","width":523,"height":721},{"@type":"BreadcrumbList","@id":"https:\/\/vaellocampos.com\/it\/trattamento\/#breadcrumb","itemListElement":[{"@type":"ListItem","position":1,"name":"Portada","item":"https:\/\/vaellocampos.com\/it\/"},{"@type":"ListItem","position":2,"name":"Trattamento"}]},{"@type":"WebSite","@id":"https:\/\/vaellocampos.com\/it\/#website","url":"https:\/\/vaellocampos.com\/it\/","name":"PAELLAS LA VALENCIANA | Customer Cooking Instruments","description":"Paellas, sartenes, cazuelas, asadoras... La Valenciana desde 1950 pone a disposici\u00f3n de sus clientes una extensa gama de productos","publisher":{"@id":"https:\/\/vaellocampos.com\/it\/#organization"},"potentialAction":[{"@type":"SearchAction","target":{"@type":"EntryPoint","urlTemplate":"https:\/\/vaellocampos.com\/it\/?s={search_term_string}"},"query-input":{"@type":"PropertyValueSpecification","valueRequired":true,"valueName":"search_term_string"}}],"inLanguage":"it-IT"},{"@type":"Organization","@id":"https:\/\/vaellocampos.com\/it\/#organization","name":"PAELLAS LA VALENCIANA | Customer Cooking Instruments","url":"https:\/\/vaellocampos.com\/it\/","logo":{"@type":"ImageObject","inLanguage":"it-IT","@id":"https:\/\/vaellocampos.com\/it\/#\/schema\/logo\/image\/","url":"https:\/\/vaellocampos.com\/it\/wp-content\/uploads\/sites\/5\/cropped-logo-menuprincipal.png","contentUrl":"https:\/\/vaellocampos.com\/it\/wp-content\/uploads\/sites\/5\/cropped-logo-menuprincipal.png","width":131,"height":67,"caption":"PAELLAS LA VALENCIANA | Customer Cooking Instruments"},"image":{"@id":"https:\/\/vaellocampos.com\/it\/#\/schema\/logo\/image\/"}}]}},"uagb_featured_image_src":{"full":false,"thumbnail":false,"medium":false,"medium_large":false,"large":false,"1536x1536":false,"2048x2048":false},"uagb_author_info":{"display_name":"admin","author_link":"https:\/\/vaellocampos.com\/it\/author\/o2estudio_3k3rco7w\/"},"uagb_comment_info":0,"uagb_excerpt":"[ SE IL MIMA TI DAR\u00c0 RISULTATO MIGLIORE ] Dopo aver cucinato [&hellip;]","_links":{"self":[{"href":"https:\/\/vaellocampos.com\/it\/wp-json\/wp\/v2\/pages\/43","targetHints":{"allow":["GET"]}}],"collection":[{"href":"https:\/\/vaellocampos.com\/it\/wp-json\/wp\/v2\/pages"}],"about":[{"href":"https:\/\/vaellocampos.com\/it\/wp-json\/wp\/v2\/types\/page"}],"author":[{"embeddable":true,"href":"https:\/\/vaellocampos.com\/it\/wp-json\/wp\/v2\/users\/1"}],"replies":[{"embeddable":true,"href":"https:\/\/vaellocampos.com\/it\/wp-json\/wp\/v2\/comments?post=43"}],"version-history":[{"count":26,"href":"https:\/\/vaellocampos.com\/it\/wp-json\/wp\/v2\/pages\/43\/revisions"}],"predecessor-version":[{"id":2497,"href":"https:\/\/vaellocampos.com\/it\/wp-json\/wp\/v2\/pages\/43\/revisions\/2497"}],"wp:attachment":[{"href":"https:\/\/vaellocampos.com\/it\/wp-json\/wp\/v2\/media?parent=43"}],"curies":[{"name":"wp","href":"https:\/\/api.w.org\/{rel}","templated":true}]}}