{"id":51,"date":"2021-02-22T19:48:29","date_gmt":"2021-02-22T18:48:29","guid":{"rendered":"https:\/\/vaellocampos.com\/?page_id=51"},"modified":"2021-06-21T11:11:23","modified_gmt":"2021-06-21T09:11:23","slug":"politica-sulla-riservatezza","status":"publish","type":"page","link":"https:\/\/vaellocampos.com\/it\/politica-sulla-riservatezza\/","title":{"rendered":"Politica sulla riservatezza"},"content":{"rendered":"\n<h2>\n\t\tPolitica sulla privacy\n\t<\/h2>\n\t\n<p><b>Chi \u00e8 responsabile del trattamento dei tuoi dati personali?<\/b> La VAELLO CAMPOS, SL, \u00e8 RESPONSABILE del trattamento dei dati personali dell&#8217;UTENTE e lo informa che tali dati saranno trattati in conformit\u00e0 con le disposizioni del Regolamento (UE) 2016\/679, del 27 aprile (<i>General Data Protection Regulation<\/i> &#8211; GDPR), e della Legge organica spagnola 3 \/2018, del 5 dicembre (<i>Ley Org\u00e1nica de Protecci\u00f3n de Datos personales y Garant\u00eda de los Derechos Digitales<\/i> &#8211; LOPDGDD).<\/p>\n<p><b>Perch\u00e9 trattiamo i tuoi dati personali?<\/b> Per sono necessari per mantenere un rapporto commerciale con l&#8217;utente. Le operazioni previste per effettuare il trattamento sono:<\/p>\n<ul>\n<li>Invio di comunicazioni pubblicitarie commerciali tramite e-mail, fax, SMS, MMS, <i>social network<\/i> o qualsiasi altro mezzo elettronico o fisico, presente o futuro, che consenta comunicazioni commerciali. Tali comunicazioni saranno effettuate dal RESPONSABILE e riguarderanno i suoi prodotti e servizi, ovvero quelli dei suoi collaboratori o dei suoi fornitori, con i quali ha raggiunto un accordo di promozione. In tal caso detti soggetti terzi non avranno mai accesso ai dati personali.<\/li>\n<li>Effettuare ricerche di mercato e analisi statistiche.<\/li>\n<li>Elaborare ordini, richieste, rispondere a quesiti o a qualsiasi tipo di richiesta effettuata dall&#8217;UTENTE tramite uno qualsiasi dei moduli di contatto messi a disposizione sul sito web del RESPONSABILE.<\/li>\n<li>Inviare la newsletter online su novit\u00e0, offerte e promozioni della nostra attivit\u00e0.<\/li>\n<\/ul>\n<p><b>Per quale motivo possiamo trattare i tuoi dati personali?<\/b> Perch\u00e9 il trattamento \u00e8 legittimato dall&#8217;articolo 6 del GDPR nel seguente modo: Con il consenso dell&#8217;UTENTE: invio di comunicazioni commerciali e newsletter. Per il legittimo interesse del RESPONSABILE: effettuare studi di mercato, analisi statistiche, ecc.; ed elaborare ordini, richieste, ecc. su richiesta dell&#8217;UTENTE.<\/p>\n<p><b>Per quanto tempo conserveremo i tuoi dati personali?<\/b> Saranno conservati non oltre il tempo necessario a mantenere la finalit\u00e0 del trattamento o a espletare prescrizioni legali che ne impongano la conservazione. Quando tale conservazione non sar\u00e0 pi\u00f9 necessaria verranno cancellati con adeguate misure di sicurezza atte a garantire l&#8217;anonimato dei dati, ovvero la distruzione totale degli stessi.<\/p>\n<p><b>A chi forniamo i tuoi dati personali?<\/b> Non \u00e8 prevista alcuna comunicazione dei dati personali a soggetti terzi se non, e solo ove necessario per lo sviluppo e l&#8217;esecuzione delle finalit\u00e0 del trattamento, ai nostri fornitori di servizi collegati alle comunicazioni, con i quali il RESPONSABILE ha sottoscritto i contratti di confidenzialit\u00e0 e di responsabile del trattamento cos\u00ec come previsto dalla vigente normativa sulla privacy.<\/p>\n<p><b>Quali sono i tuoi diritti?<\/b> I diritti a tutela dell&#8217;UTENTE sono:<\/p>\n<ul>\n<li>Diritto di revoca del consenso in qualsiasi momento.<\/li>\n<li>Diritto di accesso, rettifica, portabilit\u00e0 e cancellazione dei propri dati e di limitazione o di opposizione al loro trattamento.<\/li>\n<li>Diritto di presentazione di reclami presso l&#8217;Autorit\u00e0 spagnola di controllo (www.aepd.es) qualora si ritenga che il trattamento non sia conforme alla normativa vigente.<\/li>\n<\/ul>\n<p>Informazioni di contatto per l&#8217;esercizio dei propri diritti:<\/p>\nVAELLO CAMPOS, S.L<br \/>\nP. Ind. Serrans IV C\/Pl\u00e0stic, 2 &#8211; 46812 &#8211; Aielo de Malferit &#8211; Valencia &#8211; Spagna<br \/>\ne-mail: comercial@vaellocampos.com\n<b>2. NATURA OBBLIGATORIA O FACOLTATIVA DELLE INFORMAZIONI FORNITE DALL&#8217;UTENTE<\/b><br \/>\nL&#8217;UTENTE, spuntando le corrispondenti caselle e inserendo i propri dati nei vari campi, contrassegnati da un asterisco (*) nel modulo di contatto o presentati nei moduli di download, accetta espressamente, liberamente e inequivocabilmente che i propri dati sono necessari per soddisfare la sua richiesta, da parte del fornitore, mentre l&#8217;inserimento dei dati nei restanti campi \u00e8 volontario. L&#8217;UTENTE garantisce la veridicit\u00e0 dei dati personali forniti al RESPONSABILE ed \u00e8 tenuto a comunicare eventuali modifiche degli stessi.\n<p>Il RESPONSABILE informa che tutti i dati richiesti tramite il sito web sono obbligatori, in quanto necessari per la fornitura di un servizio ottimale all&#8217;UTENTE. Nel caso in cui non vengano forniti tutti i dati, non \u00e8 garantito che le informazioni e i servizi forniti saranno completamente adattati alle sue esigenze.<\/p>\n<b>3. MISURE DI SICUREZZA<\/b><br \/>\nIn conformit\u00e0 a quanto previsto dalla normativa vigente in materia di protezione dei dati personali, il RESPONSABILE si attiene a tutte le disposizioni del succitati GDPR e LOPDGDD per il trattamento dei dati personali sotto la propria responsabilit\u00e0, e in perfetta sintonia con i principi descritti nell&#8217;articolo 5 del GDPR , per i quali detti dati sono trattati in modo lecito, leale e trasparente nei confronti dell&#8217;interessato e di questi vengono raccolti solo i dati ritenuti adeguati, pertinenti e limitati a quanto necessario rispetto alle finalit\u00e0 per le quali sono trattati.\n<p>Il RESPONSABILE garantisce di aver attuato politiche tecniche e organizzative adeguate ad applicare le misure di sicurezza stabilite dal GDPR e dalla LOPDGDD al fine di proteggere i diritti e le libert\u00e0 degli UTENTI e ha comunicato le informazioni appropriate affinch\u00e9 questi possano esercitarli.<\/p>\n<p>Per maggiori informazioni sulle garanzie sulla privacy \u00e8 possibile in ogni momento contattare il RESPONSABILE:<\/p>\nVAELLO CAMPOS, S.L<br \/>\nP.Ind. Serrans IV C\/Pl\u00e0stic, 2 46812 Aielo de Malferit &#8211; Valencia &#8211; Spagna<br \/>\nE-mail: comercial@vaellocampos.com\n\n","protected":false},"excerpt":{"rendered":"<p>Politica sulla privacy Chi \u00e8 responsabile del trattamento dei tuoi dati personali? [&hellip;]<\/p>\n","protected":false},"author":1,"featured_media":0,"parent":0,"menu_order":0,"comment_status":"closed","ping_status":"closed","template":"","meta":{"_uag_custom_page_level_css":"","_trash_the_other_posts":false,"site-sidebar-layout":"default","site-content-layout":"default","ast-site-content-layout":"default","site-content-style":"default","site-sidebar-style":"default","ast-global-header-display":"","ast-banner-title-visibility":"","ast-main-header-display":"","ast-hfb-above-header-display":"","ast-hfb-below-header-display":"","ast-hfb-mobile-header-display":"","site-post-title":"disabled","ast-breadcrumbs-content":"disabled","ast-featured-img":"","footer-sml-layout":"","theme-transparent-header-meta":"default","adv-header-id-meta":"","stick-header-meta":"default","header-above-stick-meta":"","header-main-stick-meta":"","header-below-stick-meta":"","astra-migrate-meta-layouts":"default","ast-page-background-enabled":"default","ast-page-background-meta":{"desktop":{"background-color":"","background-image":"","background-repeat":"repeat","background-position":"center center","background-size":"auto","background-attachment":"scroll","background-type":"","background-media":"","overlay-type":"","overlay-color":"","overlay-opacity":"","overlay-gradient":""},"tablet":{"background-color":"","background-image":"","background-repeat":"repeat","background-position":"center center","background-size":"auto","background-attachment":"scroll","background-type":"","background-media":"","overlay-type":"","overlay-color":"","overlay-opacity":"","overlay-gradient":""},"mobile":{"background-color":"","background-image":"","background-repeat":"repeat","background-position":"center center","background-size":"auto","background-attachment":"scroll","background-type":"","background-media":"","overlay-type":"","overlay-color":"","overlay-opacity":"","overlay-gradient":""}},"ast-content-background-meta":{"desktop":{"background-color":"var(--ast-global-color-5)","background-image":"","background-repeat":"repeat","background-position":"center center","background-size":"auto","background-attachment":"scroll","background-type":"","background-media":"","overlay-type":"","overlay-color":"","overlay-opacity":"","overlay-gradient":""},"tablet":{"background-color":"var(--ast-global-color-5)","background-image":"","background-repeat":"repeat","background-position":"center center","background-size":"auto","background-attachment":"scroll","background-type":"","background-media":"","overlay-type":"","overlay-color":"","overlay-opacity":"","overlay-gradient":""},"mobile":{"background-color":"var(--ast-global-color-5)","background-image":"","background-repeat":"repeat","background-position":"center center","background-size":"auto","background-attachment":"scroll","background-type":"","background-media":"","overlay-type":"","overlay-color":"","overlay-opacity":"","overlay-gradient":""}},"editor_notices":[],"footnotes":""},"class_list":["post-51","page","type-page","status-publish","hentry"],"yoast_head":"<!-- This site is optimized with the Yoast SEO plugin v25.3.1 - https:\/\/yoast.com\/wordpress\/plugins\/seo\/ -->\n<title>Politica sulla riservatezza - PAELLAS LA VALENCIANA | Customer Cooking Instruments<\/title>\n<meta name=\"robots\" content=\"index, follow, max-snippet:-1, max-image-preview:large, max-video-preview:-1\" \/>\n<link rel=\"canonical\" href=\"https:\/\/vaellocampos.com\/it\/politica-sulla-riservatezza\/\" \/>\n<meta property=\"og:locale\" content=\"it_IT\" \/>\n<meta property=\"og:type\" content=\"article\" \/>\n<meta property=\"og:title\" content=\"Politica sulla riservatezza - PAELLAS LA VALENCIANA | Customer Cooking Instruments\" \/>\n<meta property=\"og:description\" content=\"Politica sulla privacy Chi \u00e8 responsabile del trattamento dei tuoi dati personali? [&hellip;]\" \/>\n<meta property=\"og:url\" content=\"https:\/\/vaellocampos.com\/it\/politica-sulla-riservatezza\/\" \/>\n<meta property=\"og:site_name\" content=\"PAELLAS LA VALENCIANA | Customer Cooking Instruments\" \/>\n<meta property=\"article:modified_time\" content=\"2021-06-21T09:11:23+00:00\" \/>\n<meta name=\"twitter:card\" content=\"summary_large_image\" \/>\n<meta name=\"twitter:label1\" content=\"Tempo di lettura stimato\" \/>\n\t<meta name=\"twitter:data1\" content=\"4 minuti\" \/>\n<script type=\"application\/ld+json\" class=\"yoast-schema-graph\">{\"@context\":\"https:\/\/schema.org\",\"@graph\":[{\"@type\":\"WebPage\",\"@id\":\"https:\/\/vaellocampos.com\/it\/politica-sulla-riservatezza\/\",\"url\":\"https:\/\/vaellocampos.com\/it\/politica-sulla-riservatezza\/\",\"name\":\"Politica sulla riservatezza - PAELLAS LA VALENCIANA | Customer Cooking Instruments\",\"isPartOf\":{\"@id\":\"https:\/\/vaellocampos.com\/it\/#website\"},\"datePublished\":\"2021-02-22T18:48:29+00:00\",\"dateModified\":\"2021-06-21T09:11:23+00:00\",\"breadcrumb\":{\"@id\":\"https:\/\/vaellocampos.com\/it\/politica-sulla-riservatezza\/#breadcrumb\"},\"inLanguage\":\"it-IT\",\"potentialAction\":[{\"@type\":\"ReadAction\",\"target\":[\"https:\/\/vaellocampos.com\/it\/politica-sulla-riservatezza\/\"]}]},{\"@type\":\"BreadcrumbList\",\"@id\":\"https:\/\/vaellocampos.com\/it\/politica-sulla-riservatezza\/#breadcrumb\",\"itemListElement\":[{\"@type\":\"ListItem\",\"position\":1,\"name\":\"Portada\",\"item\":\"https:\/\/vaellocampos.com\/it\/\"},{\"@type\":\"ListItem\",\"position\":2,\"name\":\"Politica sulla riservatezza\"}]},{\"@type\":\"WebSite\",\"@id\":\"https:\/\/vaellocampos.com\/it\/#website\",\"url\":\"https:\/\/vaellocampos.com\/it\/\",\"name\":\"PAELLAS LA VALENCIANA | Customer Cooking Instruments\",\"description\":\"Paellas, sartenes, cazuelas, asadoras... La Valenciana desde 1950 pone a disposici\u00f3n de sus clientes una extensa gama de productos\",\"publisher\":{\"@id\":\"https:\/\/vaellocampos.com\/it\/#organization\"},\"potentialAction\":[{\"@type\":\"SearchAction\",\"target\":{\"@type\":\"EntryPoint\",\"urlTemplate\":\"https:\/\/vaellocampos.com\/it\/?s={search_term_string}\"},\"query-input\":{\"@type\":\"PropertyValueSpecification\",\"valueRequired\":true,\"valueName\":\"search_term_string\"}}],\"inLanguage\":\"it-IT\"},{\"@type\":\"Organization\",\"@id\":\"https:\/\/vaellocampos.com\/it\/#organization\",\"name\":\"PAELLAS LA VALENCIANA | Customer Cooking Instruments\",\"url\":\"https:\/\/vaellocampos.com\/it\/\",\"logo\":{\"@type\":\"ImageObject\",\"inLanguage\":\"it-IT\",\"@id\":\"https:\/\/vaellocampos.com\/it\/#\/schema\/logo\/image\/\",\"url\":\"https:\/\/vaellocampos.com\/it\/wp-content\/uploads\/sites\/5\/cropped-logo-menuprincipal.png\",\"contentUrl\":\"https:\/\/vaellocampos.com\/it\/wp-content\/uploads\/sites\/5\/cropped-logo-menuprincipal.png\",\"width\":131,\"height\":67,\"caption\":\"PAELLAS LA VALENCIANA | Customer Cooking Instruments\"},\"image\":{\"@id\":\"https:\/\/vaellocampos.com\/it\/#\/schema\/logo\/image\/\"}}]}<\/script>\n<!-- \/ Yoast SEO plugin. -->","yoast_head_json":{"title":"Politica sulla riservatezza - PAELLAS LA VALENCIANA | Customer Cooking Instruments","robots":{"index":"index","follow":"follow","max-snippet":"max-snippet:-1","max-image-preview":"max-image-preview:large","max-video-preview":"max-video-preview:-1"},"canonical":"https:\/\/vaellocampos.com\/it\/politica-sulla-riservatezza\/","og_locale":"it_IT","og_type":"article","og_title":"Politica sulla riservatezza - PAELLAS LA VALENCIANA | Customer Cooking Instruments","og_description":"Politica sulla privacy Chi \u00e8 responsabile del trattamento dei tuoi dati personali? [&hellip;]","og_url":"https:\/\/vaellocampos.com\/it\/politica-sulla-riservatezza\/","og_site_name":"PAELLAS LA VALENCIANA | Customer Cooking Instruments","article_modified_time":"2021-06-21T09:11:23+00:00","twitter_card":"summary_large_image","twitter_misc":{"Tempo di lettura stimato":"4 minuti"},"schema":{"@context":"https:\/\/schema.org","@graph":[{"@type":"WebPage","@id":"https:\/\/vaellocampos.com\/it\/politica-sulla-riservatezza\/","url":"https:\/\/vaellocampos.com\/it\/politica-sulla-riservatezza\/","name":"Politica sulla riservatezza - PAELLAS LA VALENCIANA | Customer Cooking Instruments","isPartOf":{"@id":"https:\/\/vaellocampos.com\/it\/#website"},"datePublished":"2021-02-22T18:48:29+00:00","dateModified":"2021-06-21T09:11:23+00:00","breadcrumb":{"@id":"https:\/\/vaellocampos.com\/it\/politica-sulla-riservatezza\/#breadcrumb"},"inLanguage":"it-IT","potentialAction":[{"@type":"ReadAction","target":["https:\/\/vaellocampos.com\/it\/politica-sulla-riservatezza\/"]}]},{"@type":"BreadcrumbList","@id":"https:\/\/vaellocampos.com\/it\/politica-sulla-riservatezza\/#breadcrumb","itemListElement":[{"@type":"ListItem","position":1,"name":"Portada","item":"https:\/\/vaellocampos.com\/it\/"},{"@type":"ListItem","position":2,"name":"Politica sulla riservatezza"}]},{"@type":"WebSite","@id":"https:\/\/vaellocampos.com\/it\/#website","url":"https:\/\/vaellocampos.com\/it\/","name":"PAELLAS LA VALENCIANA | Customer Cooking Instruments","description":"Paellas, sartenes, cazuelas, asadoras... La Valenciana desde 1950 pone a disposici\u00f3n de sus clientes una extensa gama de productos","publisher":{"@id":"https:\/\/vaellocampos.com\/it\/#organization"},"potentialAction":[{"@type":"SearchAction","target":{"@type":"EntryPoint","urlTemplate":"https:\/\/vaellocampos.com\/it\/?s={search_term_string}"},"query-input":{"@type":"PropertyValueSpecification","valueRequired":true,"valueName":"search_term_string"}}],"inLanguage":"it-IT"},{"@type":"Organization","@id":"https:\/\/vaellocampos.com\/it\/#organization","name":"PAELLAS LA VALENCIANA | Customer Cooking Instruments","url":"https:\/\/vaellocampos.com\/it\/","logo":{"@type":"ImageObject","inLanguage":"it-IT","@id":"https:\/\/vaellocampos.com\/it\/#\/schema\/logo\/image\/","url":"https:\/\/vaellocampos.com\/it\/wp-content\/uploads\/sites\/5\/cropped-logo-menuprincipal.png","contentUrl":"https:\/\/vaellocampos.com\/it\/wp-content\/uploads\/sites\/5\/cropped-logo-menuprincipal.png","width":131,"height":67,"caption":"PAELLAS LA VALENCIANA | Customer Cooking Instruments"},"image":{"@id":"https:\/\/vaellocampos.com\/it\/#\/schema\/logo\/image\/"}}]}},"uagb_featured_image_src":{"full":false,"thumbnail":false,"medium":false,"medium_large":false,"large":false,"1536x1536":false,"2048x2048":false},"uagb_author_info":{"display_name":"admin","author_link":"https:\/\/vaellocampos.com\/it\/author\/o2estudio_3k3rco7w\/"},"uagb_comment_info":0,"uagb_excerpt":"Politica sulla privacy Chi \u00e8 responsabile del trattamento dei tuoi dati personali? [&hellip;]","_links":{"self":[{"href":"https:\/\/vaellocampos.com\/it\/wp-json\/wp\/v2\/pages\/51","targetHints":{"allow":["GET"]}}],"collection":[{"href":"https:\/\/vaellocampos.com\/it\/wp-json\/wp\/v2\/pages"}],"about":[{"href":"https:\/\/vaellocampos.com\/it\/wp-json\/wp\/v2\/types\/page"}],"author":[{"embeddable":true,"href":"https:\/\/vaellocampos.com\/it\/wp-json\/wp\/v2\/users\/1"}],"replies":[{"embeddable":true,"href":"https:\/\/vaellocampos.com\/it\/wp-json\/wp\/v2\/comments?post=51"}],"version-history":[{"count":4,"href":"https:\/\/vaellocampos.com\/it\/wp-json\/wp\/v2\/pages\/51\/revisions"}],"predecessor-version":[{"id":2448,"href":"https:\/\/vaellocampos.com\/it\/wp-json\/wp\/v2\/pages\/51\/revisions\/2448"}],"wp:attachment":[{"href":"https:\/\/vaellocampos.com\/it\/wp-json\/wp\/v2\/media?parent=51"}],"curies":[{"name":"wp","href":"https:\/\/api.w.org\/{rel}","templated":true}]}}