{"id":55,"date":"2021-02-22T19:48:55","date_gmt":"2021-02-22T18:48:55","guid":{"rendered":"https:\/\/vaellocampos.com\/?page_id=55"},"modified":"2022-06-21T14:01:52","modified_gmt":"2022-06-21T12:01:52","slug":"avviso-legale","status":"publish","type":"page","link":"https:\/\/vaellocampos.com\/it\/avviso-legale\/","title":{"rendered":"Avviso legale"},"content":{"rendered":"\n<h2>\n\t\tAvviso legale\n\t<\/h2>\n\t<b>LEGGE SUI SERVIZI DELLA SOCIET\u00c0 DELL&#8217;INFORMAZIONE (LSSI)<\/b><br \/>\nLa VAELLO CAMPOS, SL, responsabile del sito Web, da qui in poi il RESPONSABILE, mette questo documento a disposizione degli utenti onde adempiere agli obblighi previsti dalla legge spagnola 34\/2002, dell&#8217;11 luglio, sui Servizi della societ\u00e0 dell&#8217;informazione e del commercio elettronico (di seguito LSSICE), Legge pubblicata sul Bollettino Ufficiale Spagnolo (BOE) n. 166: Altres\u00ec, mediante il medesimo, vuole informare tutti gli utenti del sito Web in merito alle condizioni del suo utilizzo.\n<p>Chiunque acceda a questo sito web en assume il ruolo di utente, impegnandosi all&#8217;osservanza e al rispetto rigoroso delle disposizioni ivi previste, nonch\u00e9 di ogni altra disposizione di legge eventualmente applicabile.<\/p>\n<p>La VAELLO CAMPOS, SL, si riserva inoltre il diritto di modificare qualsiasi tipo di informazione che pu\u00f2 apparire sul sito Web, senza alcun obbligo di notifica anticipata o di informazione agli utenti di tali obblighi, considerando sufficiente la pubblicazione sul sito Web della VAELLO CAMPOS, SL,<\/p>\n<b>1. DATI IDENTIFICATIVI<\/b><br \/>\nNome del dominio: www.vaellocampos.com\u00a0<br \/>\nDenominazione commerciale: La Valenciana<br \/>\nRagione sociale: VAELLO CAMPOS, SL<br \/>\nNumero di P. IVA spagnolo (CIF): B46307872<br \/>\nSede legale: P. Ind. Serrans IV C \/ Pl\u00e0stic, 2 &#8211; 46812 &#8211; Aielo de Malferit &#8211; Valencia &#8211; Spagna\u00a0<br \/>\nTelefono: (+34) 962 91 30 03<br \/>\ne-mail: <a href=\"mailto:comercial@vaellocampos.com\">comercial@vaellocampos.com<\/a><br \/>\nAzienda iscritta al Registro delle Imprese di Valencia, Volume 4333, Generale 1645, Folio 52, Iscrizione V-22303.\n<b>2. DIRITTI DI PROPRIET\u00c0 INTELLETTUALE E INDUSTRIALE<\/b><br \/>\nL&#8217;intero sito Web, includendovi a titolo esemplificativo ma non esaustivo la sua programmazione, la sua modifica, la sua compilazione e altri elementi necessari per il suo funzionamento, il design, i loghi, il testo e\/o la grafica, ecc., sono tutti elementi di propriet\u00e0 del RESPONSABILE o, se opportuno, sono dotati di licenza o di autorizzazione espressa da parte dei rispettivi autori. Tutti i contenuti del sito sono debitamente protetti dalle norme sulla propriet\u00e0 intellettuale e industriale, nonch\u00e9 iscritti nei corrispondenti pubblici registri.\n<p>Indipendentemente dallo scopo per cui sono stati destinati, la riproduzione, l&#8217;uso, lo sfruttamento, la distribuzione e la commercializzazione, totale o parziale, dei suddetti elementi richiedono in ogni caso la preventiva autorizzazione scritta da parte del RESPONSABILE. Qualsiasi utilizzo non previamente autorizzato \u00e8 considerato una grave violazione dei diritti della propriet\u00e0 intellettuale e\/o industriale dell&#8217;autore.<\/p>\n<p>Il design, i loghi, i testi e\/o le grafiche non di propriet\u00e0 del RESPONSABILE che dovessero apparire nel sito web, appartengono ai rispettivi proprietari, i quali sono essi stessi responsabili di ogni eventuale controversia che dovesse insorgere al loro riguardo. Il RESPONSABILE autorizza espressamente i terzi a reindirizzare direttamente ai contenuti specifici del sito web e comunque a reindirizzare al sito principale www.vaellocampos.com.<\/p>\n<p>Il RESPONSABILE riconosce a favore dei loro titolari i rispettivi diritti di propriet\u00e0 intellettuale e industriale, la loro semplice menzione o comparsa nel sito non implica l&#8217;esistenza di alcun diritto o responsabilit\u00e0 sugli stessi, n\u00e9 implica avallo, patrocinio o raccomandazione da parte degli stessi.<\/p>\n<p>Per effettuare qualsiasi tipo di osservazione in merito a eventuali violazioni dei diritti di propriet\u00e0 intellettuale e\/o industriale, nonch\u00e9 su qualsiasi contenuto del sito Web, \u00e8 possibile inviare un&#8217;email a: comercial@vaellocampos.com.<\/p>\n<b>3. ESONERO DA RESPONSABILIT\u00c0<\/b><br \/>\nIl RESPONSABILE \u00e8 esonerato da qualsiasi tipo di responsabilit\u00e0 derivante dalle informazioni pubblicate sul proprio sito web nei casi in cui dette informazioni siano state manipolate o inserite da terzi.\u00a0\n<b>Uso dei cookie<\/b><br \/>\nQuesto sito web pu\u00f2 utilizzare cookie tecnici (piccoli file informativi che il server invia al computer di chi accede al sito) per svolgere determinate funzioni ritenute essenziali per il corretto funzionamento e\/o visualizzazione del sito. I cookie utilizzati sono, comunque, di natura temporanea, utili al solo fine di rendere pi\u00f9 efficiente la navigazione, e svaniscono al termine della sessione dell&#8217;utente. In nessun caso questi cookie possono trasmettere dati personali dell&#8217;utente, n\u00e9 saranno verranno utilizzati per raccoglierli.\n<p>Attraverso l&#8217;uso dei cookie \u00e8 inoltre possibile che il server in cui \u00e8 alloggiato il sito riconosca il browser utilizzato dall&#8217;utente al fine di rendere pi\u00f9 agevole la navigazione, consentendo, ad esempio, l&#8217;accesso da parte di utenti che si siano precedentemente registrati alle aree, servizi, promozioni o concorsi riservati esclusivamente a loro senza perci\u00f2 doversi registrare ad ogni accesso. Possono inoltre essere utilizzati anche per misurare l&#8217;audience, i parametri di traffico, controllare l&#8217;andamento e il numero di inserimenti, ecc., trattandosi in questi casi di cookie non necessari da un punto di vista tecnico, ma comunque di estrema utilit\u00e0 per l&#8217;utente.<\/p>\n<p>Questo sito non installer\u00e0 mai cookie indispensabili senza il preventivo consenso da parte dell&#8217;utente.<\/p>\n<p>L&#8217;utente ha la possibilit\u00e0 infine di configurare il proprio browser per essere avvisato del ricevimento di cookie e per impedirne l&#8217;installazione sul proprio computer. Si prega di consultare le istruzioni del proprio browser per ulteriori informazioni sull&#8217;argomento.<\/p>\n<b>Politiche sui link esterni<\/b><br \/>\nDal sito Web l&#8217;utente potrebbe essere reindirizzato a contenuti di siti Web di parti terze. Dato che il RESPONSABILE non pu\u00f2 sempre controllare i contenuti inseriti da terzi sui rispettivi siti web, non si assume alcun tipo di responsabilit\u00e0 in merito a tali contenuti. In ogni caso, qualora fosse a conoscenza di contenuti inadeguati a cui si rimanda dal suo sito web, s\u00ec proceder\u00e0 all&#8217;immediato ritiro di qualsiasi contenuto che possa contravvenire alla legislazione nazionale o internazionale, ai diritti di terzi e\/o ad ogni possibile lesione alla morale o all&#8217;ordine pubblico, mediante immediato ritiro del reindirizzamento a detto sito, informando altres\u00ec le autorit\u00e0 competenti del contenuto in questione.\n<p>Il RESPONSABILE non \u00e8 responsabile delle informazioni e dei contenuti archiviati, detto qui a titolo esemplificativo ma non esaustivo, in forum, chat, blog, commenti, social network o qualsiasi altro mezzo che consenta a terzi di pubblicare contenuti in modo autonomo sul sito web.\u00a0<\/p>\n<p>Tuttavia il RESPONSABILE, nel rispetto di quanto previsto dagli articoli 11 e 16 della suddetta LSSICE, \u00e8 a disposizione di tutti gli utenti, autorit\u00e0 e forze dell&#8217;ordine, offrendo la propria collaborazione attiva qualora fosse necessario il ritiro e\/o il blocco di tutti quei contenuti che possano influenzare o violare la legislazione nazionale o internazionale, i diritti di terzi, la morale e\/o l&#8217;ordine pubblico. Nel caso in cui l&#8217;utente ritenga che sul sito Web siano presenti contenuti che potrebbero essere soggetti a questa classificazione, si prega di informarne immediatamente l&#8217;amministratore.<\/p>\n<p>Questo sito Web \u00e8 stato rivisto e testato onde garantirne il corretto funzionamento. In linea di principio detto funzionamento potr\u00e0 essere garantito 365 giorni all&#8217;anno, 24 ore al giorno. Tuttavia il REPONSABILE non esclude la possibilit\u00e0 di eventuali errori di programmazione, nonch\u00e9 il verificarsi di cause di forza maggiore, calamit\u00e0 naturali, scioperi e\/o circostanze analoghe che rendano impossibile l&#8217;accesso al sito.<\/p>\n<b>Indirizzi IP<\/b><br \/>\nI server del sito web saranno in grado di rilevare automaticamente l&#8217;indirizzo IP e il nome di dominio utilizzati dall&#8217;utente. Un indirizzo IP \u00e8 un numero assegnato automaticamente a un computer quando questo \u00e8 collegato ad Internet. Tutte queste informazioni vengono registrate in un file di attivit\u00e0 del server debitamente autorizzato che permette la successiva elaborazione dei dati al fine di ottenere solo misurazioni statistiche che a sua volta consentono di conoscere il numero di stampe di pagina, il numero di visite effettuate ai server, l&#8217;ordine delle visite, il punto di accesso, ecc.\n<b>4. NORMATIVA DI RIFERIMENTO E AMBITI GIURISDIZIONALI<\/b><br \/>\nPer la risoluzione di tutte le controversie o questioni relative a questo sito Web o alle attivit\u00e0 in esso svolte, sar\u00e0 applicata la legislazione spagnola, alla quale le parti si sottomettono espressamente, essendo competente a risolvere tutti i conflitti derivati o relativi al suo utilizzo gli organi giurisdizionali competenti per l&#8217;ambito territoriale della citt\u00e0 spagnola di Ontinyent (provincia di Valencia).\n\n","protected":false},"excerpt":{"rendered":"<p>Avviso legale LEGGE SUI SERVIZI DELLA SOCIET\u00c0 DELL&#8217;INFORMAZIONE (LSSI) La VAELLO CAMPOS, [&hellip;]<\/p>\n","protected":false},"author":1,"featured_media":0,"parent":0,"menu_order":0,"comment_status":"closed","ping_status":"closed","template":"","meta":{"_uag_custom_page_level_css":"","_trash_the_other_posts":false,"site-sidebar-layout":"default","site-content-layout":"default","ast-site-content-layout":"default","site-content-style":"default","site-sidebar-style":"default","ast-global-header-display":"","ast-banner-title-visibility":"","ast-main-header-display":"","ast-hfb-above-header-display":"","ast-hfb-below-header-display":"","ast-hfb-mobile-header-display":"","site-post-title":"disabled","ast-breadcrumbs-content":"disabled","ast-featured-img":"","footer-sml-layout":"","theme-transparent-header-meta":"default","adv-header-id-meta":"","stick-header-meta":"default","header-above-stick-meta":"","header-main-stick-meta":"","header-below-stick-meta":"","astra-migrate-meta-layouts":"default","ast-page-background-enabled":"default","ast-page-background-meta":{"desktop":{"background-color":"","background-image":"","background-repeat":"repeat","background-position":"center center","background-size":"auto","background-attachment":"scroll","background-type":"","background-media":"","overlay-type":"","overlay-color":"","overlay-opacity":"","overlay-gradient":""},"tablet":{"background-color":"","background-image":"","background-repeat":"repeat","background-position":"center center","background-size":"auto","background-attachment":"scroll","background-type":"","background-media":"","overlay-type":"","overlay-color":"","overlay-opacity":"","overlay-gradient":""},"mobile":{"background-color":"","background-image":"","background-repeat":"repeat","background-position":"center center","background-size":"auto","background-attachment":"scroll","background-type":"","background-media":"","overlay-type":"","overlay-color":"","overlay-opacity":"","overlay-gradient":""}},"ast-content-background-meta":{"desktop":{"background-color":"var(--ast-global-color-5)","background-image":"","background-repeat":"repeat","background-position":"center center","background-size":"auto","background-attachment":"scroll","background-type":"","background-media":"","overlay-type":"","overlay-color":"","overlay-opacity":"","overlay-gradient":""},"tablet":{"background-color":"var(--ast-global-color-5)","background-image":"","background-repeat":"repeat","background-position":"center center","background-size":"auto","background-attachment":"scroll","background-type":"","background-media":"","overlay-type":"","overlay-color":"","overlay-opacity":"","overlay-gradient":""},"mobile":{"background-color":"var(--ast-global-color-5)","background-image":"","background-repeat":"repeat","background-position":"center center","background-size":"auto","background-attachment":"scroll","background-type":"","background-media":"","overlay-type":"","overlay-color":"","overlay-opacity":"","overlay-gradient":""}},"editor_notices":[],"footnotes":""},"class_list":["post-55","page","type-page","status-publish","hentry"],"yoast_head":"<!-- This site is optimized with the Yoast SEO plugin v25.3.1 - https:\/\/yoast.com\/wordpress\/plugins\/seo\/ -->\n<title>Avviso legale - PAELLAS LA VALENCIANA | Customer Cooking Instruments<\/title>\n<meta name=\"robots\" content=\"index, follow, max-snippet:-1, max-image-preview:large, max-video-preview:-1\" \/>\n<link rel=\"canonical\" href=\"https:\/\/vaellocampos.com\/it\/avviso-legale\/\" \/>\n<meta property=\"og:locale\" content=\"it_IT\" \/>\n<meta property=\"og:type\" content=\"article\" \/>\n<meta property=\"og:title\" content=\"Avviso legale - PAELLAS LA VALENCIANA | Customer Cooking Instruments\" \/>\n<meta property=\"og:description\" content=\"Avviso legale LEGGE SUI SERVIZI DELLA SOCIET\u00c0 DELL&#8217;INFORMAZIONE (LSSI) La VAELLO CAMPOS, [&hellip;]\" \/>\n<meta property=\"og:url\" content=\"https:\/\/vaellocampos.com\/it\/avviso-legale\/\" \/>\n<meta property=\"og:site_name\" content=\"PAELLAS LA VALENCIANA | Customer Cooking Instruments\" \/>\n<meta property=\"article:modified_time\" content=\"2022-06-21T12:01:52+00:00\" \/>\n<meta name=\"twitter:card\" content=\"summary_large_image\" \/>\n<meta name=\"twitter:label1\" content=\"Tempo di lettura stimato\" \/>\n\t<meta name=\"twitter:data1\" content=\"6 minuti\" \/>\n<script type=\"application\/ld+json\" class=\"yoast-schema-graph\">{\"@context\":\"https:\/\/schema.org\",\"@graph\":[{\"@type\":\"WebPage\",\"@id\":\"https:\/\/vaellocampos.com\/it\/avviso-legale\/\",\"url\":\"https:\/\/vaellocampos.com\/it\/avviso-legale\/\",\"name\":\"Avviso legale - PAELLAS LA VALENCIANA | Customer Cooking Instruments\",\"isPartOf\":{\"@id\":\"https:\/\/vaellocampos.com\/it\/#website\"},\"datePublished\":\"2021-02-22T18:48:55+00:00\",\"dateModified\":\"2022-06-21T12:01:52+00:00\",\"breadcrumb\":{\"@id\":\"https:\/\/vaellocampos.com\/it\/avviso-legale\/#breadcrumb\"},\"inLanguage\":\"it-IT\",\"potentialAction\":[{\"@type\":\"ReadAction\",\"target\":[\"https:\/\/vaellocampos.com\/it\/avviso-legale\/\"]}]},{\"@type\":\"BreadcrumbList\",\"@id\":\"https:\/\/vaellocampos.com\/it\/avviso-legale\/#breadcrumb\",\"itemListElement\":[{\"@type\":\"ListItem\",\"position\":1,\"name\":\"Portada\",\"item\":\"https:\/\/vaellocampos.com\/it\/\"},{\"@type\":\"ListItem\",\"position\":2,\"name\":\"Avviso legale\"}]},{\"@type\":\"WebSite\",\"@id\":\"https:\/\/vaellocampos.com\/it\/#website\",\"url\":\"https:\/\/vaellocampos.com\/it\/\",\"name\":\"PAELLAS LA VALENCIANA | Customer Cooking Instruments\",\"description\":\"Paellas, sartenes, cazuelas, asadoras... La Valenciana desde 1950 pone a disposici\u00f3n de sus clientes una extensa gama de productos\",\"publisher\":{\"@id\":\"https:\/\/vaellocampos.com\/it\/#organization\"},\"potentialAction\":[{\"@type\":\"SearchAction\",\"target\":{\"@type\":\"EntryPoint\",\"urlTemplate\":\"https:\/\/vaellocampos.com\/it\/?s={search_term_string}\"},\"query-input\":{\"@type\":\"PropertyValueSpecification\",\"valueRequired\":true,\"valueName\":\"search_term_string\"}}],\"inLanguage\":\"it-IT\"},{\"@type\":\"Organization\",\"@id\":\"https:\/\/vaellocampos.com\/it\/#organization\",\"name\":\"PAELLAS LA VALENCIANA | Customer Cooking Instruments\",\"url\":\"https:\/\/vaellocampos.com\/it\/\",\"logo\":{\"@type\":\"ImageObject\",\"inLanguage\":\"it-IT\",\"@id\":\"https:\/\/vaellocampos.com\/it\/#\/schema\/logo\/image\/\",\"url\":\"https:\/\/vaellocampos.com\/it\/wp-content\/uploads\/sites\/5\/cropped-logo-menuprincipal.png\",\"contentUrl\":\"https:\/\/vaellocampos.com\/it\/wp-content\/uploads\/sites\/5\/cropped-logo-menuprincipal.png\",\"width\":131,\"height\":67,\"caption\":\"PAELLAS LA VALENCIANA | Customer Cooking Instruments\"},\"image\":{\"@id\":\"https:\/\/vaellocampos.com\/it\/#\/schema\/logo\/image\/\"}}]}<\/script>\n<!-- \/ Yoast SEO plugin. -->","yoast_head_json":{"title":"Avviso legale - PAELLAS LA VALENCIANA | Customer Cooking Instruments","robots":{"index":"index","follow":"follow","max-snippet":"max-snippet:-1","max-image-preview":"max-image-preview:large","max-video-preview":"max-video-preview:-1"},"canonical":"https:\/\/vaellocampos.com\/it\/avviso-legale\/","og_locale":"it_IT","og_type":"article","og_title":"Avviso legale - PAELLAS LA VALENCIANA | Customer Cooking Instruments","og_description":"Avviso legale LEGGE SUI SERVIZI DELLA SOCIET\u00c0 DELL&#8217;INFORMAZIONE (LSSI) La VAELLO CAMPOS, [&hellip;]","og_url":"https:\/\/vaellocampos.com\/it\/avviso-legale\/","og_site_name":"PAELLAS LA VALENCIANA | Customer Cooking Instruments","article_modified_time":"2022-06-21T12:01:52+00:00","twitter_card":"summary_large_image","twitter_misc":{"Tempo di lettura stimato":"6 minuti"},"schema":{"@context":"https:\/\/schema.org","@graph":[{"@type":"WebPage","@id":"https:\/\/vaellocampos.com\/it\/avviso-legale\/","url":"https:\/\/vaellocampos.com\/it\/avviso-legale\/","name":"Avviso legale - PAELLAS LA VALENCIANA | Customer Cooking Instruments","isPartOf":{"@id":"https:\/\/vaellocampos.com\/it\/#website"},"datePublished":"2021-02-22T18:48:55+00:00","dateModified":"2022-06-21T12:01:52+00:00","breadcrumb":{"@id":"https:\/\/vaellocampos.com\/it\/avviso-legale\/#breadcrumb"},"inLanguage":"it-IT","potentialAction":[{"@type":"ReadAction","target":["https:\/\/vaellocampos.com\/it\/avviso-legale\/"]}]},{"@type":"BreadcrumbList","@id":"https:\/\/vaellocampos.com\/it\/avviso-legale\/#breadcrumb","itemListElement":[{"@type":"ListItem","position":1,"name":"Portada","item":"https:\/\/vaellocampos.com\/it\/"},{"@type":"ListItem","position":2,"name":"Avviso legale"}]},{"@type":"WebSite","@id":"https:\/\/vaellocampos.com\/it\/#website","url":"https:\/\/vaellocampos.com\/it\/","name":"PAELLAS LA VALENCIANA | Customer Cooking Instruments","description":"Paellas, sartenes, cazuelas, asadoras... La Valenciana desde 1950 pone a disposici\u00f3n de sus clientes una extensa gama de productos","publisher":{"@id":"https:\/\/vaellocampos.com\/it\/#organization"},"potentialAction":[{"@type":"SearchAction","target":{"@type":"EntryPoint","urlTemplate":"https:\/\/vaellocampos.com\/it\/?s={search_term_string}"},"query-input":{"@type":"PropertyValueSpecification","valueRequired":true,"valueName":"search_term_string"}}],"inLanguage":"it-IT"},{"@type":"Organization","@id":"https:\/\/vaellocampos.com\/it\/#organization","name":"PAELLAS LA VALENCIANA | Customer Cooking Instruments","url":"https:\/\/vaellocampos.com\/it\/","logo":{"@type":"ImageObject","inLanguage":"it-IT","@id":"https:\/\/vaellocampos.com\/it\/#\/schema\/logo\/image\/","url":"https:\/\/vaellocampos.com\/it\/wp-content\/uploads\/sites\/5\/cropped-logo-menuprincipal.png","contentUrl":"https:\/\/vaellocampos.com\/it\/wp-content\/uploads\/sites\/5\/cropped-logo-menuprincipal.png","width":131,"height":67,"caption":"PAELLAS LA VALENCIANA | Customer Cooking Instruments"},"image":{"@id":"https:\/\/vaellocampos.com\/it\/#\/schema\/logo\/image\/"}}]}},"uagb_featured_image_src":{"full":false,"thumbnail":false,"medium":false,"medium_large":false,"large":false,"1536x1536":false,"2048x2048":false},"uagb_author_info":{"display_name":"admin","author_link":"https:\/\/vaellocampos.com\/it\/author\/o2estudio_3k3rco7w\/"},"uagb_comment_info":0,"uagb_excerpt":"Avviso legale LEGGE SUI SERVIZI DELLA SOCIET\u00c0 DELL&#8217;INFORMAZIONE (LSSI) La VAELLO CAMPOS, [&hellip;]","_links":{"self":[{"href":"https:\/\/vaellocampos.com\/it\/wp-json\/wp\/v2\/pages\/55","targetHints":{"allow":["GET"]}}],"collection":[{"href":"https:\/\/vaellocampos.com\/it\/wp-json\/wp\/v2\/pages"}],"about":[{"href":"https:\/\/vaellocampos.com\/it\/wp-json\/wp\/v2\/types\/page"}],"author":[{"embeddable":true,"href":"https:\/\/vaellocampos.com\/it\/wp-json\/wp\/v2\/users\/1"}],"replies":[{"embeddable":true,"href":"https:\/\/vaellocampos.com\/it\/wp-json\/wp\/v2\/comments?post=55"}],"version-history":[{"count":7,"href":"https:\/\/vaellocampos.com\/it\/wp-json\/wp\/v2\/pages\/55\/revisions"}],"predecessor-version":[{"id":2499,"href":"https:\/\/vaellocampos.com\/it\/wp-json\/wp\/v2\/pages\/55\/revisions\/2499"}],"wp:attachment":[{"href":"https:\/\/vaellocampos.com\/it\/wp-json\/wp\/v2\/media?parent=55"}],"curies":[{"name":"wp","href":"https:\/\/api.w.org\/{rel}","templated":true}]}}