{"id":1354,"date":"2021-03-16T21:19:49","date_gmt":"2021-03-16T20:19:49","guid":{"rendered":"https:\/\/vaellocampos.com\/?page_id=1354"},"modified":"2025-02-18T08:57:47","modified_gmt":"2025-02-18T07:57:47","slug":"dicas","status":"publish","type":"page","link":"https:\/\/vaellocampos.com\/pt\/dicas\/","title":{"rendered":"Dicas"},"content":{"rendered":"\n\n\t[ Vamos aprender ]<br \/>\nNossos v\u00eddeos demonstrativos<br \/>\nO Valenciana OS apresenta nesta se\u00e7\u00e3o, um conjunto de v\u00eddeos demonstrativos em que mostraremos de maneira simples como nossos produtos s\u00e3o usados, como eles s\u00e3o mantidos &#8230; Esperamos que voc\u00ea goste deles e seja \u00fatil.\n\t\t\t\t\t<a href=\"https:\/\/www.youtube.com\/watch?v=inM0QnfZIII\" aria-label=\"uabb-video-gallery\" data-fancybox=\"uabb-video-gallery\" data-url=\"https:\/\/www.youtube.com\/embed\/inM0QnfZIII?autoplay=1&#038;version=3&#038;enablejsapi=1\"class=\"uabb-video-gallery-fancybox uabb-vg__play_full \">\t\t\t\t\t\t\n\t\t\t\t\t\t\t\t\t\t<h4>Video pack rodas Vaello<\/h4>\n\t\t\t\t\t<\/a>\t\t\t\t\n\t\t\t\t\t<a href=\"https:\/\/www.youtube.com\/watch?v=0zOsehsMh8I\" aria-label=\"uabb-video-gallery\" data-fancybox=\"uabb-video-gallery\" data-url=\"https:\/\/www.youtube.com\/embed\/0zOsehsMh8I?autoplay=1&#038;version=3&#038;enablejsapi=1\"class=\"uabb-video-gallery-fancybox uabb-vg__play_full \">\t\t\t\t\t\t\n\t\t\t\t\t\t\t\t\t\t<h4>A paella une as pessoas onde est\u00e3o<\/h4>\n\t\t\t\t\t<\/a>\t\t\t\t\n\t\t\t\t\t<a href=\"https:\/\/www.youtube.com\/watch?v=BoEXaZED1nc\" aria-label=\"uabb-video-gallery\" data-fancybox=\"uabb-video-gallery\" data-url=\"https:\/\/www.youtube.com\/embed\/BoEXaZED1nc?autoplay=1&#038;version=3&#038;enablejsapi=1\"class=\"uabb-video-gallery-fancybox uabb-vg__play_full \">\t\t\t\t\t\t\n\t\t\t\t\t\t\t\t\t\t<h4>Receita de v\u00eddeo Paella Valenciana<\/h4>\n\t\t\t\t\t<\/a>\t\t\t\t\n\t\t\t\t\t<a href=\"https:\/\/www.youtube.com\/watch?v=qnSY-Hcz_c4\" aria-label=\"uabb-video-gallery\" data-fancybox=\"uabb-video-gallery\" data-url=\"https:\/\/www.youtube.com\/embed\/qnSY-Hcz_c4?autoplay=1&#038;version=3&#038;enablejsapi=1\"class=\"uabb-video-gallery-fancybox uabb-vg__play_full \">\t\t\t\t\t\t\n\t\t\t\t\t\t\t\t\t\t<h4>Antes de novo<\/h4>\n\t\t\t\t\t<\/a>\t\t\t\t\n\t\t\t\t\t<a href=\"https:\/\/www.youtube.com\/watch?v=N3YP_XQb4eE\" aria-label=\"uabb-video-gallery\" data-fancybox=\"uabb-video-gallery\" data-url=\"https:\/\/www.youtube.com\/embed\/N3YP_XQb4eE?autoplay=1&#038;version=3&#038;enablejsapi=1\"class=\"uabb-video-gallery-fancybox uabb-vg__play_full \">\t\t\t\t\t\t\n\t\t\t\t\t\t\t\t\t\t<h4>Como uma paella \u00e9 preservada<\/h4>\n\t\t\t\t\t<\/a>\t\t\t\t\n\t\t\t\t\t<a href=\"https:\/\/www.youtube.com\/watch?v=cdwVh2pvHbQ\" aria-label=\"uabb-video-gallery\" data-fancybox=\"uabb-video-gallery\" data-url=\"https:\/\/www.youtube.com\/embed\/cdwVh2pvHbQ?autoplay=1&#038;version=3&#038;enablejsapi=1\"class=\"uabb-video-gallery-fancybox uabb-vg__play_full \">\t\t\t\t\t\t\n\t\t\t\t\t\t\t\t\t\t<h4>Montagem EcoSet pernas refor\u00e7adas<\/h4>\n\t\t\t\t\t<\/a>\t\t\t\t\n\t\t\t\t\t<a href=\"https:\/\/www.youtube.com\/watch?v=8e_g9N2oE3w\" aria-label=\"uabb-video-gallery\" data-fancybox=\"uabb-video-gallery\" data-url=\"https:\/\/www.youtube.com\/embed\/8e_g9N2oE3w?autoplay=1&#038;version=3&#038;enablejsapi=1\"class=\"uabb-video-gallery-fancybox uabb-vg__play_full \">\t\t\t\t\t\t\n\t\t\t\t\t\t\t\t\t\t<h4>Acenda o fogo<\/h4>\n\t\t\t\t\t<\/a>\t\t\t\t\n\t\t\t\t\t<a href=\"https:\/\/www.youtube.com\/watch?v=WH8BUTL6LFU\" aria-label=\"uabb-video-gallery\" data-fancybox=\"uabb-video-gallery\" data-url=\"https:\/\/www.youtube.com\/embed\/WH8BUTL6LFU?autoplay=1&#038;version=3&#038;enablejsapi=1\"class=\"uabb-video-gallery-fancybox uabb-vg__play_full \">\t\t\t\t\t\t\n\t\t\t\t\t\t\t\t\t\t<h4>Ecoset de montagem.<\/h4>\n\t\t\t\t\t<\/a>\t\t\t\t\n\t\t\t\t\t<a href=\"https:\/\/www.youtube.com\/watch?v=dL2yUMpYKRg\" aria-label=\"uabb-video-gallery\" data-fancybox=\"uabb-video-gallery\" data-url=\"https:\/\/www.youtube.com\/embed\/dL2yUMpYKRg?autoplay=1&#038;version=3&#038;enablejsapi=1\"class=\"uabb-video-gallery-fancybox uabb-vg__play_full \">\t\t\t\t\t\t\n\t\t\t\t\t\t\t\t\t\t<h4>Prote\u00e7\u00f5es contra vent<\/h4>\n\t\t\t\t\t<\/a>\t\t\t\t\n\n","protected":false},"excerpt":{"rendered":"<p>[ Vamos aprender ] Nossos v\u00eddeos demonstrativos O Valenciana OS apresenta nesta [&hellip;]<\/p>\n","protected":false},"author":1,"featured_media":0,"parent":0,"menu_order":0,"comment_status":"closed","ping_status":"closed","template":"","meta":{"_uag_custom_page_level_css":"","_trash_the_other_posts":false,"site-sidebar-layout":"default","site-content-layout":"page-builder","ast-site-content-layout":"default","site-content-style":"default","site-sidebar-style":"default","ast-global-header-display":"","ast-banner-title-visibility":"","ast-main-header-display":"","ast-hfb-above-header-display":"","ast-hfb-below-header-display":"","ast-hfb-mobile-header-display":"","site-post-title":"disabled","ast-breadcrumbs-content":"disabled","ast-featured-img":"","footer-sml-layout":"","theme-transparent-header-meta":"default","adv-header-id-meta":"","stick-header-meta":"default","header-above-stick-meta":"","header-main-stick-meta":"","header-below-stick-meta":"","astra-migrate-meta-layouts":"default","ast-page-background-enabled":"default","ast-page-background-meta":{"desktop":{"background-color":"","background-image":"","background-repeat":"repeat","background-position":"center center","background-size":"auto","background-attachment":"scroll","background-type":"","background-media":"","overlay-type":"","overlay-color":"","overlay-opacity":"","overlay-gradient":""},"tablet":{"background-color":"","background-image":"","background-repeat":"repeat","background-position":"center center","background-size":"auto","background-attachment":"scroll","background-type":"","background-media":"","overlay-type":"","overlay-color":"","overlay-opacity":"","overlay-gradient":""},"mobile":{"background-color":"","background-image":"","background-repeat":"repeat","background-position":"center center","background-size":"auto","background-attachment":"scroll","background-type":"","background-media":"","overlay-type":"","overlay-color":"","overlay-opacity":"","overlay-gradient":""}},"ast-content-background-meta":{"desktop":{"background-color":"var(--ast-global-color-5)","background-image":"","background-repeat":"repeat","background-position":"center center","background-size":"auto","background-attachment":"scroll","background-type":"","background-media":"","overlay-type":"","overlay-color":"","overlay-opacity":"","overlay-gradient":""},"tablet":{"background-color":"var(--ast-global-color-5)","background-image":"","background-repeat":"repeat","background-position":"center center","background-size":"auto","background-attachment":"scroll","background-type":"","background-media":"","overlay-type":"","overlay-color":"","overlay-opacity":"","overlay-gradient":""},"mobile":{"background-color":"var(--ast-global-color-5)","background-image":"","background-repeat":"repeat","background-position":"center center","background-size":"auto","background-attachment":"scroll","background-type":"","background-media":"","overlay-type":"","overlay-color":"","overlay-opacity":"","overlay-gradient":""}},"editor_notices":[],"footnotes":""},"class_list":["post-1354","page","type-page","status-publish","hentry"],"yoast_head":"<!-- This site is optimized with the Yoast SEO plugin v25.3.1 - https:\/\/yoast.com\/wordpress\/plugins\/seo\/ -->\n<title>Dicas - PAELLAS LA VALENCIANA | Customer Cooking Instruments<\/title>\n<meta name=\"robots\" content=\"index, follow, max-snippet:-1, max-image-preview:large, max-video-preview:-1\" \/>\n<link rel=\"canonical\" href=\"https:\/\/vaellocampos.com\/pt\/dicas\/\" \/>\n<meta property=\"og:locale\" content=\"es_ES\" \/>\n<meta property=\"og:type\" content=\"article\" \/>\n<meta property=\"og:title\" content=\"Dicas - PAELLAS LA VALENCIANA | Customer Cooking Instruments\" \/>\n<meta property=\"og:description\" content=\"[ Vamos aprender ] Nossos v\u00eddeos demonstrativos O Valenciana OS apresenta nesta [&hellip;]\" \/>\n<meta property=\"og:url\" content=\"https:\/\/vaellocampos.com\/pt\/dicas\/\" \/>\n<meta property=\"og:site_name\" content=\"PAELLAS LA VALENCIANA | Customer Cooking Instruments\" \/>\n<meta property=\"article:modified_time\" content=\"2025-02-18T07:57:47+00:00\" \/>\n<meta name=\"twitter:card\" content=\"summary_large_image\" \/>\n<script type=\"application\/ld+json\" class=\"yoast-schema-graph\">{\"@context\":\"https:\/\/schema.org\",\"@graph\":[{\"@type\":\"WebPage\",\"@id\":\"https:\/\/vaellocampos.com\/pt\/dicas\/\",\"url\":\"https:\/\/vaellocampos.com\/pt\/dicas\/\",\"name\":\"Dicas - PAELLAS LA VALENCIANA | Customer Cooking Instruments\",\"isPartOf\":{\"@id\":\"https:\/\/vaellocampos.com\/pt\/#website\"},\"datePublished\":\"2021-03-16T20:19:49+00:00\",\"dateModified\":\"2025-02-18T07:57:47+00:00\",\"breadcrumb\":{\"@id\":\"https:\/\/vaellocampos.com\/pt\/dicas\/#breadcrumb\"},\"inLanguage\":\"es\",\"potentialAction\":[{\"@type\":\"ReadAction\",\"target\":[\"https:\/\/vaellocampos.com\/pt\/dicas\/\"]}]},{\"@type\":\"BreadcrumbList\",\"@id\":\"https:\/\/vaellocampos.com\/pt\/dicas\/#breadcrumb\",\"itemListElement\":[{\"@type\":\"ListItem\",\"position\":1,\"name\":\"Portada\",\"item\":\"https:\/\/vaellocampos.com\/pt\/\"},{\"@type\":\"ListItem\",\"position\":2,\"name\":\"Dicas\"}]},{\"@type\":\"WebSite\",\"@id\":\"https:\/\/vaellocampos.com\/pt\/#website\",\"url\":\"https:\/\/vaellocampos.com\/pt\/\",\"name\":\"PAELLAS LA VALENCIANA | Customer Cooking Instruments\",\"description\":\"Paellas, frigideiras, ca\u00e7arolas, grelhadores ... La Valenciana desde 1950 oferece aos seus clientes uma vasta gama de produtos\",\"publisher\":{\"@id\":\"https:\/\/vaellocampos.com\/pt\/#organization\"},\"potentialAction\":[{\"@type\":\"SearchAction\",\"target\":{\"@type\":\"EntryPoint\",\"urlTemplate\":\"https:\/\/vaellocampos.com\/pt\/?s={search_term_string}\"},\"query-input\":{\"@type\":\"PropertyValueSpecification\",\"valueRequired\":true,\"valueName\":\"search_term_string\"}}],\"inLanguage\":\"es\"},{\"@type\":\"Organization\",\"@id\":\"https:\/\/vaellocampos.com\/pt\/#organization\",\"name\":\"PAELLAS LA VALENCIANA | Customer Cooking Instruments\",\"url\":\"https:\/\/vaellocampos.com\/pt\/\",\"logo\":{\"@type\":\"ImageObject\",\"inLanguage\":\"es\",\"@id\":\"https:\/\/vaellocampos.com\/pt\/#\/schema\/logo\/image\/\",\"url\":\"https:\/\/vaellocampos.com\/pt\/wp-content\/uploads\/sites\/6\/cropped-logo-menuprincipal.png\",\"contentUrl\":\"https:\/\/vaellocampos.com\/pt\/wp-content\/uploads\/sites\/6\/cropped-logo-menuprincipal.png\",\"width\":131,\"height\":67,\"caption\":\"PAELLAS LA VALENCIANA | Customer Cooking Instruments\"},\"image\":{\"@id\":\"https:\/\/vaellocampos.com\/pt\/#\/schema\/logo\/image\/\"}}]}<\/script>\n<!-- \/ Yoast SEO plugin. -->","yoast_head_json":{"title":"Dicas - PAELLAS LA VALENCIANA | Customer Cooking Instruments","robots":{"index":"index","follow":"follow","max-snippet":"max-snippet:-1","max-image-preview":"max-image-preview:large","max-video-preview":"max-video-preview:-1"},"canonical":"https:\/\/vaellocampos.com\/pt\/dicas\/","og_locale":"es_ES","og_type":"article","og_title":"Dicas - PAELLAS LA VALENCIANA | Customer Cooking Instruments","og_description":"[ Vamos aprender ] Nossos v\u00eddeos demonstrativos O Valenciana OS apresenta nesta [&hellip;]","og_url":"https:\/\/vaellocampos.com\/pt\/dicas\/","og_site_name":"PAELLAS LA VALENCIANA | Customer Cooking Instruments","article_modified_time":"2025-02-18T07:57:47+00:00","twitter_card":"summary_large_image","schema":{"@context":"https:\/\/schema.org","@graph":[{"@type":"WebPage","@id":"https:\/\/vaellocampos.com\/pt\/dicas\/","url":"https:\/\/vaellocampos.com\/pt\/dicas\/","name":"Dicas - PAELLAS LA VALENCIANA | Customer Cooking Instruments","isPartOf":{"@id":"https:\/\/vaellocampos.com\/pt\/#website"},"datePublished":"2021-03-16T20:19:49+00:00","dateModified":"2025-02-18T07:57:47+00:00","breadcrumb":{"@id":"https:\/\/vaellocampos.com\/pt\/dicas\/#breadcrumb"},"inLanguage":"es","potentialAction":[{"@type":"ReadAction","target":["https:\/\/vaellocampos.com\/pt\/dicas\/"]}]},{"@type":"BreadcrumbList","@id":"https:\/\/vaellocampos.com\/pt\/dicas\/#breadcrumb","itemListElement":[{"@type":"ListItem","position":1,"name":"Portada","item":"https:\/\/vaellocampos.com\/pt\/"},{"@type":"ListItem","position":2,"name":"Dicas"}]},{"@type":"WebSite","@id":"https:\/\/vaellocampos.com\/pt\/#website","url":"https:\/\/vaellocampos.com\/pt\/","name":"PAELLAS LA VALENCIANA | Customer Cooking Instruments","description":"Paellas, frigideiras, ca\u00e7arolas, grelhadores ... La Valenciana desde 1950 oferece aos seus clientes uma vasta gama de produtos","publisher":{"@id":"https:\/\/vaellocampos.com\/pt\/#organization"},"potentialAction":[{"@type":"SearchAction","target":{"@type":"EntryPoint","urlTemplate":"https:\/\/vaellocampos.com\/pt\/?s={search_term_string}"},"query-input":{"@type":"PropertyValueSpecification","valueRequired":true,"valueName":"search_term_string"}}],"inLanguage":"es"},{"@type":"Organization","@id":"https:\/\/vaellocampos.com\/pt\/#organization","name":"PAELLAS LA VALENCIANA | Customer Cooking Instruments","url":"https:\/\/vaellocampos.com\/pt\/","logo":{"@type":"ImageObject","inLanguage":"es","@id":"https:\/\/vaellocampos.com\/pt\/#\/schema\/logo\/image\/","url":"https:\/\/vaellocampos.com\/pt\/wp-content\/uploads\/sites\/6\/cropped-logo-menuprincipal.png","contentUrl":"https:\/\/vaellocampos.com\/pt\/wp-content\/uploads\/sites\/6\/cropped-logo-menuprincipal.png","width":131,"height":67,"caption":"PAELLAS LA VALENCIANA | Customer Cooking Instruments"},"image":{"@id":"https:\/\/vaellocampos.com\/pt\/#\/schema\/logo\/image\/"}}]}},"uagb_featured_image_src":{"full":false,"thumbnail":false,"medium":false,"medium_large":false,"large":false,"1536x1536":false,"2048x2048":false},"uagb_author_info":{"display_name":"admin","author_link":"https:\/\/vaellocampos.com\/pt\/author\/o2estudio_3k3rco7w\/"},"uagb_comment_info":0,"uagb_excerpt":"[ Vamos aprender ] Nossos v\u00eddeos demonstrativos O Valenciana OS apresenta nesta [&hellip;]","_links":{"self":[{"href":"https:\/\/vaellocampos.com\/pt\/wp-json\/wp\/v2\/pages\/1354","targetHints":{"allow":["GET"]}}],"collection":[{"href":"https:\/\/vaellocampos.com\/pt\/wp-json\/wp\/v2\/pages"}],"about":[{"href":"https:\/\/vaellocampos.com\/pt\/wp-json\/wp\/v2\/types\/page"}],"author":[{"embeddable":true,"href":"https:\/\/vaellocampos.com\/pt\/wp-json\/wp\/v2\/users\/1"}],"replies":[{"embeddable":true,"href":"https:\/\/vaellocampos.com\/pt\/wp-json\/wp\/v2\/comments?post=1354"}],"version-history":[{"count":22,"href":"https:\/\/vaellocampos.com\/pt\/wp-json\/wp\/v2\/pages\/1354\/revisions"}],"predecessor-version":[{"id":2682,"href":"https:\/\/vaellocampos.com\/pt\/wp-json\/wp\/v2\/pages\/1354\/revisions\/2682"}],"wp:attachment":[{"href":"https:\/\/vaellocampos.com\/pt\/wp-json\/wp\/v2\/media?parent=1354"}],"curies":[{"name":"wp","href":"https:\/\/api.w.org\/{rel}","templated":true}]}}