{"id":1404,"date":"2021-03-23T16:22:56","date_gmt":"2021-03-23T15:22:56","guid":{"rendered":"https:\/\/vaellocampos.com\/?page_id=1404"},"modified":"2025-06-20T06:24:11","modified_gmt":"2025-06-20T04:24:11","slug":"paelheiras","status":"publish","type":"page","link":"https:\/\/vaellocampos.com\/pt\/paelheiras\/","title":{"rendered":"Paelheiras"},"content":{"rendered":"\n\n\t\t\t\t<img loading=\"lazy\" decoding=\"async\" src=\"https:\/\/vaellocampos.com\/pt\/wp-content\/uploads\/sites\/6\/pt-banner-Paelheiras-valenciana.jpg\" alt=\"pt-banner-Paelheiras-valenciana\" itemprop=\"image\" height=\"560\" width=\"1920\" title=\"pt-banner-Paelheiras-valenciana\" onerror=\"this.style.display='none'\"  \/>\n\t\t\t\t<img decoding=\"async\" src=\"https:\/\/vaellocampos.com\/pt\/wp-content\/uploads\/sites\/6\/01.jpg\" alt=\"01\"\/>\n\t\t\t<h3>Paelheira valenciana em a\u00e7o polido<\/h3>\n\t\t\t\t<p>REF. 01<\/p>\n\t\t<a href=\"https:\/\/vaellocampos.com\/pt\/Catalogos.\/ref-01-paelheira-valenciana-em-aco-polido\/\" target=\"_self\" aria-label=\"Go to https:\/\/vaellocampos.com\/pt\/Catalogos.\/ref-01-paelheira-valenciana-em-aco-polido\/\" rel=\"noopener\"><\/a>\n\t\t\t\t<img decoding=\"async\" src=\"https:\/\/vaellocampos.com\/pt\/wp-content\/uploads\/sites\/6\/53.jpg\" alt=\"53\"\/>\n\t\t\t<h3>Paelheira polida de indu\u00e7\u00e3o\/vitrocer\u00e2mica<\/h3>\n\t\t\t\t<p>REF. 53<\/p>\n\t\t<a href=\"https:\/\/vaellocampos.com\/pt\/Catalogos.\/ref-53-paelheira-polida-de-inducao-vitroceramica\/\" target=\"_self\" aria-label=\"Go to https:\/\/vaellocampos.com\/pt\/Catalogos.\/ref-53-paelheira-polida-de-inducao-vitroceramica\/\" rel=\"noopener\"><\/a>\n\t\t\t\t<img decoding=\"async\" src=\"https:\/\/vaellocampos.com\/pt\/wp-content\/uploads\/sites\/6\/46.jpg\" alt=\"46\"\/>\n\t\t\t<h3>Paelheira valenciana polida Espessura especial<\/h3>\n\t\t\t\t<p>REF. 46<\/p>\n\t\t<a href=\"https:\/\/vaellocampos.com\/pt\/Catalogos.\/ref-46-paelheira-valenciana-polida-espessura-especial\/\" target=\"_self\" aria-label=\"Go to https:\/\/vaellocampos.com\/pt\/Catalogos.\/ref-46-paelheira-valenciana-polida-espessura-especial\/\" rel=\"noopener\"><\/a>\n\t\t\t\t<img decoding=\"async\" src=\"https:\/\/vaellocampos.com\/pt\/wp-content\/uploads\/sites\/6\/54.jpg\" alt=\"54\"\/>\n\t\t\t<h3>paelheira esmaltada indu\u00e7\u00e3o\/vitrocer\u00e2mica<\/h3>\n\t\t\t\t<p>REF. 54<\/p>\n\t\t<a href=\"https:\/\/vaellocampos.com\/pt\/Catalogos.\/ref-54-paelheira-esmaltada-inducao-vitroceramica\/\" target=\"_self\" aria-label=\"Go to https:\/\/vaellocampos.com\/pt\/Catalogos.\/ref-54-paelheira-esmaltada-inducao-vitroceramica\/\" rel=\"noopener\"><\/a>\n\t\t\t\t<img decoding=\"async\" src=\"https:\/\/vaellocampos.com\/pt\/wp-content\/uploads\/sites\/6\/02.jpg\" alt=\"02\"\/>\n\t\t\t<h3>Paelheira valenciana em a\u00e7o esmaltado<\/h3>\n\t\t\t\t<p>REF. 02<\/p>\n\t\t<a href=\"https:\/\/vaellocampos.com\/pt\/Catalogos.\/ref-02-paelheira-valenciana-em-aco-esmaltado\/\" target=\"_self\" aria-label=\"Go to https:\/\/vaellocampos.com\/pt\/Catalogos.\/ref-02-paelheira-valenciana-em-aco-esmaltado\/\" rel=\"noopener\"><\/a>\n\t\t\t\t<img decoding=\"async\" src=\"https:\/\/vaellocampos.com\/pt\/wp-content\/uploads\/sites\/6\/03.jpg\" alt=\"03\"\/>\n\t\t\t<h3>Paelheira valenciana em a\u00e7o inoxid\u00e1vel<\/h3>\n\t\t\t\t<p>REF. 03<\/p>\n\t\t<a href=\"https:\/\/vaellocampos.com\/pt\/Catalogos.\/ref-03-paelheira-valenciana-em-aco-inoxidavel\/\" target=\"_self\" aria-label=\"Go to https:\/\/vaellocampos.com\/pt\/Catalogos.\/ref-03-paelheira-valenciana-em-aco-inoxidavel\/\" rel=\"noopener\"><\/a>\n\t<ul>\n\t\t\t<li>\n\t\t\t<h4>\n\t\t\t\t<a href=\"https:\/\/vaellocampos.com\/pt\/produtos\/\" target=\"_self\" data-hover=\"Voltar ao cat\u00e1logo\" rel=\"noopener\">Voltar ao cat\u00e1logo<\/a>\n\t\t\t<\/h4>\n\t\t<\/li>\n\t\t\t\t<\/ul>\n\n","protected":false},"excerpt":{"rendered":"<p>Paelheira valenciana em a\u00e7o polido REF. 01 Paelheira polida de indu\u00e7\u00e3o\/vitrocer\u00e2mica REF. [&hellip;]<\/p>\n","protected":false},"author":1,"featured_media":0,"parent":0,"menu_order":0,"comment_status":"closed","ping_status":"closed","template":"","meta":{"_uag_custom_page_level_css":"","_trash_the_other_posts":false,"site-sidebar-layout":"no-sidebar","site-content-layout":"plain-container","ast-site-content-layout":"full-width-container","site-content-style":"unboxed","site-sidebar-style":"unboxed","ast-global-header-display":"","ast-banner-title-visibility":"","ast-main-header-display":"","ast-hfb-above-header-display":"","ast-hfb-below-header-display":"","ast-hfb-mobile-header-display":"","site-post-title":"disabled","ast-breadcrumbs-content":"disabled","ast-featured-img":"","footer-sml-layout":"","theme-transparent-header-meta":"default","adv-header-id-meta":"","stick-header-meta":"default","header-above-stick-meta":"","header-main-stick-meta":"","header-below-stick-meta":"","astra-migrate-meta-layouts":"set","ast-page-background-enabled":"default","ast-page-background-meta":{"desktop":{"background-color":"","background-image":"","background-repeat":"repeat","background-position":"center center","background-size":"auto","background-attachment":"scroll","background-type":"","background-media":"","overlay-type":"","overlay-color":"","overlay-opacity":"","overlay-gradient":""},"tablet":{"background-color":"","background-image":"","background-repeat":"repeat","background-position":"center center","background-size":"auto","background-attachment":"scroll","background-type":"","background-media":"","overlay-type":"","overlay-color":"","overlay-opacity":"","overlay-gradient":""},"mobile":{"background-color":"","background-image":"","background-repeat":"repeat","background-position":"center center","background-size":"auto","background-attachment":"scroll","background-type":"","background-media":"","overlay-type":"","overlay-color":"","overlay-opacity":"","overlay-gradient":""}},"ast-content-background-meta":{"desktop":{"background-color":"var(--ast-global-color-5)","background-image":"","background-repeat":"repeat","background-position":"center center","background-size":"auto","background-attachment":"scroll","background-type":"","background-media":"","overlay-type":"","overlay-color":"","overlay-opacity":"","overlay-gradient":""},"tablet":{"background-color":"var(--ast-global-color-5)","background-image":"","background-repeat":"repeat","background-position":"center center","background-size":"auto","background-attachment":"scroll","background-type":"","background-media":"","overlay-type":"","overlay-color":"","overlay-opacity":"","overlay-gradient":""},"mobile":{"background-color":"var(--ast-global-color-5)","background-image":"","background-repeat":"repeat","background-position":"center center","background-size":"auto","background-attachment":"scroll","background-type":"","background-media":"","overlay-type":"","overlay-color":"","overlay-opacity":"","overlay-gradient":""}},"editor_notices":[],"footnotes":""},"class_list":["post-1404","page","type-page","status-publish","hentry"],"yoast_head":"<!-- This site is optimized with the Yoast SEO plugin v25.3.1 - https:\/\/yoast.com\/wordpress\/plugins\/seo\/ -->\n<title>Paelheiras - PAELLAS LA VALENCIANA | Customer Cooking Instruments<\/title>\n<meta name=\"robots\" content=\"index, follow, max-snippet:-1, max-image-preview:large, max-video-preview:-1\" \/>\n<link rel=\"canonical\" href=\"https:\/\/vaellocampos.com\/pt\/paelheiras\/\" \/>\n<meta property=\"og:locale\" content=\"es_ES\" \/>\n<meta property=\"og:type\" content=\"article\" \/>\n<meta property=\"og:title\" content=\"Paelheiras - PAELLAS LA VALENCIANA | Customer Cooking Instruments\" \/>\n<meta property=\"og:description\" content=\"Paelheira valenciana em a\u00e7o polido REF. 01 Paelheira polida de indu\u00e7\u00e3o\/vitrocer\u00e2mica REF. [&hellip;]\" \/>\n<meta property=\"og:url\" content=\"https:\/\/vaellocampos.com\/pt\/paelheiras\/\" \/>\n<meta property=\"og:site_name\" content=\"PAELLAS LA VALENCIANA | Customer Cooking Instruments\" \/>\n<meta property=\"article:modified_time\" content=\"2025-06-20T04:24:11+00:00\" \/>\n<meta property=\"og:image\" content=\"https:\/\/vaellocampos.com\/pt\/wp-content\/uploads\/sites\/6\/pt-banner-Paelheiras-valenciana.jpg\" \/>\n<meta name=\"twitter:card\" content=\"summary_large_image\" \/>\n<meta name=\"twitter:label1\" content=\"Tiempo de lectura\" \/>\n\t<meta name=\"twitter:data1\" content=\"2 minutos\" \/>\n<script type=\"application\/ld+json\" class=\"yoast-schema-graph\">{\"@context\":\"https:\/\/schema.org\",\"@graph\":[{\"@type\":\"WebPage\",\"@id\":\"https:\/\/vaellocampos.com\/pt\/paelheiras\/\",\"url\":\"https:\/\/vaellocampos.com\/pt\/paelheiras\/\",\"name\":\"Paelheiras - PAELLAS LA VALENCIANA | Customer Cooking Instruments\",\"isPartOf\":{\"@id\":\"https:\/\/vaellocampos.com\/pt\/#website\"},\"primaryImageOfPage\":{\"@id\":\"https:\/\/vaellocampos.com\/pt\/paelheiras\/#primaryimage\"},\"image\":{\"@id\":\"https:\/\/vaellocampos.com\/pt\/paelheiras\/#primaryimage\"},\"thumbnailUrl\":\"https:\/\/vaellocampos.com\/pt\/wp-content\/uploads\/sites\/6\/pt-banner-Paelheiras-valenciana.jpg\",\"datePublished\":\"2021-03-23T15:22:56+00:00\",\"dateModified\":\"2025-06-20T04:24:11+00:00\",\"breadcrumb\":{\"@id\":\"https:\/\/vaellocampos.com\/pt\/paelheiras\/#breadcrumb\"},\"inLanguage\":\"es\",\"potentialAction\":[{\"@type\":\"ReadAction\",\"target\":[\"https:\/\/vaellocampos.com\/pt\/paelheiras\/\"]}]},{\"@type\":\"ImageObject\",\"inLanguage\":\"es\",\"@id\":\"https:\/\/vaellocampos.com\/pt\/paelheiras\/#primaryimage\",\"url\":\"https:\/\/vaellocampos.com\/pt\/wp-content\/uploads\/sites\/6\/pt-banner-Paelheiras-valenciana.jpg\",\"contentUrl\":\"https:\/\/vaellocampos.com\/pt\/wp-content\/uploads\/sites\/6\/pt-banner-Paelheiras-valenciana.jpg\",\"width\":1920,\"height\":560},{\"@type\":\"BreadcrumbList\",\"@id\":\"https:\/\/vaellocampos.com\/pt\/paelheiras\/#breadcrumb\",\"itemListElement\":[{\"@type\":\"ListItem\",\"position\":1,\"name\":\"Portada\",\"item\":\"https:\/\/vaellocampos.com\/pt\/\"},{\"@type\":\"ListItem\",\"position\":2,\"name\":\"Paelheiras\"}]},{\"@type\":\"WebSite\",\"@id\":\"https:\/\/vaellocampos.com\/pt\/#website\",\"url\":\"https:\/\/vaellocampos.com\/pt\/\",\"name\":\"PAELLAS LA VALENCIANA | Customer Cooking Instruments\",\"description\":\"Paellas, frigideiras, ca\u00e7arolas, grelhadores ... La Valenciana desde 1950 oferece aos seus clientes uma vasta gama de produtos\",\"publisher\":{\"@id\":\"https:\/\/vaellocampos.com\/pt\/#organization\"},\"potentialAction\":[{\"@type\":\"SearchAction\",\"target\":{\"@type\":\"EntryPoint\",\"urlTemplate\":\"https:\/\/vaellocampos.com\/pt\/?s={search_term_string}\"},\"query-input\":{\"@type\":\"PropertyValueSpecification\",\"valueRequired\":true,\"valueName\":\"search_term_string\"}}],\"inLanguage\":\"es\"},{\"@type\":\"Organization\",\"@id\":\"https:\/\/vaellocampos.com\/pt\/#organization\",\"name\":\"PAELLAS LA VALENCIANA | Customer Cooking Instruments\",\"url\":\"https:\/\/vaellocampos.com\/pt\/\",\"logo\":{\"@type\":\"ImageObject\",\"inLanguage\":\"es\",\"@id\":\"https:\/\/vaellocampos.com\/pt\/#\/schema\/logo\/image\/\",\"url\":\"https:\/\/vaellocampos.com\/pt\/wp-content\/uploads\/sites\/6\/cropped-logo-menuprincipal.png\",\"contentUrl\":\"https:\/\/vaellocampos.com\/pt\/wp-content\/uploads\/sites\/6\/cropped-logo-menuprincipal.png\",\"width\":131,\"height\":67,\"caption\":\"PAELLAS LA VALENCIANA | Customer Cooking Instruments\"},\"image\":{\"@id\":\"https:\/\/vaellocampos.com\/pt\/#\/schema\/logo\/image\/\"}}]}<\/script>\n<!-- \/ Yoast SEO plugin. -->","yoast_head_json":{"title":"Paelheiras - PAELLAS LA VALENCIANA | Customer Cooking Instruments","robots":{"index":"index","follow":"follow","max-snippet":"max-snippet:-1","max-image-preview":"max-image-preview:large","max-video-preview":"max-video-preview:-1"},"canonical":"https:\/\/vaellocampos.com\/pt\/paelheiras\/","og_locale":"es_ES","og_type":"article","og_title":"Paelheiras - PAELLAS LA VALENCIANA | Customer Cooking Instruments","og_description":"Paelheira valenciana em a\u00e7o polido REF. 01 Paelheira polida de indu\u00e7\u00e3o\/vitrocer\u00e2mica REF. [&hellip;]","og_url":"https:\/\/vaellocampos.com\/pt\/paelheiras\/","og_site_name":"PAELLAS LA VALENCIANA | Customer Cooking Instruments","article_modified_time":"2025-06-20T04:24:11+00:00","og_image":[{"url":"https:\/\/vaellocampos.com\/pt\/wp-content\/uploads\/sites\/6\/pt-banner-Paelheiras-valenciana.jpg","type":"","width":"","height":""}],"twitter_card":"summary_large_image","twitter_misc":{"Tiempo de lectura":"2 minutos"},"schema":{"@context":"https:\/\/schema.org","@graph":[{"@type":"WebPage","@id":"https:\/\/vaellocampos.com\/pt\/paelheiras\/","url":"https:\/\/vaellocampos.com\/pt\/paelheiras\/","name":"Paelheiras - PAELLAS LA VALENCIANA | Customer Cooking Instruments","isPartOf":{"@id":"https:\/\/vaellocampos.com\/pt\/#website"},"primaryImageOfPage":{"@id":"https:\/\/vaellocampos.com\/pt\/paelheiras\/#primaryimage"},"image":{"@id":"https:\/\/vaellocampos.com\/pt\/paelheiras\/#primaryimage"},"thumbnailUrl":"https:\/\/vaellocampos.com\/pt\/wp-content\/uploads\/sites\/6\/pt-banner-Paelheiras-valenciana.jpg","datePublished":"2021-03-23T15:22:56+00:00","dateModified":"2025-06-20T04:24:11+00:00","breadcrumb":{"@id":"https:\/\/vaellocampos.com\/pt\/paelheiras\/#breadcrumb"},"inLanguage":"es","potentialAction":[{"@type":"ReadAction","target":["https:\/\/vaellocampos.com\/pt\/paelheiras\/"]}]},{"@type":"ImageObject","inLanguage":"es","@id":"https:\/\/vaellocampos.com\/pt\/paelheiras\/#primaryimage","url":"https:\/\/vaellocampos.com\/pt\/wp-content\/uploads\/sites\/6\/pt-banner-Paelheiras-valenciana.jpg","contentUrl":"https:\/\/vaellocampos.com\/pt\/wp-content\/uploads\/sites\/6\/pt-banner-Paelheiras-valenciana.jpg","width":1920,"height":560},{"@type":"BreadcrumbList","@id":"https:\/\/vaellocampos.com\/pt\/paelheiras\/#breadcrumb","itemListElement":[{"@type":"ListItem","position":1,"name":"Portada","item":"https:\/\/vaellocampos.com\/pt\/"},{"@type":"ListItem","position":2,"name":"Paelheiras"}]},{"@type":"WebSite","@id":"https:\/\/vaellocampos.com\/pt\/#website","url":"https:\/\/vaellocampos.com\/pt\/","name":"PAELLAS LA VALENCIANA | Customer Cooking Instruments","description":"Paellas, frigideiras, ca\u00e7arolas, grelhadores ... La Valenciana desde 1950 oferece aos seus clientes uma vasta gama de produtos","publisher":{"@id":"https:\/\/vaellocampos.com\/pt\/#organization"},"potentialAction":[{"@type":"SearchAction","target":{"@type":"EntryPoint","urlTemplate":"https:\/\/vaellocampos.com\/pt\/?s={search_term_string}"},"query-input":{"@type":"PropertyValueSpecification","valueRequired":true,"valueName":"search_term_string"}}],"inLanguage":"es"},{"@type":"Organization","@id":"https:\/\/vaellocampos.com\/pt\/#organization","name":"PAELLAS LA VALENCIANA | Customer Cooking Instruments","url":"https:\/\/vaellocampos.com\/pt\/","logo":{"@type":"ImageObject","inLanguage":"es","@id":"https:\/\/vaellocampos.com\/pt\/#\/schema\/logo\/image\/","url":"https:\/\/vaellocampos.com\/pt\/wp-content\/uploads\/sites\/6\/cropped-logo-menuprincipal.png","contentUrl":"https:\/\/vaellocampos.com\/pt\/wp-content\/uploads\/sites\/6\/cropped-logo-menuprincipal.png","width":131,"height":67,"caption":"PAELLAS LA VALENCIANA | Customer Cooking Instruments"},"image":{"@id":"https:\/\/vaellocampos.com\/pt\/#\/schema\/logo\/image\/"}}]}},"uagb_featured_image_src":{"full":false,"thumbnail":false,"medium":false,"medium_large":false,"large":false,"1536x1536":false,"2048x2048":false},"uagb_author_info":{"display_name":"admin","author_link":"https:\/\/vaellocampos.com\/pt\/author\/o2estudio_3k3rco7w\/"},"uagb_comment_info":0,"uagb_excerpt":"Paelheira valenciana em a\u00e7o polido REF. 01 Paelheira polida de indu\u00e7\u00e3o\/vitrocer\u00e2mica REF. [&hellip;]","_links":{"self":[{"href":"https:\/\/vaellocampos.com\/pt\/wp-json\/wp\/v2\/pages\/1404","targetHints":{"allow":["GET"]}}],"collection":[{"href":"https:\/\/vaellocampos.com\/pt\/wp-json\/wp\/v2\/pages"}],"about":[{"href":"https:\/\/vaellocampos.com\/pt\/wp-json\/wp\/v2\/types\/page"}],"author":[{"embeddable":true,"href":"https:\/\/vaellocampos.com\/pt\/wp-json\/wp\/v2\/users\/1"}],"replies":[{"embeddable":true,"href":"https:\/\/vaellocampos.com\/pt\/wp-json\/wp\/v2\/comments?post=1404"}],"version-history":[{"count":52,"href":"https:\/\/vaellocampos.com\/pt\/wp-json\/wp\/v2\/pages\/1404\/revisions"}],"predecessor-version":[{"id":2715,"href":"https:\/\/vaellocampos.com\/pt\/wp-json\/wp\/v2\/pages\/1404\/revisions\/2715"}],"wp:attachment":[{"href":"https:\/\/vaellocampos.com\/pt\/wp-json\/wp\/v2\/media?parent=1404"}],"curies":[{"name":"wp","href":"https:\/\/api.w.org\/{rel}","templated":true}]}}