{"id":1991,"date":"2021-04-14T12:23:13","date_gmt":"2021-04-14T10:23:13","guid":{"rendered":"https:\/\/vaellocampos.com\/?page_id=1991"},"modified":"2024-10-01T06:58:06","modified_gmt":"2024-10-01T04:58:06","slug":"accessorios","status":"publish","type":"page","link":"https:\/\/vaellocampos.com\/pt\/accessorios\/","title":{"rendered":"Access\u00f3rios"},"content":{"rendered":"\n\n\t<ul>\n\t\t\t<li>\n\t\t\t<h4>\n\t\t\t\t<a href=\"https:\/\/vaellocampos.com\/pt\/produtos\/\" target=\"_self\" data-hover=\"Voltar ao cat\u00e1logo\" rel=\"noopener\">Voltar ao cat\u00e1logo<\/a>\n\t\t\t<\/h4>\n\t\t<\/li>\n\t\t\t\t<\/ul>\n<h2>\n\t\tACCESS\u00d3RIOS\n\t<\/h2>\n\t\t<a href=\"https:\/\/vaellocampos.com\/pt\/catalogo-vaello\/outros-acessorios\/\" target=\"_self\" rel=\"noopener\">\n\t\t\t\t\t\t\t\t\t\t\t<img decoding=\"async\" src=\"https:\/\/vaellocampos.com\/pt\/wp-content\/uploads\/sites\/6\/tapa-21-portfolio.jpg\" alt=\"tapa-21-portfolio\"\/>\n\t\t\t\t\t\t<h5>\n\t\t\t\t\t\tOUTROS ACESS\u00d3RIOS\t\t<\/h5>\n\t\t<\/a>\n\t\t<a href=\"https:\/\/vaellocampos.com\/pt\/catalogo-vaello\/trempe-de-ferro-forjado\/\" target=\"_self\" rel=\"noopener\">\n\t\t\t\t\t\t\t\t\t\t\t<img decoding=\"async\" src=\"https:\/\/vaellocampos.com\/pt\/wp-content\/uploads\/sites\/6\/trebedes-portfolio.jpg\" alt=\"trebedes-portfolio\"\/>\n\t\t\t\t\t\t<h5>\n\t\t\t\t\t\tTrempe\t\t<\/h5>\n\t\t<\/a>\n\t\t<a href=\"https:\/\/vaellocampos.com\/pt\/catalogo-vaello\/reguladores-e-borrachas-de-gas\/\" target=\"_self\" rel=\"noopener\">\n\t\t\t\t\t\t\t\t\t\t\t<img decoding=\"async\" src=\"https:\/\/vaellocampos.com\/pt\/wp-content\/uploads\/sites\/6\/regulador-goma-portfolio.jpg\" alt=\"regulador-goma-portfolio\"\/>\n\t\t\t\t\t\t<h5>\n\t\t\t\t\t\treguladores e borrachas de gas\t\t<\/h5>\n\t\t<\/a>\n\t\t<a href=\"https:\/\/vaellocampos.com\/pt\/catalogo-vaello\/tripe-ajustavel-e-pequeno-tripe\/\" target=\"_self\" rel=\"noopener\">\n\t\t\t\t\t\t\t\t\t\t\t<img decoding=\"async\" src=\"https:\/\/vaellocampos.com\/pt\/wp-content\/uploads\/sites\/6\/1800-portfolio.jpg\" alt=\"1800-portfolio\"\/>\n\t\t\t\t\t\t<h5>\n\t\t\t\t\t\tTrip\u00e9 regul\u00e1vel\t\t<\/h5>\n\t\t<\/a>\n\t\t<a href=\"https:\/\/vaellocampos.com\/pt\/catalogo-vaello\/protecoes-contra-vento\/\" target=\"_self\" rel=\"noopener\">\n\t\t\t\t\t\t\t\t\t\t\t<img decoding=\"async\" src=\"https:\/\/vaellocampos.com\/pt\/wp-content\/uploads\/sites\/6\/5900-portfolio.jpg\" alt=\"5900-portfolio\"\/>\n\t\t\t\t\t\t<h5>\n\t\t\t\t\t\tProte\u00e7\u00f5es contra vento\t\t<\/h5>\n\t\t<\/a>\n\t\t<a href=\"https:\/\/vaellocampos.com\/pt\/catalogo-vaello\/expositor-de-produtos\/\" target=\"_self\" rel=\"noopener\">\n\t\t\t\t\t\t\t\t\t\t\t<img decoding=\"async\" src=\"https:\/\/vaellocampos.com\/pt\/wp-content\/uploads\/sites\/6\/expositor-portfolio.jpg\" alt=\"expositor-portfolio\"\/>\n\t\t\t\t\t\t<h5>\n\t\t\t\t\t\tExpositor  DE PRODUTOS\t\t<\/h5>\n\t\t<\/a>\n\n","protected":false},"excerpt":{"rendered":"<p>Voltar ao cat\u00e1logo ACCESS\u00d3RIOS OUTROS ACESS\u00d3RIOS Trempe reguladores e borrachas de gas [&hellip;]<\/p>\n","protected":false},"author":1,"featured_media":0,"parent":0,"menu_order":0,"comment_status":"closed","ping_status":"closed","template":"","meta":{"_uag_custom_page_level_css":"","_trash_the_other_posts":false,"site-sidebar-layout":"no-sidebar","site-content-layout":"plain-container","ast-site-content-layout":"default","site-content-style":"default","site-sidebar-style":"default","ast-global-header-display":"","ast-banner-title-visibility":"","ast-main-header-display":"","ast-hfb-above-header-display":"","ast-hfb-below-header-display":"","ast-hfb-mobile-header-display":"","site-post-title":"disabled","ast-breadcrumbs-content":"disabled","ast-featured-img":"","footer-sml-layout":"","theme-transparent-header-meta":"default","adv-header-id-meta":"","stick-header-meta":"default","header-above-stick-meta":"","header-main-stick-meta":"","header-below-stick-meta":"","astra-migrate-meta-layouts":"default","ast-page-background-enabled":"default","ast-page-background-meta":{"desktop":{"background-color":"","background-image":"","background-repeat":"repeat","background-position":"center center","background-size":"auto","background-attachment":"scroll","background-type":"","background-media":"","overlay-type":"","overlay-color":"","overlay-opacity":"","overlay-gradient":""},"tablet":{"background-color":"","background-image":"","background-repeat":"repeat","background-position":"center center","background-size":"auto","background-attachment":"scroll","background-type":"","background-media":"","overlay-type":"","overlay-color":"","overlay-opacity":"","overlay-gradient":""},"mobile":{"background-color":"","background-image":"","background-repeat":"repeat","background-position":"center center","background-size":"auto","background-attachment":"scroll","background-type":"","background-media":"","overlay-type":"","overlay-color":"","overlay-opacity":"","overlay-gradient":""}},"ast-content-background-meta":{"desktop":{"background-color":"var(--ast-global-color-5)","background-image":"","background-repeat":"repeat","background-position":"center center","background-size":"auto","background-attachment":"scroll","background-type":"","background-media":"","overlay-type":"","overlay-color":"","overlay-opacity":"","overlay-gradient":""},"tablet":{"background-color":"var(--ast-global-color-5)","background-image":"","background-repeat":"repeat","background-position":"center center","background-size":"auto","background-attachment":"scroll","background-type":"","background-media":"","overlay-type":"","overlay-color":"","overlay-opacity":"","overlay-gradient":""},"mobile":{"background-color":"var(--ast-global-color-5)","background-image":"","background-repeat":"repeat","background-position":"center center","background-size":"auto","background-attachment":"scroll","background-type":"","background-media":"","overlay-type":"","overlay-color":"","overlay-opacity":"","overlay-gradient":""}},"editor_notices":[],"footnotes":""},"class_list":["post-1991","page","type-page","status-publish","hentry"],"yoast_head":"<!-- This site is optimized with the Yoast SEO plugin v25.3.1 - https:\/\/yoast.com\/wordpress\/plugins\/seo\/ -->\n<title>Access\u00f3rios - PAELLAS LA VALENCIANA | Customer Cooking Instruments<\/title>\n<meta name=\"robots\" content=\"index, follow, max-snippet:-1, max-image-preview:large, max-video-preview:-1\" \/>\n<link rel=\"canonical\" href=\"https:\/\/vaellocampos.com\/pt\/accessorios\/\" \/>\n<meta property=\"og:locale\" content=\"es_ES\" \/>\n<meta property=\"og:type\" content=\"article\" \/>\n<meta property=\"og:title\" content=\"Access\u00f3rios - PAELLAS LA VALENCIANA | Customer Cooking Instruments\" \/>\n<meta property=\"og:description\" content=\"Voltar ao cat\u00e1logo ACCESS\u00d3RIOS OUTROS ACESS\u00d3RIOS Trempe reguladores e borrachas de gas [&hellip;]\" \/>\n<meta property=\"og:url\" content=\"https:\/\/vaellocampos.com\/pt\/accessorios\/\" \/>\n<meta property=\"og:site_name\" content=\"PAELLAS LA VALENCIANA | Customer Cooking Instruments\" \/>\n<meta property=\"article:modified_time\" content=\"2024-10-01T04:58:06+00:00\" \/>\n<meta property=\"og:image\" content=\"https:\/\/vaellocampos.com\/pt\/wp-content\/uploads\/sites\/6\/tapa-21-portfolio.jpg\" \/>\n<meta name=\"twitter:card\" content=\"summary_large_image\" \/>\n<script type=\"application\/ld+json\" class=\"yoast-schema-graph\">{\"@context\":\"https:\/\/schema.org\",\"@graph\":[{\"@type\":\"WebPage\",\"@id\":\"https:\/\/vaellocampos.com\/pt\/accessorios\/\",\"url\":\"https:\/\/vaellocampos.com\/pt\/accessorios\/\",\"name\":\"Access\u00f3rios - PAELLAS LA VALENCIANA | Customer Cooking Instruments\",\"isPartOf\":{\"@id\":\"https:\/\/vaellocampos.com\/pt\/#website\"},\"primaryImageOfPage\":{\"@id\":\"https:\/\/vaellocampos.com\/pt\/accessorios\/#primaryimage\"},\"image\":{\"@id\":\"https:\/\/vaellocampos.com\/pt\/accessorios\/#primaryimage\"},\"thumbnailUrl\":\"https:\/\/vaellocampos.com\/pt\/wp-content\/uploads\/sites\/6\/tapa-21-portfolio.jpg\",\"datePublished\":\"2021-04-14T10:23:13+00:00\",\"dateModified\":\"2024-10-01T04:58:06+00:00\",\"breadcrumb\":{\"@id\":\"https:\/\/vaellocampos.com\/pt\/accessorios\/#breadcrumb\"},\"inLanguage\":\"es\",\"potentialAction\":[{\"@type\":\"ReadAction\",\"target\":[\"https:\/\/vaellocampos.com\/pt\/accessorios\/\"]}]},{\"@type\":\"ImageObject\",\"inLanguage\":\"es\",\"@id\":\"https:\/\/vaellocampos.com\/pt\/accessorios\/#primaryimage\",\"url\":\"https:\/\/vaellocampos.com\/pt\/wp-content\/uploads\/sites\/6\/tapa-21-portfolio.jpg\",\"contentUrl\":\"https:\/\/vaellocampos.com\/pt\/wp-content\/uploads\/sites\/6\/tapa-21-portfolio.jpg\",\"width\":325,\"height\":325},{\"@type\":\"BreadcrumbList\",\"@id\":\"https:\/\/vaellocampos.com\/pt\/accessorios\/#breadcrumb\",\"itemListElement\":[{\"@type\":\"ListItem\",\"position\":1,\"name\":\"Portada\",\"item\":\"https:\/\/vaellocampos.com\/pt\/\"},{\"@type\":\"ListItem\",\"position\":2,\"name\":\"Access\u00f3rios\"}]},{\"@type\":\"WebSite\",\"@id\":\"https:\/\/vaellocampos.com\/pt\/#website\",\"url\":\"https:\/\/vaellocampos.com\/pt\/\",\"name\":\"PAELLAS LA VALENCIANA | Customer Cooking Instruments\",\"description\":\"Paellas, frigideiras, ca\u00e7arolas, grelhadores ... La Valenciana desde 1950 oferece aos seus clientes uma vasta gama de produtos\",\"publisher\":{\"@id\":\"https:\/\/vaellocampos.com\/pt\/#organization\"},\"potentialAction\":[{\"@type\":\"SearchAction\",\"target\":{\"@type\":\"EntryPoint\",\"urlTemplate\":\"https:\/\/vaellocampos.com\/pt\/?s={search_term_string}\"},\"query-input\":{\"@type\":\"PropertyValueSpecification\",\"valueRequired\":true,\"valueName\":\"search_term_string\"}}],\"inLanguage\":\"es\"},{\"@type\":\"Organization\",\"@id\":\"https:\/\/vaellocampos.com\/pt\/#organization\",\"name\":\"PAELLAS LA VALENCIANA | Customer Cooking Instruments\",\"url\":\"https:\/\/vaellocampos.com\/pt\/\",\"logo\":{\"@type\":\"ImageObject\",\"inLanguage\":\"es\",\"@id\":\"https:\/\/vaellocampos.com\/pt\/#\/schema\/logo\/image\/\",\"url\":\"https:\/\/vaellocampos.com\/pt\/wp-content\/uploads\/sites\/6\/cropped-logo-menuprincipal.png\",\"contentUrl\":\"https:\/\/vaellocampos.com\/pt\/wp-content\/uploads\/sites\/6\/cropped-logo-menuprincipal.png\",\"width\":131,\"height\":67,\"caption\":\"PAELLAS LA VALENCIANA | Customer Cooking Instruments\"},\"image\":{\"@id\":\"https:\/\/vaellocampos.com\/pt\/#\/schema\/logo\/image\/\"}}]}<\/script>\n<!-- \/ Yoast SEO plugin. -->","yoast_head_json":{"title":"Access\u00f3rios - PAELLAS LA VALENCIANA | Customer Cooking Instruments","robots":{"index":"index","follow":"follow","max-snippet":"max-snippet:-1","max-image-preview":"max-image-preview:large","max-video-preview":"max-video-preview:-1"},"canonical":"https:\/\/vaellocampos.com\/pt\/accessorios\/","og_locale":"es_ES","og_type":"article","og_title":"Access\u00f3rios - PAELLAS LA VALENCIANA | Customer Cooking Instruments","og_description":"Voltar ao cat\u00e1logo ACCESS\u00d3RIOS OUTROS ACESS\u00d3RIOS Trempe reguladores e borrachas de gas [&hellip;]","og_url":"https:\/\/vaellocampos.com\/pt\/accessorios\/","og_site_name":"PAELLAS LA VALENCIANA | Customer Cooking Instruments","article_modified_time":"2024-10-01T04:58:06+00:00","og_image":[{"url":"https:\/\/vaellocampos.com\/pt\/wp-content\/uploads\/sites\/6\/tapa-21-portfolio.jpg","type":"","width":"","height":""}],"twitter_card":"summary_large_image","schema":{"@context":"https:\/\/schema.org","@graph":[{"@type":"WebPage","@id":"https:\/\/vaellocampos.com\/pt\/accessorios\/","url":"https:\/\/vaellocampos.com\/pt\/accessorios\/","name":"Access\u00f3rios - PAELLAS LA VALENCIANA | Customer Cooking Instruments","isPartOf":{"@id":"https:\/\/vaellocampos.com\/pt\/#website"},"primaryImageOfPage":{"@id":"https:\/\/vaellocampos.com\/pt\/accessorios\/#primaryimage"},"image":{"@id":"https:\/\/vaellocampos.com\/pt\/accessorios\/#primaryimage"},"thumbnailUrl":"https:\/\/vaellocampos.com\/pt\/wp-content\/uploads\/sites\/6\/tapa-21-portfolio.jpg","datePublished":"2021-04-14T10:23:13+00:00","dateModified":"2024-10-01T04:58:06+00:00","breadcrumb":{"@id":"https:\/\/vaellocampos.com\/pt\/accessorios\/#breadcrumb"},"inLanguage":"es","potentialAction":[{"@type":"ReadAction","target":["https:\/\/vaellocampos.com\/pt\/accessorios\/"]}]},{"@type":"ImageObject","inLanguage":"es","@id":"https:\/\/vaellocampos.com\/pt\/accessorios\/#primaryimage","url":"https:\/\/vaellocampos.com\/pt\/wp-content\/uploads\/sites\/6\/tapa-21-portfolio.jpg","contentUrl":"https:\/\/vaellocampos.com\/pt\/wp-content\/uploads\/sites\/6\/tapa-21-portfolio.jpg","width":325,"height":325},{"@type":"BreadcrumbList","@id":"https:\/\/vaellocampos.com\/pt\/accessorios\/#breadcrumb","itemListElement":[{"@type":"ListItem","position":1,"name":"Portada","item":"https:\/\/vaellocampos.com\/pt\/"},{"@type":"ListItem","position":2,"name":"Access\u00f3rios"}]},{"@type":"WebSite","@id":"https:\/\/vaellocampos.com\/pt\/#website","url":"https:\/\/vaellocampos.com\/pt\/","name":"PAELLAS LA VALENCIANA | Customer Cooking Instruments","description":"Paellas, frigideiras, ca\u00e7arolas, grelhadores ... La Valenciana desde 1950 oferece aos seus clientes uma vasta gama de produtos","publisher":{"@id":"https:\/\/vaellocampos.com\/pt\/#organization"},"potentialAction":[{"@type":"SearchAction","target":{"@type":"EntryPoint","urlTemplate":"https:\/\/vaellocampos.com\/pt\/?s={search_term_string}"},"query-input":{"@type":"PropertyValueSpecification","valueRequired":true,"valueName":"search_term_string"}}],"inLanguage":"es"},{"@type":"Organization","@id":"https:\/\/vaellocampos.com\/pt\/#organization","name":"PAELLAS LA VALENCIANA | Customer Cooking Instruments","url":"https:\/\/vaellocampos.com\/pt\/","logo":{"@type":"ImageObject","inLanguage":"es","@id":"https:\/\/vaellocampos.com\/pt\/#\/schema\/logo\/image\/","url":"https:\/\/vaellocampos.com\/pt\/wp-content\/uploads\/sites\/6\/cropped-logo-menuprincipal.png","contentUrl":"https:\/\/vaellocampos.com\/pt\/wp-content\/uploads\/sites\/6\/cropped-logo-menuprincipal.png","width":131,"height":67,"caption":"PAELLAS LA VALENCIANA | Customer Cooking Instruments"},"image":{"@id":"https:\/\/vaellocampos.com\/pt\/#\/schema\/logo\/image\/"}}]}},"uagb_featured_image_src":{"full":false,"thumbnail":false,"medium":false,"medium_large":false,"large":false,"1536x1536":false,"2048x2048":false},"uagb_author_info":{"display_name":"admin","author_link":"https:\/\/vaellocampos.com\/pt\/author\/o2estudio_3k3rco7w\/"},"uagb_comment_info":0,"uagb_excerpt":"Voltar ao cat\u00e1logo ACCESS\u00d3RIOS OUTROS ACESS\u00d3RIOS Trempe reguladores e borrachas de gas [&hellip;]","_links":{"self":[{"href":"https:\/\/vaellocampos.com\/pt\/wp-json\/wp\/v2\/pages\/1991","targetHints":{"allow":["GET"]}}],"collection":[{"href":"https:\/\/vaellocampos.com\/pt\/wp-json\/wp\/v2\/pages"}],"about":[{"href":"https:\/\/vaellocampos.com\/pt\/wp-json\/wp\/v2\/types\/page"}],"author":[{"embeddable":true,"href":"https:\/\/vaellocampos.com\/pt\/wp-json\/wp\/v2\/users\/1"}],"replies":[{"embeddable":true,"href":"https:\/\/vaellocampos.com\/pt\/wp-json\/wp\/v2\/comments?post=1991"}],"version-history":[{"count":57,"href":"https:\/\/vaellocampos.com\/pt\/wp-json\/wp\/v2\/pages\/1991\/revisions"}],"predecessor-version":[{"id":2655,"href":"https:\/\/vaellocampos.com\/pt\/wp-json\/wp\/v2\/pages\/1991\/revisions\/2655"}],"wp:attachment":[{"href":"https:\/\/vaellocampos.com\/pt\/wp-json\/wp\/v2\/media?parent=1991"}],"curies":[{"name":"wp","href":"https:\/\/api.w.org\/{rel}","templated":true}]}}