{"id":28,"date":"2021-02-22T19:20:08","date_gmt":"2021-02-22T18:20:08","guid":{"rendered":"https:\/\/vaellocampos.com\/?page_id=28"},"modified":"2024-12-02T12:15:00","modified_gmt":"2024-12-02T11:15:00","slug":"inicio","status":"publish","type":"page","link":"https:\/\/vaellocampos.com\/pt\/","title":{"rendered":"in\u00edcio"},"content":{"rendered":"\n\n\t\t\t<img decoding=\"async\" loading='false' src=\"https:\/\/vaellocampos.com\/pt\/wp-content\/uploads\/sites\/6\/catanyera-banner.jpg\" alt=\"\" \/>\t\t\t\n\t\t\t<img decoding=\"async\" loading='false' src=\"https:\/\/vaellocampos.com\/pt\/wp-content\/uploads\/sites\/6\/paulafelipe_014.jpg\" alt=\"\" \/>\t\t\t\n\t\t\t<img decoding=\"async\" loading='false' src=\"https:\/\/vaellocampos.com\/pt\/wp-content\/uploads\/sites\/6\/paulafelipe_023.jpg\" alt=\"\" \/>\t\t\t\n\t\t\t<img decoding=\"async\" loading='false' src=\"https:\/\/vaellocampos.com\/pt\/wp-content\/uploads\/sites\/6\/paulafeliper_011.jpg\" alt=\"\" \/>\t\t\t\n\t\t\t<img decoding=\"async\" loading='false' src=\"https:\/\/vaellocampos.com\/pt\/wp-content\/uploads\/sites\/6\/paulafelipe_083.jpg\" alt=\"\" \/>\t\t\t\n\t\t\t<img decoding=\"async\" loading='false' src=\"https:\/\/vaellocampos.com\/pt\/wp-content\/uploads\/sites\/6\/paulafelipe_071.jpg\" alt=\"\" \/>\t\t\t\n\t\t\t\t<a href=\"#\" aria-label=\"previous\" role=\"button\">\n<\/a>\n\t\t\t\t<a href=\"#\" aria-label=\"next\" role=\"button\">\n<\/a>\n\t[ TUDO QUE VOC\u00ca PRECISA COZINHAR ]<br \/>\nEstes s\u00e3o nossos produtos\n\t\t<a href=\"https:\/\/vaellocampos.com\/pt\/paelheiras\/\" target=\"_self\" rel=\"noopener\">\n\t\t\t\t\t\t\t\t\t\t\t<img decoding=\"async\" src=\"https:\/\/vaellocampos.com\/pt\/wp-content\/uploads\/sites\/6\/paellerasporfolio.jpg\" alt=\"paellerasporfolio\"\/>\n\t\t\t\t\t<p>Paelheiras valenciana<\/p>\t\t\t\t\t\n\t\t\t\t\t\t<h3>\n\t\t\t\t\t\tPaelheiras\t\t<\/h3>\n\t\t<\/a>\n\t\t<a href=\"https:\/\/vaellocampos.com\/pt\/frigideiras\/\" target=\"_self\" rel=\"noopener\">\n\t\t\t\t\t\t\t\t\t\t\t<img decoding=\"async\" src=\"https:\/\/vaellocampos.com\/pt\/wp-content\/uploads\/sites\/6\/sartenesportfolio.jpg\" alt=\"sartenesportfolio\"\/>\n\t\t\t\t\t<p>Frigideiras<\/p>\t\t\t\t\t\n\t\t\t\t\t\t<h3>\n\t\t\t\t\t\tFrigideiras\t\t<\/h3>\n\t\t<\/a>\n\t\t<a href=\"https:\/\/vaellocampos.com\/pt\/assadeiras\/\" target=\"_self\" rel=\"noopener\">\n\t\t\t\t\t\t\t\t\t\t\t<img decoding=\"async\" src=\"https:\/\/vaellocampos.com\/pt\/wp-content\/uploads\/sites\/6\/asadoras-porfolio.jpg\" alt=\"asadoras-porfolio\"\/>\n\t\t\t\t\t<p>Assadeiras<\/p>\t\t\t\t\t\n\t\t\t\t\t\t<h3>\n\t\t\t\t\t\tAssadeiras\t\t<\/h3>\n\t\t<\/a>\n\t\t<a href=\"https:\/\/vaellocampos.com\/pt\/chapas-de-ferro-fundido\/\" target=\"_self\" rel=\"noopener\">\n\t\t\t\t\t\t\t\t\t\t\t<img decoding=\"async\" src=\"https:\/\/vaellocampos.com\/pt\/wp-content\/uploads\/sites\/6\/planchas-porfolio.jpg\" alt=\"planchas-porfolio\"\/>\n\t\t\t\t\t<p>CHAPAS<\/p>\t\t\t\t\t\n\t\t\t\t\t\t<h3>\n\t\t\t\t\t\tCHAPAS\t\t<\/h3>\n\t\t<\/a>\n\t\t<a href=\"https:\/\/vaellocampos.com\/pt\/bicos\/\" target=\"_self\" rel=\"noopener\">\n\t\t\t\t\t\t\t\t\t\t\t<img decoding=\"async\" src=\"https:\/\/vaellocampos.com\/pt\/wp-content\/uploads\/sites\/6\/quemadores-porfolio.jpg\" alt=\"quemadores-porfolio\"\/>\n\t\t\t\t\t<p>BICOS<\/p>\t\t\t\t\t\n\t\t\t\t\t\t<h3>\n\t\t\t\t\t\tBICOS\t\t<\/h3>\n\t\t<\/a>\n\t\t<a href=\"https:\/\/vaellocampos.com\/pt\/grelhadores-ecoset\/\" target=\"_self\" rel=\"noopener\">\n\t\t\t\t\t\t\t\t\t\t\t<img decoding=\"async\" src=\"https:\/\/vaellocampos.com\/pt\/wp-content\/uploads\/sites\/6\/bbq-ecosets-porfolio.jpg\" alt=\"bbq-ecosets-porfolio\"\/>\n\t\t\t\t\t<p>grelhadores \/ ecoset<\/p>\t\t\t\t\t\n\t\t\t\t\t\t<h3>\n\t\t\t\t\t\tgrelhadores ecoset\t\t<\/h3>\n\t\t<\/a>\n\t\t<a href=\"https:\/\/vaellocampos.com\/pt\/accessorios\/\" target=\"_self\" rel=\"noopener\">\n\t\t\t\t\t\t\t\t\t\t\t<img decoding=\"async\" src=\"https:\/\/vaellocampos.com\/pt\/wp-content\/uploads\/sites\/6\/accesorios-porfolio.jpg\" alt=\"accesorios-porfolio\"\/>\n\t\t\t\t\t<p>ACCESS\u00d3RIOS<\/p>\t\t\t\t\t\n\t\t\t\t\t\t<h3>\n\t\t\t\t\t\tACCESS\u00d3RIOS\t\t<\/h3>\n\t\t<\/a>\n\t\t\t\t<img loading=\"lazy\" decoding=\"async\" src=\"https:\/\/vaellocampos.com\/pt\/wp-content\/uploads\/sites\/6\/cropped-icono-del-sitio.png\" alt=\"https:\/\/vaellocampos.com\/wp-content\/uploads\/sites\/6\/cropped-icono-del-sitio.png\" itemprop=\"image\" height=\"512\" width=\"512\" title=\"cropped-icono-del-sitio.png\" onerror=\"this.style.display='none'\"  \/>\n\t[ SOMOS APAIXONADOS PELA COZINHA ]<br \/>\nEstas s\u00e3o nossas receitas\n\t\t<a href=\"https:\/\/vaellocampos.com\/pt\/Receitas\/paelheira-valenciana\/\" title=\"View Box Content\" target=\"_self\" aria-label=\"Post Element\" rel=\"noopener\"><\/a>\t\t\n\t\t\t\t\t\t\t\t\t\t\t\t\t\t<a href=\"https:\/\/vaellocampos.com\/pt\/Receitas\/paelheira-valenciana\/\" target=\"_self\" title=\"[ Paelheira valenciana ]\" rel=\"noopener\">\n\t\t\t\t<img decoding=\"async\" src=\"https:\/\/vaellocampos.com\/pt\/wp-content\/uploads\/sites\/6\/Vale\u0302ncia-paella-receita-vaellocampos.jpg\" alt=\"\" \/>\n\t\t\t\t<\/a>\n\t\t\t\t\t\t<h3>\n\t\t\t\t<a href=https:\/\/vaellocampos.com\/pt\/Receitas\/paelheira-valenciana\/ title=\"[ Paelheira valenciana ]\" tabindex=\"0\">[ Paelheira valenciana ]<\/a>\t\t\t<\/h3>\n\t\t<a href=\"https:\/\/vaellocampos.com\/pt\/Receitas\/receita-de-arroz-assado\/\" title=\"View Box Content\" target=\"_self\" aria-label=\"Post Element\" rel=\"noopener\"><\/a>\t\t\n\t\t\t\t\t\t\t\t\t\t\t\t\t\t<a href=\"https:\/\/vaellocampos.com\/pt\/Receitas\/receita-de-arroz-assado\/\" target=\"_self\" title=\"[ Receita de arroz assado ]\" rel=\"noopener\">\n\t\t\t\t<img decoding=\"async\" src=\"https:\/\/vaellocampos.com\/pt\/wp-content\/uploads\/sites\/6\/receta-arroz-al-horno-lavalenciana-pt.jpg\" alt=\"\" \/>\n\t\t\t\t<\/a>\n\t\t\t\t\t\t<h3>\n\t\t\t\t<a href=https:\/\/vaellocampos.com\/pt\/Receitas\/receita-de-arroz-assado\/ title=\"[ Receita de arroz assado ]\" tabindex=\"0\">[ Receita de arroz assado ]<\/a>\t\t\t<\/h3>\n\t\t<a href=\"https:\/\/vaellocampos.com\/pt\/Receitas\/receita-de-fideua\/\" title=\"View Box Content\" target=\"_self\" aria-label=\"Post Element\" rel=\"noopener\"><\/a>\t\t\n\t\t\t\t\t\t\t\t\t\t\t\t\t\t<a href=\"https:\/\/vaellocampos.com\/pt\/Receitas\/receita-de-fideua\/\" target=\"_self\" title=\"[ Receita de Fideu\u00e0. ]\" rel=\"noopener\">\n\t\t\t\t<img decoding=\"async\" src=\"https:\/\/vaellocampos.com\/pt\/wp-content\/uploads\/sites\/6\/receta-fideua-lavalenciana-pt.jpg\" alt=\"\" \/>\n\t\t\t\t<\/a>\n\t\t\t\t\t\t<h3>\n\t\t\t\t<a href=https:\/\/vaellocampos.com\/pt\/Receitas\/receita-de-fideua\/ title=\"[ Receita de Fideu\u00e0. ]\" tabindex=\"0\">[ Receita de Fideu\u00e0. ]<\/a>\t\t\t<\/h3>\n\t<p>[ Este \u00e9 o nosso blog ]<\/p>\n<h2>\n\t\tNossas \u00faltimas not\u00edcias\n\t<\/h2>\n\t<ul>\n\t\t\t<li>\n\t\t\t<h4>\n\t\t\t\t<a href=\"https:\/\/vaellocampos.com\/pt\/blog\/\" target=\"_self\" data-hover=\"[ Veja tudo ] \" rel=\"noopener\">[ Veja tudo ] <\/a>\n\t\t\t<\/h4>\n\t\t<\/li>\n\t\t\t\t<\/ul>\n\t\t<a href=\"https:\/\/vaellocampos.com\/pt\/diferencas-entre-a-paelha-cozinhada-com-uma-fonte-de-calor-a-base-de-lenha-e-uma-a-gas\/\" title=\"View Box Content\" target=\"_self\" aria-label=\"Post Element\" rel=\"noopener\"><\/a>\t\t\n\t\t\t\t\t\t\t\t\t\t\t\t\t\t<a href=\"https:\/\/vaellocampos.com\/pt\/diferencas-entre-a-paelha-cozinhada-com-uma-fonte-de-calor-a-base-de-lenha-e-uma-a-gas\/\" target=\"_self\" title=\"DIFEREN\u00c7AS ENTRE A PAELHA COZINHADA COM UMA FONTE DE CALOR \u00c0 BASE DE LENHA E UMA A G\u00c1S\" rel=\"noopener\">\n\t\t\t\t<img decoding=\"async\" src=\"https:\/\/vaellocampos.com\/pt\/wp-content\/uploads\/sites\/6\/1621496768paellavalencianalalena.jpeg\" alt=\"\" \/>\n\t\t\t\t<\/a>\n\t\t\t\t\t\t<h2>\n\t\t\t\t<a href=https:\/\/vaellocampos.com\/pt\/diferencas-entre-a-paelha-cozinhada-com-uma-fonte-de-calor-a-base-de-lenha-e-uma-a-gas\/ title=\"DIFEREN\u00c7AS ENTRE A PAELHA COZINHADA COM UMA FONTE DE CALOR \u00c0 BASE DE LENHA E UMA A G\u00c1S\" tabindex=\"0\">DIFEREN\u00c7AS ENTRE A PAELHA COZINHADA COM UMA FONTE DE CALOR \u00c0 BASE DE LENHA E UMA A G\u00c1S<\/a>\t\t\t<\/h2>\n\t\t<a href=\"https:\/\/vaellocampos.com\/pt\/a-paelha-valenciana-a-caminho-de-ser-declarada-bem-de-interesse-cultural\/\" title=\"View Box Content\" target=\"_self\" aria-label=\"Post Element\" rel=\"noopener\"><\/a>\t\t\n\t\t\t\t\t\t\t\t\t\t\t\t\t\t<a href=\"https:\/\/vaellocampos.com\/pt\/a-paelha-valenciana-a-caminho-de-ser-declarada-bem-de-interesse-cultural\/\" target=\"_self\" rel=\"noopener\">\n\t\t\t\t<img decoding=\"async\" src=\"https:\/\/vaellocampos.com\/pt\/wp-content\/uploads\/sites\/6\/1618903951Capturadepantalla20210420alas9.27.09.png\" alt=\"\" \/>\n\t\t\t\t<\/a>\n\t\t\t\t\t\t<h2>\n\t\t\t\t<a href=https:\/\/vaellocampos.com\/pt\/a-paelha-valenciana-a-caminho-de-ser-declarada-bem-de-interesse-cultural\/ title=\"A \"PAELHA VALENCIANA\" A CAMINHO DE SER DECLARADA BEM DE INTERESSE CULTURAL\u00a0\" tabindex=\"0\">A \u00abPAELHA VALENCIANA\u00bb A CAMINHO DE SER DECLARADA BEM DE INTERESSE CULTURAL\u00a0<\/a>\t\t\t<\/h2>\n\t\t<a href=\"https:\/\/vaellocampos.com\/pt\/diferencas-entre-o-aco-polido-e-o-esmaltado\/\" title=\"View Box Content\" target=\"_self\" aria-label=\"Post Element\" rel=\"noopener\"><\/a>\t\t\n\t\t\t\t\t\t\t\t\t\t\t\t\t\t<a href=\"https:\/\/vaellocampos.com\/pt\/diferencas-entre-o-aco-polido-e-o-esmaltado\/\" target=\"_self\" title=\"DIFEREN\u00c7AS ENTRE O A\u00c7O POLIDO E O ESMALTADO\" rel=\"noopener\">\n\t\t\t\t<img decoding=\"async\" src=\"https:\/\/vaellocampos.com\/pt\/wp-content\/uploads\/sites\/6\/1615464002vaello_post110321-2.jpg\" alt=\"\" \/>\n\t\t\t\t<\/a>\n\t\t\t\t\t\t<h2>\n\t\t\t\t<a href=https:\/\/vaellocampos.com\/pt\/diferencas-entre-o-aco-polido-e-o-esmaltado\/ title=\"DIFEREN\u00c7AS ENTRE O A\u00c7O POLIDO E O ESMALTADO\" tabindex=\"0\">DIFEREN\u00c7AS ENTRE O A\u00c7O POLIDO E O ESMALTADO<\/a>\t\t\t<\/h2>\n\n","protected":false},"excerpt":{"rendered":"<p>[ TUDO QUE VOC\u00ca PRECISA COZINHAR ] Estes s\u00e3o nossos produtos Paelheiras [&hellip;]<\/p>\n","protected":false},"author":1,"featured_media":0,"parent":0,"menu_order":0,"comment_status":"closed","ping_status":"closed","template":"","meta":{"_uag_custom_page_level_css":"","_trash_the_other_posts":false,"site-sidebar-layout":"no-sidebar","site-content-layout":"page-builder","ast-site-content-layout":"full-width-container","site-content-style":"unboxed","site-sidebar-style":"unboxed","ast-global-header-display":"","ast-banner-title-visibility":"","ast-main-header-display":"","ast-hfb-above-header-display":"","ast-hfb-below-header-display":"","ast-hfb-mobile-header-display":"","site-post-title":"disabled","ast-breadcrumbs-content":"disabled","ast-featured-img":"disabled","footer-sml-layout":"","theme-transparent-header-meta":"disabled","adv-header-id-meta":"","stick-header-meta":"default","header-above-stick-meta":"","header-main-stick-meta":"","header-below-stick-meta":"","astra-migrate-meta-layouts":"set","ast-page-background-enabled":"default","ast-page-background-meta":{"desktop":{"background-color":"","background-image":"","background-repeat":"repeat","background-position":"center center","background-size":"auto","background-attachment":"scroll","background-type":"","background-media":"","overlay-type":"","overlay-color":"","overlay-opacity":"","overlay-gradient":""},"tablet":{"background-color":"","background-image":"","background-repeat":"repeat","background-position":"center center","background-size":"auto","background-attachment":"scroll","background-type":"","background-media":"","overlay-type":"","overlay-color":"","overlay-opacity":"","overlay-gradient":""},"mobile":{"background-color":"","background-image":"","background-repeat":"repeat","background-position":"center center","background-size":"auto","background-attachment":"scroll","background-type":"","background-media":"","overlay-type":"","overlay-color":"","overlay-opacity":"","overlay-gradient":""}},"ast-content-background-meta":{"desktop":{"background-color":"var(--ast-global-color-5)","background-image":"","background-repeat":"repeat","background-position":"center center","background-size":"auto","background-attachment":"scroll","background-type":"","background-media":"","overlay-type":"","overlay-color":"","overlay-opacity":"","overlay-gradient":""},"tablet":{"background-color":"var(--ast-global-color-5)","background-image":"","background-repeat":"repeat","background-position":"center center","background-size":"auto","background-attachment":"scroll","background-type":"","background-media":"","overlay-type":"","overlay-color":"","overlay-opacity":"","overlay-gradient":""},"mobile":{"background-color":"var(--ast-global-color-5)","background-image":"","background-repeat":"repeat","background-position":"center center","background-size":"auto","background-attachment":"scroll","background-type":"","background-media":"","overlay-type":"","overlay-color":"","overlay-opacity":"","overlay-gradient":""}},"editor_notices":[],"footnotes":""},"class_list":["post-28","page","type-page","status-publish","hentry"],"yoast_head":"<!-- This site is optimized with the Yoast SEO plugin v25.3.1 - https:\/\/yoast.com\/wordpress\/plugins\/seo\/ -->\n<title>in\u00edcio - PAELLAS LA VALENCIANA | Customer Cooking Instruments<\/title>\n<meta name=\"robots\" content=\"index, follow, max-snippet:-1, max-image-preview:large, max-video-preview:-1\" \/>\n<link rel=\"canonical\" href=\"https:\/\/vaellocampos.com\/pt\/\" \/>\n<meta property=\"og:locale\" content=\"es_ES\" \/>\n<meta property=\"og:type\" content=\"article\" \/>\n<meta property=\"og:title\" content=\"in\u00edcio - PAELLAS LA VALENCIANA | Customer Cooking Instruments\" \/>\n<meta property=\"og:description\" content=\"[ TUDO QUE VOC\u00ca PRECISA COZINHAR ] Estes s\u00e3o nossos produtos Paelheiras [&hellip;]\" \/>\n<meta property=\"og:url\" content=\"https:\/\/vaellocampos.com\/pt\/\" \/>\n<meta property=\"og:site_name\" content=\"PAELLAS LA VALENCIANA | Customer Cooking Instruments\" \/>\n<meta property=\"article:modified_time\" content=\"2024-12-02T11:15:00+00:00\" \/>\n<meta property=\"og:image\" content=\"https:\/\/vaellocampos.com\/pt\/wp-content\/uploads\/sites\/6\/catanyera-banner.jpg\" \/>\n<meta name=\"twitter:card\" content=\"summary_large_image\" \/>\n<meta name=\"twitter:label1\" content=\"Tiempo de lectura\" \/>\n\t<meta name=\"twitter:data1\" content=\"5 minutos\" \/>\n<script type=\"application\/ld+json\" class=\"yoast-schema-graph\">{\"@context\":\"https:\/\/schema.org\",\"@graph\":[{\"@type\":\"WebPage\",\"@id\":\"https:\/\/vaellocampos.com\/pt\/\",\"url\":\"https:\/\/vaellocampos.com\/pt\/\",\"name\":\"in\u00edcio - PAELLAS LA VALENCIANA | Customer Cooking Instruments\",\"isPartOf\":{\"@id\":\"https:\/\/vaellocampos.com\/pt\/#website\"},\"primaryImageOfPage\":{\"@id\":\"https:\/\/vaellocampos.com\/pt\/#primaryimage\"},\"image\":{\"@id\":\"https:\/\/vaellocampos.com\/pt\/#primaryimage\"},\"thumbnailUrl\":\"https:\/\/vaellocampos.com\/pt\/wp-content\/uploads\/sites\/6\/catanyera-banner.jpg\",\"datePublished\":\"2021-02-22T18:20:08+00:00\",\"dateModified\":\"2024-12-02T11:15:00+00:00\",\"breadcrumb\":{\"@id\":\"https:\/\/vaellocampos.com\/pt\/#breadcrumb\"},\"inLanguage\":\"es\",\"potentialAction\":[{\"@type\":\"ReadAction\",\"target\":[\"https:\/\/vaellocampos.com\/pt\/\"]}]},{\"@type\":\"ImageObject\",\"inLanguage\":\"es\",\"@id\":\"https:\/\/vaellocampos.com\/pt\/#primaryimage\",\"url\":\"https:\/\/vaellocampos.com\/pt\/wp-content\/uploads\/sites\/6\/catanyera-banner.jpg\",\"contentUrl\":\"https:\/\/vaellocampos.com\/pt\/wp-content\/uploads\/sites\/6\/catanyera-banner.jpg\",\"width\":1920,\"height\":700},{\"@type\":\"BreadcrumbList\",\"@id\":\"https:\/\/vaellocampos.com\/pt\/#breadcrumb\",\"itemListElement\":[{\"@type\":\"ListItem\",\"position\":1,\"name\":\"Portada\",\"item\":\"https:\/\/vaellocampos.com\/pt\/\"},{\"@type\":\"ListItem\",\"position\":2,\"name\":\"in\u00edcio\"}]},{\"@type\":\"WebSite\",\"@id\":\"https:\/\/vaellocampos.com\/pt\/#website\",\"url\":\"https:\/\/vaellocampos.com\/pt\/\",\"name\":\"PAELLAS LA VALENCIANA | Customer Cooking Instruments\",\"description\":\"Paellas, frigideiras, ca\u00e7arolas, grelhadores ... La Valenciana desde 1950 oferece aos seus clientes uma vasta gama de produtos\",\"publisher\":{\"@id\":\"https:\/\/vaellocampos.com\/pt\/#organization\"},\"potentialAction\":[{\"@type\":\"SearchAction\",\"target\":{\"@type\":\"EntryPoint\",\"urlTemplate\":\"https:\/\/vaellocampos.com\/pt\/?s={search_term_string}\"},\"query-input\":{\"@type\":\"PropertyValueSpecification\",\"valueRequired\":true,\"valueName\":\"search_term_string\"}}],\"inLanguage\":\"es\"},{\"@type\":\"Organization\",\"@id\":\"https:\/\/vaellocampos.com\/pt\/#organization\",\"name\":\"PAELLAS LA VALENCIANA | Customer Cooking Instruments\",\"url\":\"https:\/\/vaellocampos.com\/pt\/\",\"logo\":{\"@type\":\"ImageObject\",\"inLanguage\":\"es\",\"@id\":\"https:\/\/vaellocampos.com\/pt\/#\/schema\/logo\/image\/\",\"url\":\"https:\/\/vaellocampos.com\/pt\/wp-content\/uploads\/sites\/6\/cropped-logo-menuprincipal.png\",\"contentUrl\":\"https:\/\/vaellocampos.com\/pt\/wp-content\/uploads\/sites\/6\/cropped-logo-menuprincipal.png\",\"width\":131,\"height\":67,\"caption\":\"PAELLAS LA VALENCIANA | Customer Cooking Instruments\"},\"image\":{\"@id\":\"https:\/\/vaellocampos.com\/pt\/#\/schema\/logo\/image\/\"}}]}<\/script>\n<!-- \/ Yoast SEO plugin. -->","yoast_head_json":{"title":"in\u00edcio - PAELLAS LA VALENCIANA | Customer Cooking Instruments","robots":{"index":"index","follow":"follow","max-snippet":"max-snippet:-1","max-image-preview":"max-image-preview:large","max-video-preview":"max-video-preview:-1"},"canonical":"https:\/\/vaellocampos.com\/pt\/","og_locale":"es_ES","og_type":"article","og_title":"in\u00edcio - PAELLAS LA VALENCIANA | Customer Cooking Instruments","og_description":"[ TUDO QUE VOC\u00ca PRECISA COZINHAR ] Estes s\u00e3o nossos produtos Paelheiras [&hellip;]","og_url":"https:\/\/vaellocampos.com\/pt\/","og_site_name":"PAELLAS LA VALENCIANA | Customer Cooking Instruments","article_modified_time":"2024-12-02T11:15:00+00:00","og_image":[{"url":"https:\/\/vaellocampos.com\/pt\/wp-content\/uploads\/sites\/6\/catanyera-banner.jpg","type":"","width":"","height":""}],"twitter_card":"summary_large_image","twitter_misc":{"Tiempo de lectura":"5 minutos"},"schema":{"@context":"https:\/\/schema.org","@graph":[{"@type":"WebPage","@id":"https:\/\/vaellocampos.com\/pt\/","url":"https:\/\/vaellocampos.com\/pt\/","name":"in\u00edcio - PAELLAS LA VALENCIANA | Customer Cooking Instruments","isPartOf":{"@id":"https:\/\/vaellocampos.com\/pt\/#website"},"primaryImageOfPage":{"@id":"https:\/\/vaellocampos.com\/pt\/#primaryimage"},"image":{"@id":"https:\/\/vaellocampos.com\/pt\/#primaryimage"},"thumbnailUrl":"https:\/\/vaellocampos.com\/pt\/wp-content\/uploads\/sites\/6\/catanyera-banner.jpg","datePublished":"2021-02-22T18:20:08+00:00","dateModified":"2024-12-02T11:15:00+00:00","breadcrumb":{"@id":"https:\/\/vaellocampos.com\/pt\/#breadcrumb"},"inLanguage":"es","potentialAction":[{"@type":"ReadAction","target":["https:\/\/vaellocampos.com\/pt\/"]}]},{"@type":"ImageObject","inLanguage":"es","@id":"https:\/\/vaellocampos.com\/pt\/#primaryimage","url":"https:\/\/vaellocampos.com\/pt\/wp-content\/uploads\/sites\/6\/catanyera-banner.jpg","contentUrl":"https:\/\/vaellocampos.com\/pt\/wp-content\/uploads\/sites\/6\/catanyera-banner.jpg","width":1920,"height":700},{"@type":"BreadcrumbList","@id":"https:\/\/vaellocampos.com\/pt\/#breadcrumb","itemListElement":[{"@type":"ListItem","position":1,"name":"Portada","item":"https:\/\/vaellocampos.com\/pt\/"},{"@type":"ListItem","position":2,"name":"in\u00edcio"}]},{"@type":"WebSite","@id":"https:\/\/vaellocampos.com\/pt\/#website","url":"https:\/\/vaellocampos.com\/pt\/","name":"PAELLAS LA VALENCIANA | Customer Cooking Instruments","description":"Paellas, frigideiras, ca\u00e7arolas, grelhadores ... La Valenciana desde 1950 oferece aos seus clientes uma vasta gama de produtos","publisher":{"@id":"https:\/\/vaellocampos.com\/pt\/#organization"},"potentialAction":[{"@type":"SearchAction","target":{"@type":"EntryPoint","urlTemplate":"https:\/\/vaellocampos.com\/pt\/?s={search_term_string}"},"query-input":{"@type":"PropertyValueSpecification","valueRequired":true,"valueName":"search_term_string"}}],"inLanguage":"es"},{"@type":"Organization","@id":"https:\/\/vaellocampos.com\/pt\/#organization","name":"PAELLAS LA VALENCIANA | Customer Cooking Instruments","url":"https:\/\/vaellocampos.com\/pt\/","logo":{"@type":"ImageObject","inLanguage":"es","@id":"https:\/\/vaellocampos.com\/pt\/#\/schema\/logo\/image\/","url":"https:\/\/vaellocampos.com\/pt\/wp-content\/uploads\/sites\/6\/cropped-logo-menuprincipal.png","contentUrl":"https:\/\/vaellocampos.com\/pt\/wp-content\/uploads\/sites\/6\/cropped-logo-menuprincipal.png","width":131,"height":67,"caption":"PAELLAS LA VALENCIANA | Customer Cooking Instruments"},"image":{"@id":"https:\/\/vaellocampos.com\/pt\/#\/schema\/logo\/image\/"}}]}},"uagb_featured_image_src":{"full":false,"thumbnail":false,"medium":false,"medium_large":false,"large":false,"1536x1536":false,"2048x2048":false},"uagb_author_info":{"display_name":"admin","author_link":"https:\/\/vaellocampos.com\/pt\/author\/o2estudio_3k3rco7w\/"},"uagb_comment_info":0,"uagb_excerpt":"[ TUDO QUE VOC\u00ca PRECISA COZINHAR ] Estes s\u00e3o nossos produtos Paelheiras [&hellip;]","_links":{"self":[{"href":"https:\/\/vaellocampos.com\/pt\/wp-json\/wp\/v2\/pages\/28","targetHints":{"allow":["GET"]}}],"collection":[{"href":"https:\/\/vaellocampos.com\/pt\/wp-json\/wp\/v2\/pages"}],"about":[{"href":"https:\/\/vaellocampos.com\/pt\/wp-json\/wp\/v2\/types\/page"}],"author":[{"embeddable":true,"href":"https:\/\/vaellocampos.com\/pt\/wp-json\/wp\/v2\/users\/1"}],"replies":[{"embeddable":true,"href":"https:\/\/vaellocampos.com\/pt\/wp-json\/wp\/v2\/comments?post=28"}],"version-history":[{"count":55,"href":"https:\/\/vaellocampos.com\/pt\/wp-json\/wp\/v2\/pages\/28\/revisions"}],"predecessor-version":[{"id":2681,"href":"https:\/\/vaellocampos.com\/pt\/wp-json\/wp\/v2\/pages\/28\/revisions\/2681"}],"wp:attachment":[{"href":"https:\/\/vaellocampos.com\/pt\/wp-json\/wp\/v2\/media?parent=28"}],"curies":[{"name":"wp","href":"https:\/\/api.w.org\/{rel}","templated":true}]}}