{"id":3,"date":"2021-02-04T18:37:43","date_gmt":"2021-02-04T17:37:43","guid":{"rendered":"https:\/\/vaellocampos.com\/?page_id=3"},"modified":"2021-06-21T14:22:37","modified_gmt":"2021-06-21T12:22:37","slug":"politica-de-privacidade","status":"publish","type":"page","link":"https:\/\/vaellocampos.com\/pt\/politica-de-privacidade\/","title":{"rendered":"Pol\u00edtica de privacidade"},"content":{"rendered":"\n<h2>\n\t\tPol\u00edticas de privacidade\n\t<\/h2>\n\t\n<p><b>Quem \u00e9 o respons\u00e1vel pelo tratamento dos seus dados pessoais?<\/b> A VAELLOCAMPOS, SL \u00e9 RESPONS\u00c1VEL pelo tratamento dos dados pessoais do UTILIZADOR e informa que estes dados ser\u00e3o tratados de acordo com o estabelecido no Regulamento (UE) 2016\/679, de 27 de abril (GDPR), e na Lei Org\u00e2nica 3\/2018, de 5 dezembro (LOPDGDD).<\/p>\n<p><b>Para que efeitos tratamos os seus dados pessoais?<\/b> Para manter uma rela\u00e7\u00e3o comercial com o utilizador. As opera\u00e7\u00f5es previstas para o processamento do tratamento s\u00e3o:\u00a0<\/p>\n<ul>\n<li>Envio de comunica\u00e7\u00f5es comerciais publicit\u00e1rias atrav\u00e9s de correio eletr\u00f3nico, fax, SMS, MMS, redes sociais ou de qualquer outro meio eletr\u00f3nico ou f\u00edsico, presente ou futuro, que possibilite a realiza\u00e7\u00e3o de comunica\u00e7\u00f5es comerciais. Estas comunica\u00e7\u00f5es ser\u00e3o efetuadas pelo RESPONS\u00c1VEL e estar\u00e3o relacionadas com os seus produtos e servi\u00e7os, ou com os dos seus colaboradores ou fornecedores, com os quais mantenha um acordo promocional. Neste caso, terceiras partes nunca ter\u00e3o acesso aos dados pessoais.<\/li>\n<li>Realizar estudos de mercado e an\u00e1lises estat\u00edsticas.<\/li>\n<li>Efetuar encomendas, pedidos, responder a consultas ou a qualquer tipo de pedido efetuado pelo UTILIZADOR atrav\u00e9s de qualquer uma das formas de contacto disponibilizadas na p\u00e1gina web do RESPONS\u00c1VEL.\u00a0<\/li>\n<li>Enviar o boletim informativo por email, sobre novidades, ofertas e promo\u00e7\u00f5es relativas \u00e0 nossa atividade.<\/li>\n<\/ul>\n<p><b>Porque \u00e9 que podemos tratar os seus dados pessoais?<\/b> Porque o tratamento \u00e9 legitimado pelo artigo 6 do GDPR da seguinte forma: Mediante o consentimento do UTILIZADOR: envio de comunica\u00e7\u00f5es comerciais e do boletim informativo. Com base no interesse leg\u00edtimo do RESPONS\u00c1VEL: realizar estudos de mercado, an\u00e1lises estat\u00edsticas, etc.. e efetuar encomendas, pedidos, etc., a pedido do UTILIZADOR.\u00a0<\/p>\n<p><b>Durante quanto tempo conservaremos os seus dados pessoais?<\/b> Ser\u00e3o conservados apenas durante o tempo necess\u00e1rio para manter a finalidade do tratamento ou quando existam prescri\u00e7\u00f5es legais que exijam a sua cust\u00f3dia; e, quando deixarem de ser necess\u00e1rios para tal fim, ser\u00e3o eliminados de acordo com as medidas de seguran\u00e7a adequadas para assegurar a anonimiza\u00e7\u00e3o dos dados ou o apagamento total dos mesmos.\u00a0<\/p>\n<p><b>A quem facilitamos os seus dados pessoais?<\/b> N\u00e3o est\u00e1 prevista a comunica\u00e7\u00e3o de dados pessoais a terceiros exceto, se necess\u00e1rio para o desenvolvimento e execu\u00e7\u00e3o dos objetivos do tratamento, aos nossos fornecedores de servi\u00e7os relacionados com as comunica\u00e7\u00f5es, com os quais o RESPONS\u00c1VEL tenha assinado contratos de confidencialidade e de encarregado do tratamento exigidos pelos regulamentos de privacidade em vigor.<\/p>\n<p><b>Quais s\u00e3o os seus direitos?<\/b> Os direitos do UTILIZADOR s\u00e3o os seguintes:<\/p>\n<ul>\n<li>Direito a cancelar o consentimento em qualquer altura.<\/li>\n<li>Direito de acesso, retifica\u00e7\u00e3o, portabilidade e supress\u00e3o dos seus dados, bem como de limita\u00e7\u00e3o ou oposi\u00e7\u00e3o ao tratamento.<\/li>\n<li>Direito a apresentar uma reclama\u00e7\u00e3o junto da autoridade de controlo (<a href=\"https:\/\/www.aepd.es\/es\" target=\"_blank\" rel=\"noopener\">www.aepd.es<\/a>), caso considerar que o tratamento n\u00e3o se ajusta \u00e0 legisla\u00e7\u00e3o em vigor.<\/li>\n<\/ul>\n<p>Dados de contacto para exercer os seus direitos: VAELLO CAMPOS, S.L P. Ind. Serrans IV C\/Pl\u00e0stic, 2 46812 Aielo de Malferit\u00a0&#8211; Valencia &#8211; Espa\u00f1a. Endere\u00e7o de correio eletr\u00f3nico: comercial@vaellocampos.com<\/p>\n<b>2. CAR\u00c1TER OBRIGAT\u00d3RIO OU FACULTATIVO DA INFORMA\u00c7\u00c3O FACILITADA PELO UTILIZADOR<\/b><br \/>\nOs UTILIZADORES, ao assinalarem as respetivas op\u00e7\u00f5es e introduzindo os dados nos campos marcados com um asterisco (*) no formul\u00e1rio de contacto ou inclu\u00eddos nos formul\u00e1rios de descarga, aceitam de forma expressa, livre e inequ\u00edvoca que os seus dados s\u00e3o necess\u00e1rios para que o prestador do servi\u00e7o possa satisfazer o seu pedido, sendo volunt\u00e1ria a inclus\u00e3o de dados nos restantes campos. O UTILIZADOR garante que os dados pessoais proporcionados ao RESPONS\u00c1VEL s\u00e3o verdadeiros e compromete-se a comunicar quaisquer altera\u00e7\u00f5es efetuadas nos mesmos.\n<p>O RESPONS\u00c1VEL informa que todos os dados solicitados atrav\u00e9s do s\u00edtio Web s\u00e3o obrigat\u00f3rios, dado que s\u00e3o necess\u00e1rios para a presta\u00e7\u00e3o de um servi\u00e7o \u00f3timo ao UTILIZADOR. Caso n\u00e3o sejam facilitados todos os dados, n\u00e3o ser\u00e1 poss\u00edvel garantir que a informa\u00e7\u00e3o e os servi\u00e7os proporcionados correspondam completamente \u00e0s suas necessidades.\u00a0<\/p>\n<b>3. MEDIDAS DE SEGURAN\u00c7A<\/b><br \/>\nQue, em conformidade com o estabelecido nas normas em vigor sobre prote\u00e7\u00e3o de dados pessoais, o RESPONS\u00c1VEL cumpre todas as disposi\u00e7\u00f5es do regulamento GDPR e da Lei Org\u00e2nica LOPDGDD relativas ao tratamento de dados pessoais sob a sua responsabilidade e, designadamente, os princ\u00edpios descritos no artigo 5 do GDPR, com base nos quais esses dados s\u00e3o tratados de forma legal, justa e transparente, no que se refere \u00e0 pessoa interessada, sendo adequados, pertinentes e limitados ao necess\u00e1rio relativamente aos fins para os quais s\u00e3o tratados.\n<p>O RESPONS\u00c1VEL garante ter implementado pol\u00edticas t\u00e9cnicas e organizacionais adequadas para aplicar as medidas de seguran\u00e7a estabelecidas pelo GDPR e pela LOPDGDD, com o fim de proteger os direitos e liberdades dos USU\u00c1RIOS, transmitindo-lhes a informa\u00e7\u00e3o necess\u00e1ria para que os possam exercer.<\/p>\nPara mais informa\u00e7\u00f5es sobre as garantias de privacidade, pode dirigir-se ao RESPONS\u00c1VEL atrav\u00e9s de:<br \/>\nVAELLO CAMPOS, S.L P. Ind. Serrans IV C\/Pl\u00e0stic, 2 46812 Aielo de Malferit\u00a0&#8211; Valencia &#8211; Espa\u00f1a. Email: comercial@vaellocampos.com\n\n","protected":false},"excerpt":{"rendered":"<p>Pol\u00edticas de privacidade Quem \u00e9 o respons\u00e1vel pelo tratamento dos seus dados [&hellip;]<\/p>\n","protected":false},"author":1,"featured_media":0,"parent":0,"menu_order":0,"comment_status":"closed","ping_status":"closed","template":"","meta":{"_uag_custom_page_level_css":"","_trash_the_other_posts":false,"site-sidebar-layout":"no-sidebar","site-content-layout":"page-builder","ast-site-content-layout":"default","site-content-style":"default","site-sidebar-style":"default","ast-global-header-display":"","ast-banner-title-visibility":"","ast-main-header-display":"","ast-hfb-above-header-display":"","ast-hfb-below-header-display":"","ast-hfb-mobile-header-display":"","site-post-title":"disabled","ast-breadcrumbs-content":"disabled","ast-featured-img":"disabled","footer-sml-layout":"","theme-transparent-header-meta":"default","adv-header-id-meta":"","stick-header-meta":"default","header-above-stick-meta":"","header-main-stick-meta":"","header-below-stick-meta":"","astra-migrate-meta-layouts":"default","ast-page-background-enabled":"default","ast-page-background-meta":{"desktop":{"background-color":"","background-image":"","background-repeat":"repeat","background-position":"center center","background-size":"auto","background-attachment":"scroll","background-type":"","background-media":"","overlay-type":"","overlay-color":"","overlay-opacity":"","overlay-gradient":""},"tablet":{"background-color":"","background-image":"","background-repeat":"repeat","background-position":"center center","background-size":"auto","background-attachment":"scroll","background-type":"","background-media":"","overlay-type":"","overlay-color":"","overlay-opacity":"","overlay-gradient":""},"mobile":{"background-color":"","background-image":"","background-repeat":"repeat","background-position":"center center","background-size":"auto","background-attachment":"scroll","background-type":"","background-media":"","overlay-type":"","overlay-color":"","overlay-opacity":"","overlay-gradient":""}},"ast-content-background-meta":{"desktop":{"background-color":"var(--ast-global-color-5)","background-image":"","background-repeat":"repeat","background-position":"center center","background-size":"auto","background-attachment":"scroll","background-type":"","background-media":"","overlay-type":"","overlay-color":"","overlay-opacity":"","overlay-gradient":""},"tablet":{"background-color":"var(--ast-global-color-5)","background-image":"","background-repeat":"repeat","background-position":"center center","background-size":"auto","background-attachment":"scroll","background-type":"","background-media":"","overlay-type":"","overlay-color":"","overlay-opacity":"","overlay-gradient":""},"mobile":{"background-color":"var(--ast-global-color-5)","background-image":"","background-repeat":"repeat","background-position":"center center","background-size":"auto","background-attachment":"scroll","background-type":"","background-media":"","overlay-type":"","overlay-color":"","overlay-opacity":"","overlay-gradient":""}},"editor_notices":[],"footnotes":""},"class_list":["post-3","page","type-page","status-publish","hentry"],"yoast_head":"<!-- This site is optimized with the Yoast SEO plugin v25.3.1 - https:\/\/yoast.com\/wordpress\/plugins\/seo\/ -->\n<title>Pol\u00edtica de privacidade - PAELLAS LA VALENCIANA | Customer Cooking Instruments<\/title>\n<meta name=\"robots\" content=\"index, follow, max-snippet:-1, max-image-preview:large, max-video-preview:-1\" \/>\n<link rel=\"canonical\" href=\"https:\/\/vaellocampos.com\/pt\/politica-de-privacidade\/\" \/>\n<meta property=\"og:locale\" content=\"es_ES\" \/>\n<meta property=\"og:type\" content=\"article\" \/>\n<meta property=\"og:title\" content=\"Pol\u00edtica de privacidade - PAELLAS LA VALENCIANA | Customer Cooking Instruments\" \/>\n<meta property=\"og:description\" content=\"Pol\u00edticas de privacidade Quem \u00e9 o respons\u00e1vel pelo tratamento dos seus dados [&hellip;]\" \/>\n<meta property=\"og:url\" content=\"https:\/\/vaellocampos.com\/pt\/politica-de-privacidade\/\" \/>\n<meta property=\"og:site_name\" content=\"PAELLAS LA VALENCIANA | Customer Cooking Instruments\" \/>\n<meta property=\"article:modified_time\" content=\"2021-06-21T12:22:37+00:00\" \/>\n<meta name=\"twitter:card\" content=\"summary_large_image\" \/>\n<meta name=\"twitter:label1\" content=\"Tiempo de lectura\" \/>\n\t<meta name=\"twitter:data1\" content=\"4 minutos\" \/>\n<script type=\"application\/ld+json\" class=\"yoast-schema-graph\">{\"@context\":\"https:\/\/schema.org\",\"@graph\":[{\"@type\":\"WebPage\",\"@id\":\"https:\/\/vaellocampos.com\/pt\/politica-de-privacidade\/\",\"url\":\"https:\/\/vaellocampos.com\/pt\/politica-de-privacidade\/\",\"name\":\"Pol\u00edtica de privacidade - PAELLAS LA VALENCIANA | Customer Cooking Instruments\",\"isPartOf\":{\"@id\":\"https:\/\/vaellocampos.com\/pt\/#website\"},\"datePublished\":\"2021-02-04T17:37:43+00:00\",\"dateModified\":\"2021-06-21T12:22:37+00:00\",\"breadcrumb\":{\"@id\":\"https:\/\/vaellocampos.com\/pt\/politica-de-privacidade\/#breadcrumb\"},\"inLanguage\":\"es\",\"potentialAction\":[{\"@type\":\"ReadAction\",\"target\":[\"https:\/\/vaellocampos.com\/pt\/politica-de-privacidade\/\"]}]},{\"@type\":\"BreadcrumbList\",\"@id\":\"https:\/\/vaellocampos.com\/pt\/politica-de-privacidade\/#breadcrumb\",\"itemListElement\":[{\"@type\":\"ListItem\",\"position\":1,\"name\":\"Portada\",\"item\":\"https:\/\/vaellocampos.com\/pt\/\"},{\"@type\":\"ListItem\",\"position\":2,\"name\":\"Pol\u00edtica de privacidade\"}]},{\"@type\":\"WebSite\",\"@id\":\"https:\/\/vaellocampos.com\/pt\/#website\",\"url\":\"https:\/\/vaellocampos.com\/pt\/\",\"name\":\"PAELLAS LA VALENCIANA | Customer Cooking Instruments\",\"description\":\"Paellas, frigideiras, ca\u00e7arolas, grelhadores ... La Valenciana desde 1950 oferece aos seus clientes uma vasta gama de produtos\",\"publisher\":{\"@id\":\"https:\/\/vaellocampos.com\/pt\/#organization\"},\"potentialAction\":[{\"@type\":\"SearchAction\",\"target\":{\"@type\":\"EntryPoint\",\"urlTemplate\":\"https:\/\/vaellocampos.com\/pt\/?s={search_term_string}\"},\"query-input\":{\"@type\":\"PropertyValueSpecification\",\"valueRequired\":true,\"valueName\":\"search_term_string\"}}],\"inLanguage\":\"es\"},{\"@type\":\"Organization\",\"@id\":\"https:\/\/vaellocampos.com\/pt\/#organization\",\"name\":\"PAELLAS LA VALENCIANA | Customer Cooking Instruments\",\"url\":\"https:\/\/vaellocampos.com\/pt\/\",\"logo\":{\"@type\":\"ImageObject\",\"inLanguage\":\"es\",\"@id\":\"https:\/\/vaellocampos.com\/pt\/#\/schema\/logo\/image\/\",\"url\":\"https:\/\/vaellocampos.com\/pt\/wp-content\/uploads\/sites\/6\/cropped-logo-menuprincipal.png\",\"contentUrl\":\"https:\/\/vaellocampos.com\/pt\/wp-content\/uploads\/sites\/6\/cropped-logo-menuprincipal.png\",\"width\":131,\"height\":67,\"caption\":\"PAELLAS LA VALENCIANA | Customer Cooking Instruments\"},\"image\":{\"@id\":\"https:\/\/vaellocampos.com\/pt\/#\/schema\/logo\/image\/\"}}]}<\/script>\n<!-- \/ Yoast SEO plugin. -->","yoast_head_json":{"title":"Pol\u00edtica de privacidade - PAELLAS LA VALENCIANA | Customer Cooking Instruments","robots":{"index":"index","follow":"follow","max-snippet":"max-snippet:-1","max-image-preview":"max-image-preview:large","max-video-preview":"max-video-preview:-1"},"canonical":"https:\/\/vaellocampos.com\/pt\/politica-de-privacidade\/","og_locale":"es_ES","og_type":"article","og_title":"Pol\u00edtica de privacidade - PAELLAS LA VALENCIANA | Customer Cooking Instruments","og_description":"Pol\u00edticas de privacidade Quem \u00e9 o respons\u00e1vel pelo tratamento dos seus dados [&hellip;]","og_url":"https:\/\/vaellocampos.com\/pt\/politica-de-privacidade\/","og_site_name":"PAELLAS LA VALENCIANA | Customer Cooking Instruments","article_modified_time":"2021-06-21T12:22:37+00:00","twitter_card":"summary_large_image","twitter_misc":{"Tiempo de lectura":"4 minutos"},"schema":{"@context":"https:\/\/schema.org","@graph":[{"@type":"WebPage","@id":"https:\/\/vaellocampos.com\/pt\/politica-de-privacidade\/","url":"https:\/\/vaellocampos.com\/pt\/politica-de-privacidade\/","name":"Pol\u00edtica de privacidade - PAELLAS LA VALENCIANA | Customer Cooking Instruments","isPartOf":{"@id":"https:\/\/vaellocampos.com\/pt\/#website"},"datePublished":"2021-02-04T17:37:43+00:00","dateModified":"2021-06-21T12:22:37+00:00","breadcrumb":{"@id":"https:\/\/vaellocampos.com\/pt\/politica-de-privacidade\/#breadcrumb"},"inLanguage":"es","potentialAction":[{"@type":"ReadAction","target":["https:\/\/vaellocampos.com\/pt\/politica-de-privacidade\/"]}]},{"@type":"BreadcrumbList","@id":"https:\/\/vaellocampos.com\/pt\/politica-de-privacidade\/#breadcrumb","itemListElement":[{"@type":"ListItem","position":1,"name":"Portada","item":"https:\/\/vaellocampos.com\/pt\/"},{"@type":"ListItem","position":2,"name":"Pol\u00edtica de privacidade"}]},{"@type":"WebSite","@id":"https:\/\/vaellocampos.com\/pt\/#website","url":"https:\/\/vaellocampos.com\/pt\/","name":"PAELLAS LA VALENCIANA | Customer Cooking Instruments","description":"Paellas, frigideiras, ca\u00e7arolas, grelhadores ... La Valenciana desde 1950 oferece aos seus clientes uma vasta gama de produtos","publisher":{"@id":"https:\/\/vaellocampos.com\/pt\/#organization"},"potentialAction":[{"@type":"SearchAction","target":{"@type":"EntryPoint","urlTemplate":"https:\/\/vaellocampos.com\/pt\/?s={search_term_string}"},"query-input":{"@type":"PropertyValueSpecification","valueRequired":true,"valueName":"search_term_string"}}],"inLanguage":"es"},{"@type":"Organization","@id":"https:\/\/vaellocampos.com\/pt\/#organization","name":"PAELLAS LA VALENCIANA | Customer Cooking Instruments","url":"https:\/\/vaellocampos.com\/pt\/","logo":{"@type":"ImageObject","inLanguage":"es","@id":"https:\/\/vaellocampos.com\/pt\/#\/schema\/logo\/image\/","url":"https:\/\/vaellocampos.com\/pt\/wp-content\/uploads\/sites\/6\/cropped-logo-menuprincipal.png","contentUrl":"https:\/\/vaellocampos.com\/pt\/wp-content\/uploads\/sites\/6\/cropped-logo-menuprincipal.png","width":131,"height":67,"caption":"PAELLAS LA VALENCIANA | Customer Cooking Instruments"},"image":{"@id":"https:\/\/vaellocampos.com\/pt\/#\/schema\/logo\/image\/"}}]}},"uagb_featured_image_src":{"full":false,"thumbnail":false,"medium":false,"medium_large":false,"large":false,"1536x1536":false,"2048x2048":false},"uagb_author_info":{"display_name":"admin","author_link":"https:\/\/vaellocampos.com\/pt\/author\/o2estudio_3k3rco7w\/"},"uagb_comment_info":0,"uagb_excerpt":"Pol\u00edticas de privacidade Quem \u00e9 o respons\u00e1vel pelo tratamento dos seus dados [&hellip;]","_links":{"self":[{"href":"https:\/\/vaellocampos.com\/pt\/wp-json\/wp\/v2\/pages\/3","targetHints":{"allow":["GET"]}}],"collection":[{"href":"https:\/\/vaellocampos.com\/pt\/wp-json\/wp\/v2\/pages"}],"about":[{"href":"https:\/\/vaellocampos.com\/pt\/wp-json\/wp\/v2\/types\/page"}],"author":[{"embeddable":true,"href":"https:\/\/vaellocampos.com\/pt\/wp-json\/wp\/v2\/users\/1"}],"replies":[{"embeddable":true,"href":"https:\/\/vaellocampos.com\/pt\/wp-json\/wp\/v2\/comments?post=3"}],"version-history":[{"count":3,"href":"https:\/\/vaellocampos.com\/pt\/wp-json\/wp\/v2\/pages\/3\/revisions"}],"predecessor-version":[{"id":2463,"href":"https:\/\/vaellocampos.com\/pt\/wp-json\/wp\/v2\/pages\/3\/revisions\/2463"}],"wp:attachment":[{"href":"https:\/\/vaellocampos.com\/pt\/wp-json\/wp\/v2\/media?parent=3"}],"curies":[{"name":"wp","href":"https:\/\/api.w.org\/{rel}","templated":true}]}}