{"id":43,"date":"2021-02-22T19:47:18","date_gmt":"2021-02-22T18:47:18","guid":{"rendered":"https:\/\/vaellocampos.com\/?page_id=43"},"modified":"2022-05-12T16:25:39","modified_gmt":"2022-05-12T14:25:39","slug":"cuidados","status":"publish","type":"page","link":"https:\/\/vaellocampos.com\/pt\/cuidados\/","title":{"rendered":"Cuidados"},"content":{"rendered":"\n\n\t<p>[ Se as mimitas lhe dar\u00e3o resultado melhor ]<\/p>\n\t<p>Depois de cozinhar &#8230; para cuidar.<\/p>\n\t\t\t\t<a href=\"#aceropulido\" target=\"_self\" itemprop=\"url\" rel=\"noopener\">\n\t\t\t\t<img loading=\"lazy\" decoding=\"async\" src=\"https:\/\/vaellocampos.com\/pt\/wp-content\/uploads\/sites\/6\/aco-polido-img.jpg\" alt=\"a\u00e7o-polido-img\" itemprop=\"image\" height=\"721\" width=\"523\" title=\"a\u00e7o-polido-img\" onerror=\"this.style.display='none'\"  \/>\n\t\t\t\t<\/a>\n\t\t\t\t<img loading=\"lazy\" decoding=\"async\" src=\"https:\/\/vaellocampos.com\/pt\/wp-content\/uploads\/sites\/6\/cuidados-chica-cocinando.jpg\" alt=\"cuidados-chica-cocinando\" itemprop=\"image\" height=\"450\" width=\"550\" title=\"cuidados-chica-cocinando\" onerror=\"this.style.display='none'\"  \/>\n\t\t\t\t<img loading=\"lazy\" decoding=\"async\" src=\"https:\/\/vaellocampos.com\/pt\/wp-content\/uploads\/sites\/6\/cuidados-productos-limpieza.jpg\" alt=\"cuidados-productos-limpieza\" itemprop=\"image\" height=\"260\" width=\"360\" title=\"cuidados-productos-limpieza\" onerror=\"this.style.display='none'\"  \/>\n\t\t\t\t<a href=\"#aceroesmaltado\" target=\"_self\" itemprop=\"url\" rel=\"noopener\">\n\t\t\t\t<img loading=\"lazy\" decoding=\"async\" src=\"https:\/\/vaellocampos.com\/pt\/wp-content\/uploads\/sites\/6\/aco-esmaltado-img.jpg\" alt=\"a\u00e7o-esmaltado-img\" itemprop=\"image\" height=\"747\" width=\"523\" title=\"a\u00e7o-esmaltado-img\" onerror=\"this.style.display='none'\"  \/>\n\t\t\t\t<\/a>\n\t\t\t\t<a href=\"#hierroefundido\" target=\"_self\" itemprop=\"url\" rel=\"noopener\">\n\t\t\t\t<img loading=\"lazy\" decoding=\"async\" src=\"https:\/\/vaellocampos.com\/pt\/wp-content\/uploads\/sites\/6\/ferro-fundido-img.jpg\" alt=\"ferro-fundido-img\" itemprop=\"image\" height=\"779\" width=\"523\" title=\"ferro-fundido-img\" onerror=\"this.style.display='none'\"  \/>\n\t\t\t\t<\/a>\n\t\t\t\t<img loading=\"lazy\" decoding=\"async\" src=\"https:\/\/vaellocampos.com\/pt\/wp-content\/uploads\/sites\/6\/cuidados-limpeza-sarten.jpg\" alt=\"cuidados-limpeza-sarten\" itemprop=\"image\" height=\"450\" width=\"550\" title=\"cuidados-limpeza-sarten\" onerror=\"this.style.display='none'\"  \/>\n\t\t\t\t<img loading=\"lazy\" decoding=\"async\" src=\"https:\/\/vaellocampos.com\/pt\/wp-content\/uploads\/sites\/6\/aco-esmaltado.jpg\" alt=\"a\u00e7o esmaltado\" itemprop=\"image\" height=\"55\" width=\"205\" title=\"a\u00e7o esmaltado\" onerror=\"this.style.display='none'\"  \/>\n\t<p>Este tipo de produto \u00e9 fabricado em a\u00e7o, mas cont\u00e9m uma camada de esmalte, pelo que a oxida\u00e7\u00e3o n\u00e3o constitui um problema. Antes e depois da primeira utiliza\u00e7\u00e3o, limpe o produto com \u00e1gua e sab\u00e3o. Os artigos esmaltados s\u00e3o f\u00e1ceis de limpar e armazenar, n\u00e3o necessitando de \u00f3leo depois da utiliza\u00e7\u00e3o. A cobertura de esmalte facilita a limpeza e manuten\u00e7\u00e3o do produto. Para a limpeza, n\u00e3o utilize esfreg\u00f5es ou produtos abrasivos que possam riscar a superf\u00edcie. Conserve em local fresco e seco.<strong> Os nossos produtos n\u00e3o s\u00e3o antiaderentes<\/strong>.<\/p>\n\t\t\t\t<img loading=\"lazy\" decoding=\"async\" src=\"https:\/\/vaellocampos.com\/pt\/wp-content\/uploads\/sites\/6\/aco-polido.jpg\" alt=\"a\u00e7o polido\" itemprop=\"image\" height=\"55\" width=\"205\" title=\"a\u00e7o polido\" onerror=\"this.style.display='none'\"  \/>\n\t<strong>ANTES DE UTILIZAR PELA PRIMEIRA VEZ.<\/strong><br \/>\nAntes da primeira utiliza\u00e7\u00e3o, deve lavar bem o produto com \u00e1gua e sab\u00e3o ou, se preferir, pode ferver um pouco de \u00e1gua quente em lume brando durante 10 a 15 minutos, adicionando tamb\u00e9m um pouco de vinagre. Uma vez limpo, seque rapidamente e cubra com uma camada de \u00f3leo. N\u00e3o deixe secar ao ar livre nem coloque na m\u00e1quina de lavar loi\u00e7a. Conserve em local seco, envolto em papel ou num saco de pl\u00e1stico, se poss\u00edvel.\n<strong>UTILIZA\u00c7\u00c3O CONT\u00cdNUA.<\/strong><br \/>\nNunca deixe o recipiente vazio ao lume durante muito tempo, uma vez que pode sobreaquecer. Controle constantemente o n\u00edvel da chama ou do lume. Para cozinhar, \u00e9 poss\u00edvel utilizar artigos de a\u00e7o inoxid\u00e1vel e de madeira. No entanto, n\u00e3o \u00e9 recomend\u00e1vel utilizar artigos de pl\u00e1stico. Ao limpar, n\u00e3o utilize esfreg\u00f5es ou produtos abrasivos que possam riscar a superf\u00edcie. Lembre-se que deve utilizar prote\u00e7\u00e3o adequada, uma vez que, ao cozinhar, todas as partes do utens\u00edlio est\u00e3o quentes. Nunca deixe o produto ao lume sem vigil\u00e2ncia ou ao alcance das crian\u00e7as. Ap\u00f3s a utiliza\u00e7\u00e3o, n\u00e3o se esque\u00e7a de secar o produto rapidamente e de aplicar uma camada de \u00f3leo. Conserve em local fresco e seco. <strong>Os nossos produtos n\u00e3o s\u00e3o antiaderentes.<\/strong>\n\t\t\t\t<img loading=\"lazy\" decoding=\"async\" src=\"https:\/\/vaellocampos.com\/pt\/wp-content\/uploads\/sites\/6\/ferro-fundido.jpg\" alt=\"ferro fundido\" itemprop=\"image\" height=\"55\" width=\"205\" title=\"ferro fundido\" onerror=\"this.style.display='none'\"  \/>\n\t<p>Lave o ferro antes do primeiro uso. N\u00e3o \u00e9 um produto antiaderente. Ap\u00f3s o uso, deixe esfriar antes de limpar. O ferro fundido \u00e9 um material poroso, ent\u00e3o a chapa pode ficar manchada. Para uma melhor conserva\u00e7\u00e3o, uma vez limpo pode-se espalhar com \u00f3leo. <strong>N\u00e3o \u00e9 necess\u00e1rio fazer isso com ferro esmaltado.<\/strong><\/p>\n\n","protected":false},"excerpt":{"rendered":"<p>[ Se as mimitas lhe dar\u00e3o resultado melhor ] Depois de cozinhar [&hellip;]<\/p>\n","protected":false},"author":1,"featured_media":0,"parent":0,"menu_order":0,"comment_status":"closed","ping_status":"closed","template":"","meta":{"_uag_custom_page_level_css":"","_trash_the_other_posts":false,"site-sidebar-layout":"no-sidebar","site-content-layout":"page-builder","ast-site-content-layout":"default","site-content-style":"default","site-sidebar-style":"default","ast-global-header-display":"","ast-banner-title-visibility":"","ast-main-header-display":"","ast-hfb-above-header-display":"","ast-hfb-below-header-display":"","ast-hfb-mobile-header-display":"","site-post-title":"disabled","ast-breadcrumbs-content":"disabled","ast-featured-img":"","footer-sml-layout":"","theme-transparent-header-meta":"default","adv-header-id-meta":"","stick-header-meta":"default","header-above-stick-meta":"","header-main-stick-meta":"","header-below-stick-meta":"","astra-migrate-meta-layouts":"default","ast-page-background-enabled":"default","ast-page-background-meta":{"desktop":{"background-color":"","background-image":"","background-repeat":"repeat","background-position":"center center","background-size":"auto","background-attachment":"scroll","background-type":"","background-media":"","overlay-type":"","overlay-color":"","overlay-opacity":"","overlay-gradient":""},"tablet":{"background-color":"","background-image":"","background-repeat":"repeat","background-position":"center center","background-size":"auto","background-attachment":"scroll","background-type":"","background-media":"","overlay-type":"","overlay-color":"","overlay-opacity":"","overlay-gradient":""},"mobile":{"background-color":"","background-image":"","background-repeat":"repeat","background-position":"center center","background-size":"auto","background-attachment":"scroll","background-type":"","background-media":"","overlay-type":"","overlay-color":"","overlay-opacity":"","overlay-gradient":""}},"ast-content-background-meta":{"desktop":{"background-color":"var(--ast-global-color-5)","background-image":"","background-repeat":"repeat","background-position":"center center","background-size":"auto","background-attachment":"scroll","background-type":"","background-media":"","overlay-type":"","overlay-color":"","overlay-opacity":"","overlay-gradient":""},"tablet":{"background-color":"var(--ast-global-color-5)","background-image":"","background-repeat":"repeat","background-position":"center center","background-size":"auto","background-attachment":"scroll","background-type":"","background-media":"","overlay-type":"","overlay-color":"","overlay-opacity":"","overlay-gradient":""},"mobile":{"background-color":"var(--ast-global-color-5)","background-image":"","background-repeat":"repeat","background-position":"center center","background-size":"auto","background-attachment":"scroll","background-type":"","background-media":"","overlay-type":"","overlay-color":"","overlay-opacity":"","overlay-gradient":""}},"editor_notices":[],"footnotes":""},"class_list":["post-43","page","type-page","status-publish","hentry"],"yoast_head":"<!-- This site is optimized with the Yoast SEO plugin v25.3.1 - https:\/\/yoast.com\/wordpress\/plugins\/seo\/ -->\n<title>Cuidados - PAELLAS LA VALENCIANA | Customer Cooking Instruments<\/title>\n<meta name=\"robots\" content=\"index, follow, max-snippet:-1, max-image-preview:large, max-video-preview:-1\" \/>\n<link rel=\"canonical\" href=\"https:\/\/vaellocampos.com\/pt\/cuidados\/\" \/>\n<meta property=\"og:locale\" content=\"es_ES\" \/>\n<meta property=\"og:type\" content=\"article\" \/>\n<meta property=\"og:title\" content=\"Cuidados - PAELLAS LA VALENCIANA | Customer Cooking Instruments\" \/>\n<meta property=\"og:description\" content=\"[ Se as mimitas lhe dar\u00e3o resultado melhor ] Depois de cozinhar [&hellip;]\" \/>\n<meta property=\"og:url\" content=\"https:\/\/vaellocampos.com\/pt\/cuidados\/\" \/>\n<meta property=\"og:site_name\" content=\"PAELLAS LA VALENCIANA | Customer Cooking Instruments\" \/>\n<meta property=\"article:modified_time\" content=\"2022-05-12T14:25:39+00:00\" \/>\n<meta property=\"og:image\" content=\"https:\/\/vaellocampos.com\/pt\/wp-content\/uploads\/sites\/6\/aco-polido-img.jpg\" \/>\n<meta name=\"twitter:card\" content=\"summary_large_image\" \/>\n<meta name=\"twitter:label1\" content=\"Tiempo de lectura\" \/>\n\t<meta name=\"twitter:data1\" content=\"2 minutos\" \/>\n<script type=\"application\/ld+json\" class=\"yoast-schema-graph\">{\"@context\":\"https:\/\/schema.org\",\"@graph\":[{\"@type\":\"WebPage\",\"@id\":\"https:\/\/vaellocampos.com\/pt\/cuidados\/\",\"url\":\"https:\/\/vaellocampos.com\/pt\/cuidados\/\",\"name\":\"Cuidados - PAELLAS LA VALENCIANA | Customer Cooking Instruments\",\"isPartOf\":{\"@id\":\"https:\/\/vaellocampos.com\/pt\/#website\"},\"primaryImageOfPage\":{\"@id\":\"https:\/\/vaellocampos.com\/pt\/cuidados\/#primaryimage\"},\"image\":{\"@id\":\"https:\/\/vaellocampos.com\/pt\/cuidados\/#primaryimage\"},\"thumbnailUrl\":\"https:\/\/vaellocampos.com\/pt\/wp-content\/uploads\/sites\/6\/aco-polido-img.jpg\",\"datePublished\":\"2021-02-22T18:47:18+00:00\",\"dateModified\":\"2022-05-12T14:25:39+00:00\",\"breadcrumb\":{\"@id\":\"https:\/\/vaellocampos.com\/pt\/cuidados\/#breadcrumb\"},\"inLanguage\":\"es\",\"potentialAction\":[{\"@type\":\"ReadAction\",\"target\":[\"https:\/\/vaellocampos.com\/pt\/cuidados\/\"]}]},{\"@type\":\"ImageObject\",\"inLanguage\":\"es\",\"@id\":\"https:\/\/vaellocampos.com\/pt\/cuidados\/#primaryimage\",\"url\":\"https:\/\/vaellocampos.com\/pt\/wp-content\/uploads\/sites\/6\/aco-polido-img.jpg\",\"contentUrl\":\"https:\/\/vaellocampos.com\/pt\/wp-content\/uploads\/sites\/6\/aco-polido-img.jpg\",\"width\":523,\"height\":721},{\"@type\":\"BreadcrumbList\",\"@id\":\"https:\/\/vaellocampos.com\/pt\/cuidados\/#breadcrumb\",\"itemListElement\":[{\"@type\":\"ListItem\",\"position\":1,\"name\":\"Portada\",\"item\":\"https:\/\/vaellocampos.com\/pt\/\"},{\"@type\":\"ListItem\",\"position\":2,\"name\":\"Cuidados\"}]},{\"@type\":\"WebSite\",\"@id\":\"https:\/\/vaellocampos.com\/pt\/#website\",\"url\":\"https:\/\/vaellocampos.com\/pt\/\",\"name\":\"PAELLAS LA VALENCIANA | Customer Cooking Instruments\",\"description\":\"Paellas, frigideiras, ca\u00e7arolas, grelhadores ... La Valenciana desde 1950 oferece aos seus clientes uma vasta gama de produtos\",\"publisher\":{\"@id\":\"https:\/\/vaellocampos.com\/pt\/#organization\"},\"potentialAction\":[{\"@type\":\"SearchAction\",\"target\":{\"@type\":\"EntryPoint\",\"urlTemplate\":\"https:\/\/vaellocampos.com\/pt\/?s={search_term_string}\"},\"query-input\":{\"@type\":\"PropertyValueSpecification\",\"valueRequired\":true,\"valueName\":\"search_term_string\"}}],\"inLanguage\":\"es\"},{\"@type\":\"Organization\",\"@id\":\"https:\/\/vaellocampos.com\/pt\/#organization\",\"name\":\"PAELLAS LA VALENCIANA | Customer Cooking Instruments\",\"url\":\"https:\/\/vaellocampos.com\/pt\/\",\"logo\":{\"@type\":\"ImageObject\",\"inLanguage\":\"es\",\"@id\":\"https:\/\/vaellocampos.com\/pt\/#\/schema\/logo\/image\/\",\"url\":\"https:\/\/vaellocampos.com\/pt\/wp-content\/uploads\/sites\/6\/cropped-logo-menuprincipal.png\",\"contentUrl\":\"https:\/\/vaellocampos.com\/pt\/wp-content\/uploads\/sites\/6\/cropped-logo-menuprincipal.png\",\"width\":131,\"height\":67,\"caption\":\"PAELLAS LA VALENCIANA | Customer Cooking Instruments\"},\"image\":{\"@id\":\"https:\/\/vaellocampos.com\/pt\/#\/schema\/logo\/image\/\"}}]}<\/script>\n<!-- \/ Yoast SEO plugin. -->","yoast_head_json":{"title":"Cuidados - PAELLAS LA VALENCIANA | Customer Cooking Instruments","robots":{"index":"index","follow":"follow","max-snippet":"max-snippet:-1","max-image-preview":"max-image-preview:large","max-video-preview":"max-video-preview:-1"},"canonical":"https:\/\/vaellocampos.com\/pt\/cuidados\/","og_locale":"es_ES","og_type":"article","og_title":"Cuidados - PAELLAS LA VALENCIANA | Customer Cooking Instruments","og_description":"[ Se as mimitas lhe dar\u00e3o resultado melhor ] Depois de cozinhar [&hellip;]","og_url":"https:\/\/vaellocampos.com\/pt\/cuidados\/","og_site_name":"PAELLAS LA VALENCIANA | Customer Cooking Instruments","article_modified_time":"2022-05-12T14:25:39+00:00","og_image":[{"url":"https:\/\/vaellocampos.com\/pt\/wp-content\/uploads\/sites\/6\/aco-polido-img.jpg","type":"","width":"","height":""}],"twitter_card":"summary_large_image","twitter_misc":{"Tiempo de lectura":"2 minutos"},"schema":{"@context":"https:\/\/schema.org","@graph":[{"@type":"WebPage","@id":"https:\/\/vaellocampos.com\/pt\/cuidados\/","url":"https:\/\/vaellocampos.com\/pt\/cuidados\/","name":"Cuidados - PAELLAS LA VALENCIANA | Customer Cooking Instruments","isPartOf":{"@id":"https:\/\/vaellocampos.com\/pt\/#website"},"primaryImageOfPage":{"@id":"https:\/\/vaellocampos.com\/pt\/cuidados\/#primaryimage"},"image":{"@id":"https:\/\/vaellocampos.com\/pt\/cuidados\/#primaryimage"},"thumbnailUrl":"https:\/\/vaellocampos.com\/pt\/wp-content\/uploads\/sites\/6\/aco-polido-img.jpg","datePublished":"2021-02-22T18:47:18+00:00","dateModified":"2022-05-12T14:25:39+00:00","breadcrumb":{"@id":"https:\/\/vaellocampos.com\/pt\/cuidados\/#breadcrumb"},"inLanguage":"es","potentialAction":[{"@type":"ReadAction","target":["https:\/\/vaellocampos.com\/pt\/cuidados\/"]}]},{"@type":"ImageObject","inLanguage":"es","@id":"https:\/\/vaellocampos.com\/pt\/cuidados\/#primaryimage","url":"https:\/\/vaellocampos.com\/pt\/wp-content\/uploads\/sites\/6\/aco-polido-img.jpg","contentUrl":"https:\/\/vaellocampos.com\/pt\/wp-content\/uploads\/sites\/6\/aco-polido-img.jpg","width":523,"height":721},{"@type":"BreadcrumbList","@id":"https:\/\/vaellocampos.com\/pt\/cuidados\/#breadcrumb","itemListElement":[{"@type":"ListItem","position":1,"name":"Portada","item":"https:\/\/vaellocampos.com\/pt\/"},{"@type":"ListItem","position":2,"name":"Cuidados"}]},{"@type":"WebSite","@id":"https:\/\/vaellocampos.com\/pt\/#website","url":"https:\/\/vaellocampos.com\/pt\/","name":"PAELLAS LA VALENCIANA | Customer Cooking Instruments","description":"Paellas, frigideiras, ca\u00e7arolas, grelhadores ... La Valenciana desde 1950 oferece aos seus clientes uma vasta gama de produtos","publisher":{"@id":"https:\/\/vaellocampos.com\/pt\/#organization"},"potentialAction":[{"@type":"SearchAction","target":{"@type":"EntryPoint","urlTemplate":"https:\/\/vaellocampos.com\/pt\/?s={search_term_string}"},"query-input":{"@type":"PropertyValueSpecification","valueRequired":true,"valueName":"search_term_string"}}],"inLanguage":"es"},{"@type":"Organization","@id":"https:\/\/vaellocampos.com\/pt\/#organization","name":"PAELLAS LA VALENCIANA | Customer Cooking Instruments","url":"https:\/\/vaellocampos.com\/pt\/","logo":{"@type":"ImageObject","inLanguage":"es","@id":"https:\/\/vaellocampos.com\/pt\/#\/schema\/logo\/image\/","url":"https:\/\/vaellocampos.com\/pt\/wp-content\/uploads\/sites\/6\/cropped-logo-menuprincipal.png","contentUrl":"https:\/\/vaellocampos.com\/pt\/wp-content\/uploads\/sites\/6\/cropped-logo-menuprincipal.png","width":131,"height":67,"caption":"PAELLAS LA VALENCIANA | Customer Cooking Instruments"},"image":{"@id":"https:\/\/vaellocampos.com\/pt\/#\/schema\/logo\/image\/"}}]}},"uagb_featured_image_src":{"full":false,"thumbnail":false,"medium":false,"medium_large":false,"large":false,"1536x1536":false,"2048x2048":false},"uagb_author_info":{"display_name":"admin","author_link":"https:\/\/vaellocampos.com\/pt\/author\/o2estudio_3k3rco7w\/"},"uagb_comment_info":0,"uagb_excerpt":"[ Se as mimitas lhe dar\u00e3o resultado melhor ] Depois de cozinhar [&hellip;]","_links":{"self":[{"href":"https:\/\/vaellocampos.com\/pt\/wp-json\/wp\/v2\/pages\/43","targetHints":{"allow":["GET"]}}],"collection":[{"href":"https:\/\/vaellocampos.com\/pt\/wp-json\/wp\/v2\/pages"}],"about":[{"href":"https:\/\/vaellocampos.com\/pt\/wp-json\/wp\/v2\/types\/page"}],"author":[{"embeddable":true,"href":"https:\/\/vaellocampos.com\/pt\/wp-json\/wp\/v2\/users\/1"}],"replies":[{"embeddable":true,"href":"https:\/\/vaellocampos.com\/pt\/wp-json\/wp\/v2\/comments?post=43"}],"version-history":[{"count":23,"href":"https:\/\/vaellocampos.com\/pt\/wp-json\/wp\/v2\/pages\/43\/revisions"}],"predecessor-version":[{"id":2528,"href":"https:\/\/vaellocampos.com\/pt\/wp-json\/wp\/v2\/pages\/43\/revisions\/2528"}],"wp:attachment":[{"href":"https:\/\/vaellocampos.com\/pt\/wp-json\/wp\/v2\/media?parent=43"}],"curies":[{"name":"wp","href":"https:\/\/api.w.org\/{rel}","templated":true}]}}