{"id":45,"date":"2021-02-22T19:47:28","date_gmt":"2021-02-22T18:47:28","guid":{"rendered":"https:\/\/vaellocampos.com\/?page_id=45"},"modified":"2024-12-02T12:10:56","modified_gmt":"2024-12-02T11:10:56","slug":"blog","status":"publish","type":"page","link":"https:\/\/vaellocampos.com\/pt\/blog\/","title":{"rendered":"Blog"},"content":{"rendered":"\n\n\t<p>[ Este \u00e9 o nosso blog ]<\/p>\n\t<p>Nossas \u00faltimas not\u00edcias<\/p>\n\t\t<a href=\"https:\/\/vaellocampos.com\/pt\/diferencas-entre-a-paelha-cozinhada-com-uma-fonte-de-calor-a-base-de-lenha-e-uma-a-gas\/\" title=\"View Box Content\" target=\"_self\" aria-label=\"Post Element\" rel=\"noopener\"><\/a>\t\t\n\t\t\t\t\t\t\t\t\t\t\t\t\t\t<a href=\"https:\/\/vaellocampos.com\/pt\/diferencas-entre-a-paelha-cozinhada-com-uma-fonte-de-calor-a-base-de-lenha-e-uma-a-gas\/\" target=\"_self\" title=\"DIFEREN\u00c7AS ENTRE A PAELHA COZINHADA COM UMA FONTE DE CALOR \u00c0 BASE DE LENHA E UMA A G\u00c1S\" rel=\"noopener\">\n\t\t\t\t<img decoding=\"async\" src=\"https:\/\/vaellocampos.com\/pt\/wp-content\/uploads\/sites\/6\/bb-plugin\/cache\/1621496768paellavalencianalalena-custom_crop.jpeg\" alt=\"\" \/>\n\t\t\t\t<\/a>\n\t\t\t\t\t\t<h3>\n\t\t\t\t<a href=https:\/\/vaellocampos.com\/pt\/diferencas-entre-a-paelha-cozinhada-com-uma-fonte-de-calor-a-base-de-lenha-e-uma-a-gas\/ title=\"DIFEREN\u00c7AS ENTRE A PAELHA COZINHADA COM UMA FONTE DE CALOR \u00c0 BASE DE LENHA E UMA A G\u00c1S\" tabindex=\"0\">DIFEREN\u00c7AS ENTRE A PAELHA COZINHADA COM UMA FONTE DE CALOR \u00c0 BASE DE LENHA E UMA A G\u00c1S<\/a>\t\t\t<\/h3>\n\t\t<a href=\"https:\/\/vaellocampos.com\/pt\/a-paelha-valenciana-a-caminho-de-ser-declarada-bem-de-interesse-cultural\/\" title=\"View Box Content\" target=\"_self\" aria-label=\"Post Element\" rel=\"noopener\"><\/a>\t\t\n\t\t\t\t\t\t\t\t\t\t\t\t\t\t<a href=\"https:\/\/vaellocampos.com\/pt\/a-paelha-valenciana-a-caminho-de-ser-declarada-bem-de-interesse-cultural\/\" target=\"_self\" rel=\"noopener\">\n\t\t\t\t<img decoding=\"async\" src=\"https:\/\/vaellocampos.com\/pt\/wp-content\/uploads\/sites\/6\/bb-plugin\/cache\/1618903951Capturadepantalla20210420alas9.27.09-custom_crop.png\" alt=\"\" \/>\n\t\t\t\t<\/a>\n\t\t\t\t\t\t<h3>\n\t\t\t\t<a href=https:\/\/vaellocampos.com\/pt\/a-paelha-valenciana-a-caminho-de-ser-declarada-bem-de-interesse-cultural\/ title=\"A \"PAELHA VALENCIANA\" A CAMINHO DE SER DECLARADA BEM DE INTERESSE CULTURAL\u00a0\" tabindex=\"0\">A \u00abPAELHA VALENCIANA\u00bb A CAMINHO DE SER DECLARADA BEM DE INTERESSE CULTURAL\u00a0<\/a>\t\t\t<\/h3>\n\t\t<a href=\"https:\/\/vaellocampos.com\/pt\/diferencas-entre-o-aco-polido-e-o-esmaltado\/\" title=\"View Box Content\" target=\"_self\" aria-label=\"Post Element\" rel=\"noopener\"><\/a>\t\t\n\t\t\t\t\t\t\t\t\t\t\t\t\t\t<a href=\"https:\/\/vaellocampos.com\/pt\/diferencas-entre-o-aco-polido-e-o-esmaltado\/\" target=\"_self\" title=\"DIFEREN\u00c7AS ENTRE O A\u00c7O POLIDO E O ESMALTADO\" rel=\"noopener\">\n\t\t\t\t<img decoding=\"async\" src=\"https:\/\/vaellocampos.com\/pt\/wp-content\/uploads\/sites\/6\/bb-plugin\/cache\/1615464002vaello_post110321-2-custom_crop.jpg\" alt=\"\" \/>\n\t\t\t\t<\/a>\n\t\t\t\t\t\t<h3>\n\t\t\t\t<a href=https:\/\/vaellocampos.com\/pt\/diferencas-entre-o-aco-polido-e-o-esmaltado\/ title=\"DIFEREN\u00c7AS ENTRE O A\u00c7O POLIDO E O ESMALTADO\" tabindex=\"0\">DIFEREN\u00c7AS ENTRE O A\u00c7O POLIDO E O ESMALTADO<\/a>\t\t\t<\/h3>\n\t\t<a href=\"https:\/\/vaellocampos.com\/pt\/que-utensilios-sao-mais-adequados-para-utilizar-em-placas-de-inducao-e-vitroceramica\/\" title=\"View Box Content\" target=\"_self\" aria-label=\"Post Element\" rel=\"noopener\"><\/a>\t\t\n\t\t\t\t\t\t\t\t\t\t\t\t\t\t<a href=\"https:\/\/vaellocampos.com\/pt\/que-utensilios-sao-mais-adequados-para-utilizar-em-placas-de-inducao-e-vitroceramica\/\" target=\"_self\" title=\"QUE UTENS\u00cdLIOS S\u00c3O MAIS ADEQUADOS PARA UTILIZAR EM PLACAS DE INDU\u00c7\u00c3O E VITROCER\u00c2MICA?\" rel=\"noopener\">\n\t\t\t\t<img decoding=\"async\" src=\"https:\/\/vaellocampos.com\/pt\/wp-content\/uploads\/sites\/6\/bb-plugin\/cache\/1613652421vaello_post180221_blog2-2-custom_crop.jpg\" alt=\"\" \/>\n\t\t\t\t<\/a>\n\t\t\t\t\t\t<h3>\n\t\t\t\t<a href=https:\/\/vaellocampos.com\/pt\/que-utensilios-sao-mais-adequados-para-utilizar-em-placas-de-inducao-e-vitroceramica\/ title=\"QUE UTENS\u00cdLIOS S\u00c3O MAIS ADEQUADOS PARA UTILIZAR EM PLACAS DE INDU\u00c7\u00c3O E VITROCER\u00c2MICA?\" tabindex=\"0\">QUE UTENS\u00cdLIOS S\u00c3O MAIS ADEQUADOS PARA UTILIZAR EM PLACAS DE INDU\u00c7\u00c3O E VITROCER\u00c2MICA?<\/a>\t\t\t<\/h3>\n\t\t<a href=\"https:\/\/vaellocampos.com\/pt\/como-cuidar-dos-seus-acessorios-de-cozinha\/\" title=\"View Box Content\" target=\"_self\" aria-label=\"Post Element\" rel=\"noopener\"><\/a>\t\t\n\t\t\t\t\t\t\t\t\t\t\t\t\t\t<a href=\"https:\/\/vaellocampos.com\/pt\/como-cuidar-dos-seus-acessorios-de-cozinha\/\" target=\"_self\" title=\"COMO CUIDAR DOS SEUS ACESS\u00d3RIOS DE COZINHA\" rel=\"noopener\">\n\t\t\t\t<img decoding=\"async\" src=\"https:\/\/vaellocampos.com\/pt\/wp-content\/uploads\/sites\/6\/bb-plugin\/cache\/1611075877vaello_post190121-2-custom_crop.jpg\" alt=\"\" \/>\n\t\t\t\t<\/a>\n\t\t\t\t\t\t<h3>\n\t\t\t\t<a href=https:\/\/vaellocampos.com\/pt\/como-cuidar-dos-seus-acessorios-de-cozinha\/ title=\"COMO CUIDAR DOS SEUS ACESS\u00d3RIOS DE COZINHA\" tabindex=\"0\">COMO CUIDAR DOS SEUS ACESS\u00d3RIOS DE COZINHA<\/a>\t\t\t<\/h3>\n\t\t\n","protected":false},"excerpt":{"rendered":"<p>[ Este \u00e9 o nosso blog ] Nossas \u00faltimas not\u00edcias DIFEREN\u00c7AS ENTRE [&hellip;]<\/p>\n","protected":false},"author":1,"featured_media":0,"parent":0,"menu_order":0,"comment_status":"closed","ping_status":"closed","template":"","meta":{"_uag_custom_page_level_css":"","_trash_the_other_posts":false,"site-sidebar-layout":"no-sidebar","site-content-layout":"page-builder","ast-site-content-layout":"default","site-content-style":"default","site-sidebar-style":"default","ast-global-header-display":"","ast-banner-title-visibility":"","ast-main-header-display":"","ast-hfb-above-header-display":"","ast-hfb-below-header-display":"","ast-hfb-mobile-header-display":"","site-post-title":"disabled","ast-breadcrumbs-content":"disabled","ast-featured-img":"","footer-sml-layout":"","theme-transparent-header-meta":"default","adv-header-id-meta":"","stick-header-meta":"default","header-above-stick-meta":"","header-main-stick-meta":"","header-below-stick-meta":"","astra-migrate-meta-layouts":"default","ast-page-background-enabled":"default","ast-page-background-meta":{"desktop":{"background-color":"","background-image":"","background-repeat":"repeat","background-position":"center center","background-size":"auto","background-attachment":"scroll","background-type":"","background-media":"","overlay-type":"","overlay-color":"","overlay-opacity":"","overlay-gradient":""},"tablet":{"background-color":"","background-image":"","background-repeat":"repeat","background-position":"center center","background-size":"auto","background-attachment":"scroll","background-type":"","background-media":"","overlay-type":"","overlay-color":"","overlay-opacity":"","overlay-gradient":""},"mobile":{"background-color":"","background-image":"","background-repeat":"repeat","background-position":"center center","background-size":"auto","background-attachment":"scroll","background-type":"","background-media":"","overlay-type":"","overlay-color":"","overlay-opacity":"","overlay-gradient":""}},"ast-content-background-meta":{"desktop":{"background-color":"var(--ast-global-color-5)","background-image":"","background-repeat":"repeat","background-position":"center center","background-size":"auto","background-attachment":"scroll","background-type":"","background-media":"","overlay-type":"","overlay-color":"","overlay-opacity":"","overlay-gradient":""},"tablet":{"background-color":"var(--ast-global-color-5)","background-image":"","background-repeat":"repeat","background-position":"center center","background-size":"auto","background-attachment":"scroll","background-type":"","background-media":"","overlay-type":"","overlay-color":"","overlay-opacity":"","overlay-gradient":""},"mobile":{"background-color":"var(--ast-global-color-5)","background-image":"","background-repeat":"repeat","background-position":"center center","background-size":"auto","background-attachment":"scroll","background-type":"","background-media":"","overlay-type":"","overlay-color":"","overlay-opacity":"","overlay-gradient":""}},"editor_notices":[],"footnotes":""},"class_list":["post-45","page","type-page","status-publish","hentry"],"yoast_head":"<!-- This site is optimized with the Yoast SEO plugin v25.3.1 - https:\/\/yoast.com\/wordpress\/plugins\/seo\/ -->\n<title>Blog - PAELLAS LA VALENCIANA | Customer Cooking Instruments<\/title>\n<meta name=\"robots\" content=\"index, follow, max-snippet:-1, max-image-preview:large, max-video-preview:-1\" \/>\n<link rel=\"canonical\" href=\"https:\/\/vaellocampos.com\/pt\/blog\/\" \/>\n<meta property=\"og:locale\" content=\"es_ES\" \/>\n<meta property=\"og:type\" content=\"article\" \/>\n<meta property=\"og:title\" content=\"Blog - PAELLAS LA VALENCIANA | Customer Cooking Instruments\" \/>\n<meta property=\"og:description\" content=\"[ Este \u00e9 o nosso blog ] Nossas \u00faltimas not\u00edcias DIFEREN\u00c7AS ENTRE [&hellip;]\" \/>\n<meta property=\"og:url\" content=\"https:\/\/vaellocampos.com\/pt\/blog\/\" \/>\n<meta property=\"og:site_name\" content=\"PAELLAS LA VALENCIANA | Customer Cooking Instruments\" \/>\n<meta property=\"article:modified_time\" content=\"2024-12-02T11:10:56+00:00\" \/>\n<meta property=\"og:image\" content=\"https:\/\/vaellocampos.com\/pt\/wp-content\/uploads\/sites\/6\/bb-plugin\/cache\/1621496768paellavalencianalalena-custom_crop.jpeg\" \/>\n<meta name=\"twitter:card\" content=\"summary_large_image\" \/>\n<script type=\"application\/ld+json\" class=\"yoast-schema-graph\">{\"@context\":\"https:\/\/schema.org\",\"@graph\":[{\"@type\":\"WebPage\",\"@id\":\"https:\/\/vaellocampos.com\/pt\/blog\/\",\"url\":\"https:\/\/vaellocampos.com\/pt\/blog\/\",\"name\":\"Blog - PAELLAS LA VALENCIANA | Customer Cooking Instruments\",\"isPartOf\":{\"@id\":\"https:\/\/vaellocampos.com\/pt\/#website\"},\"primaryImageOfPage\":{\"@id\":\"https:\/\/vaellocampos.com\/pt\/blog\/#primaryimage\"},\"image\":{\"@id\":\"https:\/\/vaellocampos.com\/pt\/blog\/#primaryimage\"},\"thumbnailUrl\":\"https:\/\/vaellocampos.com\/pt\/wp-content\/uploads\/sites\/6\/bb-plugin\/cache\/1621496768paellavalencianalalena-custom_crop.jpeg\",\"datePublished\":\"2021-02-22T18:47:28+00:00\",\"dateModified\":\"2024-12-02T11:10:56+00:00\",\"breadcrumb\":{\"@id\":\"https:\/\/vaellocampos.com\/pt\/blog\/#breadcrumb\"},\"inLanguage\":\"es\",\"potentialAction\":[{\"@type\":\"ReadAction\",\"target\":[\"https:\/\/vaellocampos.com\/pt\/blog\/\"]}]},{\"@type\":\"ImageObject\",\"inLanguage\":\"es\",\"@id\":\"https:\/\/vaellocampos.com\/pt\/blog\/#primaryimage\",\"url\":\"https:\/\/vaellocampos.com\/pt\/wp-content\/uploads\/sites\/6\/bb-plugin\/cache\/1621496768paellavalencianalalena-custom_crop.jpeg\",\"contentUrl\":\"https:\/\/vaellocampos.com\/pt\/wp-content\/uploads\/sites\/6\/bb-plugin\/cache\/1621496768paellavalencianalalena-custom_crop.jpeg\"},{\"@type\":\"BreadcrumbList\",\"@id\":\"https:\/\/vaellocampos.com\/pt\/blog\/#breadcrumb\",\"itemListElement\":[{\"@type\":\"ListItem\",\"position\":1,\"name\":\"Portada\",\"item\":\"https:\/\/vaellocampos.com\/pt\/\"},{\"@type\":\"ListItem\",\"position\":2,\"name\":\"Blog\"}]},{\"@type\":\"WebSite\",\"@id\":\"https:\/\/vaellocampos.com\/pt\/#website\",\"url\":\"https:\/\/vaellocampos.com\/pt\/\",\"name\":\"PAELLAS LA VALENCIANA | Customer Cooking Instruments\",\"description\":\"Paellas, frigideiras, ca\u00e7arolas, grelhadores ... La Valenciana desde 1950 oferece aos seus clientes uma vasta gama de produtos\",\"publisher\":{\"@id\":\"https:\/\/vaellocampos.com\/pt\/#organization\"},\"potentialAction\":[{\"@type\":\"SearchAction\",\"target\":{\"@type\":\"EntryPoint\",\"urlTemplate\":\"https:\/\/vaellocampos.com\/pt\/?s={search_term_string}\"},\"query-input\":{\"@type\":\"PropertyValueSpecification\",\"valueRequired\":true,\"valueName\":\"search_term_string\"}}],\"inLanguage\":\"es\"},{\"@type\":\"Organization\",\"@id\":\"https:\/\/vaellocampos.com\/pt\/#organization\",\"name\":\"PAELLAS LA VALENCIANA | Customer Cooking Instruments\",\"url\":\"https:\/\/vaellocampos.com\/pt\/\",\"logo\":{\"@type\":\"ImageObject\",\"inLanguage\":\"es\",\"@id\":\"https:\/\/vaellocampos.com\/pt\/#\/schema\/logo\/image\/\",\"url\":\"https:\/\/vaellocampos.com\/pt\/wp-content\/uploads\/sites\/6\/cropped-logo-menuprincipal.png\",\"contentUrl\":\"https:\/\/vaellocampos.com\/pt\/wp-content\/uploads\/sites\/6\/cropped-logo-menuprincipal.png\",\"width\":131,\"height\":67,\"caption\":\"PAELLAS LA VALENCIANA | Customer Cooking Instruments\"},\"image\":{\"@id\":\"https:\/\/vaellocampos.com\/pt\/#\/schema\/logo\/image\/\"}}]}<\/script>\n<!-- \/ Yoast SEO plugin. -->","yoast_head_json":{"title":"Blog - PAELLAS LA VALENCIANA | Customer Cooking Instruments","robots":{"index":"index","follow":"follow","max-snippet":"max-snippet:-1","max-image-preview":"max-image-preview:large","max-video-preview":"max-video-preview:-1"},"canonical":"https:\/\/vaellocampos.com\/pt\/blog\/","og_locale":"es_ES","og_type":"article","og_title":"Blog - PAELLAS LA VALENCIANA | Customer Cooking Instruments","og_description":"[ Este \u00e9 o nosso blog ] Nossas \u00faltimas not\u00edcias DIFEREN\u00c7AS ENTRE [&hellip;]","og_url":"https:\/\/vaellocampos.com\/pt\/blog\/","og_site_name":"PAELLAS LA VALENCIANA | Customer Cooking Instruments","article_modified_time":"2024-12-02T11:10:56+00:00","og_image":[{"url":"https:\/\/vaellocampos.com\/pt\/wp-content\/uploads\/sites\/6\/bb-plugin\/cache\/1621496768paellavalencianalalena-custom_crop.jpeg","type":"","width":"","height":""}],"twitter_card":"summary_large_image","schema":{"@context":"https:\/\/schema.org","@graph":[{"@type":"WebPage","@id":"https:\/\/vaellocampos.com\/pt\/blog\/","url":"https:\/\/vaellocampos.com\/pt\/blog\/","name":"Blog - PAELLAS LA VALENCIANA | Customer Cooking Instruments","isPartOf":{"@id":"https:\/\/vaellocampos.com\/pt\/#website"},"primaryImageOfPage":{"@id":"https:\/\/vaellocampos.com\/pt\/blog\/#primaryimage"},"image":{"@id":"https:\/\/vaellocampos.com\/pt\/blog\/#primaryimage"},"thumbnailUrl":"https:\/\/vaellocampos.com\/pt\/wp-content\/uploads\/sites\/6\/bb-plugin\/cache\/1621496768paellavalencianalalena-custom_crop.jpeg","datePublished":"2021-02-22T18:47:28+00:00","dateModified":"2024-12-02T11:10:56+00:00","breadcrumb":{"@id":"https:\/\/vaellocampos.com\/pt\/blog\/#breadcrumb"},"inLanguage":"es","potentialAction":[{"@type":"ReadAction","target":["https:\/\/vaellocampos.com\/pt\/blog\/"]}]},{"@type":"ImageObject","inLanguage":"es","@id":"https:\/\/vaellocampos.com\/pt\/blog\/#primaryimage","url":"https:\/\/vaellocampos.com\/pt\/wp-content\/uploads\/sites\/6\/bb-plugin\/cache\/1621496768paellavalencianalalena-custom_crop.jpeg","contentUrl":"https:\/\/vaellocampos.com\/pt\/wp-content\/uploads\/sites\/6\/bb-plugin\/cache\/1621496768paellavalencianalalena-custom_crop.jpeg"},{"@type":"BreadcrumbList","@id":"https:\/\/vaellocampos.com\/pt\/blog\/#breadcrumb","itemListElement":[{"@type":"ListItem","position":1,"name":"Portada","item":"https:\/\/vaellocampos.com\/pt\/"},{"@type":"ListItem","position":2,"name":"Blog"}]},{"@type":"WebSite","@id":"https:\/\/vaellocampos.com\/pt\/#website","url":"https:\/\/vaellocampos.com\/pt\/","name":"PAELLAS LA VALENCIANA | Customer Cooking Instruments","description":"Paellas, frigideiras, ca\u00e7arolas, grelhadores ... La Valenciana desde 1950 oferece aos seus clientes uma vasta gama de produtos","publisher":{"@id":"https:\/\/vaellocampos.com\/pt\/#organization"},"potentialAction":[{"@type":"SearchAction","target":{"@type":"EntryPoint","urlTemplate":"https:\/\/vaellocampos.com\/pt\/?s={search_term_string}"},"query-input":{"@type":"PropertyValueSpecification","valueRequired":true,"valueName":"search_term_string"}}],"inLanguage":"es"},{"@type":"Organization","@id":"https:\/\/vaellocampos.com\/pt\/#organization","name":"PAELLAS LA VALENCIANA | Customer Cooking Instruments","url":"https:\/\/vaellocampos.com\/pt\/","logo":{"@type":"ImageObject","inLanguage":"es","@id":"https:\/\/vaellocampos.com\/pt\/#\/schema\/logo\/image\/","url":"https:\/\/vaellocampos.com\/pt\/wp-content\/uploads\/sites\/6\/cropped-logo-menuprincipal.png","contentUrl":"https:\/\/vaellocampos.com\/pt\/wp-content\/uploads\/sites\/6\/cropped-logo-menuprincipal.png","width":131,"height":67,"caption":"PAELLAS LA VALENCIANA | Customer Cooking Instruments"},"image":{"@id":"https:\/\/vaellocampos.com\/pt\/#\/schema\/logo\/image\/"}}]}},"uagb_featured_image_src":{"full":false,"thumbnail":false,"medium":false,"medium_large":false,"large":false,"1536x1536":false,"2048x2048":false},"uagb_author_info":{"display_name":"admin","author_link":"https:\/\/vaellocampos.com\/pt\/author\/o2estudio_3k3rco7w\/"},"uagb_comment_info":0,"uagb_excerpt":"[ Este \u00e9 o nosso blog ] Nossas \u00faltimas not\u00edcias DIFEREN\u00c7AS ENTRE [&hellip;]","_links":{"self":[{"href":"https:\/\/vaellocampos.com\/pt\/wp-json\/wp\/v2\/pages\/45","targetHints":{"allow":["GET"]}}],"collection":[{"href":"https:\/\/vaellocampos.com\/pt\/wp-json\/wp\/v2\/pages"}],"about":[{"href":"https:\/\/vaellocampos.com\/pt\/wp-json\/wp\/v2\/types\/page"}],"author":[{"embeddable":true,"href":"https:\/\/vaellocampos.com\/pt\/wp-json\/wp\/v2\/users\/1"}],"replies":[{"embeddable":true,"href":"https:\/\/vaellocampos.com\/pt\/wp-json\/wp\/v2\/comments?post=45"}],"version-history":[{"count":15,"href":"https:\/\/vaellocampos.com\/pt\/wp-json\/wp\/v2\/pages\/45\/revisions"}],"predecessor-version":[{"id":2680,"href":"https:\/\/vaellocampos.com\/pt\/wp-json\/wp\/v2\/pages\/45\/revisions\/2680"}],"wp:attachment":[{"href":"https:\/\/vaellocampos.com\/pt\/wp-json\/wp\/v2\/media?parent=45"}],"curies":[{"name":"wp","href":"https:\/\/api.w.org\/{rel}","templated":true}]}}