{"id":55,"date":"2021-02-22T19:48:55","date_gmt":"2021-02-22T18:48:55","guid":{"rendered":"https:\/\/vaellocampos.com\/?page_id=55"},"modified":"2022-06-21T14:02:41","modified_gmt":"2022-06-21T12:02:41","slug":"aviso-legal","status":"publish","type":"page","link":"https:\/\/vaellocampos.com\/pt\/aviso-legal\/","title":{"rendered":"Aviso Legal"},"content":{"rendered":"\n<h2>\n\t\tAVISO LEGAL\n\t<\/h2>\n\t<b>LEI DE SERVI\u00c7OS DA SOCIEDADE DA INFORMA\u00c7\u00c3O (LSSI)<\/b><br \/>\nA VAELLO CAMPOS, SL, respons\u00e1vel do s\u00edtio Web, doravante o RESPONS\u00c1VEL, coloca \u00e0 disposi\u00e7\u00e3o dos utilizadores o presente documento, para efeitos de cumprimento das obriga\u00e7\u00f5es estabelecidas na Lei 34\/2002, de 11 de julho, relativa aos Servi\u00e7os da Sociedade da Informa\u00e7\u00e3o e Com\u00e9rcio Eletr\u00f3nico (LSSICE), BOE N.\u00ba 166, assim como informar todos os utilizadores do s\u00edtio Web sobre as condi\u00e7\u00f5es de utiliza\u00e7\u00e3o.\n<p>Qualquer pessoa que aceda a este s\u00edtio Web assume o papel de utilizador, comprometendo-se a observar e a cumprir rigorosamente as disposi\u00e7\u00f5es aqui contidas, assim como qualquer outra disposi\u00e7\u00e3o legal que possa ser aplic\u00e1vel.<\/p>\n<p>A VAELLO CAMPOS, SL, reserva-se o direito de alterar qualquer tipo de informa\u00e7\u00e3o que possa estar dispon\u00edvel no s\u00edtio Web, sem que exista a obriga\u00e7\u00e3o de avisar ou informar PREVIAMENTE os utilizadores sobre estas obriga\u00e7\u00f5es, entendendo-se como suficiente a publica\u00e7\u00e3o no s\u00edtio Web da VAELLO CAMPOS, SL.<\/p>\n<b>1. DADOS IDENTIFICATIVOS<\/b><br \/>\nNome de dom\u00ednio: <a href=\"http:\/\/www.vaellocampos.com\">www.vaellocampos.com<\/a><br \/>\nNome comercial: La Valenciana<br \/>\nDenomina\u00e7\u00e3o social: VAELLO CAMPOS, SL<br \/>\nNIPC espanhol: B46307872<br \/>\nSede social: P. Ind. Serrans IV C\/Pl\u00e0stic, 2 &#8211; P. Ind. Serrans IV C\/Pl\u00e0stic, 2, &#8211; 46812 &#8211; Aielo de Malferit &#8211; Valencia &#8211; Espa\u00f1a<br \/>\nTelefone: +34 962 91 30 03<br \/>\ne-mail: <a href=\"mailto:comercial@vaellocampos.com\">comercial@vaellocampos.com<\/a><br \/>\nRegistada na Conservat\u00f3ria do Registo Comercial de Val\u00eancia, Tomo 4333, Geral 1645, F\u00f3lio 52, Folha V-22303.\n<b>2. DIREITOS DE PROPRIEDADE INTELECTUAL E INDUSTRIAL<\/b><br \/>\nO s\u00edtio Web, incluindo por exemplo, entre outros, a programa\u00e7\u00e3o, edi\u00e7\u00e3o, compila\u00e7\u00e3o e outros elementos necess\u00e1rios ao seu funcionamento, <i>designs<\/i>, log\u00f3tipos, texto e\/ou gr\u00e1ficos, s\u00e3o propriedade do RESPONS\u00c1VEL ou, dado o caso, disp\u00f5e de uma licen\u00e7a ou autoriza\u00e7\u00e3o expressa dos autores. Todos os conte\u00fados do s\u00edtio Web s\u00e3o devidamente protegidos pelas normas sobre propriedade intelectual e industrial, assim como registados nas respetivas conservat\u00f3rias de registo.\n<p>Independentemente do fim a que se destinam, a reprodu\u00e7\u00e3o total ou parcial, a utiliza\u00e7\u00e3o, explora\u00e7\u00e3o, distribui\u00e7\u00e3o e comercializa\u00e7\u00e3o exige em qualquer caso a autoriza\u00e7\u00e3o pr\u00e9via por escrito do RESPONS\u00c1VEL. Qualquer utiliza\u00e7\u00e3o n\u00e3o autorizada previamente \u00e9 considerada incumprimento grave dos direitos de propriedade intelectual ou industrial do autor.<\/p>\n<p>Os <i>designs, <\/i>log\u00f3tipos, textos e\/ou gr\u00e1ficos alheios ao RESPONS\u00c1VEL e que possam estar contidos no s\u00edtio Web, pertencem aos seus respetivos propriet\u00e1rios, sendo estes respons\u00e1veis por qualquer poss\u00edvel controv\u00e9rsia que possa surgir em rela\u00e7\u00e3o a eles. O RESPONS\u00c1VEL autoriza expressamente terceiros a redirecionar diretamente para os conte\u00fados espec\u00edficos do s\u00edtio Web e, em qualquer caso, a redirecionar para o s\u00edtio Web principal de www.vaellocampos.com.<\/p>\n<p>O RESPONS\u00c1VEL reconhece os direitos de propriedade intelectual e industrial a favor dos seus respetivos titulares, e a sua simples men\u00e7\u00e3o ou apresenta\u00e7\u00e3o no s\u00edtio Web n\u00e3o implica a exist\u00eancia de quaisquer direitos ou responsabilidades sobre eles, nem qualquer apoio, patroc\u00ednio ou recomenda\u00e7\u00e3o por parte do mesmo.<\/p>\n<p>Para comunica\u00e7\u00f5es sobre poss\u00edveis viola\u00e7\u00f5es dos direitos de propriedade intelectual ou industrial, assim como sobre qualquer um dos conte\u00fados do s\u00edtio Web, pode faz\u00ea-lo atrav\u00e9s do endere\u00e7o de correio eletr\u00f3nico comercial@vaellocampos.com.<\/p>\n<b>3. ISEN\u00c7\u00c3O DE RESPONSABILIDADES<\/b><br \/>\nO RESPONS\u00c1VEL exime-se de qualquer tipo de responsabilidade derivada da informa\u00e7\u00e3o publicada no seu s\u00edtio Web, sempre que esta informa\u00e7\u00e3o tenha sido manipulada ou introduzida por um terceiro alheio a ele.\n<b>Utiliza\u00e7\u00e3o de Cookies.\u00a0<\/b><br \/>\nEste s\u00edtio Web pode utilizar cookies t\u00e9cnicos (pequenos ficheiros de informa\u00e7\u00e3o que o servidor envia para o computador da pessoa que acede \u00e0 p\u00e1gina) para realizar determinadas fun\u00e7\u00f5es consideradas essenciais para o correto funcionamento e visualiza\u00e7\u00e3o do s\u00edtio Web. Os cookies utilizados s\u00e3o, em qualquer caso, tempor\u00e1rios, com o \u00fanico objetivo de tornar a navega\u00e7\u00e3o mais eficiente, e s\u00e3o eliminados ao finalizar a sess\u00e3o do utilizador. Em nenhuma circunst\u00e2ncia, estes cookies facilitar\u00e3o diretamente dados pessoais, assim como n\u00e3o ser\u00e3o utilizados na sua recolha.\n<p>Atrav\u00e9s da utiliza\u00e7\u00e3o de cookies, \u00e9 tamb\u00e9m poss\u00edvel que o servidor onde esteja alojado o s\u00edtio Web reconhe\u00e7a o navegador utilizado pelo utilizador para facilitar a navega\u00e7\u00e3o, permitindo, por exemplo, o acesso de utilizadores que se tenham registado previamente em \u00e1reas, servi\u00e7os, promo\u00e7\u00f5es ou concursos reservados exclusivamente para uso pessoal, sem necessidade de voltar a registar-se em cada visita. Podem ser igualmente utilizados para medir a audi\u00eancia, par\u00e2metros de tr\u00e1fego, controlar o progresso e o n\u00famero de entradas, etc., sendo, nestes casos, cookies tecnicamente dispens\u00e1veis, mas ben\u00e9ficos para o utilizador.<\/p>\n<p>Este s\u00edtio Web n\u00e3o instalar\u00e1 cookies dispens\u00e1veis sem o consentimento pr\u00e9vio do utilizador.<\/p>\n<p>O utilizador tem a possibilidade de configurar o seu navegador para ser alertado da rece\u00e7\u00e3o de cookies e para impedir a sua instala\u00e7\u00e3o no seu computador. Por favor, consulte as instru\u00e7\u00f5es do seu navegador para saber mais.<\/p>\n<b>Pol\u00edtica de liga\u00e7\u00f5es<\/b><br \/>\nA partir do s\u00edtio Web, \u00e9 poss\u00edvel que seja redirecionado para conte\u00fados de s\u00edtios Web de terceiros. Dado que o RESPONS\u00c1VEL nem sempre pode controlar os conte\u00fados introduzidos por terceiros nos seus respetivos websites, n\u00e3o assume qualquer tipo de responsabilidade relativamente a tais conte\u00fados. Em qualquer caso, proceder\u00e1 \u00e0 retirada imediata de qualquer conte\u00fado que possa violar a legisla\u00e7\u00e3o nacional ou internacional, a moral ou a ordem p\u00fablica, procedendo \u00e0 retirada imediata do reencaminhamento para o referido s\u00edtio Web, informando as autoridades competentes sobre o conte\u00fado em quest\u00e3o.\n<p>O RESPONS\u00c1VEL n\u00e3o assume qualquer responsabilidade pelas informa\u00e7\u00f5es e conte\u00fados armazenados, por exemplo, entre outros, em f\u00f3runs, chats, geradores de blogues, coment\u00e1rios, redes sociais ou em quaisquer outros meios que permitam a terceiros publicar conte\u00fados de forma independente no s\u00edtio Web do RESPONS\u00c1VEL. Contudo, e para o cumprimento do estabelecido nos artigos 11 e 16 da LSSICE, colocam-se \u00e0 disposi\u00e7\u00e3o de todos os utilizadores, autoridades e for\u00e7as de seguran\u00e7a, colaborando ativamente na remo\u00e7\u00e3o ou, se for o caso, no bloqueio de todos os conte\u00fados que possam afetar ou infringir a legisla\u00e7\u00e3o nacional ou internacional, os direitos de terceiros ou a moral e a ordem p\u00fablica. Caso o utilizador considerar que existe no s\u00edtio Web algum conte\u00fado que possa ser inclu\u00eddo nessa classifica\u00e7\u00e3o, solicita-se que, por favor, notifique imediatamente o administrador do s\u00edtio Web.<\/p>\n<p>Este s\u00edtio Web foi verificado e testado para assegurar o seu correto funcionamento. Em princ\u00edpio, pode ser garantido o seu bom funcionamento 365 dias por ano, 24 horas por dia. Por\u00e9m, o RESPONS\u00c1VEL n\u00e3o exclui a possibilidade de que possam existir determinados erros de programa\u00e7\u00e3o, ou que possam ocorrer casos de for\u00e7a maior, cat\u00e1strofes naturais, greves ou circunst\u00e2ncias semelhantes que impossibilitem o acesso \u00e0 p\u00e1gina Web.<\/p>\n<b>Endere\u00e7os IP<\/b><br \/>\nOs servidores do s\u00edtio Web poder\u00e3o detetar automaticamente o endere\u00e7o IP e o nome de dom\u00ednio utilizado pelo utilizador. Um endere\u00e7o IP \u00e9 um n\u00famero atribu\u00eddo automaticamente a um computador quando este se liga \u00e0 Internet. Todas estas informa\u00e7\u00f5es s\u00e3o registadas num ficheiro de atividade do servidor devidamente registado, que permite o tratamento posterior dos dados, com o fim de obter medi\u00e7\u00f5es apenas de car\u00e1ter estat\u00edstico, que permitem conhecer o n\u00famero de impress\u00f5es da p\u00e1gina, o n\u00famero de visitas efetuado aos servidores web, a ordem das visitas, o ponto de acesso, etc.\n<b>4. LEI APLIC\u00c1VEL E JURISDI\u00c7\u00c3O<\/b><br \/>\nPara a resolu\u00e7\u00e3o de todas as discrep\u00e2ncias ou quest\u00f5es relacionadas com o presente s\u00edtio Web ou das atividades nele desenvolvidas, aplicar-se-\u00e1 a legisla\u00e7\u00e3o espanhola, \u00e0 qual as partes se submetem expressamente, sendo competentes para a resolu\u00e7\u00e3o de todas as disputas decorrentes ou relacionadas com a sua utiliza\u00e7\u00e3o os Ju\u00edzos e Tribunais mais pr\u00f3ximos de Ontinyent.\n\n","protected":false},"excerpt":{"rendered":"<p>AVISO LEGAL LEI DE SERVI\u00c7OS DA SOCIEDADE DA INFORMA\u00c7\u00c3O (LSSI) A VAELLO [&hellip;]<\/p>\n","protected":false},"author":1,"featured_media":0,"parent":0,"menu_order":0,"comment_status":"closed","ping_status":"closed","template":"","meta":{"_uag_custom_page_level_css":"","_trash_the_other_posts":false,"site-sidebar-layout":"default","site-content-layout":"default","ast-site-content-layout":"default","site-content-style":"default","site-sidebar-style":"default","ast-global-header-display":"","ast-banner-title-visibility":"","ast-main-header-display":"","ast-hfb-above-header-display":"","ast-hfb-below-header-display":"","ast-hfb-mobile-header-display":"","site-post-title":"disabled","ast-breadcrumbs-content":"disabled","ast-featured-img":"","footer-sml-layout":"","theme-transparent-header-meta":"default","adv-header-id-meta":"","stick-header-meta":"default","header-above-stick-meta":"","header-main-stick-meta":"","header-below-stick-meta":"","astra-migrate-meta-layouts":"default","ast-page-background-enabled":"default","ast-page-background-meta":{"desktop":{"background-color":"","background-image":"","background-repeat":"repeat","background-position":"center center","background-size":"auto","background-attachment":"scroll","background-type":"","background-media":"","overlay-type":"","overlay-color":"","overlay-opacity":"","overlay-gradient":""},"tablet":{"background-color":"","background-image":"","background-repeat":"repeat","background-position":"center center","background-size":"auto","background-attachment":"scroll","background-type":"","background-media":"","overlay-type":"","overlay-color":"","overlay-opacity":"","overlay-gradient":""},"mobile":{"background-color":"","background-image":"","background-repeat":"repeat","background-position":"center center","background-size":"auto","background-attachment":"scroll","background-type":"","background-media":"","overlay-type":"","overlay-color":"","overlay-opacity":"","overlay-gradient":""}},"ast-content-background-meta":{"desktop":{"background-color":"var(--ast-global-color-5)","background-image":"","background-repeat":"repeat","background-position":"center center","background-size":"auto","background-attachment":"scroll","background-type":"","background-media":"","overlay-type":"","overlay-color":"","overlay-opacity":"","overlay-gradient":""},"tablet":{"background-color":"var(--ast-global-color-5)","background-image":"","background-repeat":"repeat","background-position":"center center","background-size":"auto","background-attachment":"scroll","background-type":"","background-media":"","overlay-type":"","overlay-color":"","overlay-opacity":"","overlay-gradient":""},"mobile":{"background-color":"var(--ast-global-color-5)","background-image":"","background-repeat":"repeat","background-position":"center center","background-size":"auto","background-attachment":"scroll","background-type":"","background-media":"","overlay-type":"","overlay-color":"","overlay-opacity":"","overlay-gradient":""}},"editor_notices":[],"footnotes":""},"class_list":["post-55","page","type-page","status-publish","hentry"],"yoast_head":"<!-- This site is optimized with the Yoast SEO plugin v25.3.1 - https:\/\/yoast.com\/wordpress\/plugins\/seo\/ -->\n<title>Aviso Legal - PAELLAS LA VALENCIANA | Customer Cooking Instruments<\/title>\n<meta name=\"robots\" content=\"index, follow, max-snippet:-1, max-image-preview:large, max-video-preview:-1\" \/>\n<link rel=\"canonical\" href=\"https:\/\/vaellocampos.com\/pt\/aviso-legal\/\" \/>\n<meta property=\"og:locale\" content=\"es_ES\" \/>\n<meta property=\"og:type\" content=\"article\" \/>\n<meta property=\"og:title\" content=\"Aviso Legal - PAELLAS LA VALENCIANA | Customer Cooking Instruments\" \/>\n<meta property=\"og:description\" content=\"AVISO LEGAL LEI DE SERVI\u00c7OS DA SOCIEDADE DA INFORMA\u00c7\u00c3O (LSSI) A VAELLO [&hellip;]\" \/>\n<meta property=\"og:url\" content=\"https:\/\/vaellocampos.com\/pt\/aviso-legal\/\" \/>\n<meta property=\"og:site_name\" content=\"PAELLAS LA VALENCIANA | Customer Cooking Instruments\" \/>\n<meta property=\"article:modified_time\" content=\"2022-06-21T12:02:41+00:00\" \/>\n<meta name=\"twitter:card\" content=\"summary_large_image\" \/>\n<meta name=\"twitter:label1\" content=\"Tiempo de lectura\" \/>\n\t<meta name=\"twitter:data1\" content=\"7 minutos\" \/>\n<script type=\"application\/ld+json\" class=\"yoast-schema-graph\">{\"@context\":\"https:\/\/schema.org\",\"@graph\":[{\"@type\":\"WebPage\",\"@id\":\"https:\/\/vaellocampos.com\/pt\/aviso-legal\/\",\"url\":\"https:\/\/vaellocampos.com\/pt\/aviso-legal\/\",\"name\":\"Aviso Legal - PAELLAS LA VALENCIANA | Customer Cooking Instruments\",\"isPartOf\":{\"@id\":\"https:\/\/vaellocampos.com\/pt\/#website\"},\"datePublished\":\"2021-02-22T18:48:55+00:00\",\"dateModified\":\"2022-06-21T12:02:41+00:00\",\"breadcrumb\":{\"@id\":\"https:\/\/vaellocampos.com\/pt\/aviso-legal\/#breadcrumb\"},\"inLanguage\":\"es\",\"potentialAction\":[{\"@type\":\"ReadAction\",\"target\":[\"https:\/\/vaellocampos.com\/pt\/aviso-legal\/\"]}]},{\"@type\":\"BreadcrumbList\",\"@id\":\"https:\/\/vaellocampos.com\/pt\/aviso-legal\/#breadcrumb\",\"itemListElement\":[{\"@type\":\"ListItem\",\"position\":1,\"name\":\"Portada\",\"item\":\"https:\/\/vaellocampos.com\/pt\/\"},{\"@type\":\"ListItem\",\"position\":2,\"name\":\"Aviso Legal\"}]},{\"@type\":\"WebSite\",\"@id\":\"https:\/\/vaellocampos.com\/pt\/#website\",\"url\":\"https:\/\/vaellocampos.com\/pt\/\",\"name\":\"PAELLAS LA VALENCIANA | Customer Cooking Instruments\",\"description\":\"Paellas, frigideiras, ca\u00e7arolas, grelhadores ... La Valenciana desde 1950 oferece aos seus clientes uma vasta gama de produtos\",\"publisher\":{\"@id\":\"https:\/\/vaellocampos.com\/pt\/#organization\"},\"potentialAction\":[{\"@type\":\"SearchAction\",\"target\":{\"@type\":\"EntryPoint\",\"urlTemplate\":\"https:\/\/vaellocampos.com\/pt\/?s={search_term_string}\"},\"query-input\":{\"@type\":\"PropertyValueSpecification\",\"valueRequired\":true,\"valueName\":\"search_term_string\"}}],\"inLanguage\":\"es\"},{\"@type\":\"Organization\",\"@id\":\"https:\/\/vaellocampos.com\/pt\/#organization\",\"name\":\"PAELLAS LA VALENCIANA | Customer Cooking Instruments\",\"url\":\"https:\/\/vaellocampos.com\/pt\/\",\"logo\":{\"@type\":\"ImageObject\",\"inLanguage\":\"es\",\"@id\":\"https:\/\/vaellocampos.com\/pt\/#\/schema\/logo\/image\/\",\"url\":\"https:\/\/vaellocampos.com\/pt\/wp-content\/uploads\/sites\/6\/cropped-logo-menuprincipal.png\",\"contentUrl\":\"https:\/\/vaellocampos.com\/pt\/wp-content\/uploads\/sites\/6\/cropped-logo-menuprincipal.png\",\"width\":131,\"height\":67,\"caption\":\"PAELLAS LA VALENCIANA | Customer Cooking Instruments\"},\"image\":{\"@id\":\"https:\/\/vaellocampos.com\/pt\/#\/schema\/logo\/image\/\"}}]}<\/script>\n<!-- \/ Yoast SEO plugin. -->","yoast_head_json":{"title":"Aviso Legal - PAELLAS LA VALENCIANA | Customer Cooking Instruments","robots":{"index":"index","follow":"follow","max-snippet":"max-snippet:-1","max-image-preview":"max-image-preview:large","max-video-preview":"max-video-preview:-1"},"canonical":"https:\/\/vaellocampos.com\/pt\/aviso-legal\/","og_locale":"es_ES","og_type":"article","og_title":"Aviso Legal - PAELLAS LA VALENCIANA | Customer Cooking Instruments","og_description":"AVISO LEGAL LEI DE SERVI\u00c7OS DA SOCIEDADE DA INFORMA\u00c7\u00c3O (LSSI) A VAELLO [&hellip;]","og_url":"https:\/\/vaellocampos.com\/pt\/aviso-legal\/","og_site_name":"PAELLAS LA VALENCIANA | Customer Cooking Instruments","article_modified_time":"2022-06-21T12:02:41+00:00","twitter_card":"summary_large_image","twitter_misc":{"Tiempo de lectura":"7 minutos"},"schema":{"@context":"https:\/\/schema.org","@graph":[{"@type":"WebPage","@id":"https:\/\/vaellocampos.com\/pt\/aviso-legal\/","url":"https:\/\/vaellocampos.com\/pt\/aviso-legal\/","name":"Aviso Legal - PAELLAS LA VALENCIANA | Customer Cooking Instruments","isPartOf":{"@id":"https:\/\/vaellocampos.com\/pt\/#website"},"datePublished":"2021-02-22T18:48:55+00:00","dateModified":"2022-06-21T12:02:41+00:00","breadcrumb":{"@id":"https:\/\/vaellocampos.com\/pt\/aviso-legal\/#breadcrumb"},"inLanguage":"es","potentialAction":[{"@type":"ReadAction","target":["https:\/\/vaellocampos.com\/pt\/aviso-legal\/"]}]},{"@type":"BreadcrumbList","@id":"https:\/\/vaellocampos.com\/pt\/aviso-legal\/#breadcrumb","itemListElement":[{"@type":"ListItem","position":1,"name":"Portada","item":"https:\/\/vaellocampos.com\/pt\/"},{"@type":"ListItem","position":2,"name":"Aviso Legal"}]},{"@type":"WebSite","@id":"https:\/\/vaellocampos.com\/pt\/#website","url":"https:\/\/vaellocampos.com\/pt\/","name":"PAELLAS LA VALENCIANA | Customer Cooking Instruments","description":"Paellas, frigideiras, ca\u00e7arolas, grelhadores ... La Valenciana desde 1950 oferece aos seus clientes uma vasta gama de produtos","publisher":{"@id":"https:\/\/vaellocampos.com\/pt\/#organization"},"potentialAction":[{"@type":"SearchAction","target":{"@type":"EntryPoint","urlTemplate":"https:\/\/vaellocampos.com\/pt\/?s={search_term_string}"},"query-input":{"@type":"PropertyValueSpecification","valueRequired":true,"valueName":"search_term_string"}}],"inLanguage":"es"},{"@type":"Organization","@id":"https:\/\/vaellocampos.com\/pt\/#organization","name":"PAELLAS LA VALENCIANA | Customer Cooking Instruments","url":"https:\/\/vaellocampos.com\/pt\/","logo":{"@type":"ImageObject","inLanguage":"es","@id":"https:\/\/vaellocampos.com\/pt\/#\/schema\/logo\/image\/","url":"https:\/\/vaellocampos.com\/pt\/wp-content\/uploads\/sites\/6\/cropped-logo-menuprincipal.png","contentUrl":"https:\/\/vaellocampos.com\/pt\/wp-content\/uploads\/sites\/6\/cropped-logo-menuprincipal.png","width":131,"height":67,"caption":"PAELLAS LA VALENCIANA | Customer Cooking Instruments"},"image":{"@id":"https:\/\/vaellocampos.com\/pt\/#\/schema\/logo\/image\/"}}]}},"uagb_featured_image_src":{"full":false,"thumbnail":false,"medium":false,"medium_large":false,"large":false,"1536x1536":false,"2048x2048":false},"uagb_author_info":{"display_name":"admin","author_link":"https:\/\/vaellocampos.com\/pt\/author\/o2estudio_3k3rco7w\/"},"uagb_comment_info":0,"uagb_excerpt":"AVISO LEGAL LEI DE SERVI\u00c7OS DA SOCIEDADE DA INFORMA\u00c7\u00c3O (LSSI) A VAELLO [&hellip;]","_links":{"self":[{"href":"https:\/\/vaellocampos.com\/pt\/wp-json\/wp\/v2\/pages\/55","targetHints":{"allow":["GET"]}}],"collection":[{"href":"https:\/\/vaellocampos.com\/pt\/wp-json\/wp\/v2\/pages"}],"about":[{"href":"https:\/\/vaellocampos.com\/pt\/wp-json\/wp\/v2\/types\/page"}],"author":[{"embeddable":true,"href":"https:\/\/vaellocampos.com\/pt\/wp-json\/wp\/v2\/users\/1"}],"replies":[{"embeddable":true,"href":"https:\/\/vaellocampos.com\/pt\/wp-json\/wp\/v2\/comments?post=55"}],"version-history":[{"count":6,"href":"https:\/\/vaellocampos.com\/pt\/wp-json\/wp\/v2\/pages\/55\/revisions"}],"predecessor-version":[{"id":2529,"href":"https:\/\/vaellocampos.com\/pt\/wp-json\/wp\/v2\/pages\/55\/revisions\/2529"}],"wp:attachment":[{"href":"https:\/\/vaellocampos.com\/pt\/wp-json\/wp\/v2\/media?parent=55"}],"curies":[{"name":"wp","href":"https:\/\/api.w.org\/{rel}","templated":true}]}}